{"id":96,"date":"2016-07-26T23:40:04","date_gmt":"2016-07-26T23:40:04","guid":{"rendered":"http:\/\/pope.esenf.pt\/intentcare\/?page_id=96"},"modified":"2019-07-23T11:00:08","modified_gmt":"2019-07-23T11:00:08","slug":"situacoes-especiais","status":"publish","type":"page","link":"http:\/\/pope.esenf.pt\/intentcare?page_id=96","title":{"rendered":"Situa\u00e7\u00f5es especiais"},"content":{"rendered":"\n<div class=\"sp-wrap sp-wrap-yellow\">\n<div class=\"sp-head\" title=\"Expand\">\nO que fazer quando o seu familiar se recusa a comer ou beber?\n<\/div>\n<div class=\"sp-body folded\">\n<\/p>\n<ul>\n<li>Perceber o que provoca a recusa<\/li>\n<li>Fazer uma pausa<\/li>\n<li>Distrair o seu familiar<\/li>\n<li>N\u00e3o insistir, pressionar ou for\u00e7ar<\/li>\n<li>Falar calmamente com o seu familiar<\/li>\n<li>Pedir ajuda de profissionais de sa\u00fade, se necess\u00e1rio<\/li>\n<\/ul>\n<p>\n<\/div>\n<\/div>\n\n\n<div class=\"sp-wrap sp-wrap-default\">\n<div class=\"sp-head\" title=\"Expand\">\nEstrat\u00e9gias de apoio\n<\/div>\n<div class=\"sp-body folded\">\n<\/p>\n<p>Existe algum tipo de equipamento que possa ajudar o seu familiar a ficar mais aut\u00f3nomo quando se alimenta? Qual ou quais? Como se utilizam? Onde pode adquiri-los?<\/p>\n<ul>\n<li>As imagens seguintes ilustram alguns exemplos de equipamentos que podem colmatar algumas das necessidades do seu familiar, dependendo da(s) sua(s) depend\u00eancia(s) quando se alimenta<\/li>\n<li>Adaptadores para talheres, base antiderrapante para o prato, copo adaptado, utens\u00edlio para abrir garrafas\/latas ou prato com compartimentos s\u00e3o alguns dos exemplos que pode encontrar<\/li>\n<li>O seu enfermeiro poder\u00e1 ajuda-lo a perceber como pode ensinar o seu familiar a utiliz\u00e1-los.<\/li>\n<li>Estes equipamentos podem ser adquiridos em algumas farm\u00e1cias, lojas com artigos de sa\u00fade\/ortop\u00e9dicos, empresas de materiais e ajudas t\u00e9cnicas<\/li>\n<\/ul>\n<p><div id=\"attachment_215\" style=\"width: 202px\" class=\"wp-caption alignnone\"><img aria-describedby=\"caption-attachment-215\" data-attachment-id=\"215\" data-permalink=\"http:\/\/pope.esenf.pt\/intentcare?attachment_id=215\" data-orig-file=\"https:\/\/i0.wp.com\/pope.esenf.pt\/intentcare\/wp-content\/uploads\/2016\/07\/COPOCOM2ASAS.jpg?fit=343%2C213\" data-orig-size=\"343,213\" data-comments-opened=\"1\" data-image-meta=\"{&quot;aperture&quot;:&quot;0&quot;,&quot;credit&quot;:&quot;&quot;,&quot;camera&quot;:&quot;&quot;,&quot;caption&quot;:&quot;&quot;,&quot;created_timestamp&quot;:&quot;0&quot;,&quot;copyright&quot;:&quot;&quot;,&quot;focal_length&quot;:&quot;0&quot;,&quot;iso&quot;:&quot;0&quot;,&quot;shutter_speed&quot;:&quot;0&quot;,&quot;title&quot;:&quot;&quot;,&quot;orientation&quot;:&quot;0&quot;}\" data-image-title=\"COPOCOM2ASAS\" data-image-description=\"\" data-medium-file=\"https:\/\/i0.wp.com\/pope.esenf.pt\/intentcare\/wp-content\/uploads\/2016\/07\/COPOCOM2ASAS.jpg?fit=300%2C186\" data-large-file=\"https:\/\/i0.wp.com\/pope.esenf.pt\/intentcare\/wp-content\/uploads\/2016\/07\/COPOCOM2ASAS.jpg?fit=343%2C213\" loading=\"lazy\" class=\"wp-image-215\" src=\"https:\/\/i0.wp.com\/pope.esenf.pt\/intentcare\/wp-content\/uploads\/2016\/07\/COPOCOM2ASAS.jpg?resize=192%2C119\" alt=\"COPOCOM2ASAS\" width=\"192\" height=\"119\" srcset=\"https:\/\/i0.wp.com\/pope.esenf.pt\/intentcare\/wp-content\/uploads\/2016\/07\/COPOCOM2ASAS.jpg?resize=300%2C186 300w, https:\/\/i0.wp.com\/pope.esenf.pt\/intentcare\/wp-content\/uploads\/2016\/07\/COPOCOM2ASAS.jpg?resize=150%2C93 150w, https:\/\/i0.wp.com\/pope.esenf.pt\/intentcare\/wp-content\/uploads\/2016\/07\/COPOCOM2ASAS.jpg?w=343 343w\" sizes=\"(max-width: 192px) 100vw, 192px\" data-recalc-dims=\"1\" \/><\/p>\n<p id=\"caption-attachment-215\" class=\"wp-caption-text\">copo adaptado<\/p>\n<\/div>\n<p><div id=\"attachment_224\" style=\"width: 181px\" class=\"wp-caption alignnone\"><img aria-describedby=\"caption-attachment-224\" data-attachment-id=\"224\" data-permalink=\"http:\/\/pope.esenf.pt\/intentcare?attachment_id=224\" data-orig-file=\"https:\/\/i1.wp.com\/pope.esenf.pt\/intentcare\/wp-content\/uploads\/2016\/07\/Rebordo_Pratos_H5662-1.jpg?fit=331%2C314\" data-orig-size=\"331,314\" data-comments-opened=\"1\" data-image-meta=\"{&quot;aperture&quot;:&quot;0&quot;,&quot;credit&quot;:&quot;&quot;,&quot;camera&quot;:&quot;&quot;,&quot;caption&quot;:&quot;&quot;,&quot;created_timestamp&quot;:&quot;0&quot;,&quot;copyright&quot;:&quot;&quot;,&quot;focal_length&quot;:&quot;0&quot;,&quot;iso&quot;:&quot;0&quot;,&quot;shutter_speed&quot;:&quot;0&quot;,&quot;title&quot;:&quot;&quot;,&quot;orientation&quot;:&quot;1&quot;}\" data-image-title=\"Rebordo_Pratos_H5662\" data-image-description=\"\" data-medium-file=\"https:\/\/i1.wp.com\/pope.esenf.pt\/intentcare\/wp-content\/uploads\/2016\/07\/Rebordo_Pratos_H5662-1.jpg?fit=300%2C285\" data-large-file=\"https:\/\/i1.wp.com\/pope.esenf.pt\/intentcare\/wp-content\/uploads\/2016\/07\/Rebordo_Pratos_H5662-1.jpg?fit=331%2C314\" loading=\"lazy\" class=\"wp-image-224\" src=\"https:\/\/i1.wp.com\/pope.esenf.pt\/intentcare\/wp-content\/uploads\/2016\/07\/Rebordo_Pratos_H5662-1.jpg?resize=171%2C162\" width=\"171\" height=\"162\" srcset=\"https:\/\/i1.wp.com\/pope.esenf.pt\/intentcare\/wp-content\/uploads\/2016\/07\/Rebordo_Pratos_H5662-1.jpg?resize=300%2C285 300w, https:\/\/i1.wp.com\/pope.esenf.pt\/intentcare\/wp-content\/uploads\/2016\/07\/Rebordo_Pratos_H5662-1.jpg?resize=150%2C142 150w, https:\/\/i1.wp.com\/pope.esenf.pt\/intentcare\/wp-content\/uploads\/2016\/07\/Rebordo_Pratos_H5662-1.jpg?w=331 331w\" sizes=\"(max-width: 171px) 100vw, 171px\" data-recalc-dims=\"1\" \/><\/p>\n<p id=\"caption-attachment-224\" class=\"wp-caption-text\">prato com rebordo<\/p>\n<\/div>\n<p><div id=\"attachment_217\" style=\"width: 186px\" class=\"wp-caption alignnone\"><img aria-describedby=\"caption-attachment-217\" data-attachment-id=\"217\" data-permalink=\"http:\/\/pope.esenf.pt\/intentcare?attachment_id=217\" data-orig-file=\"https:\/\/i0.wp.com\/pope.esenf.pt\/intentcare\/wp-content\/uploads\/2016\/07\/TABUAALIMEN.jpg?fit=620%2C480\" data-orig-size=\"620,480\" data-comments-opened=\"1\" data-image-meta=\"{&quot;aperture&quot;:&quot;0&quot;,&quot;credit&quot;:&quot;&quot;,&quot;camera&quot;:&quot;&quot;,&quot;caption&quot;:&quot;&quot;,&quot;created_timestamp&quot;:&quot;0&quot;,&quot;copyright&quot;:&quot;&quot;,&quot;focal_length&quot;:&quot;0&quot;,&quot;iso&quot;:&quot;0&quot;,&quot;shutter_speed&quot;:&quot;0&quot;,&quot;title&quot;:&quot;&quot;,&quot;orientation&quot;:&quot;0&quot;}\" data-image-title=\"TABUAALIMEN\" data-image-description=\"\" data-medium-file=\"https:\/\/i0.wp.com\/pope.esenf.pt\/intentcare\/wp-content\/uploads\/2016\/07\/TABUAALIMEN.jpg?fit=300%2C232\" data-large-file=\"https:\/\/i0.wp.com\/pope.esenf.pt\/intentcare\/wp-content\/uploads\/2016\/07\/TABUAALIMEN.jpg?fit=620%2C480\" loading=\"lazy\" class=\"wp-image-217\" src=\"https:\/\/i0.wp.com\/pope.esenf.pt\/intentcare\/wp-content\/uploads\/2016\/07\/TABUAALIMEN.jpg?resize=176%2C136\" alt=\"TABUAALIMEN\" width=\"176\" height=\"136\" srcset=\"https:\/\/i0.wp.com\/pope.esenf.pt\/intentcare\/wp-content\/uploads\/2016\/07\/TABUAALIMEN.jpg?resize=300%2C232 300w, https:\/\/i0.wp.com\/pope.esenf.pt\/intentcare\/wp-content\/uploads\/2016\/07\/TABUAALIMEN.jpg?resize=150%2C116 150w, https:\/\/i0.wp.com\/pope.esenf.pt\/intentcare\/wp-content\/uploads\/2016\/07\/TABUAALIMEN.jpg?w=620 620w\" sizes=\"(max-width: 176px) 100vw, 176px\" data-recalc-dims=\"1\" \/><\/p>\n<p id=\"caption-attachment-217\" class=\"wp-caption-text\">t\u00e1bua para preparar alimentos<\/p>\n<\/div>\n<p><div id=\"attachment_225\" style=\"width: 211px\" class=\"wp-caption alignnone\"><img aria-describedby=\"caption-attachment-225\" data-attachment-id=\"225\" data-permalink=\"http:\/\/pope.esenf.pt\/intentcare?attachment_id=225\" data-orig-file=\"https:\/\/i2.wp.com\/pope.esenf.pt\/intentcare\/wp-content\/uploads\/2016\/07\/Talheres_Special_H55014-1.jpg?fit=390%2C327\" data-orig-size=\"390,327\" data-comments-opened=\"1\" data-image-meta=\"{&quot;aperture&quot;:&quot;0&quot;,&quot;credit&quot;:&quot;&quot;,&quot;camera&quot;:&quot;&quot;,&quot;caption&quot;:&quot;&quot;,&quot;created_timestamp&quot;:&quot;0&quot;,&quot;copyright&quot;:&quot;&quot;,&quot;focal_length&quot;:&quot;0&quot;,&quot;iso&quot;:&quot;0&quot;,&quot;shutter_speed&quot;:&quot;0&quot;,&quot;title&quot;:&quot;&quot;,&quot;orientation&quot;:&quot;1&quot;}\" data-image-title=\"Talheres_Special_H55014\" data-image-description=\"\" data-medium-file=\"https:\/\/i2.wp.com\/pope.esenf.pt\/intentcare\/wp-content\/uploads\/2016\/07\/Talheres_Special_H55014-1.jpg?fit=300%2C252\" data-large-file=\"https:\/\/i2.wp.com\/pope.esenf.pt\/intentcare\/wp-content\/uploads\/2016\/07\/Talheres_Special_H55014-1.jpg?fit=390%2C327\" loading=\"lazy\" class=\"wp-image-225\" src=\"https:\/\/i2.wp.com\/pope.esenf.pt\/intentcare\/wp-content\/uploads\/2016\/07\/Talheres_Special_H55014-1.jpg?resize=201%2C169\" width=\"201\" height=\"169\" srcset=\"https:\/\/i2.wp.com\/pope.esenf.pt\/intentcare\/wp-content\/uploads\/2016\/07\/Talheres_Special_H55014-1.jpg?resize=300%2C252 300w, https:\/\/i2.wp.com\/pope.esenf.pt\/intentcare\/wp-content\/uploads\/2016\/07\/Talheres_Special_H55014-1.jpg?resize=150%2C126 150w, https:\/\/i2.wp.com\/pope.esenf.pt\/intentcare\/wp-content\/uploads\/2016\/07\/Talheres_Special_H55014-1.jpg?w=390 390w\" sizes=\"(max-width: 201px) 100vw, 201px\" data-recalc-dims=\"1\" \/><\/p>\n<p id=\"caption-attachment-225\" class=\"wp-caption-text\">talher com encaixe para m\u00e3o<\/p>\n<\/div>\n<p><div id=\"attachment_218\" style=\"width: 308px\" class=\"wp-caption alignnone\"><img aria-describedby=\"caption-attachment-218\" data-attachment-id=\"218\" data-permalink=\"http:\/\/pope.esenf.pt\/intentcare?attachment_id=218\" data-orig-file=\"https:\/\/i1.wp.com\/pope.esenf.pt\/intentcare\/wp-content\/uploads\/2016\/07\/TALHERES-ANGULARES.jpg?fit=298%2C176\" data-orig-size=\"298,176\" data-comments-opened=\"1\" data-image-meta=\"{&quot;aperture&quot;:&quot;0&quot;,&quot;credit&quot;:&quot;&quot;,&quot;camera&quot;:&quot;&quot;,&quot;caption&quot;:&quot;&quot;,&quot;created_timestamp&quot;:&quot;0&quot;,&quot;copyright&quot;:&quot;&quot;,&quot;focal_length&quot;:&quot;0&quot;,&quot;iso&quot;:&quot;0&quot;,&quot;shutter_speed&quot;:&quot;0&quot;,&quot;title&quot;:&quot;&quot;,&quot;orientation&quot;:&quot;0&quot;}\" data-image-title=\"TALHERES ANGULARES\" data-image-description=\"\" data-medium-file=\"https:\/\/i1.wp.com\/pope.esenf.pt\/intentcare\/wp-content\/uploads\/2016\/07\/TALHERES-ANGULARES.jpg?fit=298%2C176\" data-large-file=\"https:\/\/i1.wp.com\/pope.esenf.pt\/intentcare\/wp-content\/uploads\/2016\/07\/TALHERES-ANGULARES.jpg?fit=298%2C176\" loading=\"lazy\" class=\"wp-image-218 size-full\" src=\"https:\/\/i1.wp.com\/pope.esenf.pt\/intentcare\/wp-content\/uploads\/2016\/07\/TALHERES-ANGULARES.jpg?resize=298%2C176\" alt=\"TALHERES ANGULARES\" width=\"298\" height=\"176\" srcset=\"https:\/\/i1.wp.com\/pope.esenf.pt\/intentcare\/wp-content\/uploads\/2016\/07\/TALHERES-ANGULARES.jpg?w=298 298w, https:\/\/i1.wp.com\/pope.esenf.pt\/intentcare\/wp-content\/uploads\/2016\/07\/TALHERES-ANGULARES.jpg?resize=150%2C89 150w\" sizes=\"(max-width: 298px) 100vw, 298px\" data-recalc-dims=\"1\" \/><\/p>\n<p id=\"caption-attachment-218\" class=\"wp-caption-text\">talheres com forma adaptada<\/p>\n<\/div>\n<p>\n<\/div>\n<\/div>\n\n<p>A presen\u00e7a de v\u00f3mito, tosse produtiva ou altera\u00e7\u00f5es da respira\u00e7\u00e3o, associadas a aumento de expetora\u00e7\u00e3o e sensa\u00e7\u00e3o de falta de ar ou a altera\u00e7\u00e3o do estado de consci\u00eancia (exemplo: o seu familiar fica mais sonolento, pouco reativo&#8230;) s\u00e3o contraindica\u00e7\u00f5es para a alimenta\u00e7\u00e3o pela boca.<\/p>\n<p><span style=\"color: #808000;\">Em caso de detetar alguma destas altera\u00e7\u00f5es, deve contactar o SNS 24 (808242424) ou o enfermeiro ou m\u00e9dico da Unidade de Sa\u00fade Familiar(USF) a que pertence.\u00a0<\/span><\/p>\n<table style=\"height: 36px;\">\n<tbody>\n<tr style=\"height: 36px;\">\n<td style=\"height: 36px; width: 560px;\"><a href=\"http:\/\/pope.esenf.pt\/intentcare\/?page_id=94&amp;lang=pt\">Anterior (Altera\u00e7\u00e3o da degluti\u00e7\u00e3o)<\/a><\/td>\n<td style=\"height: 36px; width: 560px; text-align: right;\"><a href=\"http:\/\/pope.esenf.pt\/intentcare\/index.php\/pt\/temas\/\">Temas<\/a><\/td>\n<\/tr>\n<\/tbody>\n<\/table>\n<p><strong>\u00a0<\/strong><\/p>\n<p style=\"text-align: right;\">\n","protected":false},"excerpt":{"rendered":"<p>A presen\u00e7a de v\u00f3mito, tosse produtiva ou altera\u00e7\u00f5es da respira\u00e7\u00e3o, associadas a aumento de expetora\u00e7\u00e3o e sensa\u00e7\u00e3o de falta de ar ou a altera\u00e7\u00e3o do estado de consci\u00eancia (exemplo: o seu familiar fica mais sonolento, pouco reativo&#8230;) s\u00e3o contraindica\u00e7\u00f5es para a alimenta\u00e7\u00e3o pela boca. Em caso de detetar alguma destas [&hellip;]<\/p>\n","protected":false},"author":1,"featured_media":0,"parent":39,"menu_order":7,"comment_status":"closed","ping_status":"closed","template":"","meta":{"spay_email":""},"jetpack_sharing_enabled":true,"jetpack_shortlink":"https:\/\/wp.me\/P8U6vi-1y","jetpack-related-posts":[{"id":92,"url":"http:\/\/pope.esenf.pt\/intentcare?page_id=92","url_meta":{"origin":96,"position":0},"title":"Alimenta\u00e7\u00e3o pela boca","date":"26 Julho, 2016","format":false,"excerpt":"O momento da refei\u00e7\u00e3o deve ser calmo e agrad\u00e1vel, num espa\u00e7o limpo e longe de odores desagrad\u00e1veis e a apresenta\u00e7\u00e3o da refei\u00e7\u00e3o deve ter um aspeto agrad\u00e1vel. A temperatura dos alimentos deve ser adequada, de forma a evitar queimadura. Antes das refei\u00e7\u00f5es, pode e deve permitir e incentivar a lavagem\u2026","rel":"","context":"Similar post","img":{"alt_text":"","src":"","width":0,"height":0},"classes":[]},{"id":90,"url":"http:\/\/pope.esenf.pt\/intentcare?page_id=90","url_meta":{"origin":96,"position":1},"title":"Hidrata\u00e7\u00e3o","date":"26 Julho, 2016","format":false,"excerpt":"A \u00c1GUA \u00e9 essencial para permitir o bom funcionamento de todos os \u00f3rg\u00e3os. As recomenda\u00e7\u00f5es di\u00e1rias para a ingest\u00e3o de \u00e1gua s\u00e3o, se n\u00e3o houver contraindica\u00e7\u00e3o m\u00e9dica (nomeadamente por doen\u00e7a do cora\u00e7\u00e3o ou rins), de aproximadamente 30mL por cada kg de peso corporal ou, em m\u00e9dia, cerca de 1,5L a\u2026","rel":"","context":"Similar post","img":{"alt_text":"","src":"","width":0,"height":0},"classes":[]},{"id":88,"url":"http:\/\/pope.esenf.pt\/intentcare?page_id=88","url_meta":{"origin":96,"position":2},"title":"Necessidades Nutricionais","date":"26 Julho, 2016","format":false,"excerpt":"Os hidratos de carbono, prote\u00ednas, gorduras, fibras, vitaminas e minerais e a \u00e1gua existentes nos alimentos asseguram o bom funcionamento do organismo e fornecem energia necess\u00e1ria para a realiza\u00e7\u00e3o das v\u00e1rias atividades do dia-a-dia. Dependendo das doen\u00e7as que o seu familiar possui pode ser necess\u00e1rio adaptar a sua alimenta\u00e7\u00e3o tendo\u2026","rel":"","context":"Similar post","img":{"alt_text":"","src":"https:\/\/i0.wp.com\/pope.esenf.pt\/intentcare\/wp-content\/uploads\/2016\/07\/Imagem12-300x300.png?resize=350%2C200","width":350,"height":200},"classes":[]},{"id":94,"url":"http:\/\/pope.esenf.pt\/intentcare?page_id=94","url_meta":{"origin":96,"position":3},"title":"Altera\u00e7\u00e3o da degluti\u00e7\u00e3o","date":"26 Julho, 2016","format":false,"excerpt":"A disfagia \u00e9 uma altera\u00e7\u00e3o da capacidade de engolir e pode ter diversas origens. Pode ser resultante de doen\u00e7as que afetam o c\u00e9rebro (ex.: AVC, Alzheimer, Parkinson...), de altera\u00e7\u00f5es que afetem as estruturas envolvidas no ato de engolir, de altera\u00e7\u00f5es emocionais ou resultantes do pr\u00f3prio processo do envelhecimento (ex.: perda\u2026","rel":"","context":"Similar post","img":{"alt_text":"","src":"","width":0,"height":0},"classes":[]},{"id":86,"url":"http:\/\/pope.esenf.pt\/intentcare?page_id=86","url_meta":{"origin":96,"position":4},"title":"Denti\u00e7\u00e3o","date":"26 Julho, 2016","format":false,"excerpt":"A principal fun\u00e7\u00e3o dos dentes \u00e9 mastigar os alimentos. A l\u00edngua ajuda a envolver e guiar o alimento e influencia o paladar. Se o seu familiar tiver pr\u00f3tese dent\u00e1ria, esta deve estar segura e bem adaptada, sem causar dor ou desconforto. Esteja atento \u00e0 exist\u00eancia de feridas na boca, pois\u2026","rel":"","context":"Similar post","img":{"alt_text":"","src":"","width":0,"height":0},"classes":[]},{"id":272,"url":"http:\/\/pope.esenf.pt\/intentcare?page_id=272","url_meta":{"origin":96,"position":5},"title":"Pessoa deitada para o lado direito","date":"15 Setembro, 2016","format":false,"excerpt":"1. Coloque o seu familiar de costas, assegurando que ocupa o lado esquerdo da cama. 2. Coloque-se do lado direito da cama. 3. Cruze o bra\u00e7o esquerdo do seu familiar sobre o peito e afaste ligeiramente o bra\u00e7o direito. 4. Coloque o p\u00e9 esquerdo sobre o direito. 5. Coloque uma\u2026","rel":"","context":"Similar post","img":{"alt_text":"","src":"","width":0,"height":0},"classes":[]}],"_links":{"self":[{"href":"http:\/\/pope.esenf.pt\/intentcare\/index.php?rest_route=\/wp\/v2\/pages\/96"}],"collection":[{"href":"http:\/\/pope.esenf.pt\/intentcare\/index.php?rest_route=\/wp\/v2\/pages"}],"about":[{"href":"http:\/\/pope.esenf.pt\/intentcare\/index.php?rest_route=\/wp\/v2\/types\/page"}],"author":[{"embeddable":true,"href":"http:\/\/pope.esenf.pt\/intentcare\/index.php?rest_route=\/wp\/v2\/users\/1"}],"replies":[{"embeddable":true,"href":"http:\/\/pope.esenf.pt\/intentcare\/index.php?rest_route=%2Fwp%2Fv2%2Fcomments&post=96"}],"version-history":[{"count":22,"href":"http:\/\/pope.esenf.pt\/intentcare\/index.php?rest_route=\/wp\/v2\/pages\/96\/revisions"}],"predecessor-version":[{"id":2077,"href":"http:\/\/pope.esenf.pt\/intentcare\/index.php?rest_route=\/wp\/v2\/pages\/96\/revisions\/2077"}],"up":[{"embeddable":true,"href":"http:\/\/pope.esenf.pt\/intentcare\/index.php?rest_route=\/wp\/v2\/pages\/39"}],"wp:attachment":[{"href":"http:\/\/pope.esenf.pt\/intentcare\/index.php?rest_route=%2Fwp%2Fv2%2Fmedia&parent=96"}],"curies":[{"name":"wp","href":"https:\/\/api.w.org\/{rel}","templated":true}]}}