{"id":92,"date":"2016-07-26T23:39:09","date_gmt":"2016-07-26T23:39:09","guid":{"rendered":"http:\/\/pope.esenf.pt\/intentcare\/?page_id=92"},"modified":"2019-06-02T18:48:57","modified_gmt":"2019-06-02T18:48:57","slug":"alimentacao-pela-boca","status":"publish","type":"page","link":"http:\/\/pope.esenf.pt\/intentcare?page_id=92","title":{"rendered":"Alimenta\u00e7\u00e3o pela boca"},"content":{"rendered":"<p><span style=\"color: #808000;\">O momento da refei\u00e7\u00e3o deve ser calmo e agrad\u00e1vel, num espa\u00e7o limpo e longe de odores desagrad\u00e1veis e a apresenta\u00e7\u00e3o da refei\u00e7\u00e3o deve ter um aspeto agrad\u00e1vel. A temperatura dos alimentos deve ser adequada, de forma a evitar queimadura.<\/span><\/p>\n\n<div class=\"sp-wrap sp-wrap-yellow\">\n<div class=\"sp-head\" title=\"Expand\">\nPrimeiro Passo: POSICIONAR\n<\/div>\n<div class=\"sp-body folded\">\n<\/p>\n<p><strong>Deve posicionar o seu familiar ou ajuda-lo a posicionar-se <\/strong>em posi\u00e7\u00e3o sentada ou com a cabeceira da cama elevada. Se a pessoa est\u00e1 na cama, deve estar sentada. Desta forma, no caso de acontecer um epis\u00f3dio de v\u00f3mito ou regurgita\u00e7\u00e3o, impede-se a entrada de restos alimentares na via respirat\u00f3ria e pulm\u00f5es.<\/p>\n<p>\n<\/div>\n<\/div>\n\n<p>Antes das refei\u00e7\u00f5es<strong>, pode e deve permitir e incentivar a lavagem das m\u00e3os do seu familiar.<\/strong><\/p>\n\n<div class=\"sp-wrap sp-wrap-yellow\">\n<div class=\"sp-head\" title=\"Expand\">\nDurante a refei\u00e7\u00e3o...\n<\/div>\n<div class=\"sp-body folded\">\n<\/p>\n<p>Para que seja mais f\u00e1cil para o seu familiar, poder\u00e1 <strong>cortar e organizar os alimentos <\/strong>no prato de forma a que ele consiga v\u00ea-los e ingeri-los sem dificuldade.<\/p>\n<p><strong>Deve respeitar o ritmo<\/strong> do seu familiar enquanto mastiga e engole os alimentos. Se necess\u00e1rio, caso detete que alguns alimentos ficam retidos na boca, pode tentar massajar a face com movimentos circulares de baixo para cima, pedindo para que ele os engula.<\/p>\n<p><strong>Deve oferecer \u00e1gua frequentemente ao seu familiar <\/strong>(ao longo da refei\u00e7\u00e3o e nos restantes per\u00edodos durante o dia)<\/p>\n<p>\n<\/div>\n<\/div>\n\n<p>No final da refei\u00e7\u00e3o, \u00e9 importante <strong>lavar ou ajudar o seu familiar a lavar os dentes e a boca.<\/strong><\/p>\n<p><strong>Dever\u00e1 manter o seu familiar em posicionamento sentado <u>at\u00e9 30 minutos<\/u>\u00a0ap\u00f3s o final da refei\u00e7\u00e3o <\/strong>(ajud\u00e1-lo a reposicionar-se, se necess\u00e1rio). Mesmo ap\u00f3s este per\u00edodo, deve optar por deixar a cabeceira ligeiramente elevada.<\/p>\n<table>\n<tbody>\n<tr>\n<td><a href=\"http:\/\/pope.esenf.pt\/intentcare\/?page_id=90&amp;lang=pt\">Anterior (hidrata\u00e7\u00e3o)<\/a><\/td>\n<td style=\"text-align: right;\"><a href=\"http:\/\/pope.esenf.pt\/intentcare\/?page_id=94&amp;lang=pt\">Seguinte (altera\u00e7\u00e3o da degluti\u00e7\u00e3o)<\/a><\/td>\n<\/tr>\n<\/tbody>\n<\/table>\n<p><strong>\u00a0<\/strong><\/p>\n","protected":false},"excerpt":{"rendered":"<p>O momento da refei\u00e7\u00e3o deve ser calmo e agrad\u00e1vel, num espa\u00e7o limpo e longe de odores desagrad\u00e1veis e a apresenta\u00e7\u00e3o da refei\u00e7\u00e3o deve ter um aspeto agrad\u00e1vel. A temperatura dos alimentos deve ser adequada, de forma a evitar queimadura. Antes das refei\u00e7\u00f5es, pode e deve permitir e incentivar a lavagem [&hellip;]<\/p>\n","protected":false},"author":1,"featured_media":0,"parent":39,"menu_order":5,"comment_status":"closed","ping_status":"closed","template":"","meta":{"spay_email":""},"jetpack_sharing_enabled":true,"jetpack_shortlink":"https:\/\/wp.me\/P8U6vi-1u","jetpack-related-posts":[{"id":88,"url":"http:\/\/pope.esenf.pt\/intentcare?page_id=88","url_meta":{"origin":92,"position":0},"title":"Necessidades Nutricionais","date":"26 Julho, 2016","format":false,"excerpt":"Os hidratos de carbono, prote\u00ednas, gorduras, fibras, vitaminas e minerais e a \u00e1gua existentes nos alimentos asseguram o bom funcionamento do organismo e fornecem energia necess\u00e1ria para a realiza\u00e7\u00e3o das v\u00e1rias atividades do dia-a-dia. Dependendo das doen\u00e7as que o seu familiar possui pode ser necess\u00e1rio adaptar a sua alimenta\u00e7\u00e3o tendo\u2026","rel":"","context":"Similar post","img":{"alt_text":"","src":"https:\/\/i0.wp.com\/pope.esenf.pt\/intentcare\/wp-content\/uploads\/2016\/07\/Imagem12-300x300.png?resize=350%2C200","width":350,"height":200},"classes":[]},{"id":96,"url":"http:\/\/pope.esenf.pt\/intentcare?page_id=96","url_meta":{"origin":92,"position":1},"title":"Situa\u00e7\u00f5es especiais","date":"26 Julho, 2016","format":false,"excerpt":"A presen\u00e7a de v\u00f3mito, tosse produtiva ou altera\u00e7\u00f5es da respira\u00e7\u00e3o, associadas a aumento de expetora\u00e7\u00e3o e sensa\u00e7\u00e3o de falta de ar ou a altera\u00e7\u00e3o do estado de consci\u00eancia (exemplo: o seu familiar fica mais sonolento, pouco reativo...) s\u00e3o contraindica\u00e7\u00f5es para a alimenta\u00e7\u00e3o pela boca. Em caso de detetar alguma destas\u2026","rel":"","context":"Similar post","img":{"alt_text":"","src":"","width":0,"height":0},"classes":[]},{"id":90,"url":"http:\/\/pope.esenf.pt\/intentcare?page_id=90","url_meta":{"origin":92,"position":2},"title":"Hidrata\u00e7\u00e3o","date":"26 Julho, 2016","format":false,"excerpt":"A \u00c1GUA \u00e9 essencial para permitir o bom funcionamento de todos os \u00f3rg\u00e3os. As recomenda\u00e7\u00f5es di\u00e1rias para a ingest\u00e3o de \u00e1gua s\u00e3o, se n\u00e3o houver contraindica\u00e7\u00e3o m\u00e9dica (nomeadamente por doen\u00e7a do cora\u00e7\u00e3o ou rins), de aproximadamente 30mL por cada kg de peso corporal ou, em m\u00e9dia, cerca de 1,5L a\u2026","rel":"","context":"Similar post","img":{"alt_text":"","src":"","width":0,"height":0},"classes":[]},{"id":94,"url":"http:\/\/pope.esenf.pt\/intentcare?page_id=94","url_meta":{"origin":92,"position":3},"title":"Altera\u00e7\u00e3o da degluti\u00e7\u00e3o","date":"26 Julho, 2016","format":false,"excerpt":"A disfagia \u00e9 uma altera\u00e7\u00e3o da capacidade de engolir e pode ter diversas origens. Pode ser resultante de doen\u00e7as que afetam o c\u00e9rebro (ex.: AVC, Alzheimer, Parkinson...), de altera\u00e7\u00f5es que afetem as estruturas envolvidas no ato de engolir, de altera\u00e7\u00f5es emocionais ou resultantes do pr\u00f3prio processo do envelhecimento (ex.: perda\u2026","rel":"","context":"Similar post","img":{"alt_text":"","src":"","width":0,"height":0},"classes":[]},{"id":272,"url":"http:\/\/pope.esenf.pt\/intentcare?page_id=272","url_meta":{"origin":92,"position":4},"title":"Pessoa deitada para o lado direito","date":"15 Setembro, 2016","format":false,"excerpt":"1. Coloque o seu familiar de costas, assegurando que ocupa o lado esquerdo da cama. 2. Coloque-se do lado direito da cama. 3. Cruze o bra\u00e7o esquerdo do seu familiar sobre o peito e afaste ligeiramente o bra\u00e7o direito. 4. Coloque o p\u00e9 esquerdo sobre o direito. 5. Coloque uma\u2026","rel":"","context":"Similar post","img":{"alt_text":"","src":"","width":0,"height":0},"classes":[]},{"id":86,"url":"http:\/\/pope.esenf.pt\/intentcare?page_id=86","url_meta":{"origin":92,"position":5},"title":"Denti\u00e7\u00e3o","date":"26 Julho, 2016","format":false,"excerpt":"A principal fun\u00e7\u00e3o dos dentes \u00e9 mastigar os alimentos. A l\u00edngua ajuda a envolver e guiar o alimento e influencia o paladar. Se o seu familiar tiver pr\u00f3tese dent\u00e1ria, esta deve estar segura e bem adaptada, sem causar dor ou desconforto. Esteja atento \u00e0 exist\u00eancia de feridas na boca, pois\u2026","rel":"","context":"Similar post","img":{"alt_text":"","src":"","width":0,"height":0},"classes":[]}],"_links":{"self":[{"href":"http:\/\/pope.esenf.pt\/intentcare\/index.php?rest_route=\/wp\/v2\/pages\/92"}],"collection":[{"href":"http:\/\/pope.esenf.pt\/intentcare\/index.php?rest_route=\/wp\/v2\/pages"}],"about":[{"href":"http:\/\/pope.esenf.pt\/intentcare\/index.php?rest_route=\/wp\/v2\/types\/page"}],"author":[{"embeddable":true,"href":"http:\/\/pope.esenf.pt\/intentcare\/index.php?rest_route=\/wp\/v2\/users\/1"}],"replies":[{"embeddable":true,"href":"http:\/\/pope.esenf.pt\/intentcare\/index.php?rest_route=%2Fwp%2Fv2%2Fcomments&post=92"}],"version-history":[{"count":9,"href":"http:\/\/pope.esenf.pt\/intentcare\/index.php?rest_route=\/wp\/v2\/pages\/92\/revisions"}],"predecessor-version":[{"id":1882,"href":"http:\/\/pope.esenf.pt\/intentcare\/index.php?rest_route=\/wp\/v2\/pages\/92\/revisions\/1882"}],"up":[{"embeddable":true,"href":"http:\/\/pope.esenf.pt\/intentcare\/index.php?rest_route=\/wp\/v2\/pages\/39"}],"wp:attachment":[{"href":"http:\/\/pope.esenf.pt\/intentcare\/index.php?rest_route=%2Fwp%2Fv2%2Fmedia&parent=92"}],"curies":[{"name":"wp","href":"https:\/\/api.w.org\/{rel}","templated":true}]}}