{"id":90,"date":"2016-07-26T23:38:46","date_gmt":"2016-07-26T23:38:46","guid":{"rendered":"http:\/\/pope.esenf.pt\/intentcare\/?page_id=90"},"modified":"2019-06-02T18:47:22","modified_gmt":"2019-06-02T18:47:22","slug":"hidratacao","status":"publish","type":"page","link":"http:\/\/pope.esenf.pt\/intentcare?page_id=90","title":{"rendered":"Hidrata\u00e7\u00e3o"},"content":{"rendered":"<p><img data-attachment-id=\"191\" data-permalink=\"http:\/\/pope.esenf.pt\/intentcare?attachment_id=191\" data-orig-file=\"https:\/\/i0.wp.com\/pope.esenf.pt\/intentcare\/wp-content\/uploads\/2016\/07\/engolir-642x336.jpg?fit=642%2C336\" data-orig-size=\"642,336\" data-comments-opened=\"1\" data-image-meta=\"{&quot;aperture&quot;:&quot;0&quot;,&quot;credit&quot;:&quot;&quot;,&quot;camera&quot;:&quot;&quot;,&quot;caption&quot;:&quot;&quot;,&quot;created_timestamp&quot;:&quot;0&quot;,&quot;copyright&quot;:&quot;&quot;,&quot;focal_length&quot;:&quot;0&quot;,&quot;iso&quot;:&quot;0&quot;,&quot;shutter_speed&quot;:&quot;0&quot;,&quot;title&quot;:&quot;&quot;,&quot;orientation&quot;:&quot;0&quot;}\" data-image-title=\"engolir-642&#215;336\" data-image-description=\"\" data-medium-file=\"https:\/\/i0.wp.com\/pope.esenf.pt\/intentcare\/wp-content\/uploads\/2016\/07\/engolir-642x336.jpg?fit=300%2C157\" data-large-file=\"https:\/\/i0.wp.com\/pope.esenf.pt\/intentcare\/wp-content\/uploads\/2016\/07\/engolir-642x336.jpg?fit=642%2C336\" loading=\"lazy\" class=\"wp-image-191 size-medium alignleft\" src=\"https:\/\/i0.wp.com\/pope.esenf.pt\/intentcare\/wp-content\/uploads\/2016\/07\/engolir-642x336.jpg?resize=300%2C157\" alt=\"engolir-642x336\" width=\"300\" height=\"157\" srcset=\"https:\/\/i0.wp.com\/pope.esenf.pt\/intentcare\/wp-content\/uploads\/2016\/07\/engolir-642x336.jpg?resize=300%2C157 300w, https:\/\/i0.wp.com\/pope.esenf.pt\/intentcare\/wp-content\/uploads\/2016\/07\/engolir-642x336.jpg?resize=150%2C79 150w, https:\/\/i0.wp.com\/pope.esenf.pt\/intentcare\/wp-content\/uploads\/2016\/07\/engolir-642x336.jpg?resize=642%2C336 642w\" sizes=\"(max-width: 300px) 100vw, 300px\" data-recalc-dims=\"1\" \/><\/p>\n<p>A <span style=\"color: #808000;\"><strong>\u00c1GUA<\/strong><\/span> \u00e9 essencial para permitir o bom funcionamento de todos os \u00f3rg\u00e3os. As recomenda\u00e7\u00f5es di\u00e1rias para a ingest\u00e3o de \u00e1gua s\u00e3o, se n\u00e3o houver contraindica\u00e7\u00e3o m\u00e9dica (nomeadamente por doen\u00e7a do cora\u00e7\u00e3o ou rins), de aproximadamente 30mL por cada kg de peso corporal ou, em m\u00e9dia, cerca de 1,5L a 2L de \u00e1gua por dia (6-8 copos).<\/p>\n<p>Deve evitar dar ao seu familiar refrigerantes, pois cont\u00eam muito a\u00e7\u00facar.<\/p>\n<p>\u00c9 importante ter em aten\u00e7\u00e3o que os idosos podem n\u00e3o ter sensa\u00e7\u00e3o de sede e n\u00e3o ter vontade de beber.<\/p>\n\n<div class=\"sp-wrap sp-wrap-default\">\n<div class=\"sp-head\" title=\"Expand\">\nDESIDRATA\u00c7\u00c3O: Que complica\u00e7\u00f5es?\n<\/div>\n<div class=\"sp-body folded\">\n<\/p>\n<p>Uma das principais causas pelas quais as pessoas idosas recorrem ao servi\u00e7o de urg\u00eancia deve-se \u00e0 <strong>desidrata\u00e7\u00e3o<\/strong>. A febre, a diminui\u00e7\u00e3o do consumo de l\u00edquidos, altera\u00e7\u00e3o na fun\u00e7\u00e3o dos rins ou a toma de alguns medicamentos, s\u00e3o fatores que podem conduzir \u00e0 desidrata\u00e7\u00e3o. Forma\u00e7\u00e3o de pedra nos rins, infe\u00e7\u00f5es urin\u00e1rias, pris\u00e3o de ventre, tens\u00f5es baixas e altera\u00e7\u00f5es na pele s\u00e3o alguns dos problemas que mais frequentemente adv\u00eam de um baixo consumo de \u00e1gua.<\/p>\n<p>\n<\/div>\n<\/div>\n\n\n<div class=\"sp-wrap sp-wrap-default\">\n<div class=\"sp-head\" title=\"Expand\">\nCom o tempo mais quente...\n<\/div>\n<div class=\"sp-body folded\">\n<\/p>\n<p>Com o tempo mais quente, o risco de desidrata\u00e7\u00e3o \u00e9 ainda maior. Torna-se ainda mais importante a hidrata\u00e7\u00e3o adequada do seu familiar. Deve fornecer-lhe l\u00edquidos em intervalos regulares, mediante a indica\u00e7\u00e3o do seu m\u00e9dico ou enfermeiro.<\/p>\n<p>\n<\/div>\n<\/div>\n\n\n<div class=\"sp-wrap sp-wrap-default\">\n<div class=\"sp-head\" title=\"Expand\">\nOutras estrat\u00e9gias...\n<\/div>\n<div class=\"sp-body folded\">\n<\/p>\n<p>Um compromisso na capacidade de engolir adequadamente l\u00edquidos pode acabar por conduzir a um consumo inferior \u00e0s necessidades do organismo. Com estrat\u00e9gias como a utiliza\u00e7\u00e3o de <strong>\u00e1gua gelificada<\/strong> e <strong>gelatina<\/strong> ou a adi\u00e7\u00e3o de espessantes nos l\u00edquidos, consegue-se uma altera\u00e7\u00e3o da consist\u00eancia conforme a necessidade do seu familiar, prevenindo o engasgamento. O <strong>espessante<\/strong> pode ser adquirido em qualquer farm\u00e1cia.<\/p>\n<p>\n<\/div>\n<\/div>\n\n<table>\n<tbody>\n<tr>\n<td><a href=\"http:\/\/pope.esenf.pt\/intentcare\/?page_id=88&amp;lang=pt\">Anterior (Necessidades Nutricionais)<\/a><\/td>\n<td style=\"text-align: right;\"><a href=\"http:\/\/pope.esenf.pt\/intentcare\/?page_id=92&amp;lang=pt\">Seguinte (Alimenta\u00e7\u00e3o pela boca)<\/a><\/td>\n<\/tr>\n<\/tbody>\n<\/table>\n<p><strong>\u00a0<\/strong><\/p>\n","protected":false},"excerpt":{"rendered":"<p>A \u00c1GUA \u00e9 essencial para permitir o bom funcionamento de todos os \u00f3rg\u00e3os. As recomenda\u00e7\u00f5es di\u00e1rias para a ingest\u00e3o de \u00e1gua s\u00e3o, se n\u00e3o houver contraindica\u00e7\u00e3o m\u00e9dica (nomeadamente por doen\u00e7a do cora\u00e7\u00e3o ou rins), de aproximadamente 30mL por cada kg de peso corporal ou, em m\u00e9dia, cerca de 1,5L a [&hellip;]<\/p>\n","protected":false},"author":1,"featured_media":0,"parent":39,"menu_order":4,"comment_status":"closed","ping_status":"closed","template":"","meta":{"spay_email":""},"jetpack_sharing_enabled":true,"jetpack_shortlink":"https:\/\/wp.me\/P8U6vi-1s","jetpack-related-posts":[{"id":660,"url":"http:\/\/pope.esenf.pt\/intentcare?page_id=660","url_meta":{"origin":90,"position":0},"title":"Alimenta\u00e7\u00e3o por sonda nasog\u00e1strica - introdu\u00e7\u00e3o","date":"18 Maio, 2017","format":false,"excerpt":"A alimenta\u00e7\u00e3o por sonda est\u00e1 indicada quando a pessoa n\u00e3o se pode alimentar pela boca, n\u00e3o consegue comer, ou quando a quantidade de \u00e1gua e alimentos n\u00e3o est\u00e1 a ser suficiente. A nutri\u00e7\u00e3o ent\u00e9rica deve ser prescrita pelo m\u00e9dico ou nutricionista e a sonda deve ser colocada por um enfermeiro.\u2026","rel":"","context":"Similar post","img":{"alt_text":"","src":"","width":0,"height":0},"classes":[]},{"id":658,"url":"http:\/\/pope.esenf.pt\/intentcare?page_id=658","url_meta":{"origin":90,"position":1},"title":"Alimenta\u00e7\u00e3o atrav\u00e9s de sonda nasog\u00e1strica","date":"18 Maio, 2017","format":false,"excerpt":"Alimenta\u00e7\u00e3o atrav\u00e9s de sonda naso g\u00e1strica Pretende-se responder \u00e0s quest\u00f5es: Como devo alimentar o meu familiar? Como prevenir e tratar complica\u00e7\u00f5es? A informa\u00e7\u00e3o dispon\u00edvel \u00e9 um complemento das recomenda\u00e7\u00f5es dadas pelo enfermeiro. A alimenta\u00e7\u00e3o por sonda est\u00e1 indicada quando a pessoa n\u00e3o se pode alimentar pela boca, n\u00e3o consegue comer,\u2026","rel":"","context":"Similar post","img":{"alt_text":"","src":"","width":0,"height":0},"classes":[]},{"id":769,"url":"http:\/\/pope.esenf.pt\/intentcare?page_id=769","url_meta":{"origin":90,"position":2},"title":"Dar comprimidos atrav\u00e9s da sonda nasog\u00e1strica","date":"2 Julho, 2017","format":false,"excerpt":"1. Lave as m\u00e3os. 2. Coloque \u00e1gua no copo. 3. Abra os comprimidos e esmague-os no almofariz e adicione \u00e1gua. 4. Aspire o conte\u00fado para a seringa. 5. Retire o ar existente na seringa. 6. Antes de dar o medicamento deve verificar se a sonda est\u00e1 no est\u00f4mago. 7. Depois\u2026","rel":"","context":"Similar post","img":{"alt_text":"","src":"","width":0,"height":0},"classes":[]},{"id":1613,"url":"http:\/\/pope.esenf.pt\/intentcare?page_id=1613","url_meta":{"origin":90,"position":3},"title":"Administra\u00e7\u00e3o oral (pela boca)","date":"28 Mar\u00e7o, 2019","format":false,"excerpt":"Existem diferentes apresenta\u00e7\u00f5es de medicamentos a serem administrados por via oral, como, comprimidos, comprimidos efervescentes, c\u00e1psulas, drageias, xaropes, solu\u00e7\u00f5es, suspens\u00f5es, gotas, p\u00f3s e granulados. Existem medicamentos que n\u00e3o devem ser engolidos, como os sublinguais (que devem permanecer debaixo da l\u00edngua), ou orodispers\u00edveis, que devem ser dissolvidos na boca. Os medicamentos\u2026","rel":"","context":"Similar post","img":{"alt_text":"","src":"","width":0,"height":0},"classes":[]},{"id":771,"url":"http:\/\/pope.esenf.pt\/intentcare?page_id=771","url_meta":{"origin":90,"position":4},"title":"Dar xarope atrav\u00e9s da sonda nasog\u00e1strica","date":"2 Julho, 2017","format":false,"excerpt":"1. Lave as m\u00e3os. 2. Coloque \u00e1gua no copo. 3. Agite o xarope. 4. Coloque na colher medida o xarope pretendido. 5. Coloque no copo e mexa. 5. Aspire o conte\u00fado do medicamento para a seringa. 6. Retire o ar existente na seringa. 7. Antes de dar o medicamento deve\u2026","rel":"","context":"Similar post","img":{"alt_text":"","src":"","width":0,"height":0},"classes":[]},{"id":675,"url":"http:\/\/pope.esenf.pt\/intentcare?page_id=675","url_meta":{"origin":90,"position":5},"title":"Complica\u00e7\u00f5es e recomenda\u00e7\u00f5es","date":"18 Maio, 2017","format":false,"excerpt":"Desloca\u00e7\u00e3o da sonda ou sa\u00edda acidental: n\u00e3o tente recoloc\u00e1-la, contacte o enfermeiro. V\u00f3mitos: deve virar o seu familiar de lado para evitar que o conte\u00fado seja aspirado e chegue aos pulm\u00f5es. Deve interromper a alimenta\u00e7\u00e3o e contactar o enfermeiro. Diarreia: a alimenta\u00e7\u00e3o da pessoa com diarreia n\u00e3o deve ter alimentos\u2026","rel":"","context":"Similar post","img":{"alt_text":"","src":"","width":0,"height":0},"classes":[]}],"_links":{"self":[{"href":"http:\/\/pope.esenf.pt\/intentcare\/index.php?rest_route=\/wp\/v2\/pages\/90"}],"collection":[{"href":"http:\/\/pope.esenf.pt\/intentcare\/index.php?rest_route=\/wp\/v2\/pages"}],"about":[{"href":"http:\/\/pope.esenf.pt\/intentcare\/index.php?rest_route=\/wp\/v2\/types\/page"}],"author":[{"embeddable":true,"href":"http:\/\/pope.esenf.pt\/intentcare\/index.php?rest_route=\/wp\/v2\/users\/1"}],"replies":[{"embeddable":true,"href":"http:\/\/pope.esenf.pt\/intentcare\/index.php?rest_route=%2Fwp%2Fv2%2Fcomments&post=90"}],"version-history":[{"count":12,"href":"http:\/\/pope.esenf.pt\/intentcare\/index.php?rest_route=\/wp\/v2\/pages\/90\/revisions"}],"predecessor-version":[{"id":1880,"href":"http:\/\/pope.esenf.pt\/intentcare\/index.php?rest_route=\/wp\/v2\/pages\/90\/revisions\/1880"}],"up":[{"embeddable":true,"href":"http:\/\/pope.esenf.pt\/intentcare\/index.php?rest_route=\/wp\/v2\/pages\/39"}],"wp:attachment":[{"href":"http:\/\/pope.esenf.pt\/intentcare\/index.php?rest_route=%2Fwp%2Fv2%2Fmedia&parent=90"}],"curies":[{"name":"wp","href":"https:\/\/api.w.org\/{rel}","templated":true}]}}