{"id":88,"date":"2016-07-26T23:38:15","date_gmt":"2016-07-26T23:38:15","guid":{"rendered":"http:\/\/pope.esenf.pt\/intentcare\/?page_id=88"},"modified":"2019-06-02T18:45:25","modified_gmt":"2019-06-02T18:45:25","slug":"necessidades-nutricionais","status":"publish","type":"page","link":"http:\/\/pope.esenf.pt\/intentcare?page_id=88","title":{"rendered":"Necessidades Nutricionais"},"content":{"rendered":"<p>Os hidratos de carbono, prote\u00ednas, gorduras, fibras, vitaminas e minerais e a \u00e1gua existentes nos alimentos asseguram o bom funcionamento do organismo e fornecem energia necess\u00e1ria para a realiza\u00e7\u00e3o das v\u00e1rias atividades do dia-a-dia.<\/p>\n<p>Dependendo das doen\u00e7as que o seu familiar possui pode ser necess\u00e1rio adaptar a sua alimenta\u00e7\u00e3o tendo em conta as recomenda\u00e7\u00f5es do seu m\u00e9dico ou enfermeiro.<br \/>\nO nosso corpo precisa de mais de 40 nutrientes diferentes e n\u00e3o h\u00e1 nenhum alimento que por si s\u00f3 os tenha na totalidade. Por isso, devemos variar o tipo de alimentos alterando, por exemplo, o tipo de fruta ou legumes que comemos ao longo do dia.<\/p>\n<div id=\"attachment_188\" style=\"width: 310px\" class=\"wp-caption alignleft\"><img aria-describedby=\"caption-attachment-188\" data-attachment-id=\"188\" data-permalink=\"http:\/\/pope.esenf.pt\/intentcare?attachment_id=188\" data-orig-file=\"https:\/\/i1.wp.com\/pope.esenf.pt\/intentcare\/wp-content\/uploads\/2016\/07\/Imagem12.png?fit=526%2C526\" data-orig-size=\"526,526\" data-comments-opened=\"1\" data-image-meta=\"{&quot;aperture&quot;:&quot;0&quot;,&quot;credit&quot;:&quot;&quot;,&quot;camera&quot;:&quot;&quot;,&quot;caption&quot;:&quot;&quot;,&quot;created_timestamp&quot;:&quot;0&quot;,&quot;copyright&quot;:&quot;&quot;,&quot;focal_length&quot;:&quot;0&quot;,&quot;iso&quot;:&quot;0&quot;,&quot;shutter_speed&quot;:&quot;0&quot;,&quot;title&quot;:&quot;&quot;,&quot;orientation&quot;:&quot;0&quot;}\" data-image-title=\"Roda dos Alimentos\" data-image-description=\"\" data-medium-file=\"https:\/\/i1.wp.com\/pope.esenf.pt\/intentcare\/wp-content\/uploads\/2016\/07\/Imagem12.png?fit=300%2C300\" data-large-file=\"https:\/\/i1.wp.com\/pope.esenf.pt\/intentcare\/wp-content\/uploads\/2016\/07\/Imagem12.png?fit=526%2C526\" loading=\"lazy\" class=\"wp-image-188 size-medium\" src=\"https:\/\/i1.wp.com\/pope.esenf.pt\/intentcare\/wp-content\/uploads\/2016\/07\/Imagem12.png?resize=300%2C300\" alt=\"Roda dos Alimentos\" width=\"300\" height=\"300\" srcset=\"https:\/\/i1.wp.com\/pope.esenf.pt\/intentcare\/wp-content\/uploads\/2016\/07\/Imagem12.png?resize=300%2C300 300w, https:\/\/i1.wp.com\/pope.esenf.pt\/intentcare\/wp-content\/uploads\/2016\/07\/Imagem12.png?resize=150%2C150 150w, https:\/\/i1.wp.com\/pope.esenf.pt\/intentcare\/wp-content\/uploads\/2016\/07\/Imagem12.png?w=526 526w\" sizes=\"(max-width: 300px) 100vw, 300px\" data-recalc-dims=\"1\" \/><p id=\"caption-attachment-188\" class=\"wp-caption-text\">Roda dos Alimentos<\/p><\/div>\n<p>O tamanho dos diferentes grupos explica a percentagem que cada um deve ter na alimenta\u00e7\u00e3o di\u00e1ria.<\/p>\n<p>Cereais e derivados, tub\u00e9rculos &#8211; 28%;\u00a0Hort\u00edcolas &#8211; 23%;\u00a0Fruta &#8211; 20%;\u00a0Latic\u00ednios &#8211; 18%;\u00a0Carnes, pescado e ovos &#8211; 5%;\u00a0Leguminosas &#8211; 4%;\u00a0Gorduras e \u00f3leos &#8211; 2%;\u00a0\u00c1gua (1,5 a 2L)<\/p>\n\n<div class=\"sp-wrap sp-wrap-blue\">\n<div class=\"sp-head\" title=\"Expand\">\nAs PROTE\u00cdNAS\n<\/div>\n<div class=\"sp-body folded\">\n<\/p>\n<p><strong>As PROTEINAS<\/strong>\u00a0t\u00eam uma fun\u00e7\u00e3o \u2018construtora\u2019 no nosso organismo, pois s\u00e3o fundamentais no crescimento e na forma\u00e7\u00e3o das nossas c\u00e9lulas. A ingest\u00e3o deste nutriente \u00e9 fundamental e, dependendo da condi\u00e7\u00e3o cl\u00ednica do seu familiar, pode at\u00e9 ser necess\u00e1rio ajustar a dose recomendada, aumentando ou diminuindo o teor de prote\u00ednas na alimenta\u00e7\u00e3o. A falta de prote\u00ednas pode resultar em atrofiamento dos m\u00fasculos, atraso intelectual e dificultar a cicatriza\u00e7\u00e3o das feridas. Exemplos: carne, peixe, ovo, leite&#8230;<\/p>\n<p>\n<div class=\"spdiv\">[collapse]<\/div>\n<\/div>\n<\/div>\n\n\n<div class=\"sp-wrap sp-wrap-yellow\">\n<div class=\"sp-head\" title=\"Expand\">\nOs HIDRATOS DE CARBONO\n<\/div>\n<div class=\"sp-body folded\">\n<\/p>\n<p><strong>Os HIDRATOS DE CARBONO<\/strong> constituem um nutriente essencial na alimenta\u00e7\u00e3o pois s\u00e3o a principal fonte de energia para o organismo. A falta de hidratos de carbono na alimenta\u00e7\u00e3o pode provocar fraqueza, fadiga dos m\u00fasculos e diminuir a capacidade intelectual. Exemplos: arroz, massa, batata, feij\u00e3o, p\u00e3o&#8230;<\/p>\n<p>\n<\/div>\n<\/div>\n\n\n<div class=\"sp-wrap sp-wrap-green\">\n<div class=\"sp-head\" title=\"Expand\">\nAs FIBRAS\n<\/div>\n<div class=\"sp-body folded\">\n<\/p>\n<p>O consumo de cereais, frutas e legumes (ricos em <strong>FIBRAS<\/strong>) deve ser incentivado para o bom funcionamento do intestino. Estes nutrientes t\u00eam fun\u00e7\u00e3o de regular o tr\u00e2nsito intestinal e diminuir o risco de obesidade.<\/p>\n<p>\n<\/div>\n<\/div>\n\n\n<div class=\"sp-wrap sp-wrap-orange\">\n<div class=\"sp-head\" title=\"Expand\">\nAs GORDURAS\n<\/div>\n<div class=\"sp-body folded\">\n<\/p>\n<p><strong>As GORDURAS<\/strong>\u00a0desempenham fun\u00e7\u00e3o energ\u00e9tica e fazem parte tamb\u00e9m do processo de forma\u00e7\u00e3o das nossas c\u00e9lulas. Podem ser de origem animal (manteiga) ou vegetal (azeite). Deve manter-se a ingest\u00e3o de \u00e1cidos gordos essenciais, como o \u00f4mega 6 (nozes, castanhas, sementes e \u00f3leo de soja, girassol e milho) e \u00f4mega 3 (\u00f3leos de linha\u00e7a, salm\u00e3o, arenque, sardinha e algas) e evitar o consumo de gorduras saturadas (manteigas, fritos, bolos\u2026)<\/p>\n<p>\n<\/div>\n<\/div>\n\n\n<div class=\"sp-wrap sp-wrap-steelblue\">\n<div class=\"sp-head\" title=\"Expand\">\nAs VITAMINAS e os MINERAIS\n<\/div>\n<div class=\"sp-body folded\">\n<\/p>\n<p><strong>VITAMINAS\/MINERAIS<\/strong>\u00a0\u2013 O ferro, zinco, c\u00e1lcio ou vitaminas D ou B, s\u00e3o essenciais numa alimenta\u00e7\u00e3o variada. A manuten\u00e7\u00e3o saud\u00e1vel dos nossos ossos ou dentes e das defesas do nosso organismo \u00e9 conseguida atrav\u00e9s destes nutrientes. Exemplos: laranja, cenoura, couve, lentilhas, nozes, latic\u00ednios&#8230;<\/p>\n<p>\n<\/div>\n<\/div>\n\n\n<div class=\"sp-wrap sp-wrap-lime\">\n<div class=\"sp-head\" title=\"Expand\">\nA \u00c1GUA\n<\/div>\n<div class=\"sp-body folded\">\n<\/p>\n<p>A\u00a0<strong>\u00c1GUA\u00a0<\/strong>\u00e9 a subst\u00e2ncia que existe em maior quantidade no nosso organismo. O seu papel \u00e9 fundamental para regular as diferentes fun\u00e7\u00f5es dos nossos \u00f3rg\u00e3os.<\/p>\n<p>\n<\/div>\n<\/div>\n\n<p>Os <strong><span style=\"color: #808000;\">SUPLEMENTOS NUTRICIONAIS<\/span><\/strong>\u00a0s\u00e3o muitas vezes recomendados pelos m\u00e9dicos ou nutricionistas \u00e0s pessoas que t\u00eam um maior risco de ficarem desnutridas. T\u00eam uma quantidade elevada de prote\u00ednas e calorias, podem ter consist\u00eancia l\u00edquida ou tipo pudim e diferentes sabores.<\/p>\n<p>Recomendam-se <strong><span style=\"color: #808000;\">refei\u00e7\u00f5es frequentes e em por\u00e7\u00f5es mais pequenas<\/span><\/strong> (4 a 6 por dia). Deve tamb\u00e9m ter em aten\u00e7\u00e3o uma vigil\u00e2ncia frequente do peso do seu familiar. Se este estiver acamado, pe\u00e7a ajuda \u00e0 equipa de sa\u00fade que o acompanha.<\/p>\n\n<div class=\"sp-wrap sp-wrap-orange\">\n<div class=\"sp-head\" title=\"Expand\">\nEmenta Saud\u00e1vel (sugest\u00e3o)\n<\/div>\n<div class=\"sp-body folded\">\n<\/p>\n<p><strong>Pequeno-almo\u00e7o<\/strong> \u2013 Leite com cevada <strong>ou <\/strong>ch\u00e1 + p\u00e3o <strong>ou<\/strong> tostas com fiambre\/queijo magro<\/p>\n<p><strong>Meio da manh\u00e3<\/strong> \u2013 Pe\u00e7a de fruta + bolacha\/meio p\u00e3o<\/p>\n<p><strong>Almo\u00e7o<\/strong> \u2013 Sopa + carne <strong>ou<\/strong> peixe cozido\/grelhado\/estufado com arroz e legumes + fruta<\/p>\n<p><strong>Lanche<\/strong> \u2013 Iogurte + bolacha\/meio p\u00e3o<\/p>\n<p><strong>Jantar<\/strong> \u2013 Sopa + peixe <strong>ou<\/strong> carne cozida\/grelhada\/estufada com massa e legumes + fruta<\/p>\n<p><strong>Ceia<\/strong> \u2013 Leite <strong>ou <\/strong>ch\u00e1 (evitar o ch\u00e1 preto) + bolacha<\/p>\n<p><strong>Devemos ter em aten\u00e7\u00e3o alguns aspetos:<\/strong><\/p>\n<table>\n<tbody>\n<tr>\n<td>\n<ul>\n<li>Comer alternadamente peixe e carne \u00e0s refei\u00e7\u00f5es. Pode optar por carne ao almo\u00e7o e peixe ao jantar (mais f\u00e1cil para a digest\u00e3o)<\/li>\n<li>A carne deve ser consumida em quantidade moderada e deve dar-se prefer\u00eancia \u00e0s carnes brancas (peru, coelho ou frango)<\/li>\n<li>Os acompanhamentos (o arroz, a batata e a massa) devem ser alternados, n\u00e3o devem ser comidos em simult\u00e2neo. Todas as refei\u00e7\u00f5es devem ser acompanhadas por salada ou legumes e deve optar por comer tamb\u00e9m sopa sempre \u00e0 refei\u00e7\u00e3o<\/li>\n<li>As sopas devem ser de legumes e o mais variadas poss\u00edvel<\/li>\n<li>A gordura de elei\u00e7\u00e3o para a confe\u00e7\u00e3o dos alimentos deve ser o azeite<\/li>\n<li>Dos tipos de confe\u00e7\u00e3o e de prepara\u00e7\u00e3o dos alimentos devem ser preferidos os cozidos e grelhados<\/li>\n<li>Deve-se reduzir a quantidade de sal nos cozinhados , utilize outros temperos como as ervas arom\u00e1ticas<\/li>\n<li>Comer fruta \u00e0 sobremesa, o mais variada poss\u00edvel (crua, cozida ou assada)<\/li>\n<\/ul>\n<\/td>\n<\/tr>\n<\/tbody>\n<\/table>\n<p>\n<\/div>\n<\/div>\n\n<table>\n<tbody>\n<tr>\n<td><a href=\"http:\/\/pope.esenf.pt\/intentcare\/?page_id=86&amp;lang=pt\">Anterior (denti\u00e7\u00e3o)<\/a><\/td>\n<td style=\"text-align: right;\"><a href=\"http:\/\/pope.esenf.pt\/intentcare\/?page_id=90&amp;lang=pt\">Seguinte (hidrata\u00e7\u00e3o)<\/a><\/td>\n<\/tr>\n<\/tbody>\n<\/table>\n<p><strong>\u00a0<\/strong><\/p>\n","protected":false},"excerpt":{"rendered":"<p>Os hidratos de carbono, prote\u00ednas, gorduras, fibras, vitaminas e minerais e a \u00e1gua existentes nos alimentos asseguram o bom funcionamento do organismo e fornecem energia necess\u00e1ria para a realiza\u00e7\u00e3o das v\u00e1rias atividades do dia-a-dia. Dependendo das doen\u00e7as que o seu familiar possui pode ser necess\u00e1rio adaptar a sua alimenta\u00e7\u00e3o tendo [&hellip;]<\/p>\n","protected":false},"author":1,"featured_media":0,"parent":39,"menu_order":3,"comment_status":"closed","ping_status":"closed","template":"","meta":{"spay_email":""},"jetpack_sharing_enabled":true,"jetpack_shortlink":"https:\/\/wp.me\/P8U6vi-1q","jetpack-related-posts":[{"id":86,"url":"http:\/\/pope.esenf.pt\/intentcare?page_id=86","url_meta":{"origin":88,"position":0},"title":"Denti\u00e7\u00e3o","date":"26 Julho, 2016","format":false,"excerpt":"A principal fun\u00e7\u00e3o dos dentes \u00e9 mastigar os alimentos. A l\u00edngua ajuda a envolver e guiar o alimento e influencia o paladar. Se o seu familiar tiver pr\u00f3tese dent\u00e1ria, esta deve estar segura e bem adaptada, sem causar dor ou desconforto. Esteja atento \u00e0 exist\u00eancia de feridas na boca, pois\u2026","rel":"","context":"Similar post","img":{"alt_text":"","src":"","width":0,"height":0},"classes":[]},{"id":39,"url":"http:\/\/pope.esenf.pt\/intentcare?page_id=39","url_meta":{"origin":88,"position":1},"title":"Alimentar Pessoa","date":"26 Julho, 2016","format":false,"excerpt":"Pretende-se responder \u00e0s quest\u00f5es: Como devo alimentar o meu familiar? Como posso prevenir e resolver as complica\u00e7\u00f5es que possam surgir? A informa\u00e7\u00e3o dispon\u00edvel \u00e9 um complemento das recomenda\u00e7\u00f5es dadas pelo seu enfermeiro. A alimenta\u00e7\u00e3o por via oral consiste em\u00a0levar e colocar alimentos s\u00f3lidos ou l\u00edquidos na boca. Quando o seu\u2026","rel":"","context":"Similar post","img":{"alt_text":"","src":"","width":0,"height":0},"classes":[]},{"id":94,"url":"http:\/\/pope.esenf.pt\/intentcare?page_id=94","url_meta":{"origin":88,"position":2},"title":"Altera\u00e7\u00e3o da degluti\u00e7\u00e3o","date":"26 Julho, 2016","format":false,"excerpt":"A disfagia \u00e9 uma altera\u00e7\u00e3o da capacidade de engolir e pode ter diversas origens. Pode ser resultante de doen\u00e7as que afetam o c\u00e9rebro (ex.: AVC, Alzheimer, Parkinson...), de altera\u00e7\u00f5es que afetem as estruturas envolvidas no ato de engolir, de altera\u00e7\u00f5es emocionais ou resultantes do pr\u00f3prio processo do envelhecimento (ex.: perda\u2026","rel":"","context":"Similar post","img":{"alt_text":"","src":"","width":0,"height":0},"classes":[]},{"id":673,"url":"http:\/\/pope.esenf.pt\/intentcare?page_id=673","url_meta":{"origin":88,"position":3},"title":"Alimentar atrav\u00e9s de sonda nasog\u00e1strica","date":"18 Maio, 2017","format":false,"excerpt":"1. Verifique a temperatura do alimento, colocando na parte interna do punho uma pequena quantidade. Alimentos muito quentes podem provocar queimaduras e muito frios desconforto. 2. Encha a seringa e adapte-a \u00e0 sonda nasog\u00e1strica. 3. Introduza o alimento lentamente, a refei\u00e7\u00e3o deve demorar cerca de 15 a 20 minutos. 4.\u2026","rel":"","context":"Similar post","img":{"alt_text":"","src":"","width":0,"height":0},"classes":[]},{"id":47,"url":"http:\/\/pope.esenf.pt\/intentcare?page_id=47","url_meta":{"origin":88,"position":4},"title":"Alimentar Pessoa - Introdu\u00e7\u00e3o","date":"26 Julho, 2016","format":false,"excerpt":"A alimenta\u00e7\u00e3o por via oral consiste em levar e colocar alimentos s\u00f3lidos ou l\u00edquidos na boca. Quando o seu familiar deixa de conseguir iniciar e finalizar sozinho esta tarefa, torna-se necess\u00e1ria a ajuda de algu\u00e9m para se alimentar. Desta forma, pretende-se que o seu familiar receba os nutrientes necess\u00e1rios ao\u2026","rel":"","context":"Similar post","img":{"alt_text":"","src":"","width":0,"height":0},"classes":[]},{"id":92,"url":"http:\/\/pope.esenf.pt\/intentcare?page_id=92","url_meta":{"origin":88,"position":5},"title":"Alimenta\u00e7\u00e3o pela boca","date":"26 Julho, 2016","format":false,"excerpt":"O momento da refei\u00e7\u00e3o deve ser calmo e agrad\u00e1vel, num espa\u00e7o limpo e longe de odores desagrad\u00e1veis e a apresenta\u00e7\u00e3o da refei\u00e7\u00e3o deve ter um aspeto agrad\u00e1vel. A temperatura dos alimentos deve ser adequada, de forma a evitar queimadura. Antes das refei\u00e7\u00f5es, pode e deve permitir e incentivar a lavagem\u2026","rel":"","context":"Similar post","img":{"alt_text":"","src":"","width":0,"height":0},"classes":[]}],"_links":{"self":[{"href":"http:\/\/pope.esenf.pt\/intentcare\/index.php?rest_route=\/wp\/v2\/pages\/88"}],"collection":[{"href":"http:\/\/pope.esenf.pt\/intentcare\/index.php?rest_route=\/wp\/v2\/pages"}],"about":[{"href":"http:\/\/pope.esenf.pt\/intentcare\/index.php?rest_route=\/wp\/v2\/types\/page"}],"author":[{"embeddable":true,"href":"http:\/\/pope.esenf.pt\/intentcare\/index.php?rest_route=\/wp\/v2\/users\/1"}],"replies":[{"embeddable":true,"href":"http:\/\/pope.esenf.pt\/intentcare\/index.php?rest_route=%2Fwp%2Fv2%2Fcomments&post=88"}],"version-history":[{"count":21,"href":"http:\/\/pope.esenf.pt\/intentcare\/index.php?rest_route=\/wp\/v2\/pages\/88\/revisions"}],"predecessor-version":[{"id":1877,"href":"http:\/\/pope.esenf.pt\/intentcare\/index.php?rest_route=\/wp\/v2\/pages\/88\/revisions\/1877"}],"up":[{"embeddable":true,"href":"http:\/\/pope.esenf.pt\/intentcare\/index.php?rest_route=\/wp\/v2\/pages\/39"}],"wp:attachment":[{"href":"http:\/\/pope.esenf.pt\/intentcare\/index.php?rest_route=%2Fwp%2Fv2%2Fmedia&parent=88"}],"curies":[{"name":"wp","href":"https:\/\/api.w.org\/{rel}","templated":true}]}}