{"id":86,"date":"2016-07-26T23:37:39","date_gmt":"2016-07-26T23:37:39","guid":{"rendered":"http:\/\/pope.esenf.pt\/intentcare\/?page_id=86"},"modified":"2019-06-02T18:42:16","modified_gmt":"2019-06-02T18:42:16","slug":"denticao","status":"publish","type":"page","link":"http:\/\/pope.esenf.pt\/intentcare?page_id=86","title":{"rendered":"Denti\u00e7\u00e3o"},"content":{"rendered":"<p><img data-attachment-id=\"195\" data-permalink=\"http:\/\/pope.esenf.pt\/intentcare?attachment_id=195\" data-orig-file=\"https:\/\/i1.wp.com\/pope.esenf.pt\/intentcare\/wp-content\/uploads\/2016\/07\/dentista_florianopolis_sc_odontoquality_idosos_escovando_dentes_saude.jpg?fit=1698%2C1131\" data-orig-size=\"1698,1131\" data-comments-opened=\"1\" data-image-meta=\"{&quot;aperture&quot;:&quot;5&quot;,&quot;credit&quot;:&quot;&quot;,&quot;camera&quot;:&quot;Canon EOS-1Ds Mark II&quot;,&quot;caption&quot;:&quot;Senior Couple In Bathroom Brushing Teeth&quot;,&quot;created_timestamp&quot;:&quot;1343147124&quot;,&quot;copyright&quot;:&quot;&quot;,&quot;focal_length&quot;:&quot;45&quot;,&quot;iso&quot;:&quot;400&quot;,&quot;shutter_speed&quot;:&quot;0.005&quot;,&quot;title&quot;:&quot;Senior Couple In Bathroom Brushing Teeth&quot;,&quot;orientation&quot;:&quot;0&quot;}\" data-image-title=\"Senior Couple In Bathroom Brushing Teeth\" data-image-description=\"\" data-medium-file=\"https:\/\/i1.wp.com\/pope.esenf.pt\/intentcare\/wp-content\/uploads\/2016\/07\/dentista_florianopolis_sc_odontoquality_idosos_escovando_dentes_saude.jpg?fit=300%2C200\" data-large-file=\"https:\/\/i1.wp.com\/pope.esenf.pt\/intentcare\/wp-content\/uploads\/2016\/07\/dentista_florianopolis_sc_odontoquality_idosos_escovando_dentes_saude.jpg?fit=750%2C500\" loading=\"lazy\" class=\"wp-image-195 size-thumbnail alignright\" src=\"https:\/\/i1.wp.com\/pope.esenf.pt\/intentcare\/wp-content\/uploads\/2016\/07\/dentista_florianopolis_sc_odontoquality_idosos_escovando_dentes_saude.jpg?resize=150%2C150\" width=\"150\" height=\"150\" srcset=\"https:\/\/i1.wp.com\/pope.esenf.pt\/intentcare\/wp-content\/uploads\/2016\/07\/dentista_florianopolis_sc_odontoquality_idosos_escovando_dentes_saude.jpg?resize=150%2C150 150w, https:\/\/i1.wp.com\/pope.esenf.pt\/intentcare\/wp-content\/uploads\/2016\/07\/dentista_florianopolis_sc_odontoquality_idosos_escovando_dentes_saude.jpg?zoom=2&amp;resize=150%2C150 300w, https:\/\/i1.wp.com\/pope.esenf.pt\/intentcare\/wp-content\/uploads\/2016\/07\/dentista_florianopolis_sc_odontoquality_idosos_escovando_dentes_saude.jpg?zoom=3&amp;resize=150%2C150 450w\" sizes=\"(max-width: 150px) 100vw, 150px\" data-recalc-dims=\"1\" \/><\/p>\n<p>A principal fun\u00e7\u00e3o dos dentes \u00e9 mastigar os alimentos. A l\u00edngua ajuda a envolver e guiar o alimento e influencia o paladar.<\/p>\n<p>Se o seu familiar tiver pr\u00f3tese dent\u00e1ria, esta deve estar segura e bem adaptada, sem causar dor ou desconforto. Esteja atento \u00e0 exist\u00eancia de feridas na boca, pois podem impedir ou tornar dolorosa a alimenta\u00e7\u00e3o.<\/p>\n<p>A coloca\u00e7\u00e3o da pr\u00f3tese durante o dia permite dar forma \u00e0 boca e facilita a mastiga\u00e7\u00e3o.<\/p>\n\n<div class=\"sp-wrap sp-wrap-default\">\n<div class=\"sp-head\" title=\"Expand\">\nHigiene da boca\n<\/div>\n<div class=\"sp-body folded\">\n<\/p>\n<p>\u00c9 fundamental uma boa higiene da boca do seu familiar ap\u00f3s as refei\u00e7\u00f5es (dentes, l\u00edngua e parte interna da boca), bem como da pr\u00f3tese dent\u00e1ria, caso utilize. Se necessitar da sua ajuda nesta tarefa, incentive-o a fazer movimentos em c\u00edrculos na face externa e interna dos dentes, movimento em vai-v\u00e9m na parte posterior (zona da mastiga\u00e7\u00e3o) e movimento \u00fanico de tr\u00e1s para a frente na l\u00edngua.<\/p>\n<p>\n<\/div>\n<\/div>\n\n<table>\n<tbody>\n<tr>\n<td><a href=\"http:\/\/pope.esenf.pt\/intentcare\/?page_id=47&amp;lang=pt\">Anterior (alimentar pessoa &#8211; introdu\u00e7\u00e3o)<\/a><\/td>\n<td style=\"text-align: right;\"><a href=\"http:\/\/pope.esenf.pt\/intentcare\/?page_id=88&amp;lang=pt\">Seguinte (necessidades nutricionais)<\/a><\/td>\n<\/tr>\n<\/tbody>\n<\/table>\n<p><strong>\u00a0<\/strong><\/p>\n","protected":false},"excerpt":{"rendered":"<p>A principal fun\u00e7\u00e3o dos dentes \u00e9 mastigar os alimentos. A l\u00edngua ajuda a envolver e guiar o alimento e influencia o paladar. Se o seu familiar tiver pr\u00f3tese dent\u00e1ria, esta deve estar segura e bem adaptada, sem causar dor ou desconforto. Esteja atento \u00e0 exist\u00eancia de feridas na boca, pois [&hellip;]<\/p>\n","protected":false},"author":1,"featured_media":0,"parent":39,"menu_order":2,"comment_status":"closed","ping_status":"closed","template":"","meta":{"spay_email":""},"jetpack_sharing_enabled":true,"jetpack_shortlink":"https:\/\/wp.me\/P8U6vi-1o","jetpack-related-posts":[{"id":92,"url":"http:\/\/pope.esenf.pt\/intentcare?page_id=92","url_meta":{"origin":86,"position":0},"title":"Alimenta\u00e7\u00e3o pela boca","date":"26 Julho, 2016","format":false,"excerpt":"O momento da refei\u00e7\u00e3o deve ser calmo e agrad\u00e1vel, num espa\u00e7o limpo e longe de odores desagrad\u00e1veis e a apresenta\u00e7\u00e3o da refei\u00e7\u00e3o deve ter um aspeto agrad\u00e1vel. A temperatura dos alimentos deve ser adequada, de forma a evitar queimadura. Antes das refei\u00e7\u00f5es, pode e deve permitir e incentivar a lavagem\u2026","rel":"","context":"Similar post","img":{"alt_text":"","src":"","width":0,"height":0},"classes":[]},{"id":94,"url":"http:\/\/pope.esenf.pt\/intentcare?page_id=94","url_meta":{"origin":86,"position":1},"title":"Altera\u00e7\u00e3o da degluti\u00e7\u00e3o","date":"26 Julho, 2016","format":false,"excerpt":"A disfagia \u00e9 uma altera\u00e7\u00e3o da capacidade de engolir e pode ter diversas origens. Pode ser resultante de doen\u00e7as que afetam o c\u00e9rebro (ex.: AVC, Alzheimer, Parkinson...), de altera\u00e7\u00f5es que afetem as estruturas envolvidas no ato de engolir, de altera\u00e7\u00f5es emocionais ou resultantes do pr\u00f3prio processo do envelhecimento (ex.: perda\u2026","rel":"","context":"Similar post","img":{"alt_text":"","src":"","width":0,"height":0},"classes":[]},{"id":1446,"url":"http:\/\/pope.esenf.pt\/intentcare?page_id=1446","url_meta":{"origin":86,"position":2},"title":"Lavar a boca","date":"8 Junho, 2018","format":false,"excerpt":"http:\/\/pope.esenf.pt\/intentcare\/wp-content\/uploads\/2018\/06\/boca_pd_inf.mp4 Lavar a boca pessoa que n\u00e3o ajuda: 1. Elevar a cama com a pessoa de costas ou sem elevar a cama virar a cabe\u00e7a para o lado. 2. Colocar a toalha sobre o peito 3. Colocar uma ta\u00e7a sob o queixo da pessoa (se necess\u00e1rio). 4. Puxar o queixo\u2026","rel":"","context":"Similar post","img":{"alt_text":"","src":"","width":0,"height":0},"classes":[]},{"id":47,"url":"http:\/\/pope.esenf.pt\/intentcare?page_id=47","url_meta":{"origin":86,"position":3},"title":"Alimentar Pessoa - Introdu\u00e7\u00e3o","date":"26 Julho, 2016","format":false,"excerpt":"A alimenta\u00e7\u00e3o por via oral consiste em levar e colocar alimentos s\u00f3lidos ou l\u00edquidos na boca. Quando o seu familiar deixa de conseguir iniciar e finalizar sozinho esta tarefa, torna-se necess\u00e1ria a ajuda de algu\u00e9m para se alimentar. Desta forma, pretende-se que o seu familiar receba os nutrientes necess\u00e1rios ao\u2026","rel":"","context":"Similar post","img":{"alt_text":"","src":"","width":0,"height":0},"classes":[]},{"id":39,"url":"http:\/\/pope.esenf.pt\/intentcare?page_id=39","url_meta":{"origin":86,"position":4},"title":"Alimentar Pessoa","date":"26 Julho, 2016","format":false,"excerpt":"Pretende-se responder \u00e0s quest\u00f5es: Como devo alimentar o meu familiar? Como posso prevenir e resolver as complica\u00e7\u00f5es que possam surgir? A informa\u00e7\u00e3o dispon\u00edvel \u00e9 um complemento das recomenda\u00e7\u00f5es dadas pelo seu enfermeiro. A alimenta\u00e7\u00e3o por via oral consiste em\u00a0levar e colocar alimentos s\u00f3lidos ou l\u00edquidos na boca. Quando o seu\u2026","rel":"","context":"Similar post","img":{"alt_text":"","src":"","width":0,"height":0},"classes":[]},{"id":1613,"url":"http:\/\/pope.esenf.pt\/intentcare?page_id=1613","url_meta":{"origin":86,"position":5},"title":"Administra\u00e7\u00e3o oral (pela boca)","date":"28 Mar\u00e7o, 2019","format":false,"excerpt":"Existem diferentes apresenta\u00e7\u00f5es de medicamentos a serem administrados por via oral, como, comprimidos, comprimidos efervescentes, c\u00e1psulas, drageias, xaropes, solu\u00e7\u00f5es, suspens\u00f5es, gotas, p\u00f3s e granulados. Existem medicamentos que n\u00e3o devem ser engolidos, como os sublinguais (que devem permanecer debaixo da l\u00edngua), ou orodispers\u00edveis, que devem ser dissolvidos na boca. Os medicamentos\u2026","rel":"","context":"Similar post","img":{"alt_text":"","src":"","width":0,"height":0},"classes":[]}],"_links":{"self":[{"href":"http:\/\/pope.esenf.pt\/intentcare\/index.php?rest_route=\/wp\/v2\/pages\/86"}],"collection":[{"href":"http:\/\/pope.esenf.pt\/intentcare\/index.php?rest_route=\/wp\/v2\/pages"}],"about":[{"href":"http:\/\/pope.esenf.pt\/intentcare\/index.php?rest_route=\/wp\/v2\/types\/page"}],"author":[{"embeddable":true,"href":"http:\/\/pope.esenf.pt\/intentcare\/index.php?rest_route=\/wp\/v2\/users\/1"}],"replies":[{"embeddable":true,"href":"http:\/\/pope.esenf.pt\/intentcare\/index.php?rest_route=%2Fwp%2Fv2%2Fcomments&post=86"}],"version-history":[{"count":18,"href":"http:\/\/pope.esenf.pt\/intentcare\/index.php?rest_route=\/wp\/v2\/pages\/86\/revisions"}],"predecessor-version":[{"id":1875,"href":"http:\/\/pope.esenf.pt\/intentcare\/index.php?rest_route=\/wp\/v2\/pages\/86\/revisions\/1875"}],"up":[{"embeddable":true,"href":"http:\/\/pope.esenf.pt\/intentcare\/index.php?rest_route=\/wp\/v2\/pages\/39"}],"wp:attachment":[{"href":"http:\/\/pope.esenf.pt\/intentcare\/index.php?rest_route=%2Fwp%2Fv2%2Fmedia&parent=86"}],"curies":[{"name":"wp","href":"https:\/\/api.w.org\/{rel}","templated":true}]}}