{"id":767,"date":"2017-07-02T16:50:36","date_gmt":"2017-07-02T16:50:36","guid":{"rendered":"http:\/\/pope.esenf.pt\/intentcare\/?page_id=767"},"modified":"2019-06-02T18:27:51","modified_gmt":"2019-06-02T18:27:51","slug":"cuidados-a-ter-na-manutencao-da-sonda","status":"publish","type":"page","link":"http:\/\/pope.esenf.pt\/intentcare?page_id=767","title":{"rendered":"Cuidados na manuten\u00e7\u00e3o da sonda"},"content":{"rendered":"<p><b>Lavagem <\/b><b>da <\/b><b>boca\u00a0<\/b>com vista a manter uma higiene adequada deve-se lavar a boca ap\u00f3s as refei\u00e7\u00f5es e sempre que necess\u00e1rio.<\/p>\n<p><b>Trocar <\/b><b>adesivo da <\/b><b>sonda:\u00a0<\/b>1) troque diariamente o adesivo que fixa a sonda. Primeiro retire o adesivo da sonda e em seguida do nariz. Cuidado para n\u00e3o deslocar a sonda; 2) limpe a pele com \u00e1gua e sab\u00e3o e seque. Para retirar a cola da sonda pode utilizar \u00e1lcool a 96%; 3) use adesivo hipoal\u00e9rgico para fixar a sonda. Evite a press\u00e3o das narinas. Limpe os orif\u00edcios do nariz; 4) a troca da sonda \u00e9 feita pelo enfermeiro com uma regularidade que depende do seu material.<\/p>\n<table>\n<tbody>\n<tr>\n<td><a href=\"http:\/\/pope.esenf.pt\/intentcare\/?page_id=675&amp;lang=pt\">Anterior (complica\u00e7\u00f5es e recomenda\u00e7\u00f5es)<\/a><\/td>\n<td style=\"text-align: right;\"><a href=\"http:\/\/pope.esenf.pt\/intentcare\/?page_id=769&amp;lang=pt\">Seguinte (dar comprimidos atrav\u00e9s de SNG)<\/a><\/td>\n<\/tr>\n<\/tbody>\n<\/table>\n<p><strong>\u00a0<\/strong><\/p>\n","protected":false},"excerpt":{"rendered":"<p>Lavagem da boca\u00a0com vista a manter uma higiene adequada deve-se lavar a boca ap\u00f3s as refei\u00e7\u00f5es e sempre que necess\u00e1rio. Trocar adesivo da sonda:\u00a01) troque diariamente o adesivo que fixa a sonda. Primeiro retire o adesivo da sonda e em seguida do nariz. Cuidado para n\u00e3o deslocar a sonda; 2) [&hellip;]<\/p>\n","protected":false},"author":1,"featured_media":0,"parent":658,"menu_order":8,"comment_status":"closed","ping_status":"closed","template":"","meta":{"spay_email":""},"jetpack_sharing_enabled":true,"jetpack_shortlink":"https:\/\/wp.me\/P8U6vi-cn","jetpack-related-posts":[{"id":786,"url":"http:\/\/pope.esenf.pt\/intentcare?page_id=786","url_meta":{"origin":767,"position":0},"title":"Material para alimentar pessoa SNG","date":"3 Julho, 2017","format":false,"excerpt":"Bem vindo Em seguida poder\u00e1 observar algumas imagens relativas ao tema alimenta\u00e7\u00e3o atrav\u00e9s de sonda nasog\u00e1strica Equipamento \u00a0 Sonda nasog\u00e1strica Seringa de alimenta\u00e7\u00e3o Clampe Adesivo para colocar no nariz Resguardo Medicamento triturado Medicamento dilu\u00eddo\u00a0 na \u00e1gua Material necess\u00e1rio para preparar a alimenta\u00e7\u00e3o Imagens de procedimento \u00a0 Clampagem da sonda e\u2026","rel":"","context":"Similar post","img":{"alt_text":"","src":"https:\/\/i0.wp.com\/pope.esenf.pt\/intentcare\/wp-content\/uploads\/2017\/04\/sng-1.png?resize=350%2C200","width":350,"height":200},"classes":[]},{"id":667,"url":"http:\/\/pope.esenf.pt\/intentcare?page_id=667","url_meta":{"origin":767,"position":1},"title":"Verificar se sonda est\u00e1 no est\u00f4mago","date":"18 Maio, 2017","format":false,"excerpt":"1. Lave as m\u00e3os. 2. Certifique-se que a sonda n\u00e3o est\u00e1 na boca. 3. Feche\u00a0 a sonda nasog\u00e1strica, dobrando-a na extremidade. 4. Retire a tampa. 5. Introduzir cerca de 20 ml de ar atrav\u00e9s da sonda, colocando ao mesmo tempo a m\u00e3o na regi\u00e3o do est\u00f4mago\u00a0 e verificar se sente\u2026","rel":"","context":"Similar post","img":{"alt_text":"","src":"","width":0,"height":0},"classes":[]},{"id":769,"url":"http:\/\/pope.esenf.pt\/intentcare?page_id=769","url_meta":{"origin":767,"position":2},"title":"Dar comprimidos atrav\u00e9s da sonda nasog\u00e1strica","date":"2 Julho, 2017","format":false,"excerpt":"1. Lave as m\u00e3os. 2. Coloque \u00e1gua no copo. 3. Abra os comprimidos e esmague-os no almofariz e adicione \u00e1gua. 4. Aspire o conte\u00fado para a seringa. 5. Retire o ar existente na seringa. 6. Antes de dar o medicamento deve verificar se a sonda est\u00e1 no est\u00f4mago. 7. Depois\u2026","rel":"","context":"Similar post","img":{"alt_text":"","src":"","width":0,"height":0},"classes":[]},{"id":771,"url":"http:\/\/pope.esenf.pt\/intentcare?page_id=771","url_meta":{"origin":767,"position":3},"title":"Dar xarope atrav\u00e9s da sonda nasog\u00e1strica","date":"2 Julho, 2017","format":false,"excerpt":"1. Lave as m\u00e3os. 2. Coloque \u00e1gua no copo. 3. Agite o xarope. 4. Coloque na colher medida o xarope pretendido. 5. Coloque no copo e mexa. 5. Aspire o conte\u00fado do medicamento para a seringa. 6. Retire o ar existente na seringa. 7. Antes de dar o medicamento deve\u2026","rel":"","context":"Similar post","img":{"alt_text":"","src":"","width":0,"height":0},"classes":[]},{"id":673,"url":"http:\/\/pope.esenf.pt\/intentcare?page_id=673","url_meta":{"origin":767,"position":4},"title":"Alimentar atrav\u00e9s de sonda nasog\u00e1strica","date":"18 Maio, 2017","format":false,"excerpt":"1. Verifique a temperatura do alimento, colocando na parte interna do punho uma pequena quantidade. Alimentos muito quentes podem provocar queimaduras e muito frios desconforto. 2. Encha a seringa e adapte-a \u00e0 sonda nasog\u00e1strica. 3. Introduza o alimento lentamente, a refei\u00e7\u00e3o deve demorar cerca de 15 a 20 minutos. 4.\u2026","rel":"","context":"Similar post","img":{"alt_text":"","src":"","width":0,"height":0},"classes":[]},{"id":658,"url":"http:\/\/pope.esenf.pt\/intentcare?page_id=658","url_meta":{"origin":767,"position":5},"title":"Alimenta\u00e7\u00e3o atrav\u00e9s de sonda nasog\u00e1strica","date":"18 Maio, 2017","format":false,"excerpt":"Alimenta\u00e7\u00e3o atrav\u00e9s de sonda naso g\u00e1strica Pretende-se responder \u00e0s quest\u00f5es: Como devo alimentar o meu familiar? Como prevenir e tratar complica\u00e7\u00f5es? A informa\u00e7\u00e3o dispon\u00edvel \u00e9 um complemento das recomenda\u00e7\u00f5es dadas pelo enfermeiro. A alimenta\u00e7\u00e3o por sonda est\u00e1 indicada quando a pessoa n\u00e3o se pode alimentar pela boca, n\u00e3o consegue comer,\u2026","rel":"","context":"Similar post","img":{"alt_text":"","src":"","width":0,"height":0},"classes":[]}],"_links":{"self":[{"href":"http:\/\/pope.esenf.pt\/intentcare\/index.php?rest_route=\/wp\/v2\/pages\/767"}],"collection":[{"href":"http:\/\/pope.esenf.pt\/intentcare\/index.php?rest_route=\/wp\/v2\/pages"}],"about":[{"href":"http:\/\/pope.esenf.pt\/intentcare\/index.php?rest_route=\/wp\/v2\/types\/page"}],"author":[{"embeddable":true,"href":"http:\/\/pope.esenf.pt\/intentcare\/index.php?rest_route=\/wp\/v2\/users\/1"}],"replies":[{"embeddable":true,"href":"http:\/\/pope.esenf.pt\/intentcare\/index.php?rest_route=%2Fwp%2Fv2%2Fcomments&post=767"}],"version-history":[{"count":7,"href":"http:\/\/pope.esenf.pt\/intentcare\/index.php?rest_route=\/wp\/v2\/pages\/767\/revisions"}],"predecessor-version":[{"id":1862,"href":"http:\/\/pope.esenf.pt\/intentcare\/index.php?rest_route=\/wp\/v2\/pages\/767\/revisions\/1862"}],"up":[{"embeddable":true,"href":"http:\/\/pope.esenf.pt\/intentcare\/index.php?rest_route=\/wp\/v2\/pages\/658"}],"wp:attachment":[{"href":"http:\/\/pope.esenf.pt\/intentcare\/index.php?rest_route=%2Fwp%2Fv2%2Fmedia&parent=767"}],"curies":[{"name":"wp","href":"https:\/\/api.w.org\/{rel}","templated":true}]}}