{"id":764,"date":"2017-07-02T16:43:39","date_gmt":"2017-07-02T16:43:39","guid":{"rendered":"http:\/\/pope.esenf.pt\/intentcare\/?page_id=764"},"modified":"2019-06-02T21:07:33","modified_gmt":"2019-06-02T21:07:33","slug":"demonstracao-cuidadores","status":"publish","type":"page","link":"http:\/\/pope.esenf.pt\/intentcare?page_id=764","title":{"rendered":"Demonstra\u00e7\u00e3o cuidadores"},"content":{"rendered":"<div style=\"width: 750px;\" class=\"wp-video\"><!--[if lt IE 9]><script>document.createElement('video');<\/script><![endif]-->\n<video class=\"wp-video-shortcode\" id=\"video-764-1\" width=\"750\" height=\"422\" preload=\"metadata\" controls=\"controls\"><source type=\"video\/x-flv\" src=\"http:\/\/pope.esenf.pt\/intentcare\/wp-content\/uploads\/2017\/04\/video15_cuidadora-vira-familiar-para-o-lado-direito.flv?_=1\" \/><a href=\"http:\/\/pope.esenf.pt\/intentcare\/wp-content\/uploads\/2017\/04\/video15_cuidadora-vira-familiar-para-o-lado-direito.flv\">http:\/\/pope.esenf.pt\/intentcare\/wp-content\/uploads\/2017\/04\/video15_cuidadora-vira-familiar-para-o-lado-direito.flv<\/a><\/video><\/div>\n<table>\n<tbody>\n<tr>\n<td><a href=\"http:\/\/pope.esenf.pt\/intentcare\/?page_id=746&amp;lang=pt\">Anterior (seguran\u00e7a do cuidador)<\/a><\/td>\n<td style=\"text-align: right;\"><a href=\"http:\/\/pope.esenf.pt\/intentcare\/?page_id=6&amp;lang=pt\">Temas<\/a><\/td>\n<\/tr>\n<\/tbody>\n<\/table>\n<div class=\"mejs-layers\"><\/div>\n<div style=\"text-align: right;\"><\/div>\n<p style=\"text-align: right;\">\n","protected":false},"excerpt":{"rendered":"<p>Anterior (seguran\u00e7a do cuidador) Temas<\/p>\n","protected":false},"author":1,"featured_media":0,"parent":25,"menu_order":6,"comment_status":"closed","ping_status":"closed","template":"","meta":{"spay_email":""},"jetpack_sharing_enabled":true,"jetpack_shortlink":"https:\/\/wp.me\/P8U6vi-ck","jetpack-related-posts":[{"id":752,"url":"http:\/\/pope.esenf.pt\/intentcare?page_id=752","url_meta":{"origin":764,"position":0},"title":"Demonstra\u00e7\u00e3o de cuidadores","date":"2 Julho, 2017","format":false,"excerpt":"Anterior (preven\u00e7\u00e3o de \u00falceras e quedas) Temas \u00a0 \u00a0 \u00a0 \u00a0 \u00a0 \u00a0 \u00a0 \u00a0 \u00a0 \u00a0 \u00a0 \u00a0 \u00a0 \u00a0 \u00a0 \u00a0 \u00a0 \u00a0 \u00a0 \u00a0 \u00a0 \u00a0 \u00a0 \u00a0 \u00a0 \u00a0 \u00a0 \u00a0 \u00a0 \u00a0 \u00a0 \u00a0 \u00a0 \u00a0 \u00a0 \u00a0 \u00a0 \u00a0 \u00a0 \u00a0 \u00a0 \u00a0 \u00a0\u2026","rel":"","context":"Similar post","img":{"alt_text":"","src":"","width":0,"height":0},"classes":[]},{"id":783,"url":"http:\/\/pope.esenf.pt\/intentcare?page_id=783","url_meta":{"origin":764,"position":1},"title":"Material para transferir a pessoa","date":"3 Julho, 2017","format":false,"excerpt":"Bem vindo Em seguida poder\u00e1 observar algumas imagens relativas ao tema Transferir a Pessoa. Equipamentos T\u00e1bua de transfer\u00eancia Disco de transfer\u00eancia Disco de transfer\u00eancia \u00a0 Cinto de transfer\u00eancia Cinto de transfer\u00eancia Cinto de transfer\u00eancia \u00a0 Cama articulada Cama articulada Cadeira de rodas Imagens de procedimento \u00a0 Posi\u00e7\u00e3o que o cuidador\u2026","rel":"","context":"Similar post","img":{"alt_text":"","src":"https:\/\/i0.wp.com\/pope.esenf.pt\/intentcare\/wp-content\/uploads\/2017\/04\/esep-30-300x200-300x200.jpg?resize=350%2C200","width":350,"height":200},"classes":[]},{"id":754,"url":"http:\/\/pope.esenf.pt\/intentcare?page_id=754","url_meta":{"origin":764,"position":2},"title":"Seguran\u00e7a  do cuidador","date":"2 Julho, 2017","format":false,"excerpt":"Para reduzir o risco de les\u00e3o muscular, enquanto movimenta e posiciona o seu familiar \u00e9 importante que mantenha o equil\u00edbrio, a postura e o alinhamento (mec\u00e2nica corporal) devendo ter em aten\u00e7\u00e3o as seguintes indica\u00e7\u00f5es: 1. Caso tenha cama articulada, quando tem que posicionar o seu familiar deve elev\u00e1-la \u00e0 altura\u2026","rel":"","context":"Similar post","img":{"alt_text":"","src":"","width":0,"height":0},"classes":[]},{"id":3053,"url":"http:\/\/pope.esenf.pt\/intentcare?page_id=3053","url_meta":{"origin":764,"position":3},"title":"Intent-Care4COVID","date":"22 Julho, 2020","format":false,"excerpt":"Intent-Care4COVID Curso online para ajudar os cuidadores informais a prevenir a transmiss\u00e3o no domicilio Na atual situa\u00e7\u00e3o de pandemia COVID-19, os cuidadores carecem de maior informa\u00e7\u00e3o sobre como cuidar das pessoas mais vulner\u00e1veis em contexto domicili\u00e1rio, pelo que este projeto pretende desenvolver um MOOC que os capacite a prestar melhores\u2026","rel":"","context":"Similar post","img":{"alt_text":"","src":"","width":0,"height":0},"classes":[]},{"id":50,"url":"http:\/\/pope.esenf.pt\/intentcare?page_id=50","url_meta":{"origin":764,"position":4},"title":"Sobre N\u00f3s","date":"26 Julho, 2016","format":false,"excerpt":"Nos \u00faltimos anos, as altera\u00e7\u00f5es demogr\u00e1ficas e o envelhecimento da popula\u00e7\u00e3o t\u00eam levado a mudan\u00e7as dos paradigmas pol\u00edticos, incluindo a privatiza\u00e7\u00e3o de setores da sa\u00fade, o refor\u00e7o do apoio domicili\u00e1rio e o recurso cada vez maior a ferramentas das tecnologias da informa\u00e7\u00e3o e comunica\u00e7\u00e3o. O cen\u00e1rio atual aponta para um\u2026","rel":"","context":"Similar post","img":{"alt_text":"","src":"","width":0,"height":0},"classes":[]},{"id":746,"url":"http:\/\/pope.esenf.pt\/intentcare?page_id=746","url_meta":{"origin":764,"position":5},"title":"Seguran\u00e7a do cuidador","date":"2 Julho, 2017","format":false,"excerpt":"Para reduzir o risco de les\u00e3o muscular, enquanto movimenta e transfere o seu familiar \u00e9 importante que mantenha o equil\u00edbrio, a postura e o alinhamento (mec\u00e2nica corporal) devendo ter em aten\u00e7\u00e3o as seguintes indica\u00e7\u00f5es: 1. Caso tenha cama articulada, quando tem que transferir o seu familiar deve elev\u00e1-la \u00e0 altura\u2026","rel":"","context":"Similar post","img":{"alt_text":"","src":"","width":0,"height":0},"classes":[]}],"_links":{"self":[{"href":"http:\/\/pope.esenf.pt\/intentcare\/index.php?rest_route=\/wp\/v2\/pages\/764"}],"collection":[{"href":"http:\/\/pope.esenf.pt\/intentcare\/index.php?rest_route=\/wp\/v2\/pages"}],"about":[{"href":"http:\/\/pope.esenf.pt\/intentcare\/index.php?rest_route=\/wp\/v2\/types\/page"}],"author":[{"embeddable":true,"href":"http:\/\/pope.esenf.pt\/intentcare\/index.php?rest_route=\/wp\/v2\/users\/1"}],"replies":[{"embeddable":true,"href":"http:\/\/pope.esenf.pt\/intentcare\/index.php?rest_route=%2Fwp%2Fv2%2Fcomments&post=764"}],"version-history":[{"count":10,"href":"http:\/\/pope.esenf.pt\/intentcare\/index.php?rest_route=\/wp\/v2\/pages\/764\/revisions"}],"predecessor-version":[{"id":1928,"href":"http:\/\/pope.esenf.pt\/intentcare\/index.php?rest_route=\/wp\/v2\/pages\/764\/revisions\/1928"}],"up":[{"embeddable":true,"href":"http:\/\/pope.esenf.pt\/intentcare\/index.php?rest_route=\/wp\/v2\/pages\/25"}],"wp:attachment":[{"href":"http:\/\/pope.esenf.pt\/intentcare\/index.php?rest_route=%2Fwp%2Fv2%2Fmedia&parent=764"}],"curies":[{"name":"wp","href":"https:\/\/api.w.org\/{rel}","templated":true}]}}