{"id":760,"date":"2017-07-02T16:38:24","date_gmt":"2017-07-02T16:38:24","guid":{"rendered":"http:\/\/pope.esenf.pt\/intentcare\/?page_id=760"},"modified":"2019-06-02T21:03:50","modified_gmt":"2019-06-02T21:03:50","slug":"prevencao-de-ulceras-de-pressao","status":"publish","type":"page","link":"http:\/\/pope.esenf.pt\/intentcare?page_id=760","title":{"rendered":"Preven\u00e7\u00e3o  de \u00falceras de press\u00e3o"},"content":{"rendered":"<p>1. As \u00falceras de press\u00e3o surgem quando a pessoa fica muito tempo na mesma posi\u00e7\u00e3o, devendo-se \u00e0 diminui\u00e7\u00e3o da circula\u00e7\u00e3o nas zonas que ficam pressionadas.<\/p>\n<p>2. Estas podem aparecer nos locais de maior press\u00e3o como: calcanhar, mal\u00e9olos, regi\u00e3o sagrada, cotovelo, cabe\u00e7a e l\u00f3bulo da orelha.<\/p>\n<p>3. Mude a posi\u00e7\u00e3o do familiar de 2 em 2 horas.<\/p>\n<p>4. Se a condi\u00e7\u00e3o do seu familiar permitir poder\u00e1 alargar a frequ\u00eancia at\u00e9 3h.<\/p>\n<p>5. Mantenha a roupa da cama bem esticada, uma vez que as pregas e dobras da roupa podem ferir a pele.<\/p>\n<p>6. Deve virar o seu familiar com cuidado para evitar fric\u00e7\u00e3o no len\u00e7ol ou cadeir\u00e3o.<\/p>\n<p>7. Mesmo com colch\u00f5es ou almofadas anti-escaras, que ajudam a proteger as zonas do corpo onde os ossos s\u00e3o mais salientes, deve mudar o seu familiar de posi\u00e7\u00e3o regularmente.<\/p>\n<p>8. Ao dar banho evite esfregar a pele com for\u00e7a.<\/p>\n<p>9. Massaje a pele com creme, ap\u00f3s o banho, uma vez que a hidrata\u00e7\u00e3o funciona como barreira protectora e a massagem melhora a circula\u00e7\u00e3o.<\/p>\n<p>10. Mantenha a pele limpa e seca, pois a humidade favorece o aparecimento das \u00falceras de press\u00e3o.<\/p>\n<p>11. Se o seu familiar usar fralda esta deve ser mudada sempre que estiver suja.<\/p>\n<p>12. Deve dar l\u00edquidos em pequenas quantidades ao seu familiar mesmo que ele n\u00e3o refira sede, para evitar a desidrata\u00e7\u00e3o.<\/p>\n<p>13. Se o seu familiar apresenta uma zona avermelhada, contacte o enfermeiro e evite posiciona-lo para esse lado.<\/p>\n<p>14. \u00c9 importante que o seu familiar fa\u00e7a refei\u00e7\u00f5es di\u00e1rias com carne, peixe, ovo e lactic\u00ednios (prote\u00ednas), porque contribui para prevenir o aparecimento de \u00falceras.<\/p>\n<p>15. Por vezes os suplementos nutricionais podem ser necess\u00e1rios.<\/p>\n<div style=\"width: 640px;\" class=\"wp-video\"><!--[if lt IE 9]><script>document.createElement('video');<\/script><![endif]-->\n<video class=\"wp-video-shortcode\" id=\"video-760-1\" width=\"640\" height=\"480\" preload=\"metadata\" controls=\"controls\"><source type=\"video\/x-flv\" src=\"http:\/\/pope.esenf.pt\/intentcare\/wp-content\/uploads\/2017\/04\/HV.flv?_=1\" \/><a href=\"http:\/\/pope.esenf.pt\/intentcare\/wp-content\/uploads\/2017\/04\/HV.flv\">http:\/\/pope.esenf.pt\/intentcare\/wp-content\/uploads\/2017\/04\/HV.flv<\/a><\/video><\/div>\n<p>Filme cedido pela \u00a0Universidade de S\u00e3o Paulo<\/p>\n<table>\n<tbody>\n<tr>\n<td><a href=\"http:\/\/pope.esenf.pt\/intentcare\/?page_id=280&amp;lang=pt\">Anterior (pessoa semi deitada para a direita)<\/a><\/td>\n<td style=\"text-align: right;\"><a href=\"http:\/\/pope.esenf.pt\/intentcare\/?page_id=754&amp;lang=pt\">Seguinte (seguran\u00e7a do cuidador)<\/a><\/td>\n<\/tr>\n<\/tbody>\n<\/table>\n","protected":false},"excerpt":{"rendered":"<p>1. As \u00falceras de press\u00e3o surgem quando a pessoa fica muito tempo na mesma posi\u00e7\u00e3o, devendo-se \u00e0 diminui\u00e7\u00e3o da circula\u00e7\u00e3o nas zonas que ficam pressionadas. 2. Estas podem aparecer nos locais de maior press\u00e3o como: calcanhar, mal\u00e9olos, regi\u00e3o sagrada, cotovelo, cabe\u00e7a e l\u00f3bulo da orelha. 3. Mude a posi\u00e7\u00e3o do [&hellip;]<\/p>\n","protected":false},"author":1,"featured_media":0,"parent":25,"menu_order":4,"comment_status":"closed","ping_status":"closed","template":"","meta":{"spay_email":""},"jetpack_sharing_enabled":true,"jetpack_shortlink":"https:\/\/wp.me\/P8U6vi-cg","jetpack-related-posts":[{"id":25,"url":"http:\/\/pope.esenf.pt\/intentcare?page_id=25","url_meta":{"origin":760,"position":0},"title":"Posicionar  Pessoa","date":"11 Maio, 2016","format":false,"excerpt":"Pretende-se responder \u00e0s quest\u00f5es: Com que frequ\u00eancia devo virar o meu familiar na cama? Como devo virar o familiar na cama? Como detectar sinais precoces \u00falcera de press\u00e3o? A informa\u00e7\u00e3o dispon\u00edvel \u00e9 um complemento das recomenda\u00e7\u00f5es dadas pelo seu enfermeiro. Posicionar consiste em colocar a pessoa numa determinada posi\u00e7\u00e3o. As\u2026","rel":"","context":"Similar post","img":{"alt_text":"","src":"","width":0,"height":0},"classes":[]},{"id":754,"url":"http:\/\/pope.esenf.pt\/intentcare?page_id=754","url_meta":{"origin":760,"position":1},"title":"Seguran\u00e7a  do cuidador","date":"2 Julho, 2017","format":false,"excerpt":"Para reduzir o risco de les\u00e3o muscular, enquanto movimenta e posiciona o seu familiar \u00e9 importante que mantenha o equil\u00edbrio, a postura e o alinhamento (mec\u00e2nica corporal) devendo ter em aten\u00e7\u00e3o as seguintes indica\u00e7\u00f5es: 1. Caso tenha cama articulada, quando tem que posicionar o seu familiar deve elev\u00e1-la \u00e0 altura\u2026","rel":"","context":"Similar post","img":{"alt_text":"","src":"","width":0,"height":0},"classes":[]},{"id":1439,"url":"http:\/\/pope.esenf.pt\/intentcare?page_id=1439","url_meta":{"origin":760,"position":2},"title":"Dar Banho","date":"8 Junho, 2018","format":false,"excerpt":"Pretende-se responder \u00e0s quest\u00f5es: Como devo dar banho ao meu familiar? Como devo lavar a boca ao meu familiar? Como devo lavar o cabelo ao meu familiar? Como devo lavar o per\u00edneo ao meu familiar? A informa\u00e7\u00e3o dispon\u00edvel \u00e9 um complemento das recomenda\u00e7\u00f5es dadas pelo enfermeiro. Etapas do procedimento comuns\u2026","rel":"","context":"Similar post","img":{"alt_text":"","src":"","width":0,"height":0},"classes":[]},{"id":257,"url":"http:\/\/pope.esenf.pt\/intentcare?page_id=257","url_meta":{"origin":760,"position":3},"title":"Pessoa deitada de costas","date":"15 Setembro, 2016","format":false,"excerpt":"1. Posicione o seu familiar de costas, mantendo o corpo alinhado. 2. Se tiver cama articulada coloque-a na posi\u00e7\u00e3o horizontal. 3. Coloque uma almofada\u00a0 a apoiar o pesco\u00e7o e a cabe\u00e7a. 4. Coloque almofadas nos antebra\u00e7os e m\u00e3os com os bra\u00e7os paralelos ao corpo,\u00a0 com a palma da m\u00e3o virada\u2026","rel":"","context":"Similar post","img":{"alt_text":"","src":"https:\/\/i1.wp.com\/pope.esenf.pt\/intentcare\/wp-content\/uploads\/2017\/04\/alinhamento-corporal-300x251.png?resize=350%2C200","width":350,"height":200},"classes":[]},{"id":748,"url":"http:\/\/pope.esenf.pt\/intentcare?page_id=748","url_meta":{"origin":760,"position":4},"title":"Preven\u00e7\u00e3o de \u00falceras e quedas","date":"2 Julho, 2017","format":false,"excerpt":"Se o seu familiar permanece grande parte do tempo na cadeira ou no cadeir\u00e3o, incentive a aliviar o peso do corpo a cada 2 horas. Utilize as seguintes indica\u00e7\u00f5es: 1) com as m\u00e3os apoiadas nos bra\u00e7os da cadeira fazer for\u00e7a e elevar o corpo por segundos; 2) em alternativa apoiar\u2026","rel":"","context":"Similar post","img":{"alt_text":"","src":"","width":0,"height":0},"classes":[]},{"id":732,"url":"http:\/\/pope.esenf.pt\/intentcare?page_id=732","url_meta":{"origin":760,"position":5},"title":"Transferir cama-cadeira: familiar consegue ajudar","date":"30 Junho, 2017","format":false,"excerpt":"1. Coloque a cadeira paralela \u00e0 cama e trave as rodas da cadeira e da cama. 2. Ajude o seu familiar a sentar-se na beira da cama o mais pr\u00f3ximo da cadeira. O movimento de se sentar na cama \u00e9 facilitado se ele antes se colocar numa posi\u00e7\u00e3o lateral elevando\u2026","rel":"","context":"Similar post","img":{"alt_text":"","src":"","width":0,"height":0},"classes":[]}],"_links":{"self":[{"href":"http:\/\/pope.esenf.pt\/intentcare\/index.php?rest_route=\/wp\/v2\/pages\/760"}],"collection":[{"href":"http:\/\/pope.esenf.pt\/intentcare\/index.php?rest_route=\/wp\/v2\/pages"}],"about":[{"href":"http:\/\/pope.esenf.pt\/intentcare\/index.php?rest_route=\/wp\/v2\/types\/page"}],"author":[{"embeddable":true,"href":"http:\/\/pope.esenf.pt\/intentcare\/index.php?rest_route=\/wp\/v2\/users\/1"}],"replies":[{"embeddable":true,"href":"http:\/\/pope.esenf.pt\/intentcare\/index.php?rest_route=%2Fwp%2Fv2%2Fcomments&post=760"}],"version-history":[{"count":10,"href":"http:\/\/pope.esenf.pt\/intentcare\/index.php?rest_route=\/wp\/v2\/pages\/760\/revisions"}],"predecessor-version":[{"id":1924,"href":"http:\/\/pope.esenf.pt\/intentcare\/index.php?rest_route=\/wp\/v2\/pages\/760\/revisions\/1924"}],"up":[{"embeddable":true,"href":"http:\/\/pope.esenf.pt\/intentcare\/index.php?rest_route=\/wp\/v2\/pages\/25"}],"wp:attachment":[{"href":"http:\/\/pope.esenf.pt\/intentcare\/index.php?rest_route=%2Fwp%2Fv2%2Fmedia&parent=760"}],"curies":[{"name":"wp","href":"https:\/\/api.w.org\/{rel}","templated":true}]}}