{"id":752,"date":"2017-07-02T16:22:09","date_gmt":"2017-07-02T16:22:09","guid":{"rendered":"http:\/\/pope.esenf.pt\/intentcare\/?page_id=752"},"modified":"2019-06-02T21:48:56","modified_gmt":"2019-06-02T21:48:56","slug":"demonstracao-de-cuidadores","status":"publish","type":"page","link":"http:\/\/pope.esenf.pt\/intentcare?page_id=752","title":{"rendered":"Demonstra\u00e7\u00e3o de cuidadores"},"content":{"rendered":"<div style=\"width: 750px;\" class=\"wp-video\"><!--[if lt IE 9]><script>document.createElement('video');<\/script><![endif]-->\n<video class=\"wp-video-shortcode\" id=\"video-752-1\" width=\"750\" height=\"422\" preload=\"metadata\" controls=\"controls\"><source type=\"video\/x-flv\" src=\"http:\/\/pope.esenf.pt\/intentcare\/wp-content\/uploads\/2017\/04\/video18_cuidadora-ajuda-a-transferir-a-sua-familiar-da-cama-para-a-cadeira.flv?_=1\" \/><a href=\"http:\/\/pope.esenf.pt\/intentcare\/wp-content\/uploads\/2017\/04\/video18_cuidadora-ajuda-a-transferir-a-sua-familiar-da-cama-para-a-cadeira.flv\">http:\/\/pope.esenf.pt\/intentcare\/wp-content\/uploads\/2017\/04\/video18_cuidadora-ajuda-a-transferir-a-sua-familiar-da-cama-para-a-cadeira.flv<\/a><\/video><\/div>\n<div style=\"width: 750px;\" class=\"wp-video\"><video class=\"wp-video-shortcode\" id=\"video-752-2\" width=\"750\" height=\"422\" preload=\"metadata\" controls=\"controls\"><source type=\"video\/x-flv\" src=\"http:\/\/pope.esenf.pt\/intentcare\/wp-content\/uploads\/2017\/04\/video19_cuidadora-transfere-familiar-da-cadeira-para-a-cama.flv?_=2\" \/><a href=\"http:\/\/pope.esenf.pt\/intentcare\/wp-content\/uploads\/2017\/04\/video19_cuidadora-transfere-familiar-da-cadeira-para-a-cama.flv\">http:\/\/pope.esenf.pt\/intentcare\/wp-content\/uploads\/2017\/04\/video19_cuidadora-transfere-familiar-da-cadeira-para-a-cama.flv<\/a><\/video><\/div>\n<table>\n<tbody>\n<tr>\n<td><a href=\"http:\/\/pope.esenf.pt\/intentcare\/?page_id=748&amp;lang=pt\">Anterior (preven\u00e7\u00e3o de \u00falceras e quedas)<\/a><\/td>\n<td style=\"text-align: right;\"><a href=\"http:\/\/pope.esenf.pt\/intentcare\/?page_id=6&amp;lang=pt\">Temas<\/a><\/td>\n<\/tr>\n<\/tbody>\n<\/table>\n<h6 style=\"text-align: left;\"><span style=\"font-size: 12pt;\"><strong>\u00a0 \u00a0 \u00a0 \u00a0 \u00a0 \u00a0 \u00a0 \u00a0 \u00a0 \u00a0 \u00a0 \u00a0 \u00a0 \u00a0 \u00a0 \u00a0 \u00a0 \u00a0 \u00a0 \u00a0 \u00a0 \u00a0 \u00a0 \u00a0 \u00a0 \u00a0 \u00a0 \u00a0 \u00a0 \u00a0 \u00a0 \u00a0 \u00a0 \u00a0 \u00a0 \u00a0 \u00a0 \u00a0 \u00a0 \u00a0 \u00a0 \u00a0 \u00a0 \u00a0 \u00a0 \u00a0 \u00a0 \u00a0 \u00a0 \u00a0 \u00a0 \u00a0 \u00a0 \u00a0 \u00a0 \u00a0 \u00a0 \u00a0 \u00a0 \u00a0 \u00a0 \u00a0 \u00a0 \u00a0 \u00a0 \u00a0 \u00a0 \u00a0 \u00a0 \u00a0 \u00a0 \u00a0 \u00a0 \u00a0 \u00a0 \u00a0 \u00a0 \u00a0 \u00a0 \u00a0\u00a0<\/strong><\/span><\/h6>\n<h6 style=\"text-align: right;\"><span style=\"font-size: 12pt;\"><strong>\u00a0<\/strong><strong><\/strong><\/span><\/h6>\n<p style=\"text-align: right;\"><strong>\u200e<\/strong><\/p>\n","protected":false},"excerpt":{"rendered":"<p>Anterior (preven\u00e7\u00e3o de \u00falceras e quedas) Temas \u00a0 \u00a0 \u00a0 \u00a0 \u00a0 \u00a0 \u00a0 \u00a0 \u00a0 \u00a0 \u00a0 \u00a0 \u00a0 \u00a0 \u00a0 \u00a0 \u00a0 \u00a0 \u00a0 \u00a0 \u00a0 \u00a0 \u00a0 \u00a0 \u00a0 \u00a0 \u00a0 \u00a0 \u00a0 \u00a0 \u00a0 \u00a0 \u00a0 \u00a0 \u00a0 \u00a0 \u00a0 \u00a0 \u00a0 \u00a0 \u00a0 \u00a0 \u00a0 [&hellip;]<\/p>\n","protected":false},"author":1,"featured_media":0,"parent":710,"menu_order":8,"comment_status":"closed","ping_status":"closed","template":"","meta":{"spay_email":""},"jetpack_sharing_enabled":true,"jetpack_shortlink":"https:\/\/wp.me\/P8U6vi-c8","jetpack-related-posts":[{"id":744,"url":"http:\/\/pope.esenf.pt\/intentcare?page_id=744","url_meta":{"origin":752,"position":0},"title":"Transferir cadeira-cama: familiar n\u00e3o ajuda","date":"2 Julho, 2017","format":false,"excerpt":"http:\/\/pope.esenf.pt\/intentcare\/wp-content\/uploads\/2018\/04\/Transf_cad_cama_ncoop.mp4 Transferir cadeira-cama: familiar n\u00e3o ajuda: 1. Des\u00e7a a cama at\u00e9 ao n\u00edvel da cadeira e trave-a. 2. Coloque a cadeira num \u00e2ngulo de 30\u00ba em rela\u00e7\u00e3o \u00e0 cama, afaste os pedais e trave tamb\u00e9m a cadeira. 3. Coloque-se \u00e0 frente do seu familiar com a anca e os joelhos\u2026","rel":"","context":"Similar post","img":{"alt_text":"","src":"","width":0,"height":0},"classes":[]},{"id":739,"url":"http:\/\/pope.esenf.pt\/intentcare?page_id=739","url_meta":{"origin":752,"position":1},"title":"Transferir cadeira-cama: familiar consegue ajudar","date":"2 Julho, 2017","format":false,"excerpt":"http:\/\/pope.esenf.pt\/intentcare\/wp-content\/uploads\/2018\/06\/Transf_cad_cama_coop.mp4 Transferir cadeira-cama: familiar consegue ajudar: 1. Coloque a cadeira num \u00e2ngulo paralelo \u00e0 cama e trave as rodas da cadeira e da cama. 2. Coloque-se de forma que os joelhos do seu familiar fiquem encostados aos seus. Passe os bra\u00e7os em volta da cintura de seu familiar e pe\u00e7a-lhe\u2026","rel":"","context":"Similar post","img":{"alt_text":"","src":"","width":0,"height":0},"classes":[]},{"id":1497,"url":"http:\/\/pope.esenf.pt\/intentcare?page_id=1497","url_meta":{"origin":752,"position":2},"title":"Vestir Pessoa","date":"13 Junho, 2018","format":false,"excerpt":"http:\/\/pope.esenf.pt\/intentcare\/wp-content\/uploads\/2018\/06\/camisa_inf.mp4 Ensinar a vestir a camisa 1. Colocar a camisa sobre a coxa. 2. Vestir a manga do bra\u00e7o afetado, puxando-a para cima. 3. Puxar a camisa pelo colarinho com a m\u00e3o n\u00e3o afetada. 4. Vestir o bra\u00e7o do lado n\u00e3o afetado. 5. Abotoar com a m\u00e3o n\u00e3o afetada. 6.\u2026","rel":"","context":"Similar post","img":{"alt_text":"","src":"","width":0,"height":0},"classes":[]},{"id":1446,"url":"http:\/\/pope.esenf.pt\/intentcare?page_id=1446","url_meta":{"origin":752,"position":3},"title":"Lavar a boca","date":"8 Junho, 2018","format":false,"excerpt":"http:\/\/pope.esenf.pt\/intentcare\/wp-content\/uploads\/2018\/06\/boca_pd_inf.mp4 Lavar a boca pessoa que n\u00e3o ajuda: 1. Elevar a cama com a pessoa de costas ou sem elevar a cama virar a cabe\u00e7a para o lado. 2. Colocar a toalha sobre o peito 3. Colocar uma ta\u00e7a sob o queixo da pessoa (se necess\u00e1rio). 4. Puxar o queixo\u2026","rel":"","context":"Similar post","img":{"alt_text":"","src":"","width":0,"height":0},"classes":[]},{"id":1442,"url":"http:\/\/pope.esenf.pt\/intentcare?page_id=1442","url_meta":{"origin":752,"position":4},"title":"Dar banho - Introdu\u00e7\u00e3o","date":"8 Junho, 2018","format":false,"excerpt":"http:\/\/pope.esenf.pt\/intentcare\/wp-content\/uploads\/2018\/06\/etapas_com_banho.mp4 Etapas do procedimento comuns a todas as fases do dar banho na cama: 1. O familiar cuidador deve explicar \u00e0 pessoa o procedimento e o objetivo da interven\u00e7\u00e3o e, planear com a pessoa dar banho, pedindo a sua colabora\u00e7\u00e3o. 2. Providenciar os recursos necess\u00e1rios para junto da pessoa, nomeadamente\u2026","rel":"","context":"Similar post","img":{"alt_text":"","src":"","width":0,"height":0},"classes":[]},{"id":1493,"url":"http:\/\/pope.esenf.pt\/intentcare?page_id=1493","url_meta":{"origin":752,"position":5},"title":"Despir Pessoa","date":"12 Junho, 2018","format":false,"excerpt":"http:\/\/pope.esenf.pt\/intentcare\/wp-content\/uploads\/2018\/06\/despir_inf.mp4 Despir Pessoa: 1. Colocar\u00a0 o\u00a0 bra\u00e7o\u00a0 afetado sobre\u00a0 os joelhos. 2. Remover a roupa sobre a cabe\u00e7a, com a m\u00e3o do lado n\u00e3o afetado. 3. Remover\u00a0 a \u00a0manga\u00a0 do\u00a0 bra\u00e7o \u00a0do\u00a0 lado n\u00e3o afetado. 4. Remover a manga do bra\u00e7o afetado. Anterior (vestir pessoa) Temas","rel":"","context":"Similar post","img":{"alt_text":"","src":"","width":0,"height":0},"classes":[]}],"_links":{"self":[{"href":"http:\/\/pope.esenf.pt\/intentcare\/index.php?rest_route=\/wp\/v2\/pages\/752"}],"collection":[{"href":"http:\/\/pope.esenf.pt\/intentcare\/index.php?rest_route=\/wp\/v2\/pages"}],"about":[{"href":"http:\/\/pope.esenf.pt\/intentcare\/index.php?rest_route=\/wp\/v2\/types\/page"}],"author":[{"embeddable":true,"href":"http:\/\/pope.esenf.pt\/intentcare\/index.php?rest_route=\/wp\/v2\/users\/1"}],"replies":[{"embeddable":true,"href":"http:\/\/pope.esenf.pt\/intentcare\/index.php?rest_route=%2Fwp%2Fv2%2Fcomments&post=752"}],"version-history":[{"count":15,"href":"http:\/\/pope.esenf.pt\/intentcare\/index.php?rest_route=\/wp\/v2\/pages\/752\/revisions"}],"predecessor-version":[{"id":1957,"href":"http:\/\/pope.esenf.pt\/intentcare\/index.php?rest_route=\/wp\/v2\/pages\/752\/revisions\/1957"}],"up":[{"embeddable":true,"href":"http:\/\/pope.esenf.pt\/intentcare\/index.php?rest_route=\/wp\/v2\/pages\/710"}],"wp:attachment":[{"href":"http:\/\/pope.esenf.pt\/intentcare\/index.php?rest_route=%2Fwp%2Fv2%2Fmedia&parent=752"}],"curies":[{"name":"wp","href":"https:\/\/api.w.org\/{rel}","templated":true}]}}