{"id":748,"date":"2017-07-02T16:09:24","date_gmt":"2017-07-02T16:09:24","guid":{"rendered":"http:\/\/pope.esenf.pt\/intentcare\/?page_id=748"},"modified":"2019-06-02T21:45:39","modified_gmt":"2019-06-02T21:45:39","slug":"prevencao-de-ulceras-e-quedas","status":"publish","type":"page","link":"http:\/\/pope.esenf.pt\/intentcare?page_id=748","title":{"rendered":"Preven\u00e7\u00e3o de \u00falceras e quedas"},"content":{"rendered":"<p>Se o seu familiar permanece grande parte do tempo na cadeira ou no cadeir\u00e3o, incentive a aliviar o peso do corpo a cada 2 horas. Utilize as seguintes indica\u00e7\u00f5es: 1) com as m\u00e3os apoiadas nos bra\u00e7os da cadeira fazer for\u00e7a e elevar o corpo por segundos; 2) em alternativa apoiar alternadamente o peso do corpo ora numa n\u00e1dega, ora noutra.<\/p>\n<p>Se o seu familiar apresenta uma zona avermelhada, contacte o enfermeiro.<\/p>\n<p><span style=\"color: #003366;\"><b>Preven\u00e7\u00e3o <\/b><b>\u00a0de quedas<\/b><\/span><\/p>\n<p>Assegure-se que:<\/p>\n<p>1. O local onde est\u00e1 o seu familiar deve ser de f\u00e1cil circula\u00e7\u00e3o, da\u00ed que o mobili\u00e1rio existente deve ser apenas o necess\u00e1rio.<\/p>\n<p>2. Use cal\u00e7ado antiderrapante e fechado.<\/p>\n<p>3. Coloque os objectos de uso frequente ao alcance do seu familiar.<\/p>\n<p>4. Os tapetes e carpetes devem ser retirados ou ter uma base aderente ao ch\u00e3o.<\/p>\n<p>5. O sof\u00e1, cadeir\u00e3o ou cadeira devem ser firmes, fortes e ter apoio lateral.<\/p>\n<p>6. Se ocorrer queda independentemente de \u00a0ocorrer les\u00f5es, \u00e9 importante que comunique ao enfermeiro ou m\u00e9dico.<\/p>\n<p>7. A exist\u00eancia de dor intensa ou incapacidade de movimenta\u00e7\u00e3o ou deformidade pode ser indicativo de uma fractura.<\/p>\n<p>8. Na suspeita de fractura, caso haja deformidade, n\u00e3o tente \u201ccolocar no lugar\u201d, procure n\u00e3o movimentar o seu familiar e chame o servi\u00e7o de emerg\u00eancia m\u00e9dica 112.<\/p>\n<table>\n<tbody>\n<tr>\n<td><a href=\"http:\/\/pope.esenf.pt\/intentcare\/?page_id=746&amp;lang=pt\">Anterior (seguran\u00e7a do cuidador)<\/a><\/td>\n<td style=\"text-align: right;\"><a href=\"http:\/\/pope.esenf.pt\/intentcare\/?page_id=752&amp;lang=pt\">Seguinte (demonstra\u00e7\u00e3o de cuidadores)<\/a><\/td>\n<\/tr>\n<\/tbody>\n<\/table>\n","protected":false},"excerpt":{"rendered":"<p>Se o seu familiar permanece grande parte do tempo na cadeira ou no cadeir\u00e3o, incentive a aliviar o peso do corpo a cada 2 horas. Utilize as seguintes indica\u00e7\u00f5es: 1) com as m\u00e3os apoiadas nos bra\u00e7os da cadeira fazer for\u00e7a e elevar o corpo por segundos; 2) em alternativa apoiar [&hellip;]<\/p>\n","protected":false},"author":1,"featured_media":0,"parent":710,"menu_order":7,"comment_status":"closed","ping_status":"closed","template":"","meta":{"spay_email":""},"jetpack_sharing_enabled":true,"jetpack_shortlink":"https:\/\/wp.me\/P8U6vi-c4","jetpack-related-posts":[{"id":746,"url":"http:\/\/pope.esenf.pt\/intentcare?page_id=746","url_meta":{"origin":748,"position":0},"title":"Seguran\u00e7a do cuidador","date":"2 Julho, 2017","format":false,"excerpt":"Para reduzir o risco de les\u00e3o muscular, enquanto movimenta e transfere o seu familiar \u00e9 importante que mantenha o equil\u00edbrio, a postura e o alinhamento (mec\u00e2nica corporal) devendo ter em aten\u00e7\u00e3o as seguintes indica\u00e7\u00f5es: 1. Caso tenha cama articulada, quando tem que transferir o seu familiar deve elev\u00e1-la \u00e0 altura\u2026","rel":"","context":"Similar post","img":{"alt_text":"","src":"","width":0,"height":0},"classes":[]},{"id":732,"url":"http:\/\/pope.esenf.pt\/intentcare?page_id=732","url_meta":{"origin":748,"position":1},"title":"Transferir cama-cadeira: familiar consegue ajudar","date":"30 Junho, 2017","format":false,"excerpt":"1. Coloque a cadeira paralela \u00e0 cama e trave as rodas da cadeira e da cama. 2. Ajude o seu familiar a sentar-se na beira da cama o mais pr\u00f3ximo da cadeira. O movimento de se sentar na cama \u00e9 facilitado se ele antes se colocar numa posi\u00e7\u00e3o lateral elevando\u2026","rel":"","context":"Similar post","img":{"alt_text":"","src":"","width":0,"height":0},"classes":[]},{"id":760,"url":"http:\/\/pope.esenf.pt\/intentcare?page_id=760","url_meta":{"origin":748,"position":2},"title":"Preven\u00e7\u00e3o  de \u00falceras de press\u00e3o","date":"2 Julho, 2017","format":false,"excerpt":"1. As \u00falceras de press\u00e3o surgem quando a pessoa fica muito tempo na mesma posi\u00e7\u00e3o, devendo-se \u00e0 diminui\u00e7\u00e3o da circula\u00e7\u00e3o nas zonas que ficam pressionadas. 2. Estas podem aparecer nos locais de maior press\u00e3o como: calcanhar, mal\u00e9olos, regi\u00e3o sagrada, cotovelo, cabe\u00e7a e l\u00f3bulo da orelha. 3. Mude a posi\u00e7\u00e3o do\u2026","rel":"","context":"Similar post","img":{"alt_text":"","src":"","width":0,"height":0},"classes":[]},{"id":742,"url":"http:\/\/pope.esenf.pt\/intentcare?page_id=742","url_meta":{"origin":748,"position":3},"title":"Transferir cama-cadeira: familiar n\u00e3o ajuda","date":"2 Julho, 2017","format":false,"excerpt":"1. Trave as rodas da cadeira e da cama. 2. Suba a cama. 3. Retire a almofada da cabe\u00e7a do seu familiar. 4. Mova o seu familiar o mais pr\u00f3ximo para a\u00a0 beira da cama. 5. Se tiver cama articulada, suba a cabeceira da cama a 90\u00ba. 6. Cruze os\u2026","rel":"","context":"Similar post","img":{"alt_text":"","src":"","width":0,"height":0},"classes":[]},{"id":744,"url":"http:\/\/pope.esenf.pt\/intentcare?page_id=744","url_meta":{"origin":748,"position":4},"title":"Transferir cadeira-cama: familiar n\u00e3o ajuda","date":"2 Julho, 2017","format":false,"excerpt":"http:\/\/pope.esenf.pt\/intentcare\/wp-content\/uploads\/2018\/04\/Transf_cad_cama_ncoop.mp4 Transferir cadeira-cama: familiar n\u00e3o ajuda: 1. Des\u00e7a a cama at\u00e9 ao n\u00edvel da cadeira e trave-a. 2. Coloque a cadeira num \u00e2ngulo de 30\u00ba em rela\u00e7\u00e3o \u00e0 cama, afaste os pedais e trave tamb\u00e9m a cadeira. 3. Coloque-se \u00e0 frente do seu familiar com a anca e os joelhos\u2026","rel":"","context":"Similar post","img":{"alt_text":"","src":"","width":0,"height":0},"classes":[]},{"id":710,"url":"http:\/\/pope.esenf.pt\/intentcare?page_id=710","url_meta":{"origin":748,"position":5},"title":"Transferir Pessoa","date":"30 Junho, 2017","format":false,"excerpt":"Pretende-se responder \u00e0s quest\u00f5es: Como devo transferir o meu familiar da cadeira para a cama e da cama para a cadeira? Com que frequ\u00eancia devo transferir o meu familiar? A utiliza\u00e7\u00e3o de uma t\u00e9cnica adequada por parte do cuidador para transferir o seu familiar \u00e9 fundamental para evitar complica\u00e7\u00f5es. A\u2026","rel":"","context":"Similar post","img":{"alt_text":"","src":"","width":0,"height":0},"classes":[]}],"_links":{"self":[{"href":"http:\/\/pope.esenf.pt\/intentcare\/index.php?rest_route=\/wp\/v2\/pages\/748"}],"collection":[{"href":"http:\/\/pope.esenf.pt\/intentcare\/index.php?rest_route=\/wp\/v2\/pages"}],"about":[{"href":"http:\/\/pope.esenf.pt\/intentcare\/index.php?rest_route=\/wp\/v2\/types\/page"}],"author":[{"embeddable":true,"href":"http:\/\/pope.esenf.pt\/intentcare\/index.php?rest_route=\/wp\/v2\/users\/1"}],"replies":[{"embeddable":true,"href":"http:\/\/pope.esenf.pt\/intentcare\/index.php?rest_route=%2Fwp%2Fv2%2Fcomments&post=748"}],"version-history":[{"count":9,"href":"http:\/\/pope.esenf.pt\/intentcare\/index.php?rest_route=\/wp\/v2\/pages\/748\/revisions"}],"predecessor-version":[{"id":1955,"href":"http:\/\/pope.esenf.pt\/intentcare\/index.php?rest_route=\/wp\/v2\/pages\/748\/revisions\/1955"}],"up":[{"embeddable":true,"href":"http:\/\/pope.esenf.pt\/intentcare\/index.php?rest_route=\/wp\/v2\/pages\/710"}],"wp:attachment":[{"href":"http:\/\/pope.esenf.pt\/intentcare\/index.php?rest_route=%2Fwp%2Fv2%2Fmedia&parent=748"}],"curies":[{"name":"wp","href":"https:\/\/api.w.org\/{rel}","templated":true}]}}