{"id":744,"date":"2017-07-02T16:05:19","date_gmt":"2017-07-02T16:05:19","guid":{"rendered":"http:\/\/pope.esenf.pt\/intentcare\/?page_id=744"},"modified":"2020-01-06T17:15:05","modified_gmt":"2020-01-06T17:15:05","slug":"transferir-a-pessoa-da-cadeira-para-a-cama-se-o-seu-familiar-nao-consegue-ficar-de-pe-com-ajuda","status":"publish","type":"page","link":"http:\/\/pope.esenf.pt\/intentcare?page_id=744","title":{"rendered":"Transferir cadeira-cama: familiar n\u00e3o ajuda"},"content":{"rendered":"\t\t<div data-elementor-type=\"wp-page\" data-elementor-id=\"744\" class=\"elementor elementor-744\" data-elementor-settings=\"[]\">\n\t\t\t\t\t\t<div class=\"elementor-inner\">\n\t\t\t\t\t\t\t<div class=\"elementor-section-wrap\">\n\t\t\t\t\t\t\t<section class=\"elementor-section elementor-top-section elementor-element elementor-element-4db1abc7 elementor-section-stretched elementor-section-boxed elementor-section-height-default elementor-section-height-default\" data-id=\"4db1abc7\" data-element_type=\"section\" data-settings=\"{&quot;stretch_section&quot;:&quot;section-stretched&quot;}\">\n\t\t\t\t\t\t<div class=\"elementor-container elementor-column-gap-default\">\n\t\t\t\t\t\t\t<div class=\"elementor-row\">\n\t\t\t\t\t<div class=\"elementor-column elementor-col-33 elementor-top-column elementor-element elementor-element-3d27998d\" data-id=\"3d27998d\" data-element_type=\"column\">\n\t\t\t<div class=\"elementor-column-wrap elementor-element-populated\">\n\t\t\t\t\t\t\t<div class=\"elementor-widget-wrap\">\n\t\t\t\t\t\t<div class=\"elementor-element elementor-element-269b62e2 elementor-aspect-ratio-169 elementor-widget elementor-widget-video\" data-id=\"269b62e2\" data-element_type=\"widget\" data-settings=\"{&quot;show_image_overlay&quot;:&quot;yes&quot;,&quot;video_type&quot;:&quot;hosted&quot;,&quot;controls&quot;:&quot;yes&quot;,&quot;image_overlay&quot;:{&quot;url&quot;:&quot;http:\\\/\\\/pope.esenf.pt\\\/intentcare\\\/wp-content\\\/plugins\\\/elementor\\\/assets\\\/images\\\/placeholder.png&quot;,&quot;id&quot;:&quot;&quot;},&quot;aspect_ratio&quot;:&quot;169&quot;}\" data-widget_type=\"video.default\">\n\t\t\t\t<div class=\"elementor-widget-container\">\n\t\t\t\t\t<div class=\"e-hosted-video elementor-wrapper elementor-fit-aspect-ratio elementor-open-inline\">\n\t\t\t\t\t<video class=\"elementor-video\" src=\"http:\/\/pope.esenf.pt\/intentcare\/wp-content\/uploads\/2018\/04\/Transf_cad_cama_ncoop.mp4\" controls=\"\" controlsList=\"nodownload\" poster=\"http:\/\/pope.esenf.pt\/intentcare\/wp-content\/uploads\/2020\/01\/frame1.png\"><\/video>\n\t\t\t\t\t\t<div class=\"elementor-custom-embed-image-overlay\" style=\"background-image: url(http:\/\/pope.esenf.pt\/intentcare\/wp-content\/plugins\/elementor\/assets\/images\/placeholder.png);\">\n\t\t\t\t\t\t\t\t\t\t\t\t\t\t\t\t<div class=\"elementor-custom-embed-play\" role=\"button\">\n\t\t\t\t\t\t\t<i aria-hidden=\"true\" class=\"eicon-play\"><\/i>\t\t\t\t\t\t\t<span class=\"elementor-screen-only\">Reproduzir v\u00eddeo<\/span>\n\t\t\t\t\t\t<\/div>\n\t\t\t\t\t\t\t\t\t<\/div>\n\t\t\t\t\t<\/div>\n\t\t\t\t<\/div>\n\t\t\t\t<\/div>\n\t\t\t\t\t\t<\/div>\n\t\t\t\t\t<\/div>\n\t\t<\/div>\n\t\t\t\t<div class=\"elementor-column elementor-col-33 elementor-top-column elementor-element elementor-element-61fe7432\" data-id=\"61fe7432\" data-element_type=\"column\">\n\t\t\t<div class=\"elementor-column-wrap elementor-element-populated\">\n\t\t\t\t\t\t\t<div class=\"elementor-widget-wrap\">\n\t\t\t\t\t\t<div class=\"elementor-element elementor-element-7594c390 elementor-widget elementor-widget-heading\" data-id=\"7594c390\" data-element_type=\"widget\" data-widget_type=\"heading.default\">\n\t\t\t\t<div class=\"elementor-widget-container\">\n\t\t\t<h4 class=\"elementor-heading-title elementor-size-default\">Transferir cadeira-cama: familiar n\u00e3o ajuda: <\/h4>\t\t<\/div>\n\t\t\t\t<\/div>\n\t\t\t\t\t\t<\/div>\n\t\t\t\t\t<\/div>\n\t\t<\/div>\n\t\t\t\t<div class=\"elementor-column elementor-col-33 elementor-top-column elementor-element elementor-element-297a5a4c\" data-id=\"297a5a4c\" data-element_type=\"column\">\n\t\t\t<div class=\"elementor-column-wrap elementor-element-populated\">\n\t\t\t\t\t\t\t<div class=\"elementor-widget-wrap\">\n\t\t\t\t\t\t<div class=\"elementor-element elementor-element-5b36c48e elementor-icon-list--layout-traditional elementor-list-item-link-full_width elementor-widget elementor-widget-icon-list\" data-id=\"5b36c48e\" data-element_type=\"widget\" data-widget_type=\"icon-list.default\">\n\t\t\t\t<div class=\"elementor-widget-container\">\n\t\t\t\t\t<ul class=\"elementor-icon-list-items\">\n\t\t\t\t\t\t\t<li class=\"elementor-icon-list-item\">\n\t\t\t\t\t\t\t\t\t\t\t<span class=\"elementor-icon-list-icon\">\n\t\t\t\t\t\t\t<i aria-hidden=\"true\" class=\"far fa-check-circle\"><\/i>\t\t\t\t\t\t<\/span>\n\t\t\t\t\t\t\t\t\t\t<span class=\"elementor-icon-list-text\">1. Des\u00e7a a cama at\u00e9 ao n\u00edvel da cadeira  e trave-a.<\/span>\n\t\t\t\t\t\t\t\t\t<\/li>\n\t\t\t\t\t\t\t\t<li class=\"elementor-icon-list-item\">\n\t\t\t\t\t\t\t\t\t\t\t<span class=\"elementor-icon-list-icon\">\n\t\t\t\t\t\t\t<i aria-hidden=\"true\" class=\"far fa-check-circle\"><\/i>\t\t\t\t\t\t<\/span>\n\t\t\t\t\t\t\t\t\t\t<span class=\"elementor-icon-list-text\">2. Coloque a cadeira num \u00e2ngulo de 30\u00ba em rela\u00e7\u00e3o \u00e0 cama, afaste os pedais e trave tamb\u00e9m a cadeira.<\/span>\n\t\t\t\t\t\t\t\t\t<\/li>\n\t\t\t\t\t\t\t\t<li class=\"elementor-icon-list-item\">\n\t\t\t\t\t\t\t\t\t\t\t<span class=\"elementor-icon-list-icon\">\n\t\t\t\t\t\t\t<i aria-hidden=\"true\" class=\"far fa-check-circle\"><\/i>\t\t\t\t\t\t<\/span>\n\t\t\t\t\t\t\t\t\t\t<span class=\"elementor-icon-list-text\"> 3. Coloque-se \u00e0 frente do seu familiar com a anca e os joelhos dobrados, de forma a assegurar o equil\u00edbrio e a estabilidade.<\/span>\n\t\t\t\t\t\t\t\t\t<\/li>\n\t\t\t\t\t\t\t\t<li class=\"elementor-icon-list-item\">\n\t\t\t\t\t\t\t\t\t\t\t<span class=\"elementor-icon-list-icon\">\n\t\t\t\t\t\t\t<i aria-hidden=\"true\" class=\"far fa-check-circle\"><\/i>\t\t\t\t\t\t<\/span>\n\t\t\t\t\t\t\t\t\t\t<span class=\"elementor-icon-list-text\">4. Cruze os bra\u00e7os do seu familiar e coloque as suas m\u00e3os nos quadris do seu familiar e num movimento \u00fanico desloque-o at\u00e9 \u00e0 cama.<\/span>\n\t\t\t\t\t\t\t\t\t<\/li>\n\t\t\t\t\t\t\t\t<li class=\"elementor-icon-list-item\">\n\t\t\t\t\t\t\t\t\t\t\t<span class=\"elementor-icon-list-icon\">\n\t\t\t\t\t\t\t<i aria-hidden=\"true\" class=\"far fa-check-circle\"><\/i>\t\t\t\t\t\t<\/span>\n\t\t\t\t\t\t\t\t\t\t<span class=\"elementor-icon-list-text\">5. Posicione o seu familiar.<\/span>\n\t\t\t\t\t\t\t\t\t<\/li>\n\t\t\t\t\t\t\t\t<li class=\"elementor-icon-list-item\">\n\t\t\t\t\t\t\t\t\t\t\t<span class=\"elementor-icon-list-icon\">\n\t\t\t\t\t\t\t<i aria-hidden=\"true\" class=\"far fa-check-circle\"><\/i>\t\t\t\t\t\t<\/span>\n\t\t\t\t\t\t\t\t\t\t<span class=\"elementor-icon-list-text\">7. Verifique se o corpo do seu familiar ficou alinhado.<\/span>\n\t\t\t\t\t\t\t\t\t<\/li>\n\t\t\t\t\t\t<\/ul>\n\t\t\t\t<\/div>\n\t\t\t\t<\/div>\n\t\t\t\t\t\t<\/div>\n\t\t\t\t\t<\/div>\n\t\t<\/div>\n\t\t\t\t\t\t\t\t<\/div>\n\t\t\t\t\t<\/div>\n\t\t<\/section>\n\t\t\t\t<section class=\"elementor-section elementor-top-section elementor-element elementor-element-418f5b9f elementor-section-stretched elementor-section-boxed elementor-section-height-default elementor-section-height-default\" data-id=\"418f5b9f\" data-element_type=\"section\" data-settings=\"{&quot;stretch_section&quot;:&quot;section-stretched&quot;}\">\n\t\t\t\t\t\t<div class=\"elementor-container elementor-column-gap-default\">\n\t\t\t\t\t\t\t<div class=\"elementor-row\">\n\t\t\t\t\t<div class=\"elementor-column elementor-col-50 elementor-top-column elementor-element elementor-element-21ae5fe5\" data-id=\"21ae5fe5\" data-element_type=\"column\">\n\t\t\t<div class=\"elementor-column-wrap elementor-element-populated\">\n\t\t\t\t\t\t\t<div class=\"elementor-widget-wrap\">\n\t\t\t\t\t\t<div class=\"elementor-element elementor-element-64c4cda6 elementor-widget elementor-widget-button\" data-id=\"64c4cda6\" data-element_type=\"widget\" data-widget_type=\"button.default\">\n\t\t\t\t<div class=\"elementor-widget-container\">\n\t\t\t\t\t<div class=\"elementor-button-wrapper\">\n\t\t\t<a href=\"http:\/\/pope.esenf.pt\/intentcare\/?page_id=742&#038;lang=pt\" class=\"elementor-button-link elementor-button elementor-size-md\" role=\"button\">\n\t\t\t\t\t\t<span class=\"elementor-button-content-wrapper\">\n\t\t\t\t\t\t<span class=\"elementor-button-text\">Anterior (cama-cadeira sem autonomia)<\/span>\n\t\t<\/span>\n\t\t\t\t\t<\/a>\n\t\t<\/div>\n\t\t\t\t<\/div>\n\t\t\t\t<\/div>\n\t\t\t\t\t\t<\/div>\n\t\t\t\t\t<\/div>\n\t\t<\/div>\n\t\t\t\t<div class=\"elementor-column elementor-col-50 elementor-top-column elementor-element elementor-element-5fc473ea\" data-id=\"5fc473ea\" data-element_type=\"column\">\n\t\t\t<div class=\"elementor-column-wrap elementor-element-populated\">\n\t\t\t\t\t\t\t<div class=\"elementor-widget-wrap\">\n\t\t\t\t\t\t<div class=\"elementor-element elementor-element-3bb4ace8 elementor-align-right elementor-widget elementor-widget-button\" data-id=\"3bb4ace8\" data-element_type=\"widget\" data-widget_type=\"button.default\">\n\t\t\t\t<div class=\"elementor-widget-container\">\n\t\t\t\t\t<div class=\"elementor-button-wrapper\">\n\t\t\t<a href=\"http:\/\/pope.esenf.pt\/intentcare\/?page_id=746&#038;lang=pt\" class=\"elementor-button-link elementor-button elementor-size-md\" role=\"button\">\n\t\t\t\t\t\t<span class=\"elementor-button-content-wrapper\">\n\t\t\t\t\t\t<span class=\"elementor-button-text\">Seguinte (seguran\u00e7a do cuidador)<\/span>\n\t\t<\/span>\n\t\t\t\t\t<\/a>\n\t\t<\/div>\n\t\t\t\t<\/div>\n\t\t\t\t<\/div>\n\t\t\t\t\t\t<\/div>\n\t\t\t\t\t<\/div>\n\t\t<\/div>\n\t\t\t\t\t\t\t\t<\/div>\n\t\t\t\t\t<\/div>\n\t\t<\/section>\n\t\t\t\t\t\t<\/div>\n\t\t\t\t\t\t<\/div>\n\t\t\t\t\t<\/div>\n\t\t","protected":false},"excerpt":{"rendered":"<p>http:\/\/pope.esenf.pt\/intentcare\/wp-content\/uploads\/2018\/04\/Transf_cad_cama_ncoop.mp4 Transferir cadeira-cama: familiar n\u00e3o ajuda: 1. Des\u00e7a a cama at\u00e9 ao n\u00edvel da cadeira e trave-a. 2. Coloque a cadeira num \u00e2ngulo de 30\u00ba em rela\u00e7\u00e3o \u00e0 cama, afaste os pedais e trave tamb\u00e9m a cadeira. 3. Coloque-se \u00e0 frente do seu familiar com a anca e os joelhos [&hellip;]<\/p>\n","protected":false},"author":1,"featured_media":0,"parent":710,"menu_order":5,"comment_status":"closed","ping_status":"closed","template":"","meta":{"spay_email":""},"jetpack_sharing_enabled":true,"jetpack_shortlink":"https:\/\/wp.me\/P8U6vi-c0","jetpack-related-posts":[{"id":742,"url":"http:\/\/pope.esenf.pt\/intentcare?page_id=742","url_meta":{"origin":744,"position":0},"title":"Transferir cama-cadeira: familiar n\u00e3o ajuda","date":"2 Julho, 2017","format":false,"excerpt":"1. Trave as rodas da cadeira e da cama. 2. Suba a cama. 3. Retire a almofada da cabe\u00e7a do seu familiar. 4. Mova o seu familiar o mais pr\u00f3ximo para a\u00a0 beira da cama. 5. Se tiver cama articulada, suba a cabeceira da cama a 90\u00ba. 6. Cruze os\u2026","rel":"","context":"Similar post","img":{"alt_text":"","src":"","width":0,"height":0},"classes":[]},{"id":739,"url":"http:\/\/pope.esenf.pt\/intentcare?page_id=739","url_meta":{"origin":744,"position":1},"title":"Transferir cadeira-cama: familiar consegue ajudar","date":"2 Julho, 2017","format":false,"excerpt":"http:\/\/pope.esenf.pt\/intentcare\/wp-content\/uploads\/2018\/06\/Transf_cad_cama_coop.mp4 Transferir cadeira-cama: familiar consegue ajudar: 1. Coloque a cadeira num \u00e2ngulo paralelo \u00e0 cama e trave as rodas da cadeira e da cama. 2. Coloque-se de forma que os joelhos do seu familiar fiquem encostados aos seus. Passe os bra\u00e7os em volta da cintura de seu familiar e pe\u00e7a-lhe\u2026","rel":"","context":"Similar post","img":{"alt_text":"","src":"","width":0,"height":0},"classes":[]},{"id":732,"url":"http:\/\/pope.esenf.pt\/intentcare?page_id=732","url_meta":{"origin":744,"position":2},"title":"Transferir cama-cadeira: familiar consegue ajudar","date":"30 Junho, 2017","format":false,"excerpt":"1. Coloque a cadeira paralela \u00e0 cama e trave as rodas da cadeira e da cama. 2. Ajude o seu familiar a sentar-se na beira da cama o mais pr\u00f3ximo da cadeira. O movimento de se sentar na cama \u00e9 facilitado se ele antes se colocar numa posi\u00e7\u00e3o lateral elevando\u2026","rel":"","context":"Similar post","img":{"alt_text":"","src":"","width":0,"height":0},"classes":[]},{"id":710,"url":"http:\/\/pope.esenf.pt\/intentcare?page_id=710","url_meta":{"origin":744,"position":3},"title":"Transferir Pessoa","date":"30 Junho, 2017","format":false,"excerpt":"Pretende-se responder \u00e0s quest\u00f5es: Como devo transferir o meu familiar da cadeira para a cama e da cama para a cadeira? Com que frequ\u00eancia devo transferir o meu familiar? A utiliza\u00e7\u00e3o de uma t\u00e9cnica adequada por parte do cuidador para transferir o seu familiar \u00e9 fundamental para evitar complica\u00e7\u00f5es. A\u2026","rel":"","context":"Similar post","img":{"alt_text":"","src":"","width":0,"height":0},"classes":[]},{"id":746,"url":"http:\/\/pope.esenf.pt\/intentcare?page_id=746","url_meta":{"origin":744,"position":4},"title":"Seguran\u00e7a do cuidador","date":"2 Julho, 2017","format":false,"excerpt":"Para reduzir o risco de les\u00e3o muscular, enquanto movimenta e transfere o seu familiar \u00e9 importante que mantenha o equil\u00edbrio, a postura e o alinhamento (mec\u00e2nica corporal) devendo ter em aten\u00e7\u00e3o as seguintes indica\u00e7\u00f5es: 1. Caso tenha cama articulada, quando tem que transferir o seu familiar deve elev\u00e1-la \u00e0 altura\u2026","rel":"","context":"Similar post","img":{"alt_text":"","src":"","width":0,"height":0},"classes":[]},{"id":748,"url":"http:\/\/pope.esenf.pt\/intentcare?page_id=748","url_meta":{"origin":744,"position":5},"title":"Preven\u00e7\u00e3o de \u00falceras e quedas","date":"2 Julho, 2017","format":false,"excerpt":"Se o seu familiar permanece grande parte do tempo na cadeira ou no cadeir\u00e3o, incentive a aliviar o peso do corpo a cada 2 horas. Utilize as seguintes indica\u00e7\u00f5es: 1) com as m\u00e3os apoiadas nos bra\u00e7os da cadeira fazer for\u00e7a e elevar o corpo por segundos; 2) em alternativa apoiar\u2026","rel":"","context":"Similar post","img":{"alt_text":"","src":"","width":0,"height":0},"classes":[]}],"_links":{"self":[{"href":"http:\/\/pope.esenf.pt\/intentcare\/index.php?rest_route=\/wp\/v2\/pages\/744"}],"collection":[{"href":"http:\/\/pope.esenf.pt\/intentcare\/index.php?rest_route=\/wp\/v2\/pages"}],"about":[{"href":"http:\/\/pope.esenf.pt\/intentcare\/index.php?rest_route=\/wp\/v2\/types\/page"}],"author":[{"embeddable":true,"href":"http:\/\/pope.esenf.pt\/intentcare\/index.php?rest_route=\/wp\/v2\/users\/1"}],"replies":[{"embeddable":true,"href":"http:\/\/pope.esenf.pt\/intentcare\/index.php?rest_route=%2Fwp%2Fv2%2Fcomments&post=744"}],"version-history":[{"count":14,"href":"http:\/\/pope.esenf.pt\/intentcare\/index.php?rest_route=\/wp\/v2\/pages\/744\/revisions"}],"predecessor-version":[{"id":3027,"href":"http:\/\/pope.esenf.pt\/intentcare\/index.php?rest_route=\/wp\/v2\/pages\/744\/revisions\/3027"}],"up":[{"embeddable":true,"href":"http:\/\/pope.esenf.pt\/intentcare\/index.php?rest_route=\/wp\/v2\/pages\/710"}],"wp:attachment":[{"href":"http:\/\/pope.esenf.pt\/intentcare\/index.php?rest_route=%2Fwp%2Fv2%2Fmedia&parent=744"}],"curies":[{"name":"wp","href":"https:\/\/api.w.org\/{rel}","templated":true}]}}