{"id":742,"date":"2017-07-02T16:02:50","date_gmt":"2017-07-02T16:02:50","guid":{"rendered":"http:\/\/pope.esenf.pt\/intentcare\/?page_id=742"},"modified":"2019-06-02T21:39:01","modified_gmt":"2019-06-02T21:39:01","slug":"transferir-a-pessoa-da-cama-para-a-cadeira-se-o-seu-familiar-nao-consegue-ficar-de-pe-com-ajuda","status":"publish","type":"page","link":"http:\/\/pope.esenf.pt\/intentcare?page_id=742","title":{"rendered":"Transferir cama-cadeira: familiar n\u00e3o ajuda"},"content":{"rendered":"<div style=\"width: 750px;\" class=\"wp-video\"><!--[if lt IE 9]><script>document.createElement('video');<\/script><![endif]-->\n<video class=\"wp-video-shortcode\" id=\"video-742-1\" width=\"750\" height=\"422\" preload=\"metadata\" controls=\"controls\"><source type=\"video\/mp4\" src=\"http:\/\/pope.esenf.pt\/intentcare\/wp-content\/uploads\/2017\/04\/P4_1pessoa.mp4?_=1\" \/><a href=\"http:\/\/pope.esenf.pt\/intentcare\/wp-content\/uploads\/2017\/04\/P4_1pessoa.mp4\">http:\/\/pope.esenf.pt\/intentcare\/wp-content\/uploads\/2017\/04\/P4_1pessoa.mp4<\/a><\/video><\/div>\n<p>1. Trave as rodas da cadeira e da cama.<\/p>\n<p>2. Suba a cama.<\/p>\n<p>3. Retire a almofada da cabe\u00e7a do seu familiar.<\/p>\n<p>4. Mova o seu familiar o mais pr\u00f3ximo para a\u00a0 beira da cama.<\/p>\n<p>5. Se tiver cama articulada, suba a cabeceira da cama a 90\u00ba.<\/p>\n<p>6. Cruze os bra\u00e7os e os p\u00e9s\u00a0 do seu\u00a0 familiar\u00a0 e coloque as suas\u00a0 m\u00e3os nos ombros e pernas\u00a0 e\u00a0 num movimento \u00fanico senta-o na beira da cama.<\/p>\n<p>8. Des\u00e7a a cama at\u00e9 ao n\u00edvel da cadeira, esta deve estar num \u00e2ngulo de 30\u00ba, em rela\u00e7\u00e3o \u00e0 cama.<\/p>\n<p>9. Cruze os bra\u00e7os do seu familiar e coloque as suas m\u00e3os nos quadris e num movimento \u00fanico desloque-o at\u00e9 \u00e0 cadeira.<\/p>\n<p>11. Se necess\u00e1rio corrigir a posi\u00e7\u00e3o do seu familiar: coloque-se por tr\u00e1s da cadeira, cruze os bra\u00e7os do seu familiar e agarre nas m\u00e3os ao mesmo tempo que o puxa para tr\u00e1s.<\/p>\n<table>\n<tbody>\n<tr>\n<td><a href=\"http:\/\/pope.esenf.pt\/intentcare\/?page_id=739&amp;lang=pt\">Anterior (cadeira-cama com autonomia)<\/a><\/td>\n<td style=\"text-align: right;\"><a href=\"http:\/\/pope.esenf.pt\/intentcare\/?page_id=744&amp;lang=pt\">Seguinte (cadeira-cama sem autonomia)<\/a><\/td>\n<\/tr>\n<\/tbody>\n<\/table>\n","protected":false},"excerpt":{"rendered":"<p>1. Trave as rodas da cadeira e da cama. 2. Suba a cama. 3. Retire a almofada da cabe\u00e7a do seu familiar. 4. Mova o seu familiar o mais pr\u00f3ximo para a\u00a0 beira da cama. 5. Se tiver cama articulada, suba a cabeceira da cama a 90\u00ba. 6. Cruze os [&hellip;]<\/p>\n","protected":false},"author":1,"featured_media":0,"parent":710,"menu_order":4,"comment_status":"closed","ping_status":"closed","template":"","meta":{"spay_email":""},"jetpack_sharing_enabled":true,"jetpack_shortlink":"https:\/\/wp.me\/P8U6vi-bY","jetpack-related-posts":[{"id":732,"url":"http:\/\/pope.esenf.pt\/intentcare?page_id=732","url_meta":{"origin":742,"position":0},"title":"Transferir cama-cadeira: familiar consegue ajudar","date":"30 Junho, 2017","format":false,"excerpt":"1. Coloque a cadeira paralela \u00e0 cama e trave as rodas da cadeira e da cama. 2. Ajude o seu familiar a sentar-se na beira da cama o mais pr\u00f3ximo da cadeira. O movimento de se sentar na cama \u00e9 facilitado se ele antes se colocar numa posi\u00e7\u00e3o lateral elevando\u2026","rel":"","context":"Similar post","img":{"alt_text":"","src":"","width":0,"height":0},"classes":[]},{"id":744,"url":"http:\/\/pope.esenf.pt\/intentcare?page_id=744","url_meta":{"origin":742,"position":1},"title":"Transferir cadeira-cama: familiar n\u00e3o ajuda","date":"2 Julho, 2017","format":false,"excerpt":"http:\/\/pope.esenf.pt\/intentcare\/wp-content\/uploads\/2018\/04\/Transf_cad_cama_ncoop.mp4 Transferir cadeira-cama: familiar n\u00e3o ajuda: 1. Des\u00e7a a cama at\u00e9 ao n\u00edvel da cadeira e trave-a. 2. Coloque a cadeira num \u00e2ngulo de 30\u00ba em rela\u00e7\u00e3o \u00e0 cama, afaste os pedais e trave tamb\u00e9m a cadeira. 3. Coloque-se \u00e0 frente do seu familiar com a anca e os joelhos\u2026","rel":"","context":"Similar post","img":{"alt_text":"","src":"","width":0,"height":0},"classes":[]},{"id":739,"url":"http:\/\/pope.esenf.pt\/intentcare?page_id=739","url_meta":{"origin":742,"position":2},"title":"Transferir cadeira-cama: familiar consegue ajudar","date":"2 Julho, 2017","format":false,"excerpt":"http:\/\/pope.esenf.pt\/intentcare\/wp-content\/uploads\/2018\/06\/Transf_cad_cama_coop.mp4 Transferir cadeira-cama: familiar consegue ajudar: 1. Coloque a cadeira num \u00e2ngulo paralelo \u00e0 cama e trave as rodas da cadeira e da cama. 2. Coloque-se de forma que os joelhos do seu familiar fiquem encostados aos seus. Passe os bra\u00e7os em volta da cintura de seu familiar e pe\u00e7a-lhe\u2026","rel":"","context":"Similar post","img":{"alt_text":"","src":"","width":0,"height":0},"classes":[]},{"id":272,"url":"http:\/\/pope.esenf.pt\/intentcare?page_id=272","url_meta":{"origin":742,"position":3},"title":"Pessoa deitada para o lado direito","date":"15 Setembro, 2016","format":false,"excerpt":"1. Coloque o seu familiar de costas, assegurando que ocupa o lado esquerdo da cama. 2. Coloque-se do lado direito da cama. 3. Cruze o bra\u00e7o esquerdo do seu familiar sobre o peito e afaste ligeiramente o bra\u00e7o direito. 4. Coloque o p\u00e9 esquerdo sobre o direito. 5. Coloque uma\u2026","rel":"","context":"Similar post","img":{"alt_text":"","src":"","width":0,"height":0},"classes":[]},{"id":710,"url":"http:\/\/pope.esenf.pt\/intentcare?page_id=710","url_meta":{"origin":742,"position":4},"title":"Transferir Pessoa","date":"30 Junho, 2017","format":false,"excerpt":"Pretende-se responder \u00e0s quest\u00f5es: Como devo transferir o meu familiar da cadeira para a cama e da cama para a cadeira? Com que frequ\u00eancia devo transferir o meu familiar? A utiliza\u00e7\u00e3o de uma t\u00e9cnica adequada por parte do cuidador para transferir o seu familiar \u00e9 fundamental para evitar complica\u00e7\u00f5es. A\u2026","rel":"","context":"Similar post","img":{"alt_text":"","src":"","width":0,"height":0},"classes":[]},{"id":748,"url":"http:\/\/pope.esenf.pt\/intentcare?page_id=748","url_meta":{"origin":742,"position":5},"title":"Preven\u00e7\u00e3o de \u00falceras e quedas","date":"2 Julho, 2017","format":false,"excerpt":"Se o seu familiar permanece grande parte do tempo na cadeira ou no cadeir\u00e3o, incentive a aliviar o peso do corpo a cada 2 horas. Utilize as seguintes indica\u00e7\u00f5es: 1) com as m\u00e3os apoiadas nos bra\u00e7os da cadeira fazer for\u00e7a e elevar o corpo por segundos; 2) em alternativa apoiar\u2026","rel":"","context":"Similar post","img":{"alt_text":"","src":"","width":0,"height":0},"classes":[]}],"_links":{"self":[{"href":"http:\/\/pope.esenf.pt\/intentcare\/index.php?rest_route=\/wp\/v2\/pages\/742"}],"collection":[{"href":"http:\/\/pope.esenf.pt\/intentcare\/index.php?rest_route=\/wp\/v2\/pages"}],"about":[{"href":"http:\/\/pope.esenf.pt\/intentcare\/index.php?rest_route=\/wp\/v2\/types\/page"}],"author":[{"embeddable":true,"href":"http:\/\/pope.esenf.pt\/intentcare\/index.php?rest_route=\/wp\/v2\/users\/1"}],"replies":[{"embeddable":true,"href":"http:\/\/pope.esenf.pt\/intentcare\/index.php?rest_route=%2Fwp%2Fv2%2Fcomments&post=742"}],"version-history":[{"count":19,"href":"http:\/\/pope.esenf.pt\/intentcare\/index.php?rest_route=\/wp\/v2\/pages\/742\/revisions"}],"predecessor-version":[{"id":1952,"href":"http:\/\/pope.esenf.pt\/intentcare\/index.php?rest_route=\/wp\/v2\/pages\/742\/revisions\/1952"}],"up":[{"embeddable":true,"href":"http:\/\/pope.esenf.pt\/intentcare\/index.php?rest_route=\/wp\/v2\/pages\/710"}],"wp:attachment":[{"href":"http:\/\/pope.esenf.pt\/intentcare\/index.php?rest_route=%2Fwp%2Fv2%2Fmedia&parent=742"}],"curies":[{"name":"wp","href":"https:\/\/api.w.org\/{rel}","templated":true}]}}