{"id":675,"date":"2017-05-18T13:30:35","date_gmt":"2017-05-18T13:30:35","guid":{"rendered":"http:\/\/pope.esenf.pt\/intentcare\/?page_id=675"},"modified":"2019-06-02T18:26:43","modified_gmt":"2019-06-02T18:26:43","slug":"complicacoes","status":"publish","type":"page","link":"http:\/\/pope.esenf.pt\/intentcare?page_id=675","title":{"rendered":"Complica\u00e7\u00f5es e recomenda\u00e7\u00f5es"},"content":{"rendered":"<p><b>Desloca\u00e7\u00e3o da sonda ou sa\u00edda <\/b><b>acidental:<\/b> n\u00e3o tente recoloc\u00e1-la, contacte o enfermeiro.<\/p>\n<p><b>V\u00f3mitos: <\/b>deve virar o seu familiar de lado para evitar que o conte\u00fado seja aspirado e chegue aos pulm\u00f5es. Deve interromper a alimenta\u00e7\u00e3o e contactar o enfermeiro.<\/p>\n<p><b>Diarreia:<\/b> a alimenta\u00e7\u00e3o da pessoa com diarreia n\u00e3o deve ter alimentos ricos em fibra tais como: verduras, legumes, frutas, feij\u00e3o e alimentos doces.<\/p>\n<p><b>Obstipa\u00e7\u00e3o <\/b>(intestino preso): a pessoa deve ter um\u00a0 hor\u00e1rio regular na alimenta\u00e7\u00e3o e na evacua\u00e7\u00e3o.<\/p>\n<p>Dicas: 1) <span style=\"color: #808080;\">diariamente,<\/span> antes do banho, com a m\u00e3o espalmada como se desenhasse um quadrado, massaje a barriga no sentido dos ponteiros do rel\u00f3gio; 2) com o seu familiar deitado com a barriga para cima segure as pernas, estique-as e dobre-as sobre a barriga. Esta press\u00e3o ajuda a eliminar os gases que causam desconforto; 3) os alimentos ricos em fibras como as\u00a0 verduras, legumes, a laranja, anan\u00e1s, ameixa e Kiwi ajudam o intestino a funcionar; 4) quando a pessoa est\u00e1 com o intestino \u201cpreso\u201d evitar banana, ma\u00e7\u00e3 e ch\u00e1 preto.<\/p>\n<p><span style=\"color: #808000;\"><strong>Recomenda\u00e7\u00f5es:<\/strong><\/span><\/p>\n<p><span style=\"color: #333333;\"><strong>Cuidados de higiene\u00a0 na prepara\u00e7\u00e3o da alimenta\u00e7\u00e3o atrav\u00e9s da sonda: <\/strong>l<\/span>ave as m\u00e3os na prepara\u00e7\u00e3o da dieta e antes de alimentar a pessoa.<span style=\"color: #003366;\"> Lave\u00a0os utens\u00edlios<span style=\"font-family: Roboto, Helvetica, Arial, sans-serif;\">\u00a0<\/span>com \u00e1gua e sab\u00e3o, inclusive a seringa de alimenta\u00e7\u00e3o. Enxague com \u00e1gua corrente e seque bem.<\/span><\/p>\n<p><span style=\"color: #333333;\"><strong>Deve interromper a alimenta\u00e7\u00e3o e contactar o enfermeiro se: <\/strong>1) o<\/span>\u00a0conte\u00fado g\u00e1strico for esverdeado ou avermelhado; 2) 1 hora ap\u00f3s a avalia\u00e7\u00e3o do conte\u00fado g\u00e1strico, ainda apresentar res\u00edduo superior \u00e0 metade da quantidade da \u00faltima refei\u00e7\u00e3o; 3) surgir n\u00e1useas, v\u00f3mitos, dor ou distens\u00e3o abdominal (barriga inchada); 4) a sonda estiver entupida.<\/p>\n<p><span style=\"color: #ff00ff;\"><span style=\"color: #000000;\"><span style=\"color: #333333;\"><b>Nos intervalos das refei\u00e7\u00f5es \u00e9 importante ingerir <\/b><b>l\u00edquidos:<\/b><\/span><\/span><span style=\"color: #003366;\"><b>\u00a0<\/b>o<\/span><\/span><span style=\"color: #003366;\">\u00a0<\/span>seu familiar deve ingerir 6 a 8 copos de l\u00edquidos por dia (\u00e1gua, ch\u00e1 de ervas, leite ou sumo de fruta) atrav\u00e9s da sonda nasog\u00e1strica, distribu\u00eddos nos intervalos das refei\u00e7\u00f5es. Na presen\u00e7a de uma doen\u00e7a card\u00edaca ou renal a quantidade de l\u00edquidos<b>\u00a0<\/b>deve ser indicada pelo seu m\u00e9dico.<\/p>\n<p><span style=\"color: #ff00ff;\"><span style=\"color: #333333;\"><b>Evitar que a sonda <\/b><b>entupa: <\/b><span style=\"color: #003366;\">1) prepare a dieta segundo a indica\u00e7\u00e3o dos profissionais de sa\u00fade; 2<\/span><\/span><span style=\"color: #000000;\"><span style=\"color: #808080;\">)<\/span>\u00a0l<\/span><\/span>ave a sonda ap\u00f3s cada refei\u00e7\u00e3o;\u00a0 3) coza os alimentos e triture-os bem com a varinha m\u00e1gica; 4) lave a sonda com cerca de 20 a 30 ml de \u00e1gua morna.<\/p>\n<table>\n<tbody>\n<tr>\n<td><a href=\"http:\/\/pope.esenf.pt\/intentcare\/?page_id=673&amp;lang=pt\">Anterior (alimentar atrav\u00e9s de SNG)<\/a><\/td>\n<td style=\"text-align: right;\"><a href=\"http:\/\/pope.esenf.pt\/intentcare\/?page_id=767&amp;lang=pt\">Seguinte (cuidados na manuten\u00e7\u00e3o da sonda)<\/a><\/td>\n<\/tr>\n<\/tbody>\n<\/table>\n<p><strong>\u00a0<\/strong><\/p>\n","protected":false},"excerpt":{"rendered":"<p>Desloca\u00e7\u00e3o da sonda ou sa\u00edda acidental: n\u00e3o tente recoloc\u00e1-la, contacte o enfermeiro. V\u00f3mitos: deve virar o seu familiar de lado para evitar que o conte\u00fado seja aspirado e chegue aos pulm\u00f5es. Deve interromper a alimenta\u00e7\u00e3o e contactar o enfermeiro. Diarreia: a alimenta\u00e7\u00e3o da pessoa com diarreia n\u00e3o deve ter alimentos [&hellip;]<\/p>\n","protected":false},"author":1,"featured_media":0,"parent":658,"menu_order":7,"comment_status":"closed","ping_status":"closed","template":"","meta":{"spay_email":""},"jetpack_sharing_enabled":true,"jetpack_shortlink":"https:\/\/wp.me\/P8U6vi-aT","jetpack-related-posts":[{"id":39,"url":"http:\/\/pope.esenf.pt\/intentcare?page_id=39","url_meta":{"origin":675,"position":0},"title":"Alimentar Pessoa","date":"26 Julho, 2016","format":false,"excerpt":"Pretende-se responder \u00e0s quest\u00f5es: Como devo alimentar o meu familiar? Como posso prevenir e resolver as complica\u00e7\u00f5es que possam surgir? A informa\u00e7\u00e3o dispon\u00edvel \u00e9 um complemento das recomenda\u00e7\u00f5es dadas pelo seu enfermeiro. A alimenta\u00e7\u00e3o por via oral consiste em\u00a0levar e colocar alimentos s\u00f3lidos ou l\u00edquidos na boca. Quando o seu\u2026","rel":"","context":"Similar post","img":{"alt_text":"","src":"","width":0,"height":0},"classes":[]},{"id":658,"url":"http:\/\/pope.esenf.pt\/intentcare?page_id=658","url_meta":{"origin":675,"position":1},"title":"Alimenta\u00e7\u00e3o atrav\u00e9s de sonda nasog\u00e1strica","date":"18 Maio, 2017","format":false,"excerpt":"Alimenta\u00e7\u00e3o atrav\u00e9s de sonda naso g\u00e1strica Pretende-se responder \u00e0s quest\u00f5es: Como devo alimentar o meu familiar? Como prevenir e tratar complica\u00e7\u00f5es? A informa\u00e7\u00e3o dispon\u00edvel \u00e9 um complemento das recomenda\u00e7\u00f5es dadas pelo enfermeiro. A alimenta\u00e7\u00e3o por sonda est\u00e1 indicada quando a pessoa n\u00e3o se pode alimentar pela boca, n\u00e3o consegue comer,\u2026","rel":"","context":"Similar post","img":{"alt_text":"","src":"","width":0,"height":0},"classes":[]},{"id":88,"url":"http:\/\/pope.esenf.pt\/intentcare?page_id=88","url_meta":{"origin":675,"position":2},"title":"Necessidades Nutricionais","date":"26 Julho, 2016","format":false,"excerpt":"Os hidratos de carbono, prote\u00ednas, gorduras, fibras, vitaminas e minerais e a \u00e1gua existentes nos alimentos asseguram o bom funcionamento do organismo e fornecem energia necess\u00e1ria para a realiza\u00e7\u00e3o das v\u00e1rias atividades do dia-a-dia. Dependendo das doen\u00e7as que o seu familiar possui pode ser necess\u00e1rio adaptar a sua alimenta\u00e7\u00e3o tendo\u2026","rel":"","context":"Similar post","img":{"alt_text":"","src":"https:\/\/i0.wp.com\/pope.esenf.pt\/intentcare\/wp-content\/uploads\/2016\/07\/Imagem12-300x300.png?resize=350%2C200","width":350,"height":200},"classes":[]},{"id":96,"url":"http:\/\/pope.esenf.pt\/intentcare?page_id=96","url_meta":{"origin":675,"position":3},"title":"Situa\u00e7\u00f5es especiais","date":"26 Julho, 2016","format":false,"excerpt":"A presen\u00e7a de v\u00f3mito, tosse produtiva ou altera\u00e7\u00f5es da respira\u00e7\u00e3o, associadas a aumento de expetora\u00e7\u00e3o e sensa\u00e7\u00e3o de falta de ar ou a altera\u00e7\u00e3o do estado de consci\u00eancia (exemplo: o seu familiar fica mais sonolento, pouco reativo...) s\u00e3o contraindica\u00e7\u00f5es para a alimenta\u00e7\u00e3o pela boca. Em caso de detetar alguma destas\u2026","rel":"","context":"Similar post","img":{"alt_text":"","src":"","width":0,"height":0},"classes":[]},{"id":47,"url":"http:\/\/pope.esenf.pt\/intentcare?page_id=47","url_meta":{"origin":675,"position":4},"title":"Alimentar Pessoa - Introdu\u00e7\u00e3o","date":"26 Julho, 2016","format":false,"excerpt":"A alimenta\u00e7\u00e3o por via oral consiste em levar e colocar alimentos s\u00f3lidos ou l\u00edquidos na boca. Quando o seu familiar deixa de conseguir iniciar e finalizar sozinho esta tarefa, torna-se necess\u00e1ria a ajuda de algu\u00e9m para se alimentar. Desta forma, pretende-se que o seu familiar receba os nutrientes necess\u00e1rios ao\u2026","rel":"","context":"Similar post","img":{"alt_text":"","src":"","width":0,"height":0},"classes":[]},{"id":669,"url":"http:\/\/pope.esenf.pt\/intentcare?page_id=669","url_meta":{"origin":675,"position":5},"title":"Verificar o res\u00edduo g\u00e1strico \u00a0","date":"18 Maio, 2017","format":false,"excerpt":"1. Feche a sonda nasog\u00e1strica, dobrando a pr\u00f3pria sonda na extremidade. 2. Retire a tampa. 3. Com uma seringa de alimenta\u00e7\u00e3o aspirar. 4. Confirmar o aspecto e a quantidade do res\u00edduo g\u00e1strico. 5. Se a quantidade de l\u00edquido aspirado (alimento em digest\u00e3o) for mais do que metade da quantidade da\u2026","rel":"","context":"Similar post","img":{"alt_text":"","src":"","width":0,"height":0},"classes":[]}],"_links":{"self":[{"href":"http:\/\/pope.esenf.pt\/intentcare\/index.php?rest_route=\/wp\/v2\/pages\/675"}],"collection":[{"href":"http:\/\/pope.esenf.pt\/intentcare\/index.php?rest_route=\/wp\/v2\/pages"}],"about":[{"href":"http:\/\/pope.esenf.pt\/intentcare\/index.php?rest_route=\/wp\/v2\/types\/page"}],"author":[{"embeddable":true,"href":"http:\/\/pope.esenf.pt\/intentcare\/index.php?rest_route=\/wp\/v2\/users\/1"}],"replies":[{"embeddable":true,"href":"http:\/\/pope.esenf.pt\/intentcare\/index.php?rest_route=%2Fwp%2Fv2%2Fcomments&post=675"}],"version-history":[{"count":28,"href":"http:\/\/pope.esenf.pt\/intentcare\/index.php?rest_route=\/wp\/v2\/pages\/675\/revisions"}],"predecessor-version":[{"id":1860,"href":"http:\/\/pope.esenf.pt\/intentcare\/index.php?rest_route=\/wp\/v2\/pages\/675\/revisions\/1860"}],"up":[{"embeddable":true,"href":"http:\/\/pope.esenf.pt\/intentcare\/index.php?rest_route=\/wp\/v2\/pages\/658"}],"wp:attachment":[{"href":"http:\/\/pope.esenf.pt\/intentcare\/index.php?rest_route=%2Fwp%2Fv2%2Fmedia&parent=675"}],"curies":[{"name":"wp","href":"https:\/\/api.w.org\/{rel}","templated":true}]}}