{"id":669,"date":"2017-05-18T13:23:35","date_gmt":"2017-05-18T13:23:35","guid":{"rendered":"http:\/\/pope.esenf.pt\/intentcare\/?page_id=669"},"modified":"2019-06-02T18:22:51","modified_gmt":"2019-06-02T18:22:51","slug":"verificar-o-residuo-gastrico","status":"publish","type":"page","link":"http:\/\/pope.esenf.pt\/intentcare?page_id=669","title":{"rendered":"Verificar o res\u00edduo g\u00e1strico \u00a0"},"content":{"rendered":"<div style=\"width: 750px;\" class=\"wp-video\"><!--[if lt IE 9]><script>document.createElement('video');<\/script><![endif]-->\n<video class=\"wp-video-shortcode\" id=\"video-669-1\" width=\"750\" height=\"563\" preload=\"metadata\" controls=\"controls\"><source type=\"video\/mp4\" src=\"http:\/\/pope.esenf.pt\/intentcare\/wp-content\/uploads\/2017\/05\/verificar_residuo.mp4?_=1\" \/><a href=\"http:\/\/pope.esenf.pt\/intentcare\/wp-content\/uploads\/2017\/05\/verificar_residuo.mp4\">http:\/\/pope.esenf.pt\/intentcare\/wp-content\/uploads\/2017\/05\/verificar_residuo.mp4<\/a><\/video><\/div>\n<p>1. Feche a sonda nasog\u00e1strica, dobrando a pr\u00f3pria sonda na extremidade.<\/p>\n<p>2. Retire a tampa.<\/p>\n<p>3. Com uma seringa de alimenta\u00e7\u00e3o aspirar.<\/p>\n<p>4. Confirmar o aspecto e a quantidade do res\u00edduo g\u00e1strico.<\/p>\n<p>5. Se a quantidade de l\u00edquido aspirado (alimento em digest\u00e3o) for mais do que metade da quantidade da \u00faltima refei\u00e7\u00e3o, voltar a introduzir, evitando a perda de l\u00edquidos, electr\u00f3litos e enzimas. Deve aguardar cerca de 1 a 2 horas at\u00e9 voltar a avaliar. Se a situa\u00e7\u00e3o se mantiver deve contactar o enfermeiro.<\/p>\n<p>6. Se o conte\u00fado aspirado for esverdeado ou avermelhado, n\u00e3o reintroduzir e contactar o enfermeiro.<\/p>\n<table>\n<tbody>\n<tr>\n<td><a href=\"http:\/\/pope.esenf.pt\/intentcare\/?page_id=667&amp;lang=pt\">Anterior (verificar se a sonda est\u00e1 no est\u00f4mago)<\/a><\/td>\n<td style=\"text-align: right;\"><a href=\"http:\/\/pope.esenf.pt\/intentcare\/?page_id=671&amp;lang=pt\">Seguinte (aspirar alimento para seringa)<\/a><\/td>\n<\/tr>\n<\/tbody>\n<\/table>\n<p><strong>\u00a0<\/strong><\/p>\n","protected":false},"excerpt":{"rendered":"<p>1. Feche a sonda nasog\u00e1strica, dobrando a pr\u00f3pria sonda na extremidade. 2. Retire a tampa. 3. Com uma seringa de alimenta\u00e7\u00e3o aspirar. 4. Confirmar o aspecto e a quantidade do res\u00edduo g\u00e1strico. 5. Se a quantidade de l\u00edquido aspirado (alimento em digest\u00e3o) for mais do que metade da quantidade da [&hellip;]<\/p>\n","protected":false},"author":1,"featured_media":0,"parent":658,"menu_order":4,"comment_status":"closed","ping_status":"closed","template":"","meta":{"spay_email":""},"jetpack_sharing_enabled":true,"jetpack_shortlink":"https:\/\/wp.me\/P8U6vi-aN","jetpack-related-posts":[{"id":671,"url":"http:\/\/pope.esenf.pt\/intentcare?page_id=671","url_meta":{"origin":669,"position":0},"title":"Aspirar alimento para a seringa","date":"18 Maio, 2017","format":false,"excerpt":"1. Lave as m\u00e3os. 2.\u00a0 Aspire o alimento, com a seringa de alimenta\u00e7\u00e3o. 3.\u00a0 Retire o ar existente na seringa, com ajuda de um guardanapo. Anterior (verificar o res\u00edduo g\u00e1strico) Seguinte (alimentar atrav\u00e9s de SNG) \u00a0","rel":"","context":"Similar post","img":{"alt_text":"","src":"","width":0,"height":0},"classes":[]},{"id":675,"url":"http:\/\/pope.esenf.pt\/intentcare?page_id=675","url_meta":{"origin":669,"position":1},"title":"Complica\u00e7\u00f5es e recomenda\u00e7\u00f5es","date":"18 Maio, 2017","format":false,"excerpt":"Desloca\u00e7\u00e3o da sonda ou sa\u00edda acidental: n\u00e3o tente recoloc\u00e1-la, contacte o enfermeiro. V\u00f3mitos: deve virar o seu familiar de lado para evitar que o conte\u00fado seja aspirado e chegue aos pulm\u00f5es. Deve interromper a alimenta\u00e7\u00e3o e contactar o enfermeiro. Diarreia: a alimenta\u00e7\u00e3o da pessoa com diarreia n\u00e3o deve ter alimentos\u2026","rel":"","context":"Similar post","img":{"alt_text":"","src":"","width":0,"height":0},"classes":[]},{"id":667,"url":"http:\/\/pope.esenf.pt\/intentcare?page_id=667","url_meta":{"origin":669,"position":2},"title":"Verificar se sonda est\u00e1 no est\u00f4mago","date":"18 Maio, 2017","format":false,"excerpt":"1. Lave as m\u00e3os. 2. Certifique-se que a sonda n\u00e3o est\u00e1 na boca. 3. Feche\u00a0 a sonda nasog\u00e1strica, dobrando-a na extremidade. 4. Retire a tampa. 5. Introduzir cerca de 20 ml de ar atrav\u00e9s da sonda, colocando ao mesmo tempo a m\u00e3o na regi\u00e3o do est\u00f4mago\u00a0 e verificar se sente\u2026","rel":"","context":"Similar post","img":{"alt_text":"","src":"","width":0,"height":0},"classes":[]},{"id":673,"url":"http:\/\/pope.esenf.pt\/intentcare?page_id=673","url_meta":{"origin":669,"position":3},"title":"Alimentar atrav\u00e9s de sonda nasog\u00e1strica","date":"18 Maio, 2017","format":false,"excerpt":"1. Verifique a temperatura do alimento, colocando na parte interna do punho uma pequena quantidade. Alimentos muito quentes podem provocar queimaduras e muito frios desconforto. 2. Encha a seringa e adapte-a \u00e0 sonda nasog\u00e1strica. 3. Introduza o alimento lentamente, a refei\u00e7\u00e3o deve demorar cerca de 15 a 20 minutos. 4.\u2026","rel":"","context":"Similar post","img":{"alt_text":"","src":"","width":0,"height":0},"classes":[]},{"id":769,"url":"http:\/\/pope.esenf.pt\/intentcare?page_id=769","url_meta":{"origin":669,"position":4},"title":"Dar comprimidos atrav\u00e9s da sonda nasog\u00e1strica","date":"2 Julho, 2017","format":false,"excerpt":"1. Lave as m\u00e3os. 2. Coloque \u00e1gua no copo. 3. Abra os comprimidos e esmague-os no almofariz e adicione \u00e1gua. 4. Aspire o conte\u00fado para a seringa. 5. Retire o ar existente na seringa. 6. Antes de dar o medicamento deve verificar se a sonda est\u00e1 no est\u00f4mago. 7. Depois\u2026","rel":"","context":"Similar post","img":{"alt_text":"","src":"","width":0,"height":0},"classes":[]},{"id":771,"url":"http:\/\/pope.esenf.pt\/intentcare?page_id=771","url_meta":{"origin":669,"position":5},"title":"Dar xarope atrav\u00e9s da sonda nasog\u00e1strica","date":"2 Julho, 2017","format":false,"excerpt":"1. Lave as m\u00e3os. 2. Coloque \u00e1gua no copo. 3. Agite o xarope. 4. Coloque na colher medida o xarope pretendido. 5. Coloque no copo e mexa. 5. Aspire o conte\u00fado do medicamento para a seringa. 6. Retire o ar existente na seringa. 7. Antes de dar o medicamento deve\u2026","rel":"","context":"Similar post","img":{"alt_text":"","src":"","width":0,"height":0},"classes":[]}],"_links":{"self":[{"href":"http:\/\/pope.esenf.pt\/intentcare\/index.php?rest_route=\/wp\/v2\/pages\/669"}],"collection":[{"href":"http:\/\/pope.esenf.pt\/intentcare\/index.php?rest_route=\/wp\/v2\/pages"}],"about":[{"href":"http:\/\/pope.esenf.pt\/intentcare\/index.php?rest_route=\/wp\/v2\/types\/page"}],"author":[{"embeddable":true,"href":"http:\/\/pope.esenf.pt\/intentcare\/index.php?rest_route=\/wp\/v2\/users\/1"}],"replies":[{"embeddable":true,"href":"http:\/\/pope.esenf.pt\/intentcare\/index.php?rest_route=%2Fwp%2Fv2%2Fcomments&post=669"}],"version-history":[{"count":10,"href":"http:\/\/pope.esenf.pt\/intentcare\/index.php?rest_route=\/wp\/v2\/pages\/669\/revisions"}],"predecessor-version":[{"id":1854,"href":"http:\/\/pope.esenf.pt\/intentcare\/index.php?rest_route=\/wp\/v2\/pages\/669\/revisions\/1854"}],"up":[{"embeddable":true,"href":"http:\/\/pope.esenf.pt\/intentcare\/index.php?rest_route=\/wp\/v2\/pages\/658"}],"wp:attachment":[{"href":"http:\/\/pope.esenf.pt\/intentcare\/index.php?rest_route=%2Fwp%2Fv2%2Fmedia&parent=669"}],"curies":[{"name":"wp","href":"https:\/\/api.w.org\/{rel}","templated":true}]}}