{"id":667,"date":"2017-05-18T13:21:25","date_gmt":"2017-05-18T13:21:25","guid":{"rendered":"http:\/\/pope.esenf.pt\/intentcare\/?page_id=667"},"modified":"2019-06-02T18:21:17","modified_gmt":"2019-06-02T18:21:17","slug":"verificar-se-sonda-esta-no-estomago","status":"publish","type":"page","link":"http:\/\/pope.esenf.pt\/intentcare?page_id=667","title":{"rendered":"Verificar se sonda est\u00e1 no est\u00f4mago"},"content":{"rendered":"<div style=\"width: 750px;\" class=\"wp-video\"><!--[if lt IE 9]><script>document.createElement('video');<\/script><![endif]-->\n<video class=\"wp-video-shortcode\" id=\"video-667-1\" width=\"750\" height=\"563\" preload=\"metadata\" controls=\"controls\"><source type=\"video\/mp4\" src=\"http:\/\/pope.esenf.pt\/intentcare\/wp-content\/uploads\/2017\/05\/verificar_sonda.mp4?_=1\" \/><a href=\"http:\/\/pope.esenf.pt\/intentcare\/wp-content\/uploads\/2017\/05\/verificar_sonda.mp4\">http:\/\/pope.esenf.pt\/intentcare\/wp-content\/uploads\/2017\/05\/verificar_sonda.mp4<\/a><\/video><\/div>\n<p>1. Lave as m\u00e3os.<\/p>\n<p>2. Certifique-se que a sonda n\u00e3o est\u00e1 na boca.<\/p>\n<p>3. Feche\u00a0 a sonda nasog\u00e1strica, dobrando-a na extremidade.<\/p>\n<p>4. Retire a tampa.<\/p>\n<p>5. Introduzir cerca de 20 ml de ar atrav\u00e9s da sonda, colocando ao mesmo tempo a m\u00e3o na regi\u00e3o do est\u00f4mago\u00a0 e verificar se sente o ar a entrar.<\/p>\n<p>6. No final \u00e9 importante voltar a aspirar o ar introduzido.<\/p>\n<table>\n<tbody>\n<tr>\n<td><a href=\"http:\/\/pope.esenf.pt\/intentcare\/?page_id=665&amp;lang=pt\">Anterior (posicionar pessoa)<\/a><\/td>\n<td style=\"text-align: right;\"><a href=\"http:\/\/pope.esenf.pt\/intentcare\/?page_id=669&amp;lang=pt\">Seguinte (verificar o res\u00edduo g\u00e1strico)<\/a><\/td>\n<\/tr>\n<\/tbody>\n<\/table>\n<p><strong>\u00a0<\/strong><\/p>\n","protected":false},"excerpt":{"rendered":"<p>1. Lave as m\u00e3os. 2. Certifique-se que a sonda n\u00e3o est\u00e1 na boca. 3. Feche\u00a0 a sonda nasog\u00e1strica, dobrando-a na extremidade. 4. Retire a tampa. 5. Introduzir cerca de 20 ml de ar atrav\u00e9s da sonda, colocando ao mesmo tempo a m\u00e3o na regi\u00e3o do est\u00f4mago\u00a0 e verificar se sente [&hellip;]<\/p>\n","protected":false},"author":1,"featured_media":0,"parent":658,"menu_order":3,"comment_status":"closed","ping_status":"closed","template":"","meta":{"spay_email":""},"jetpack_sharing_enabled":true,"jetpack_shortlink":"https:\/\/wp.me\/P8U6vi-aL","jetpack-related-posts":[{"id":769,"url":"http:\/\/pope.esenf.pt\/intentcare?page_id=769","url_meta":{"origin":667,"position":0},"title":"Dar comprimidos atrav\u00e9s da sonda nasog\u00e1strica","date":"2 Julho, 2017","format":false,"excerpt":"1. Lave as m\u00e3os. 2. Coloque \u00e1gua no copo. 3. Abra os comprimidos e esmague-os no almofariz e adicione \u00e1gua. 4. Aspire o conte\u00fado para a seringa. 5. Retire o ar existente na seringa. 6. Antes de dar o medicamento deve verificar se a sonda est\u00e1 no est\u00f4mago. 7. Depois\u2026","rel":"","context":"Similar post","img":{"alt_text":"","src":"","width":0,"height":0},"classes":[]},{"id":771,"url":"http:\/\/pope.esenf.pt\/intentcare?page_id=771","url_meta":{"origin":667,"position":1},"title":"Dar xarope atrav\u00e9s da sonda nasog\u00e1strica","date":"2 Julho, 2017","format":false,"excerpt":"1. Lave as m\u00e3os. 2. Coloque \u00e1gua no copo. 3. Agite o xarope. 4. Coloque na colher medida o xarope pretendido. 5. Coloque no copo e mexa. 5. Aspire o conte\u00fado do medicamento para a seringa. 6. Retire o ar existente na seringa. 7. Antes de dar o medicamento deve\u2026","rel":"","context":"Similar post","img":{"alt_text":"","src":"","width":0,"height":0},"classes":[]},{"id":786,"url":"http:\/\/pope.esenf.pt\/intentcare?page_id=786","url_meta":{"origin":667,"position":2},"title":"Material para alimentar pessoa SNG","date":"3 Julho, 2017","format":false,"excerpt":"Bem vindo Em seguida poder\u00e1 observar algumas imagens relativas ao tema alimenta\u00e7\u00e3o atrav\u00e9s de sonda nasog\u00e1strica Equipamento \u00a0 Sonda nasog\u00e1strica Seringa de alimenta\u00e7\u00e3o Clampe Adesivo para colocar no nariz Resguardo Medicamento triturado Medicamento dilu\u00eddo\u00a0 na \u00e1gua Material necess\u00e1rio para preparar a alimenta\u00e7\u00e3o Imagens de procedimento \u00a0 Clampagem da sonda e\u2026","rel":"","context":"Similar post","img":{"alt_text":"","src":"https:\/\/i0.wp.com\/pope.esenf.pt\/intentcare\/wp-content\/uploads\/2017\/04\/sng-1.png?resize=350%2C200","width":350,"height":200},"classes":[]},{"id":669,"url":"http:\/\/pope.esenf.pt\/intentcare?page_id=669","url_meta":{"origin":667,"position":3},"title":"Verificar o res\u00edduo g\u00e1strico \u00a0","date":"18 Maio, 2017","format":false,"excerpt":"1. Feche a sonda nasog\u00e1strica, dobrando a pr\u00f3pria sonda na extremidade. 2. Retire a tampa. 3. Com uma seringa de alimenta\u00e7\u00e3o aspirar. 4. Confirmar o aspecto e a quantidade do res\u00edduo g\u00e1strico. 5. Se a quantidade de l\u00edquido aspirado (alimento em digest\u00e3o) for mais do que metade da quantidade da\u2026","rel":"","context":"Similar post","img":{"alt_text":"","src":"","width":0,"height":0},"classes":[]},{"id":673,"url":"http:\/\/pope.esenf.pt\/intentcare?page_id=673","url_meta":{"origin":667,"position":4},"title":"Alimentar atrav\u00e9s de sonda nasog\u00e1strica","date":"18 Maio, 2017","format":false,"excerpt":"1. Verifique a temperatura do alimento, colocando na parte interna do punho uma pequena quantidade. Alimentos muito quentes podem provocar queimaduras e muito frios desconforto. 2. Encha a seringa e adapte-a \u00e0 sonda nasog\u00e1strica. 3. Introduza o alimento lentamente, a refei\u00e7\u00e3o deve demorar cerca de 15 a 20 minutos. 4.\u2026","rel":"","context":"Similar post","img":{"alt_text":"","src":"","width":0,"height":0},"classes":[]},{"id":665,"url":"http:\/\/pope.esenf.pt\/intentcare?page_id=665","url_meta":{"origin":667,"position":5},"title":"Posicionar pessoa para ser alimentada","date":"18 Maio, 2017","format":false,"excerpt":"1. Sente o seu familiar numa cadeira com as costas bem apoiadas. 2. Se tiver cama articulada\u00a0eleve a cabeceira para que\u00a0 fique sentado. 3. Se n\u00e3o tiver cama articulada, sente-o recorrendo ao uso de almofadas. 4. Assegure que o seu familiar\u00a0 fique por mais 30-60 minutos ainda sentado depois de\u2026","rel":"","context":"Similar post","img":{"alt_text":"","src":"","width":0,"height":0},"classes":[]}],"_links":{"self":[{"href":"http:\/\/pope.esenf.pt\/intentcare\/index.php?rest_route=\/wp\/v2\/pages\/667"}],"collection":[{"href":"http:\/\/pope.esenf.pt\/intentcare\/index.php?rest_route=\/wp\/v2\/pages"}],"about":[{"href":"http:\/\/pope.esenf.pt\/intentcare\/index.php?rest_route=\/wp\/v2\/types\/page"}],"author":[{"embeddable":true,"href":"http:\/\/pope.esenf.pt\/intentcare\/index.php?rest_route=\/wp\/v2\/users\/1"}],"replies":[{"embeddable":true,"href":"http:\/\/pope.esenf.pt\/intentcare\/index.php?rest_route=%2Fwp%2Fv2%2Fcomments&post=667"}],"version-history":[{"count":13,"href":"http:\/\/pope.esenf.pt\/intentcare\/index.php?rest_route=\/wp\/v2\/pages\/667\/revisions"}],"predecessor-version":[{"id":1852,"href":"http:\/\/pope.esenf.pt\/intentcare\/index.php?rest_route=\/wp\/v2\/pages\/667\/revisions\/1852"}],"up":[{"embeddable":true,"href":"http:\/\/pope.esenf.pt\/intentcare\/index.php?rest_route=\/wp\/v2\/pages\/658"}],"wp:attachment":[{"href":"http:\/\/pope.esenf.pt\/intentcare\/index.php?rest_route=%2Fwp%2Fv2%2Fmedia&parent=667"}],"curies":[{"name":"wp","href":"https:\/\/api.w.org\/{rel}","templated":true}]}}