{"id":665,"date":"2017-05-18T13:20:26","date_gmt":"2017-05-18T13:20:26","guid":{"rendered":"http:\/\/pope.esenf.pt\/intentcare\/?page_id=665"},"modified":"2020-01-06T11:10:25","modified_gmt":"2020-01-06T11:10:25","slug":"posicionar-pessoa-para-ser-alimentada","status":"publish","type":"page","link":"http:\/\/pope.esenf.pt\/intentcare?page_id=665","title":{"rendered":"Posicionar pessoa para ser alimentada"},"content":{"rendered":"<div style=\"width: 750px;\" class=\"wp-video\"><!--[if lt IE 9]><script>document.createElement('video');<\/script><![endif]-->\n<video class=\"wp-video-shortcode\" id=\"video-665-1\" width=\"750\" height=\"563\" preload=\"metadata\" controls=\"controls\"><source type=\"video\/mp4\" src=\"http:\/\/pope.esenf.pt\/intentcare\/wp-content\/uploads\/2017\/05\/etapas.mp4?_=1\" \/><a href=\"http:\/\/pope.esenf.pt\/intentcare\/wp-content\/uploads\/2017\/05\/etapas.mp4\">http:\/\/pope.esenf.pt\/intentcare\/wp-content\/uploads\/2017\/05\/etapas.mp4<\/a><\/video><\/div>\n<p>1. Sente o seu familiar numa cadeira com as costas bem apoiadas.<\/p>\n<p>2. <span>Se tiver cama articulada&nbsp;<\/span>eleve a cabeceira para que&nbsp; fique sentado.<\/p>\n<p>3. Se n\u00e3o tiver cama articulada, sente-o recorrendo ao uso de almofadas.<\/p>\n<p>4. Assegure que o seu familiar&nbsp; fique por mais 30-60 minutos ainda sentado depois de terminar a alimenta\u00e7\u00e3o, para facilitar a digest\u00e3o e prevenir&nbsp; a regurgita\u00e7\u00e3o de alimentos<b>.<\/b><\/p>\n<table>\n<tbody>\n<tr>\n<td><a href=\"http:\/\/pope.esenf.pt\/intentcare\/?page_id=660&amp;lang=pt\">Anterior (alimenta\u00e7\u00e3o por SNG introdu\u00e7\u00e3o)<\/a><\/td>\n<td style=\"text-align: right;\"><a href=\"http:\/\/pope.esenf.pt\/intentcare\/?page_id=667&amp;lang=pt\">Seguinte (verificar sonda no est\u00f4mago)<\/a><\/td>\n<\/tr>\n<\/tbody>\n<\/table>\n<p><strong>&nbsp;<\/strong><\/p>\n","protected":false},"excerpt":{"rendered":"<p>1. Sente o seu familiar numa cadeira com as costas bem apoiadas. 2. Se tiver cama articulada&nbsp;eleve a cabeceira para que&nbsp; fique sentado. 3. Se n\u00e3o tiver cama articulada, sente-o recorrendo ao uso de almofadas. 4. Assegure que o seu familiar&nbsp; fique por mais 30-60 minutos ainda sentado depois de [&hellip;]<\/p>\n","protected":false},"author":1,"featured_media":0,"parent":658,"menu_order":2,"comment_status":"closed","ping_status":"closed","template":"","meta":{"spay_email":""},"jetpack_sharing_enabled":true,"jetpack_shortlink":"https:\/\/wp.me\/P8U6vi-aJ","jetpack-related-posts":[{"id":732,"url":"http:\/\/pope.esenf.pt\/intentcare?page_id=732","url_meta":{"origin":665,"position":0},"title":"Transferir cama-cadeira: familiar consegue ajudar","date":"30 Junho, 2017","format":false,"excerpt":"1. Coloque a cadeira paralela \u00e0 cama e trave as rodas da cadeira e da cama. 2. Ajude o seu familiar a sentar-se na beira da cama o mais pr\u00f3ximo da cadeira. O movimento de se sentar na cama \u00e9 facilitado se ele antes se colocar numa posi\u00e7\u00e3o lateral elevando\u2026","rel":"","context":"Similar post","img":{"alt_text":"","src":"","width":0,"height":0},"classes":[]},{"id":92,"url":"http:\/\/pope.esenf.pt\/intentcare?page_id=92","url_meta":{"origin":665,"position":1},"title":"Alimenta\u00e7\u00e3o pela boca","date":"26 Julho, 2016","format":false,"excerpt":"O momento da refei\u00e7\u00e3o deve ser calmo e agrad\u00e1vel, num espa\u00e7o limpo e longe de odores desagrad\u00e1veis e a apresenta\u00e7\u00e3o da refei\u00e7\u00e3o deve ter um aspeto agrad\u00e1vel. A temperatura dos alimentos deve ser adequada, de forma a evitar queimadura. Antes das refei\u00e7\u00f5es, pode e deve permitir e incentivar a lavagem\u2026","rel":"","context":"Similar post","img":{"alt_text":"","src":"","width":0,"height":0},"classes":[]},{"id":710,"url":"http:\/\/pope.esenf.pt\/intentcare?page_id=710","url_meta":{"origin":665,"position":2},"title":"Transferir Pessoa","date":"30 Junho, 2017","format":false,"excerpt":"Pretende-se responder \u00e0s quest\u00f5es: Como devo transferir o meu familiar da cadeira para a cama e da cama para a cadeira? Com que frequ\u00eancia devo transferir o meu familiar? A utiliza\u00e7\u00e3o de uma t\u00e9cnica adequada por parte do cuidador para transferir o seu familiar \u00e9 fundamental para evitar complica\u00e7\u00f5es. A\u2026","rel":"","context":"Similar post","img":{"alt_text":"","src":"","width":0,"height":0},"classes":[]},{"id":742,"url":"http:\/\/pope.esenf.pt\/intentcare?page_id=742","url_meta":{"origin":665,"position":3},"title":"Transferir cama-cadeira: familiar n\u00e3o ajuda","date":"2 Julho, 2017","format":false,"excerpt":"1. Trave as rodas da cadeira e da cama. 2. Suba a cama. 3. Retire a almofada da cabe\u00e7a do seu familiar. 4. Mova o seu familiar o mais pr\u00f3ximo para a\u00a0 beira da cama. 5. Se tiver cama articulada, suba a cabeceira da cama a 90\u00ba. 6. Cruze os\u2026","rel":"","context":"Similar post","img":{"alt_text":"","src":"","width":0,"height":0},"classes":[]},{"id":739,"url":"http:\/\/pope.esenf.pt\/intentcare?page_id=739","url_meta":{"origin":665,"position":4},"title":"Transferir cadeira-cama: familiar consegue ajudar","date":"2 Julho, 2017","format":false,"excerpt":"http:\/\/pope.esenf.pt\/intentcare\/wp-content\/uploads\/2018\/06\/Transf_cad_cama_coop.mp4 Transferir cadeira-cama: familiar consegue ajudar: 1. Coloque a cadeira num \u00e2ngulo paralelo \u00e0 cama e trave as rodas da cadeira e da cama. 2. Coloque-se de forma que os joelhos do seu familiar fiquem encostados aos seus. Passe os bra\u00e7os em volta da cintura de seu familiar e pe\u00e7a-lhe\u2026","rel":"","context":"Similar post","img":{"alt_text":"","src":"","width":0,"height":0},"classes":[]},{"id":783,"url":"http:\/\/pope.esenf.pt\/intentcare?page_id=783","url_meta":{"origin":665,"position":5},"title":"Material para transferir a pessoa","date":"3 Julho, 2017","format":false,"excerpt":"Bem vindo Em seguida poder\u00e1 observar algumas imagens relativas ao tema Transferir a Pessoa. Equipamentos T\u00e1bua de transfer\u00eancia Disco de transfer\u00eancia Disco de transfer\u00eancia \u00a0 Cinto de transfer\u00eancia Cinto de transfer\u00eancia Cinto de transfer\u00eancia \u00a0 Cama articulada Cama articulada Cadeira de rodas Imagens de procedimento \u00a0 Posi\u00e7\u00e3o que o cuidador\u2026","rel":"","context":"Similar post","img":{"alt_text":"","src":"https:\/\/i0.wp.com\/pope.esenf.pt\/intentcare\/wp-content\/uploads\/2017\/04\/esep-30-300x200-300x200.jpg?resize=350%2C200","width":350,"height":200},"classes":[]}],"_links":{"self":[{"href":"http:\/\/pope.esenf.pt\/intentcare\/index.php?rest_route=\/wp\/v2\/pages\/665"}],"collection":[{"href":"http:\/\/pope.esenf.pt\/intentcare\/index.php?rest_route=\/wp\/v2\/pages"}],"about":[{"href":"http:\/\/pope.esenf.pt\/intentcare\/index.php?rest_route=\/wp\/v2\/types\/page"}],"author":[{"embeddable":true,"href":"http:\/\/pope.esenf.pt\/intentcare\/index.php?rest_route=\/wp\/v2\/users\/1"}],"replies":[{"embeddable":true,"href":"http:\/\/pope.esenf.pt\/intentcare\/index.php?rest_route=%2Fwp%2Fv2%2Fcomments&post=665"}],"version-history":[{"count":24,"href":"http:\/\/pope.esenf.pt\/intentcare\/index.php?rest_route=\/wp\/v2\/pages\/665\/revisions"}],"predecessor-version":[{"id":2986,"href":"http:\/\/pope.esenf.pt\/intentcare\/index.php?rest_route=\/wp\/v2\/pages\/665\/revisions\/2986"}],"up":[{"embeddable":true,"href":"http:\/\/pope.esenf.pt\/intentcare\/index.php?rest_route=\/wp\/v2\/pages\/658"}],"wp:attachment":[{"href":"http:\/\/pope.esenf.pt\/intentcare\/index.php?rest_route=%2Fwp%2Fv2%2Fmedia&parent=665"}],"curies":[{"name":"wp","href":"https:\/\/api.w.org\/{rel}","templated":true}]}}