{"id":6,"date":"2016-05-09T12:41:43","date_gmt":"2016-05-09T12:41:43","guid":{"rendered":"http:\/\/pope.esenf.pt\/intentcare\/?page_id=6"},"modified":"2019-11-11T15:03:31","modified_gmt":"2019-11-11T15:03:31","slug":"temas","status":"publish","type":"page","link":"http:\/\/pope.esenf.pt\/intentcare?page_id=6","title":{"rendered":"Temas"},"content":{"rendered":"<p><span style=\"color: #0f85ae;\"><a href=\"http:\/\/pope.esenf.pt\/intentcare\/index.php\/temas\/alimentar-pessoa\/\" style=\"color: #0f85ae;\">Alimentar Pessoa<\/a><\/span><\/p>\n<p><span style=\"color: #0f85ae;\"><a href=\"http:\/\/pope.esenf.pt\/intentcare\/index.php\/pt\/temas\/alimentar-atraves-de-sonda-nasogastrica\/\" style=\"color: #0f85ae;\">Alimenta\u00e7\u00e3o atrav\u00e9s de sonda nasog\u00e1strica<\/a><\/span><\/p>\n<p><span style=\"color: #0f85ae;\"><a href=\"http:\/\/pope.esenf.pt\/intentcare\/index.php\/pt\/temas\/posicionar-a-pessoa\/\" style=\"color: #0f85ae;\">Posicionar a pessoa<\/a><\/span><\/p>\n<p><span style=\"color: #0f85ae;\"><a href=\"http:\/\/pope.esenf.pt\/intentcare\/index.php\/pt\/temas\/transferir-pessoa\/\" style=\"color: #0f85ae;\">Transferir a pessoa<\/a><\/span><\/p>\n<p><span style=\"color: #0f85ae;\"><a href=\"http:\/\/pope.esenf.pt\/intentcare\/?page_id=1423&amp;lang=pt\" style=\"color: #0f85ae;\">Vestir Despir<\/a><\/span><\/p>\n<p><span style=\"color: #0f85ae;\"><a href=\"http:\/\/pope.esenf.pt\/intentcare\/?page_id=1439&amp;lang=pt\" style=\"color: #0f85ae;\">Dar banho<\/a><\/span><\/p>\n<p><a href=\"http:\/\/pope.esenf.pt\/intentcare\/?page_id=1586\">Gerir o regime medicamentoso<\/a><\/p>\n","protected":false},"excerpt":{"rendered":"<p>Alimentar Pessoa Alimenta\u00e7\u00e3o atrav\u00e9s de sonda nasog\u00e1strica Posicionar a pessoa Transferir a pessoa Vestir Despir Dar banho Gerir o regime medicamentoso<\/p>\n","protected":false},"author":1,"featured_media":0,"parent":0,"menu_order":3,"comment_status":"closed","ping_status":"closed","template":"","meta":{"spay_email":""},"jetpack_sharing_enabled":true,"jetpack_shortlink":"https:\/\/wp.me\/P8U6vi-6","jetpack-related-posts":[{"id":47,"url":"http:\/\/pope.esenf.pt\/intentcare?page_id=47","url_meta":{"origin":6,"position":0},"title":"Alimentar Pessoa - Introdu\u00e7\u00e3o","date":"26 Julho, 2016","format":false,"excerpt":"A alimenta\u00e7\u00e3o por via oral consiste em levar e colocar alimentos s\u00f3lidos ou l\u00edquidos na boca. Quando o seu familiar deixa de conseguir iniciar e finalizar sozinho esta tarefa, torna-se necess\u00e1ria a ajuda de algu\u00e9m para se alimentar. Desta forma, pretende-se que o seu familiar receba os nutrientes necess\u00e1rios ao\u2026","rel":"","context":"Similar post","img":{"alt_text":"","src":"","width":0,"height":0},"classes":[]},{"id":665,"url":"http:\/\/pope.esenf.pt\/intentcare?page_id=665","url_meta":{"origin":6,"position":1},"title":"Posicionar pessoa para ser alimentada","date":"18 Maio, 2017","format":false,"excerpt":"1. Sente o seu familiar numa cadeira com as costas bem apoiadas. 2. Se tiver cama articulada\u00a0eleve a cabeceira para que\u00a0 fique sentado. 3. Se n\u00e3o tiver cama articulada, sente-o recorrendo ao uso de almofadas. 4. Assegure que o seu familiar\u00a0 fique por mais 30-60 minutos ainda sentado depois de\u2026","rel":"","context":"Similar post","img":{"alt_text":"","src":"","width":0,"height":0},"classes":[]},{"id":39,"url":"http:\/\/pope.esenf.pt\/intentcare?page_id=39","url_meta":{"origin":6,"position":2},"title":"Alimentar Pessoa","date":"26 Julho, 2016","format":false,"excerpt":"Pretende-se responder \u00e0s quest\u00f5es: Como devo alimentar o meu familiar? Como posso prevenir e resolver as complica\u00e7\u00f5es que possam surgir? A informa\u00e7\u00e3o dispon\u00edvel \u00e9 um complemento das recomenda\u00e7\u00f5es dadas pelo seu enfermeiro. A alimenta\u00e7\u00e3o por via oral consiste em\u00a0levar e colocar alimentos s\u00f3lidos ou l\u00edquidos na boca. Quando o seu\u2026","rel":"","context":"Similar post","img":{"alt_text":"","src":"","width":0,"height":0},"classes":[]},{"id":786,"url":"http:\/\/pope.esenf.pt\/intentcare?page_id=786","url_meta":{"origin":6,"position":3},"title":"Material para alimentar pessoa SNG","date":"3 Julho, 2017","format":false,"excerpt":"Bem vindo Em seguida poder\u00e1 observar algumas imagens relativas ao tema alimenta\u00e7\u00e3o atrav\u00e9s de sonda nasog\u00e1strica Equipamento \u00a0 Sonda nasog\u00e1strica Seringa de alimenta\u00e7\u00e3o Clampe Adesivo para colocar no nariz Resguardo Medicamento triturado Medicamento dilu\u00eddo\u00a0 na \u00e1gua Material necess\u00e1rio para preparar a alimenta\u00e7\u00e3o Imagens de procedimento \u00a0 Clampagem da sonda e\u2026","rel":"","context":"Similar post","img":{"alt_text":"","src":"https:\/\/i0.wp.com\/pope.esenf.pt\/intentcare\/wp-content\/uploads\/2017\/04\/sng-1.png?resize=350%2C200","width":350,"height":200},"classes":[]},{"id":86,"url":"http:\/\/pope.esenf.pt\/intentcare?page_id=86","url_meta":{"origin":6,"position":4},"title":"Denti\u00e7\u00e3o","date":"26 Julho, 2016","format":false,"excerpt":"A principal fun\u00e7\u00e3o dos dentes \u00e9 mastigar os alimentos. A l\u00edngua ajuda a envolver e guiar o alimento e influencia o paladar. Se o seu familiar tiver pr\u00f3tese dent\u00e1ria, esta deve estar segura e bem adaptada, sem causar dor ou desconforto. Esteja atento \u00e0 exist\u00eancia de feridas na boca, pois\u2026","rel":"","context":"Similar post","img":{"alt_text":"","src":"","width":0,"height":0},"classes":[]},{"id":660,"url":"http:\/\/pope.esenf.pt\/intentcare?page_id=660","url_meta":{"origin":6,"position":5},"title":"Alimenta\u00e7\u00e3o por sonda nasog\u00e1strica - introdu\u00e7\u00e3o","date":"18 Maio, 2017","format":false,"excerpt":"A alimenta\u00e7\u00e3o por sonda est\u00e1 indicada quando a pessoa n\u00e3o se pode alimentar pela boca, n\u00e3o consegue comer, ou quando a quantidade de \u00e1gua e alimentos n\u00e3o est\u00e1 a ser suficiente. A nutri\u00e7\u00e3o ent\u00e9rica deve ser prescrita pelo m\u00e9dico ou nutricionista e a sonda deve ser colocada por um enfermeiro.\u2026","rel":"","context":"Similar post","img":{"alt_text":"","src":"","width":0,"height":0},"classes":[]}],"_links":{"self":[{"href":"http:\/\/pope.esenf.pt\/intentcare\/index.php?rest_route=\/wp\/v2\/pages\/6"}],"collection":[{"href":"http:\/\/pope.esenf.pt\/intentcare\/index.php?rest_route=\/wp\/v2\/pages"}],"about":[{"href":"http:\/\/pope.esenf.pt\/intentcare\/index.php?rest_route=\/wp\/v2\/types\/page"}],"author":[{"embeddable":true,"href":"http:\/\/pope.esenf.pt\/intentcare\/index.php?rest_route=\/wp\/v2\/users\/1"}],"replies":[{"embeddable":true,"href":"http:\/\/pope.esenf.pt\/intentcare\/index.php?rest_route=%2Fwp%2Fv2%2Fcomments&post=6"}],"version-history":[{"count":21,"href":"http:\/\/pope.esenf.pt\/intentcare\/index.php?rest_route=\/wp\/v2\/pages\/6\/revisions"}],"predecessor-version":[{"id":2923,"href":"http:\/\/pope.esenf.pt\/intentcare\/index.php?rest_route=\/wp\/v2\/pages\/6\/revisions\/2923"}],"wp:attachment":[{"href":"http:\/\/pope.esenf.pt\/intentcare\/index.php?rest_route=%2Fwp%2Fv2%2Fmedia&parent=6"}],"curies":[{"name":"wp","href":"https:\/\/api.w.org\/{rel}","templated":true}]}}