{"id":50,"date":"2016-07-26T22:39:14","date_gmt":"2016-07-26T22:39:14","guid":{"rendered":"http:\/\/pope.esenf.pt\/intentcare\/?page_id=50"},"modified":"2022-06-27T11:14:11","modified_gmt":"2022-06-27T11:14:11","slug":"sobre-nos","status":"publish","type":"page","link":"http:\/\/pope.esenf.pt\/intentcare?page_id=50","title":{"rendered":"Sobre N\u00f3s"},"content":{"rendered":"<p>Nos \u00faltimos anos, as altera\u00e7\u00f5es demogr\u00e1ficas e o envelhecimento da popula\u00e7\u00e3o t\u00eam levado a mudan\u00e7as dos paradigmas pol\u00edticos, incluindo a privatiza\u00e7\u00e3o de setores da sa\u00fade, o refor\u00e7o do apoio domicili\u00e1rio e o recurso cada vez maior a ferramentas das tecnologias da informa\u00e7\u00e3o e comunica\u00e7\u00e3o. O cen\u00e1rio atual aponta para um aumento na utiliza\u00e7\u00e3o de plataformas digitais destinadas \u00e0 educa\u00e7\u00e3o para a sa\u00fade dos cidad\u00e3os. A internet \u00e9 considerada um meio privilegiado de informa\u00e7\u00e3o e comunica\u00e7\u00e3o utilizada para interagir com a popula\u00e7\u00e3o, permitir o acesso \u00e0 informa\u00e7\u00e3o e uma forma de garantir \u00e0s popula\u00e7\u00f5es que essa informa\u00e7\u00e3o \u00e9 fidedigna. Ao cidad\u00e3o \u00e9 cada vez mais solicitado o seu envolvimento e maior coresponsabiliza\u00e7\u00e3o nos cuidados de sa\u00fade.<\/p>\n<p>O Intent-Care est\u00e1 alinhado com a EIP e AHA (European Innovation Partnership on Active and Healthy Ageing), plano de a\u00e7\u00e3o C2. Foi j\u00e1 desenvolvido um estudo quasi-experimental em Portugal. O projeto foi desenvolvido em 3 etapas: Avalia\u00e7\u00e3o diagn\u00f3stica; Conce\u00e7\u00e3o de uma ferramenta interativa; Implementa\u00e7\u00e3o e avalia\u00e7\u00e3o da ferramenta interativa.<\/p>\n<p>O projeto visa desenvolver e validar uma ferramenta interativa que permita fornecer informa\u00e7\u00e3o espec\u00edfica aos familiares cuidadores de pessoas dependentes que <strong>complemente a orienta\u00e7\u00e3o fornecida pelos enfermeiros, <\/strong>promovendo a sua autonomia. Foi desenvolvido um site, confi\u00e1vel e de f\u00e1cil de utiliza\u00e7\u00e3o. O elemento inovador principal \u00e9 o desenho interativo da plataforma permitindo uma resposta r\u00e1pida \u00e0s necessidades do utilizador, auxiliando no processo de decis\u00e3o e na sele\u00e7\u00e3o da informa\u00e7\u00e3o mais relevante. O conte\u00fado foi constru\u00eddo tendo como foco as necessidades b\u00e1sicas de vida di\u00e1ria, permitindo superar as dificuldades independentemente do diagn\u00f3stico cl\u00ednico dos clientes. Esta plataforma \u00e9 apoiada por visualiza\u00e7\u00e3o de v\u00eddeos com \u00e1udio. Alguns v\u00eddeos foram realizados com familiares cuidadores que prestam j\u00e1 apoio a pessoas dependentes.<\/p>\n<p>A conce\u00e7\u00e3o gr\u00e1fica da ferramenta teve o apoio da equipa imagem da ESEP.<\/p>\n<table border=\"0\" style=\"width: 100%; border-collapse: collapse;\" class=\"alignleft\">\n<tbody>\n<tr>\n<td style=\"width: 50%;\">\n<p><div id=\"attachment_1546\" style=\"width: 310px\" class=\"wp-caption alignnone\"><img aria-describedby=\"caption-attachment-1546\" data-attachment-id=\"1546\" data-permalink=\"http:\/\/pope.esenf.pt\/intentcare?attachment_id=1546\" data-orig-file=\"https:\/\/i1.wp.com\/pope.esenf.pt\/intentcare\/wp-content\/uploads\/2018\/06\/TeresaMartins.png?fit=580%2C338\" data-orig-size=\"580,338\" data-comments-opened=\"1\" data-image-meta=\"{&quot;aperture&quot;:&quot;0&quot;,&quot;credit&quot;:&quot;&quot;,&quot;camera&quot;:&quot;&quot;,&quot;caption&quot;:&quot;&quot;,&quot;created_timestamp&quot;:&quot;0&quot;,&quot;copyright&quot;:&quot;&quot;,&quot;focal_length&quot;:&quot;0&quot;,&quot;iso&quot;:&quot;0&quot;,&quot;shutter_speed&quot;:&quot;0&quot;,&quot;title&quot;:&quot;&quot;,&quot;orientation&quot;:&quot;0&quot;}\" data-image-title=\"TeresaMartins\" data-image-description=\"\" data-medium-file=\"https:\/\/i1.wp.com\/pope.esenf.pt\/intentcare\/wp-content\/uploads\/2018\/06\/TeresaMartins.png?fit=300%2C175\" data-large-file=\"https:\/\/i1.wp.com\/pope.esenf.pt\/intentcare\/wp-content\/uploads\/2018\/06\/TeresaMartins.png?fit=580%2C338\" loading=\"lazy\" src=\"https:\/\/i1.wp.com\/pope.esenf.pt\/intentcare\/wp-content\/uploads\/2018\/06\/TeresaMartins.png?resize=300%2C175\" alt=\"\" width=\"300\" height=\"175\" class=\"wp-image-1546 size-medium\" srcset=\"https:\/\/i1.wp.com\/pope.esenf.pt\/intentcare\/wp-content\/uploads\/2018\/06\/TeresaMartins.png?resize=300%2C175 300w, https:\/\/i1.wp.com\/pope.esenf.pt\/intentcare\/wp-content\/uploads\/2018\/06\/TeresaMartins.png?w=580 580w\" sizes=\"(max-width: 300px) 100vw, 300px\" data-recalc-dims=\"1\" \/><p id=\"caption-attachment-1546\" class=\"wp-caption-text\">Professora Teresa Martins<\/p><\/div><\/td>\n<td style=\"width: 50%;\">\n<p><div id=\"attachment_1545\" style=\"width: 310px\" class=\"wp-caption alignnone\"><img aria-describedby=\"caption-attachment-1545\" data-attachment-id=\"1545\" data-permalink=\"http:\/\/pope.esenf.pt\/intentcare?attachment_id=1545\" data-orig-file=\"https:\/\/i0.wp.com\/pope.esenf.pt\/intentcare\/wp-content\/uploads\/2018\/06\/MariaJoseLumini.png?fit=580%2C338\" data-orig-size=\"580,338\" data-comments-opened=\"1\" data-image-meta=\"{&quot;aperture&quot;:&quot;0&quot;,&quot;credit&quot;:&quot;&quot;,&quot;camera&quot;:&quot;&quot;,&quot;caption&quot;:&quot;&quot;,&quot;created_timestamp&quot;:&quot;0&quot;,&quot;copyright&quot;:&quot;&quot;,&quot;focal_length&quot;:&quot;0&quot;,&quot;iso&quot;:&quot;0&quot;,&quot;shutter_speed&quot;:&quot;0&quot;,&quot;title&quot;:&quot;&quot;,&quot;orientation&quot;:&quot;0&quot;}\" data-image-title=\"MariaJoseLumini\" data-image-description=\"\" data-medium-file=\"https:\/\/i0.wp.com\/pope.esenf.pt\/intentcare\/wp-content\/uploads\/2018\/06\/MariaJoseLumini.png?fit=300%2C175\" data-large-file=\"https:\/\/i0.wp.com\/pope.esenf.pt\/intentcare\/wp-content\/uploads\/2018\/06\/MariaJoseLumini.png?fit=580%2C338\" loading=\"lazy\" src=\"https:\/\/i0.wp.com\/pope.esenf.pt\/intentcare\/wp-content\/uploads\/2018\/06\/MariaJoseLumini.png?resize=300%2C175\" alt=\"\" width=\"300\" height=\"175\" class=\"wp-image-1545 size-medium\" srcset=\"https:\/\/i0.wp.com\/pope.esenf.pt\/intentcare\/wp-content\/uploads\/2018\/06\/MariaJoseLumini.png?resize=300%2C175 300w, https:\/\/i0.wp.com\/pope.esenf.pt\/intentcare\/wp-content\/uploads\/2018\/06\/MariaJoseLumini.png?w=580 580w\" sizes=\"(max-width: 300px) 100vw, 300px\" data-recalc-dims=\"1\" \/><p id=\"caption-attachment-1545\" class=\"wp-caption-text\">Professora Maria Jos\u00e9 Lumini<\/p><\/div><\/td>\n<\/tr>\n<\/tbody>\n<\/table>\n<p><strong><br \/>\nArtigos cient\u00edficos:<\/strong><br \/>\nConstru\u00e7\u00e3o e avalia\u00e7\u00e3o de tecnologia educacional interativa para familiares cuidadores sobre cuidar de pessoas dependentes. (2017)<br \/>\nAutores: Maria Jos\u00e9 Lumini, Helo\u00edsa Peres &amp; Teresa Martins<br \/>\nIn: Rev. Eletr. Enf. 19, 19: 1-13<\/p>\n<p>Nurses\u2019 perception on the difficulties and information needs of family members caring for a dependent person (2016)<br \/>\nAutores: Maria Jos\u00e9 Lumini, Teresa Martins &amp; Helo\u00edsa Peres<br \/>\nIn: Texto &amp; Contexto Enfermagem 25, 1: 1-9<\/p>\n<p>Evaluation of the educational technology &#8220;Caring for dependent people\u201d by family caregivers in changes and transfers of patients and tube feeding (2016)<br \/>\nAutores: Maria Jos\u00e9 Lumini, Helo\u00edsa Peres &amp; Teresa Martins<br \/>\nIn: Revista Latino-Americana de Enfermagem, 24: 2774<\/p>\n<p>Educational technology in care management: technological profile of nurses in Portuguese hospitals (2015)<br \/>\nAutores: Maria Jos\u00e9 Lumini, Rosa Freire, Manuela Martins, Teresa Martins &amp; Helo\u00edsa Peres<br \/>\nIn: Revista Esc. Enferm USP, 49 :150-155<\/p>\n<p>Avalia\u00e7\u00e3o de necessidades informacionais dos cuidadores na presta\u00e7\u00e3o de cuidados domiciliares \u00e0 pessoa dependente (2015)<br \/>\nAutores: Maria Jos\u00e9 Lumini, Helo\u00edsa Peres &amp; Teresa Martins<br \/>\nIn: Revista de Enfermagem da UFSM, 5(3):486-498<\/p>\n<p><strong>Cap\u00edtulos de livros:<\/strong><\/p>\n<p>Caregiving and Home Care (2018)<br \/>\nLivro: The Role of\u00a0 Educational Technology in Caregiving<br \/>\nAutores: Maria Jos\u00e9 Lumini, F\u00e1tima Araujo &amp; Teresa Martins<\/p>\n<p>The Contribution of Technologies to the Adherence to Medication by Older People: A Systematic Approach (2017)<br \/>\nLivro: Adherence to Medical Plans for Active and Healthy Ageing<br \/>\nAutores: Maria Jos\u00e9 Lumini, Teresa Martins &amp; Maria Rui Sousa<\/p>\n<p>As novas tecnologias no processo de cuidar (2016)<br \/>\nLivro: A pessoa dependente e os familiares cuidadores<br \/>\nAutores: Maria Jos\u00e9 Lumini &amp; Rosa Freire<\/p>\n<p><strong>Confer\u00eancias: resumos de livros:<\/strong><\/p>\n<p>The value of educational technology in the nursing care. Benefits in clinical practice (2017)<br \/>\nLivro: Ebook 28th International Nursing Research Congress<br \/>\nAutores: Maria Jos\u00e9 Lumini, Helo\u00edsa Peres &amp; Teresa Martins<\/p>\n<p>Avalia\u00e7\u00e3o e valida\u00e7\u00e3o da tem\u00e1tica do autocuidado alimentar-se na ferramenta tecnol\u00f3gica interativa \u2018Cuidar de Pessoas Dependentes\u2019 (INTENT-CARE) (2017)<br \/>\nLivro: Ebook Congresso International de Investiga\u00e7\u00e3o, Inova\u00e7\u00e3o &amp; Desenvolvimento em Enfermagem<br \/>\nAutores: Mafalda Font\u00e3o, Teresa Martins &amp;Maria Jos\u00e9 Lumini<\/p>\n<p>Tecnologias de Informa\u00e7\u00e3o no apoio aos familiares cuidadores- PROJETO INTENT-CARE (2017)<br \/>\nLivro: Ebook Congresso International de Investiga\u00e7\u00e3o, Inova\u00e7\u00e3o &amp; Desenvolvimento em Enfermagem<br \/>\nAutores: Maria Jos\u00e9 Lumini &amp;Teresa Martins<\/p>\n<p>Contribution of an interactive educational technology aimed at dependent patient` family caregivers (2016)<br \/>\nLivro: Ebook \u00a0Sixth Pan-Pacific Nursing Conference<br \/>\nAutores: Maria Jos\u00e9 Lumini, Helo\u00edsa Peres &amp; Teresa Martins<\/p>\n<p>Use of interactive educational technology &#8220;Caring for Dependents\u201c : Evaluation of family caregivers\u00b4satisfaction (2016)<br \/>\nLivro: Ebook \u00a0Sixth Pan-Pacific Nursing Conference<br \/>\nAutores: Teresa Martins, Maria Jos\u00e9 Lumini, &amp; Helo\u00edsa Peres<\/p>\n<p>The interactive educational technologies for family carers: knowledge and skills development (2016)<br \/>\nLivro: Ebook 3rd World Congress of Health Research, In Atenci\u00f3n Primaria<br \/>\nAutores: Maria Jos\u00e9 Lumini, Helo\u00edsa Peres &amp; Teresa Martins<\/p>\n<p>Educational tool to Improve Caregiver Rol (2014)<br \/>\nLivro: Ebook 25th International Nursing Research Congress<br \/>\nAutores: Maria Jos\u00e9 Lumini, Helo\u00edsa Peres &amp; Teresa Martins<\/p>\n<p>Design and development of an interactive educacional tool-contributions for family caregivers (2013)<br \/>\nLivro: Ebook do 24th International Nursing Research Congress<br \/>\nAutores: Maria Jos\u00e9 Lumini, Helo\u00edsa Peres &amp; Teresa Martins<\/p>\n<p>Revis\u00e3o sistem\u00e1tica das metodologias qualitativas de dados utilizados nos estudos sobre a presta\u00e7\u00e3o de cuidados informais (2012)<br \/>\nIn: Psicologia, Sa\u00fade &amp; Doen\u00e7as<br \/>\nAutores: Maria Jos\u00e9 Lumini, Maria de F\u00e1tima Ara\u00fajo, Maria Jos\u00e9 Peixoto, Maria Rui Sousa, Paulo Machado, Rosa Freire &amp; Teresa Martins<\/p>\n<p>Situational transition- promotion of a therapeutic plan (2012)<br \/>\nLivro: Ebook XVI Encuentro International de investigacion en Cuidados<br \/>\nAutores: Maria Jos\u00e9 Lumini &amp; Rosa Freire<\/p>\n<p>Main Needs and Difficulties of Caregivers to Care of Dependent Patients (2011)<br \/>\nLivro: Ebook 22nd International Nursing Research<br \/>\nAutores: Maria Jos\u00e9 Lumini, Helo\u00edsa Peres &amp; Teresa Martins<\/p>\n<p>Modelos te\u00f3ricos subjacentes ao desenvolvimento de cursos \u00e0 dist\u00e2ncia no \u00e2mbito de enfermagem: uma revis\u00e3o sistem\u00e1tica da literatura (2011)<br \/>\nIn: Refer\u00eancia &#8211; Revista Cient\u00edfica da Unidade de Investiga\u00e7\u00e3o em Ci\u00eancias da Sa\u00fade<br \/>\nAutores: Maria Jos\u00e9 Lumini &amp; Rosa Freire<\/p>\n<p><strong>Pr\u00e9mios:<\/strong><br \/>\nINTENT CARE solution was selected to be part of the online listing of AHA innovative solutions which will be uploaded on the EIP on AHA portal of the European Commission (2016)<\/p>\n<p><strong>Resultados Previstos:<\/strong><br \/>\nDepois de validados os resultados deste estudo em Portugal, a plataforma educacional poder\u00e1 ser traduzida e adotada por outros pa\u00edses europeus. Atrav\u00e9s da informa\u00e7\u00e3o fidedigna que a plataforma disponibilizar\u00e1, adaptada \u00e0s necessidades dos familiares cuidadores, esta ferramenta tecnol\u00f3gica constituir-se-\u00e1 num importante recurso facilitador para melhoria dos cuidados prestados a pessoas dependentes. O atual contexto socioprofissional advoga a ado\u00e7\u00e3o de m\u00faltiplos recursos e pol\u00edticas em sa\u00fade que promovem a capacita\u00e7\u00e3o dos familiares cuidadores, aliados \u00e0 sustentabilidade do servi\u00e7o nacional de sa\u00fade. Esta investiga\u00e7\u00e3o sugere novas estrat\u00e9gias educacionais destinadas ao familiar cuidador, com recurso \u00e0s tecnologias de informa\u00e7\u00e3o e comunica\u00e7\u00e3o. Pensamos ter contribu\u00eddo para o desenvolvimento e integra\u00e7\u00e3o das tecnologias educacionais interativas nos contextos cl\u00ednicos, proporcionando aos profissionais de sa\u00fade um recurso tecnol\u00f3gico complementar na prepara\u00e7\u00e3o dos familiares cuidadores, contribuindo assim para a melhoria da qualidade em sa\u00fade. Este trabalho de doutoramento aqui descrito incide sobre a conce\u00e7\u00e3o e avalia\u00e7\u00e3o de uma plataforma educacional interativa, cujo objetivo \u00e9 apoiar os familiares cuidadores de pessoas dependentes. Os resultados revelaram uma melhoria estat\u00edstica significativa no conhecimento dos familiares utilizadores da tecnologia educacional. Assim, os resultados do grupo experimental permitiram comprovar um ganho de conhecimentos em todos os dom\u00ednios avaliados. No grupo de controlo, o conhecimento n\u00e3o sofreu varia\u00e7\u00e3o nos dois momentos de avalia\u00e7\u00e3o. A diferen\u00e7a dos resultados obtidos no grupo experimental permite-nos afirmar que o uso da tecnologia educacional contribui para o aumento do conhecimento dos familiares cuidadores no dom\u00ednio dos autocuidados em estudo. O conhecimento demonstrou estar positivamente relacionado com o grau de escolaridade antes e depois da interven\u00e7\u00e3o.<\/p>\n","protected":false},"excerpt":{"rendered":"<p>Nos \u00faltimos anos, as altera\u00e7\u00f5es demogr\u00e1ficas e o envelhecimento da popula\u00e7\u00e3o t\u00eam levado a mudan\u00e7as dos paradigmas pol\u00edticos, incluindo a privatiza\u00e7\u00e3o de setores da sa\u00fade, o refor\u00e7o do apoio domicili\u00e1rio e o recurso cada vez maior a ferramentas das tecnologias da informa\u00e7\u00e3o e comunica\u00e7\u00e3o. O cen\u00e1rio atual aponta para um [&hellip;]<\/p>\n","protected":false},"author":1,"featured_media":0,"parent":0,"menu_order":2,"comment_status":"closed","ping_status":"closed","template":"","meta":{"spay_email":""},"jetpack_sharing_enabled":false,"jetpack_shortlink":"https:\/\/wp.me\/P8U6vi-O","jetpack-related-posts":[{"id":96,"url":"http:\/\/pope.esenf.pt\/intentcare?page_id=96","url_meta":{"origin":50,"position":0},"title":"Situa\u00e7\u00f5es especiais","date":"26 Julho, 2016","format":false,"excerpt":"A presen\u00e7a de v\u00f3mito, tosse produtiva ou altera\u00e7\u00f5es da respira\u00e7\u00e3o, associadas a aumento de expetora\u00e7\u00e3o e sensa\u00e7\u00e3o de falta de ar ou a altera\u00e7\u00e3o do estado de consci\u00eancia (exemplo: o seu familiar fica mais sonolento, pouco reativo...) s\u00e3o contraindica\u00e7\u00f5es para a alimenta\u00e7\u00e3o pela boca. Em caso de detetar alguma destas\u2026","rel":"","context":"Similar post","img":{"alt_text":"","src":"","width":0,"height":0},"classes":[]},{"id":673,"url":"http:\/\/pope.esenf.pt\/intentcare?page_id=673","url_meta":{"origin":50,"position":1},"title":"Alimentar atrav\u00e9s de sonda nasog\u00e1strica","date":"18 Maio, 2017","format":false,"excerpt":"1. Verifique a temperatura do alimento, colocando na parte interna do punho uma pequena quantidade. Alimentos muito quentes podem provocar queimaduras e muito frios desconforto. 2. Encha a seringa e adapte-a \u00e0 sonda nasog\u00e1strica. 3. Introduza o alimento lentamente, a refei\u00e7\u00e3o deve demorar cerca de 15 a 20 minutos. 4.\u2026","rel":"","context":"Similar post","img":{"alt_text":"","src":"","width":0,"height":0},"classes":[]},{"id":25,"url":"http:\/\/pope.esenf.pt\/intentcare?page_id=25","url_meta":{"origin":50,"position":2},"title":"Posicionar  Pessoa","date":"11 Maio, 2016","format":false,"excerpt":"Pretende-se responder \u00e0s quest\u00f5es: Com que frequ\u00eancia devo virar o meu familiar na cama? Como devo virar o familiar na cama? Como detectar sinais precoces \u00falcera de press\u00e3o? A informa\u00e7\u00e3o dispon\u00edvel \u00e9 um complemento das recomenda\u00e7\u00f5es dadas pelo seu enfermeiro. Posicionar consiste em colocar a pessoa numa determinada posi\u00e7\u00e3o. As\u2026","rel":"","context":"Similar post","img":{"alt_text":"","src":"","width":0,"height":0},"classes":[]},{"id":3053,"url":"http:\/\/pope.esenf.pt\/intentcare?page_id=3053","url_meta":{"origin":50,"position":3},"title":"Intent-Care4COVID","date":"22 Julho, 2020","format":false,"excerpt":"Intent-Care4COVID Curso online para ajudar os cuidadores informais a prevenir a transmiss\u00e3o no domicilio Na atual situa\u00e7\u00e3o de pandemia COVID-19, os cuidadores carecem de maior informa\u00e7\u00e3o sobre como cuidar das pessoas mais vulner\u00e1veis em contexto domicili\u00e1rio, pelo que este projeto pretende desenvolver um MOOC que os capacite a prestar melhores\u2026","rel":"","context":"Similar post","img":{"alt_text":"","src":"","width":0,"height":0},"classes":[]},{"id":253,"url":"http:\/\/pope.esenf.pt\/intentcare?page_id=253","url_meta":{"origin":50,"position":4},"title":"Posicinar pessoa -Introdu\u00e7\u00e3o","date":"15 Setembro, 2016","format":false,"excerpt":"Posicionar consiste em colocar a pessoa numa determinada posi\u00e7\u00e3o. As posi\u00e7\u00f5es\u00a0 mais seguras e confort\u00e1veis s\u00e3o: Posi\u00e7\u00e3o dorsal (pessoa deitada de costas) Posi\u00e7\u00e3o lateral (pessoa mant\u00e9m-se deitada sobre o lado direito ou esquerdo) Posi\u00e7\u00e3o semi-dorsal (consiste no ponto interm\u00e9dio entre a posi\u00e7\u00e3o lateral e dorsal, a pessoa fica deitada de\u2026","rel":"","context":"Similar post","img":{"alt_text":"","src":"","width":0,"height":0},"classes":[]},{"id":710,"url":"http:\/\/pope.esenf.pt\/intentcare?page_id=710","url_meta":{"origin":50,"position":5},"title":"Transferir Pessoa","date":"30 Junho, 2017","format":false,"excerpt":"Pretende-se responder \u00e0s quest\u00f5es: Como devo transferir o meu familiar da cadeira para a cama e da cama para a cadeira? Com que frequ\u00eancia devo transferir o meu familiar? A utiliza\u00e7\u00e3o de uma t\u00e9cnica adequada por parte do cuidador para transferir o seu familiar \u00e9 fundamental para evitar complica\u00e7\u00f5es. A\u2026","rel":"","context":"Similar post","img":{"alt_text":"","src":"","width":0,"height":0},"classes":[]}],"_links":{"self":[{"href":"http:\/\/pope.esenf.pt\/intentcare\/index.php?rest_route=\/wp\/v2\/pages\/50"}],"collection":[{"href":"http:\/\/pope.esenf.pt\/intentcare\/index.php?rest_route=\/wp\/v2\/pages"}],"about":[{"href":"http:\/\/pope.esenf.pt\/intentcare\/index.php?rest_route=\/wp\/v2\/types\/page"}],"author":[{"embeddable":true,"href":"http:\/\/pope.esenf.pt\/intentcare\/index.php?rest_route=\/wp\/v2\/users\/1"}],"replies":[{"embeddable":true,"href":"http:\/\/pope.esenf.pt\/intentcare\/index.php?rest_route=%2Fwp%2Fv2%2Fcomments&post=50"}],"version-history":[{"count":33,"href":"http:\/\/pope.esenf.pt\/intentcare\/index.php?rest_route=\/wp\/v2\/pages\/50\/revisions"}],"predecessor-version":[{"id":3199,"href":"http:\/\/pope.esenf.pt\/intentcare\/index.php?rest_route=\/wp\/v2\/pages\/50\/revisions\/3199"}],"wp:attachment":[{"href":"http:\/\/pope.esenf.pt\/intentcare\/index.php?rest_route=%2Fwp%2Fv2%2Fmedia&parent=50"}],"curies":[{"name":"wp","href":"https:\/\/api.w.org\/{rel}","templated":true}]}}