{"id":47,"date":"2016-07-26T09:10:13","date_gmt":"2016-07-26T09:10:13","guid":{"rendered":"http:\/\/pope.esenf.pt\/intentcare\/?page_id=47"},"modified":"2019-06-02T18:40:14","modified_gmt":"2019-06-02T18:40:14","slug":"introducao","status":"publish","type":"page","link":"http:\/\/pope.esenf.pt\/intentcare?page_id=47","title":{"rendered":"Alimentar Pessoa &#8211; Introdu\u00e7\u00e3o"},"content":{"rendered":"<p style=\"text-align: justify;\">A alimenta\u00e7\u00e3o por via oral consiste em <span style=\"color: #808000;\">levar e colocar alimentos s\u00f3lidos ou l\u00edquidos na boca.<\/span><\/p>\n<p style=\"text-align: justify;\">Quando o seu familiar deixa de conseguir iniciar e finalizar sozinho esta tarefa, torna-se necess\u00e1ria a ajuda de algu\u00e9m para se alimentar.<\/p>\n<p>Desta forma, pretende-se que o seu familiar receba os nutrientes necess\u00e1rios ao bom funcionamento do seu organismo (subst\u00e2ncias alimentares necess\u00e1rias \u00e0 manuten\u00e7\u00e3o da vida &#8211; prote\u00ednas, gorduras, hidratos de carbono, vitaminas, minerais, fibras e \u00e1gua) e consiga assegurar o seu bem-estar.<\/p>\n<p style=\"text-align: justify;\">Apesar da limita\u00e7\u00e3o do seu familiar para se alimentar, \u00e9 fundamental envolv\u00ea-lo e incentiv\u00e1-lo a participar em todo o processo para que consiga ser o mais aut\u00f3nomo poss\u00edvel. Estimule a autoconfian\u00e7a do seu familiar.<\/p>\n<p style=\"text-align: justify;\"><span style=\"color: #808000;\">\u2018Ajudar\u2019 n\u00e3o significa \u2018substituir\u2019<\/span>. Ajude o seu familiar e s\u00f3 o substitua nas atividades que ele n\u00e3o consiga realizar.<\/p>\n<table style=\"height: 36px;\">\n<tbody>\n<tr style=\"height: 36px;\">\n<td style=\"height: 36px; width: 560px;\"><a href=\"http:\/\/pope.esenf.pt\/intentcare\/?page_id=39&amp;lang=pt\">Anterior (alimentar pessoa)<\/a><\/td>\n<td style=\"height: 36px; width: 560px; text-align: right;\"><a href=\"http:\/\/pope.esenf.pt\/intentcare\/?page_id=86&amp;lang=pt\">Seguinte (denti\u00e7\u00e3o)<\/a><\/td>\n<\/tr>\n<\/tbody>\n<\/table>\n<p><strong>&nbsp;<\/strong><\/p>\n<p style=\"text-align: justify;\">\n","protected":false},"excerpt":{"rendered":"<p>A alimenta\u00e7\u00e3o por via oral consiste em levar e colocar alimentos s\u00f3lidos ou l\u00edquidos na boca. Quando o seu familiar deixa de conseguir iniciar e finalizar sozinho esta tarefa, torna-se necess\u00e1ria a ajuda de algu\u00e9m para se alimentar. Desta forma, pretende-se que o seu familiar receba os nutrientes necess\u00e1rios ao [&hellip;]<\/p>\n","protected":false},"author":1,"featured_media":0,"parent":39,"menu_order":1,"comment_status":"closed","ping_status":"closed","template":"","meta":{"spay_email":""},"jetpack_sharing_enabled":true,"jetpack_shortlink":"https:\/\/wp.me\/P8U6vi-L","jetpack-related-posts":[{"id":39,"url":"http:\/\/pope.esenf.pt\/intentcare?page_id=39","url_meta":{"origin":47,"position":0},"title":"Alimentar Pessoa","date":"26 Julho, 2016","format":false,"excerpt":"Pretende-se responder \u00e0s quest\u00f5es: Como devo alimentar o meu familiar? Como posso prevenir e resolver as complica\u00e7\u00f5es que possam surgir? A informa\u00e7\u00e3o dispon\u00edvel \u00e9 um complemento das recomenda\u00e7\u00f5es dadas pelo seu enfermeiro. A alimenta\u00e7\u00e3o por via oral consiste em\u00a0levar e colocar alimentos s\u00f3lidos ou l\u00edquidos na boca. Quando o seu\u2026","rel":"","context":"Similar post","img":{"alt_text":"","src":"","width":0,"height":0},"classes":[]},{"id":92,"url":"http:\/\/pope.esenf.pt\/intentcare?page_id=92","url_meta":{"origin":47,"position":1},"title":"Alimenta\u00e7\u00e3o pela boca","date":"26 Julho, 2016","format":false,"excerpt":"O momento da refei\u00e7\u00e3o deve ser calmo e agrad\u00e1vel, num espa\u00e7o limpo e longe de odores desagrad\u00e1veis e a apresenta\u00e7\u00e3o da refei\u00e7\u00e3o deve ter um aspeto agrad\u00e1vel. A temperatura dos alimentos deve ser adequada, de forma a evitar queimadura. Antes das refei\u00e7\u00f5es, pode e deve permitir e incentivar a lavagem\u2026","rel":"","context":"Similar post","img":{"alt_text":"","src":"","width":0,"height":0},"classes":[]},{"id":96,"url":"http:\/\/pope.esenf.pt\/intentcare?page_id=96","url_meta":{"origin":47,"position":2},"title":"Situa\u00e7\u00f5es especiais","date":"26 Julho, 2016","format":false,"excerpt":"A presen\u00e7a de v\u00f3mito, tosse produtiva ou altera\u00e7\u00f5es da respira\u00e7\u00e3o, associadas a aumento de expetora\u00e7\u00e3o e sensa\u00e7\u00e3o de falta de ar ou a altera\u00e7\u00e3o do estado de consci\u00eancia (exemplo: o seu familiar fica mais sonolento, pouco reativo...) s\u00e3o contraindica\u00e7\u00f5es para a alimenta\u00e7\u00e3o pela boca. Em caso de detetar alguma destas\u2026","rel":"","context":"Similar post","img":{"alt_text":"","src":"","width":0,"height":0},"classes":[]},{"id":86,"url":"http:\/\/pope.esenf.pt\/intentcare?page_id=86","url_meta":{"origin":47,"position":3},"title":"Denti\u00e7\u00e3o","date":"26 Julho, 2016","format":false,"excerpt":"A principal fun\u00e7\u00e3o dos dentes \u00e9 mastigar os alimentos. A l\u00edngua ajuda a envolver e guiar o alimento e influencia o paladar. Se o seu familiar tiver pr\u00f3tese dent\u00e1ria, esta deve estar segura e bem adaptada, sem causar dor ou desconforto. Esteja atento \u00e0 exist\u00eancia de feridas na boca, pois\u2026","rel":"","context":"Similar post","img":{"alt_text":"","src":"","width":0,"height":0},"classes":[]},{"id":665,"url":"http:\/\/pope.esenf.pt\/intentcare?page_id=665","url_meta":{"origin":47,"position":4},"title":"Posicionar pessoa para ser alimentada","date":"18 Maio, 2017","format":false,"excerpt":"1. Sente o seu familiar numa cadeira com as costas bem apoiadas. 2. Se tiver cama articulada\u00a0eleve a cabeceira para que\u00a0 fique sentado. 3. Se n\u00e3o tiver cama articulada, sente-o recorrendo ao uso de almofadas. 4. Assegure que o seu familiar\u00a0 fique por mais 30-60 minutos ainda sentado depois de\u2026","rel":"","context":"Similar post","img":{"alt_text":"","src":"","width":0,"height":0},"classes":[]},{"id":675,"url":"http:\/\/pope.esenf.pt\/intentcare?page_id=675","url_meta":{"origin":47,"position":5},"title":"Complica\u00e7\u00f5es e recomenda\u00e7\u00f5es","date":"18 Maio, 2017","format":false,"excerpt":"Desloca\u00e7\u00e3o da sonda ou sa\u00edda acidental: n\u00e3o tente recoloc\u00e1-la, contacte o enfermeiro. V\u00f3mitos: deve virar o seu familiar de lado para evitar que o conte\u00fado seja aspirado e chegue aos pulm\u00f5es. Deve interromper a alimenta\u00e7\u00e3o e contactar o enfermeiro. Diarreia: a alimenta\u00e7\u00e3o da pessoa com diarreia n\u00e3o deve ter alimentos\u2026","rel":"","context":"Similar post","img":{"alt_text":"","src":"","width":0,"height":0},"classes":[]}],"_links":{"self":[{"href":"http:\/\/pope.esenf.pt\/intentcare\/index.php?rest_route=\/wp\/v2\/pages\/47"}],"collection":[{"href":"http:\/\/pope.esenf.pt\/intentcare\/index.php?rest_route=\/wp\/v2\/pages"}],"about":[{"href":"http:\/\/pope.esenf.pt\/intentcare\/index.php?rest_route=\/wp\/v2\/types\/page"}],"author":[{"embeddable":true,"href":"http:\/\/pope.esenf.pt\/intentcare\/index.php?rest_route=\/wp\/v2\/users\/1"}],"replies":[{"embeddable":true,"href":"http:\/\/pope.esenf.pt\/intentcare\/index.php?rest_route=%2Fwp%2Fv2%2Fcomments&post=47"}],"version-history":[{"count":26,"href":"http:\/\/pope.esenf.pt\/intentcare\/index.php?rest_route=\/wp\/v2\/pages\/47\/revisions"}],"predecessor-version":[{"id":1873,"href":"http:\/\/pope.esenf.pt\/intentcare\/index.php?rest_route=\/wp\/v2\/pages\/47\/revisions\/1873"}],"up":[{"embeddable":true,"href":"http:\/\/pope.esenf.pt\/intentcare\/index.php?rest_route=\/wp\/v2\/pages\/39"}],"wp:attachment":[{"href":"http:\/\/pope.esenf.pt\/intentcare\/index.php?rest_route=%2Fwp%2Fv2%2Fmedia&parent=47"}],"curies":[{"name":"wp","href":"https:\/\/api.w.org\/{rel}","templated":true}]}}