{"id":280,"date":"2016-09-15T11:48:53","date_gmt":"2016-09-15T11:48:53","guid":{"rendered":"http:\/\/pope.esenf.pt\/intentcare\/?page_id=280"},"modified":"2019-06-02T21:01:55","modified_gmt":"2019-06-02T21:01:55","slug":"pessoa-semi-deitada-para-o-lado-direito","status":"publish","type":"page","link":"http:\/\/pope.esenf.pt\/intentcare?page_id=280","title":{"rendered":"Pessoa semi-deitada para o lado direito"},"content":{"rendered":"<p>1. Posicione o seu familiar de lado, coloque almofadas nas costas e membros inferiores.<\/p>\n<p>2. Com uma m\u00e3o no ombro e outra na anca, deixe descair a pessoa em direc\u00e7\u00e3o \u00e0s almofadas, deitando-a parcialmente sobre as costas.<\/p>\n<p>3. Coloque uma almofada de forma que o pesco\u00e7o e a cabe\u00e7a fiquem ao mesmo n\u00edvel da coluna. Coloque o membro superior direito ao longo do corpo, com o cotovelo ligeiramente dobrado com uma almofada a apoiar o antebra\u00e7o e m\u00e3o.<\/p>\n<p>4. Coloque o membro superior esquerdo ao longo do corpo (apoiado nas almofadas) com o cotovelo ligeiramente dobrado ao mesmo n\u00edvel do tronco.<\/p>\n<p>5. Coloque o membro inferior esquerdo apoiado nas almofadas, com o joelho ligeiramente dobrado e ao n\u00edvel do tronco.<\/p>\n<p>6. Verifique se a anca e o ombro est\u00e3o alinhados.<\/p>\n<p>7. Coloque o membro inferior esquerdo apoiado nas almofadas, com o joelho ligeiramente dobrado e ao n\u00edvel do tronco.<\/p>\n<p>8. Coloque o membro inferior direito ligeiramente \u00e0 frente do esquerdo, tamb\u00e9m com o joelho ligeiramente dobrado.<\/p>\n<p><strong>Para a t\u00e9cnica de semi-virar o seu familiar para o lado esquerdo proceda da mesma forma no sentido oposto.<\/strong><\/p>\n<div style=\"width: 750px;\" class=\"wp-video\"><!--[if lt IE 9]><script>document.createElement('video');<\/script><![endif]-->\n<video class=\"wp-video-shortcode\" id=\"video-280-1\" width=\"750\" height=\"563\" preload=\"metadata\" controls=\"controls\"><source type=\"video\/mp4\" src=\"http:\/\/pope.esenf.pt\/intentcare\/wp-content\/uploads\/2017\/05\/posicionar_semi_direito.mp4?_=1\" \/><a href=\"http:\/\/pope.esenf.pt\/intentcare\/wp-content\/uploads\/2017\/05\/posicionar_semi_direito.mp4\">http:\/\/pope.esenf.pt\/intentcare\/wp-content\/uploads\/2017\/05\/posicionar_semi_direito.mp4<\/a><\/video><\/div>\n\n<div class=\"sp-wrap sp-wrap-yellow\">\n<div class=\"sp-head\" title=\"Expand\">\nPara a t\u00e9cnica de semi-virar o seu familiar para o lado esquerdo proceda da mesma forma no sentido oposto\n<\/div>\n<div class=\"sp-body folded\">\n<div class=\"spdiv\">[collapse]<\/div>\n<\/div>\n<\/div>\n\n<table>\n<tbody>\n<tr>\n<td><a href=\"http:\/\/pope.esenf.pt\/intentcare\/?page_id=272&amp;lang=pt\">Anterior (pessoa deitada para a direita)<\/a><\/td>\n<td style=\"text-align: right;\"><a href=\"http:\/\/pope.esenf.pt\/intentcare\/?page_id=760&amp;lang=pt\">Seguinte (preven\u00e7\u00e3o de \u00falceras por press\u00e3o)<\/a><\/td>\n<\/tr>\n<\/tbody>\n<\/table>\n","protected":false},"excerpt":{"rendered":"<p>1. Posicione o seu familiar de lado, coloque almofadas nas costas e membros inferiores. 2. Com uma m\u00e3o no ombro e outra na anca, deixe descair a pessoa em direc\u00e7\u00e3o \u00e0s almofadas, deitando-a parcialmente sobre as costas. 3. Coloque uma almofada de forma que o pesco\u00e7o e a cabe\u00e7a fiquem [&hellip;]<\/p>\n","protected":false},"author":1,"featured_media":0,"parent":25,"menu_order":3,"comment_status":"closed","ping_status":"closed","template":"","meta":{"spay_email":""},"jetpack_sharing_enabled":true,"jetpack_shortlink":"https:\/\/wp.me\/P8U6vi-4w","jetpack-related-posts":[{"id":272,"url":"http:\/\/pope.esenf.pt\/intentcare?page_id=272","url_meta":{"origin":280,"position":0},"title":"Pessoa deitada para o lado direito","date":"15 Setembro, 2016","format":false,"excerpt":"1. Coloque o seu familiar de costas, assegurando que ocupa o lado esquerdo da cama. 2. Coloque-se do lado direito da cama. 3. Cruze o bra\u00e7o esquerdo do seu familiar sobre o peito e afaste ligeiramente o bra\u00e7o direito. 4. Coloque o p\u00e9 esquerdo sobre o direito. 5. Coloque uma\u2026","rel":"","context":"Similar post","img":{"alt_text":"","src":"","width":0,"height":0},"classes":[]},{"id":257,"url":"http:\/\/pope.esenf.pt\/intentcare?page_id=257","url_meta":{"origin":280,"position":1},"title":"Pessoa deitada de costas","date":"15 Setembro, 2016","format":false,"excerpt":"1. Posicione o seu familiar de costas, mantendo o corpo alinhado. 2. Se tiver cama articulada coloque-a na posi\u00e7\u00e3o horizontal. 3. Coloque uma almofada\u00a0 a apoiar o pesco\u00e7o e a cabe\u00e7a. 4. Coloque almofadas nos antebra\u00e7os e m\u00e3os com os bra\u00e7os paralelos ao corpo,\u00a0 com a palma da m\u00e3o virada\u2026","rel":"","context":"Similar post","img":{"alt_text":"","src":"https:\/\/i1.wp.com\/pope.esenf.pt\/intentcare\/wp-content\/uploads\/2017\/04\/alinhamento-corporal-300x251.png?resize=350%2C200","width":350,"height":200},"classes":[]},{"id":253,"url":"http:\/\/pope.esenf.pt\/intentcare?page_id=253","url_meta":{"origin":280,"position":2},"title":"Posicinar pessoa -Introdu\u00e7\u00e3o","date":"15 Setembro, 2016","format":false,"excerpt":"Posicionar consiste em colocar a pessoa numa determinada posi\u00e7\u00e3o. As posi\u00e7\u00f5es\u00a0 mais seguras e confort\u00e1veis s\u00e3o: Posi\u00e7\u00e3o dorsal (pessoa deitada de costas) Posi\u00e7\u00e3o lateral (pessoa mant\u00e9m-se deitada sobre o lado direito ou esquerdo) Posi\u00e7\u00e3o semi-dorsal (consiste no ponto interm\u00e9dio entre a posi\u00e7\u00e3o lateral e dorsal, a pessoa fica deitada de\u2026","rel":"","context":"Similar post","img":{"alt_text":"","src":"","width":0,"height":0},"classes":[]},{"id":732,"url":"http:\/\/pope.esenf.pt\/intentcare?page_id=732","url_meta":{"origin":280,"position":3},"title":"Transferir cama-cadeira: familiar consegue ajudar","date":"30 Junho, 2017","format":false,"excerpt":"1. Coloque a cadeira paralela \u00e0 cama e trave as rodas da cadeira e da cama. 2. Ajude o seu familiar a sentar-se na beira da cama o mais pr\u00f3ximo da cadeira. O movimento de se sentar na cama \u00e9 facilitado se ele antes se colocar numa posi\u00e7\u00e3o lateral elevando\u2026","rel":"","context":"Similar post","img":{"alt_text":"","src":"","width":0,"height":0},"classes":[]},{"id":25,"url":"http:\/\/pope.esenf.pt\/intentcare?page_id=25","url_meta":{"origin":280,"position":4},"title":"Posicionar  Pessoa","date":"11 Maio, 2016","format":false,"excerpt":"Pretende-se responder \u00e0s quest\u00f5es: Com que frequ\u00eancia devo virar o meu familiar na cama? Como devo virar o familiar na cama? Como detectar sinais precoces \u00falcera de press\u00e3o? A informa\u00e7\u00e3o dispon\u00edvel \u00e9 um complemento das recomenda\u00e7\u00f5es dadas pelo seu enfermeiro. Posicionar consiste em colocar a pessoa numa determinada posi\u00e7\u00e3o. As\u2026","rel":"","context":"Similar post","img":{"alt_text":"","src":"","width":0,"height":0},"classes":[]},{"id":739,"url":"http:\/\/pope.esenf.pt\/intentcare?page_id=739","url_meta":{"origin":280,"position":5},"title":"Transferir cadeira-cama: familiar consegue ajudar","date":"2 Julho, 2017","format":false,"excerpt":"http:\/\/pope.esenf.pt\/intentcare\/wp-content\/uploads\/2018\/06\/Transf_cad_cama_coop.mp4 Transferir cadeira-cama: familiar consegue ajudar: 1. Coloque a cadeira num \u00e2ngulo paralelo \u00e0 cama e trave as rodas da cadeira e da cama. 2. Coloque-se de forma que os joelhos do seu familiar fiquem encostados aos seus. Passe os bra\u00e7os em volta da cintura de seu familiar e pe\u00e7a-lhe\u2026","rel":"","context":"Similar post","img":{"alt_text":"","src":"","width":0,"height":0},"classes":[]}],"_links":{"self":[{"href":"http:\/\/pope.esenf.pt\/intentcare\/index.php?rest_route=\/wp\/v2\/pages\/280"}],"collection":[{"href":"http:\/\/pope.esenf.pt\/intentcare\/index.php?rest_route=\/wp\/v2\/pages"}],"about":[{"href":"http:\/\/pope.esenf.pt\/intentcare\/index.php?rest_route=\/wp\/v2\/types\/page"}],"author":[{"embeddable":true,"href":"http:\/\/pope.esenf.pt\/intentcare\/index.php?rest_route=\/wp\/v2\/users\/1"}],"replies":[{"embeddable":true,"href":"http:\/\/pope.esenf.pt\/intentcare\/index.php?rest_route=%2Fwp%2Fv2%2Fcomments&post=280"}],"version-history":[{"count":9,"href":"http:\/\/pope.esenf.pt\/intentcare\/index.php?rest_route=\/wp\/v2\/pages\/280\/revisions"}],"predecessor-version":[{"id":1922,"href":"http:\/\/pope.esenf.pt\/intentcare\/index.php?rest_route=\/wp\/v2\/pages\/280\/revisions\/1922"}],"up":[{"embeddable":true,"href":"http:\/\/pope.esenf.pt\/intentcare\/index.php?rest_route=\/wp\/v2\/pages\/25"}],"wp:attachment":[{"href":"http:\/\/pope.esenf.pt\/intentcare\/index.php?rest_route=%2Fwp%2Fv2%2Fmedia&parent=280"}],"curies":[{"name":"wp","href":"https:\/\/api.w.org\/{rel}","templated":true}]}}