{"id":272,"date":"2016-09-15T11:23:06","date_gmt":"2016-09-15T11:23:06","guid":{"rendered":"http:\/\/pope.esenf.pt\/intentcare\/?page_id=272"},"modified":"2019-06-02T20:56:45","modified_gmt":"2019-06-02T20:56:45","slug":"pessoa-deitada-para-o-lado-direito","status":"publish","type":"page","link":"http:\/\/pope.esenf.pt\/intentcare?page_id=272","title":{"rendered":"Pessoa deitada para o lado direito"},"content":{"rendered":"<p>1. Coloque o seu familiar de costas, assegurando que ocupa o lado esquerdo da cama.<\/p>\n<p>2. Coloque-se do lado direito da cama.<\/p>\n<p>3. Cruze o bra\u00e7o esquerdo do seu familiar sobre o peito e afaste ligeiramente o bra\u00e7o direito.<\/p>\n<p>4. Coloque o p\u00e9 esquerdo sobre o direito.<\/p>\n<p>5. Coloque uma m\u00e3o no ombro esquerdo e anca esquerda do seu familiar.<\/p>\n<p>6. Vire o seu familiar num movimento \u00fanico e firme.<\/p>\n<p>7. Verifique o alinhamento (anca e o ombro alinhados).<\/p>\n<p>8. Coloque uma almofada de forma que o pesco\u00e7o e a cabe\u00e7a \u00a0fiquem ao mesmo n\u00edvel da coluna.<\/p>\n<p>9. O bra\u00e7o esquerdo deve estar ligeiramente dobrado e apoiado em almofadas de forma a manter o alinhamento do cotovelo com o ombro.<\/p>\n<p>10. O bra\u00e7o direito deve estar afastado do t\u00f3rax com o cotovelo flectido e a palma da m\u00e3o virada para cima.<\/p>\n<p>11. A perna esquerda deve estar ligeiramente flectida e apoiada em almofadas a fim de mant\u00ea-la ao n\u00edvel dos quadris.<\/p>\n<p>12. O joelho direito deve ficar ligeiramente dobrado.<\/p>\n<p><strong>Para virar o seu familiar para o lado esquerdo procede-se da mesma forma no sentido oposto.<\/strong><\/p>\n<div style=\"width: 750px;\" class=\"wp-video\"><!--[if lt IE 9]><script>document.createElement('video');<\/script><![endif]-->\n<video class=\"wp-video-shortcode\" id=\"video-272-1\" width=\"750\" height=\"563\" preload=\"metadata\" controls=\"controls\"><source type=\"video\/mp4\" src=\"http:\/\/pope.esenf.pt\/intentcare\/wp-content\/uploads\/2017\/05\/posicionar_direito.mp4?_=1\" \/><a href=\"http:\/\/pope.esenf.pt\/intentcare\/wp-content\/uploads\/2017\/05\/posicionar_direito.mp4\">http:\/\/pope.esenf.pt\/intentcare\/wp-content\/uploads\/2017\/05\/posicionar_direito.mp4<\/a><\/video><\/div>\n\n<div class=\"sp-wrap sp-wrap-yellow\">\n<div class=\"sp-head\" title=\"Expand\">\nPara virar o seu familiar para o lado esquerdo procede-se da mesma forma no sentido oposto.\n<\/div>\n<div class=\"sp-body folded\">\n<div class=\"spdiv\">[collapse]<\/div>\n<\/div>\n<\/div>\n\n<p><\/p>\n<table style=\"width: 842px;\">\n<tbody>\n<tr>\n<td style=\"width: 456px;\"><a href=\"http:\/\/pope.esenf.pt\/intentcare\/?page_id=257&amp;lang=pt\">Anterior (pessoa deitada de costas)<\/a><\/td>\n<td style=\"width: 378px; text-align: right;\"><a href=\"http:\/\/pope.esenf.pt\/intentcare\/?page_id=280&amp;lang=pt\">Seguinte (pessoa semi deitada para a direita)<\/a><\/td>\n<\/tr>\n<\/tbody>\n<\/table>\n\n\n<p><\/p>\n","protected":false},"excerpt":{"rendered":"<p>1. Coloque o seu familiar de costas, assegurando que ocupa o lado esquerdo da cama. 2. Coloque-se do lado direito da cama. 3. Cruze o bra\u00e7o esquerdo do seu familiar sobre o peito e afaste ligeiramente o bra\u00e7o direito. 4. Coloque o p\u00e9 esquerdo sobre o direito. 5. Coloque uma [&hellip;]<\/p>\n","protected":false},"author":1,"featured_media":0,"parent":25,"menu_order":2,"comment_status":"closed","ping_status":"closed","template":"","meta":{"spay_email":""},"jetpack_sharing_enabled":true,"jetpack_shortlink":"https:\/\/wp.me\/P8U6vi-4o","jetpack-related-posts":[{"id":280,"url":"http:\/\/pope.esenf.pt\/intentcare?page_id=280","url_meta":{"origin":272,"position":0},"title":"Pessoa semi-deitada para o lado direito","date":"15 Setembro, 2016","format":false,"excerpt":"1. Posicione o seu familiar de lado, coloque almofadas nas costas e membros inferiores. 2. Com uma m\u00e3o no ombro e outra na anca, deixe descair a pessoa em direc\u00e7\u00e3o \u00e0s almofadas, deitando-a parcialmente sobre as costas. 3. Coloque uma almofada de forma que o pesco\u00e7o e a cabe\u00e7a fiquem\u2026","rel":"","context":"Similar post","img":{"alt_text":"","src":"","width":0,"height":0},"classes":[]},{"id":257,"url":"http:\/\/pope.esenf.pt\/intentcare?page_id=257","url_meta":{"origin":272,"position":1},"title":"Pessoa deitada de costas","date":"15 Setembro, 2016","format":false,"excerpt":"1. Posicione o seu familiar de costas, mantendo o corpo alinhado. 2. Se tiver cama articulada coloque-a na posi\u00e7\u00e3o horizontal. 3. Coloque uma almofada\u00a0 a apoiar o pesco\u00e7o e a cabe\u00e7a. 4. Coloque almofadas nos antebra\u00e7os e m\u00e3os com os bra\u00e7os paralelos ao corpo,\u00a0 com a palma da m\u00e3o virada\u2026","rel":"","context":"Similar post","img":{"alt_text":"","src":"https:\/\/i1.wp.com\/pope.esenf.pt\/intentcare\/wp-content\/uploads\/2017\/04\/alinhamento-corporal-300x251.png?resize=350%2C200","width":350,"height":200},"classes":[]},{"id":25,"url":"http:\/\/pope.esenf.pt\/intentcare?page_id=25","url_meta":{"origin":272,"position":2},"title":"Posicionar  Pessoa","date":"11 Maio, 2016","format":false,"excerpt":"Pretende-se responder \u00e0s quest\u00f5es: Com que frequ\u00eancia devo virar o meu familiar na cama? Como devo virar o familiar na cama? Como detectar sinais precoces \u00falcera de press\u00e3o? A informa\u00e7\u00e3o dispon\u00edvel \u00e9 um complemento das recomenda\u00e7\u00f5es dadas pelo seu enfermeiro. Posicionar consiste em colocar a pessoa numa determinada posi\u00e7\u00e3o. As\u2026","rel":"","context":"Similar post","img":{"alt_text":"","src":"","width":0,"height":0},"classes":[]},{"id":732,"url":"http:\/\/pope.esenf.pt\/intentcare?page_id=732","url_meta":{"origin":272,"position":3},"title":"Transferir cama-cadeira: familiar consegue ajudar","date":"30 Junho, 2017","format":false,"excerpt":"1. Coloque a cadeira paralela \u00e0 cama e trave as rodas da cadeira e da cama. 2. Ajude o seu familiar a sentar-se na beira da cama o mais pr\u00f3ximo da cadeira. O movimento de se sentar na cama \u00e9 facilitado se ele antes se colocar numa posi\u00e7\u00e3o lateral elevando\u2026","rel":"","context":"Similar post","img":{"alt_text":"","src":"","width":0,"height":0},"classes":[]},{"id":253,"url":"http:\/\/pope.esenf.pt\/intentcare?page_id=253","url_meta":{"origin":272,"position":4},"title":"Posicinar pessoa -Introdu\u00e7\u00e3o","date":"15 Setembro, 2016","format":false,"excerpt":"Posicionar consiste em colocar a pessoa numa determinada posi\u00e7\u00e3o. As posi\u00e7\u00f5es\u00a0 mais seguras e confort\u00e1veis s\u00e3o: Posi\u00e7\u00e3o dorsal (pessoa deitada de costas) Posi\u00e7\u00e3o lateral (pessoa mant\u00e9m-se deitada sobre o lado direito ou esquerdo) Posi\u00e7\u00e3o semi-dorsal (consiste no ponto interm\u00e9dio entre a posi\u00e7\u00e3o lateral e dorsal, a pessoa fica deitada de\u2026","rel":"","context":"Similar post","img":{"alt_text":"","src":"","width":0,"height":0},"classes":[]},{"id":744,"url":"http:\/\/pope.esenf.pt\/intentcare?page_id=744","url_meta":{"origin":272,"position":5},"title":"Transferir cadeira-cama: familiar n\u00e3o ajuda","date":"2 Julho, 2017","format":false,"excerpt":"http:\/\/pope.esenf.pt\/intentcare\/wp-content\/uploads\/2018\/04\/Transf_cad_cama_ncoop.mp4 Transferir cadeira-cama: familiar n\u00e3o ajuda: 1. Des\u00e7a a cama at\u00e9 ao n\u00edvel da cadeira e trave-a. 2. Coloque a cadeira num \u00e2ngulo de 30\u00ba em rela\u00e7\u00e3o \u00e0 cama, afaste os pedais e trave tamb\u00e9m a cadeira. 3. Coloque-se \u00e0 frente do seu familiar com a anca e os joelhos\u2026","rel":"","context":"Similar post","img":{"alt_text":"","src":"","width":0,"height":0},"classes":[]}],"_links":{"self":[{"href":"http:\/\/pope.esenf.pt\/intentcare\/index.php?rest_route=\/wp\/v2\/pages\/272"}],"collection":[{"href":"http:\/\/pope.esenf.pt\/intentcare\/index.php?rest_route=\/wp\/v2\/pages"}],"about":[{"href":"http:\/\/pope.esenf.pt\/intentcare\/index.php?rest_route=\/wp\/v2\/types\/page"}],"author":[{"embeddable":true,"href":"http:\/\/pope.esenf.pt\/intentcare\/index.php?rest_route=\/wp\/v2\/users\/1"}],"replies":[{"embeddable":true,"href":"http:\/\/pope.esenf.pt\/intentcare\/index.php?rest_route=%2Fwp%2Fv2%2Fcomments&post=272"}],"version-history":[{"count":12,"href":"http:\/\/pope.esenf.pt\/intentcare\/index.php?rest_route=\/wp\/v2\/pages\/272\/revisions"}],"predecessor-version":[{"id":1918,"href":"http:\/\/pope.esenf.pt\/intentcare\/index.php?rest_route=\/wp\/v2\/pages\/272\/revisions\/1918"}],"up":[{"embeddable":true,"href":"http:\/\/pope.esenf.pt\/intentcare\/index.php?rest_route=\/wp\/v2\/pages\/25"}],"wp:attachment":[{"href":"http:\/\/pope.esenf.pt\/intentcare\/index.php?rest_route=%2Fwp%2Fv2%2Fmedia&parent=272"}],"curies":[{"name":"wp","href":"https:\/\/api.w.org\/{rel}","templated":true}]}}