{"id":25,"date":"2016-05-11T17:36:23","date_gmt":"2016-05-11T17:36:23","guid":{"rendered":"http:\/\/pope.esenf.pt\/intentcare\/?page_id=25"},"modified":"2022-06-27T11:30:43","modified_gmt":"2022-06-27T11:30:43","slug":"posicionar-a-pessoa","status":"publish","type":"page","link":"http:\/\/pope.esenf.pt\/intentcare?page_id=25","title":{"rendered":"Posicionar  Pessoa"},"content":{"rendered":"<p>Pretende-se responder \u00e0s quest\u00f5es:<\/p>\n<ul style=\"list-style-type: circle;\">\n<li><span style=\"color: #808000;\"><strong>Com que frequ\u00eancia devo virar o meu familiar na cama?<\/strong><\/span><\/li>\n<li><span style=\"color: #808000;\"><strong>Como devo virar o familiar na cama?<\/strong><\/span><\/li>\n<li><span style=\"color: #808000;\"><strong>Como detectar sinais precoces \u00falcera de press\u00e3o?<\/strong><\/span><\/li>\n<\/ul>\n<p>A informa\u00e7\u00e3o dispon\u00edvel \u00e9 um <strong>complemento das recomenda\u00e7\u00f5es dadas pelo seu enfermeiro<\/strong>.<\/p>\n<p>Posicionar consiste em colocar a pessoa numa determinada posi\u00e7\u00e3o.<\/p>\n<p>As posi\u00e7\u00f5es\u00a0 mais seguras e confort\u00e1veis s\u00e3o:<\/p>\n<ul>\n<li>Posi\u00e7\u00e3o dorsal (pessoa deitada de costas)<\/li>\n<li>Posi\u00e7\u00e3o lateral (pessoa mant\u00e9m-se deitada sobre o lado direito ou esquerdo)<\/li>\n<li>Posi\u00e7\u00e3o semi-dorsal (consiste no ponto interm\u00e9dio entre a posi\u00e7\u00e3o lateral e dorsal, a pessoa fica deitada de lado apoiada em almofadas).<\/li>\n<\/ul>\n<p>Para manter um bom alinhamento corporal \u00a0pode utilizar almofadas. Os posicionamentos devem ser modificados de acordo com as necessidades de cada pessoa. As pessoas com algum tipo de incapacidade, que passam a maior parte do tempo na cama ou na cadeira de rodas, precisam mudar de posi\u00e7\u00e3o, normalmente, a cada 2 horas. Durante a noite estes intervalos podem ser mais espa\u00e7ados de forma a permitir o repouso.<\/p>\n<table>\n<tbody>\n<tr>\n<td><a href=\"http:\/\/pope.esenf.pt\/intentcare\/?page_id=6&amp;lang=pt\">Temas<\/a><\/td>\n<td style=\"text-align: right;\"><a href=\"http:\/\/pope.esenf.pt\/intentcare\/?page_id=253&amp;lang=pt\">Seguinte (posicionar pessoa &#8211; introdu\u00e7\u00e3o)<\/a><\/td>\n<\/tr>\n<\/tbody>\n<\/table>\n","protected":false},"excerpt":{"rendered":"<p>Pretende-se responder \u00e0s quest\u00f5es: Com que frequ\u00eancia devo virar o meu familiar na cama? Como devo virar o familiar na cama? Como detectar sinais precoces \u00falcera de press\u00e3o? A informa\u00e7\u00e3o dispon\u00edvel \u00e9 um complemento das recomenda\u00e7\u00f5es dadas pelo seu enfermeiro. Posicionar consiste em colocar a pessoa numa determinada posi\u00e7\u00e3o. As [&hellip;]<\/p>\n","protected":false},"author":1,"featured_media":0,"parent":6,"menu_order":0,"comment_status":"closed","ping_status":"closed","template":"","meta":{"spay_email":""},"jetpack_sharing_enabled":true,"jetpack_shortlink":"https:\/\/wp.me\/P8U6vi-p","jetpack-related-posts":[{"id":253,"url":"http:\/\/pope.esenf.pt\/intentcare?page_id=253","url_meta":{"origin":25,"position":0},"title":"Posicinar pessoa -Introdu\u00e7\u00e3o","date":"15 Setembro, 2016","format":false,"excerpt":"Posicionar consiste em colocar a pessoa numa determinada posi\u00e7\u00e3o. As posi\u00e7\u00f5es\u00a0 mais seguras e confort\u00e1veis s\u00e3o: Posi\u00e7\u00e3o dorsal (pessoa deitada de costas) Posi\u00e7\u00e3o lateral (pessoa mant\u00e9m-se deitada sobre o lado direito ou esquerdo) Posi\u00e7\u00e3o semi-dorsal (consiste no ponto interm\u00e9dio entre a posi\u00e7\u00e3o lateral e dorsal, a pessoa fica deitada de\u2026","rel":"","context":"Similar post","img":{"alt_text":"","src":"","width":0,"height":0},"classes":[]},{"id":257,"url":"http:\/\/pope.esenf.pt\/intentcare?page_id=257","url_meta":{"origin":25,"position":1},"title":"Pessoa deitada de costas","date":"15 Setembro, 2016","format":false,"excerpt":"1. Posicione o seu familiar de costas, mantendo o corpo alinhado. 2. Se tiver cama articulada coloque-a na posi\u00e7\u00e3o horizontal. 3. Coloque uma almofada\u00a0 a apoiar o pesco\u00e7o e a cabe\u00e7a. 4. Coloque almofadas nos antebra\u00e7os e m\u00e3os com os bra\u00e7os paralelos ao corpo,\u00a0 com a palma da m\u00e3o virada\u2026","rel":"","context":"Similar post","img":{"alt_text":"","src":"https:\/\/i1.wp.com\/pope.esenf.pt\/intentcare\/wp-content\/uploads\/2017\/04\/alinhamento-corporal-300x251.png?resize=350%2C200","width":350,"height":200},"classes":[]},{"id":775,"url":"http:\/\/pope.esenf.pt\/intentcare?page_id=775","url_meta":{"origin":25,"position":2},"title":"Material para posicionar a  pessoa","date":"2 Julho, 2017","format":false,"excerpt":"Bem vindo Em seguida poder\u00e1 observar algumas imagens relativas ao tema Posicionar a Pessoa. Equipamentos Cama articulada Rolo Rolo adaptado \u00a0 Almofadas para posicionar Imagens de procedimento \u00a0 Posi\u00e7\u00e3o dos p\u00e9s e coloca\u00e7\u00e3o correta da almofada \u00a0 Posi\u00e7\u00e3o correta dos p\u00e9s \u00a0 Alinhamento corporal \u00a0 Posi\u00e7\u00e3o corporal do cuidador \u00a0\u2026","rel":"","context":"Similar post","img":{"alt_text":"","src":"https:\/\/i1.wp.com\/pope.esenf.pt\/intentcare\/wp-content\/uploads\/2017\/04\/cama-articulada-1-232x300.png?resize=350%2C200","width":350,"height":200},"classes":[]},{"id":272,"url":"http:\/\/pope.esenf.pt\/intentcare?page_id=272","url_meta":{"origin":25,"position":3},"title":"Pessoa deitada para o lado direito","date":"15 Setembro, 2016","format":false,"excerpt":"1. Coloque o seu familiar de costas, assegurando que ocupa o lado esquerdo da cama. 2. Coloque-se do lado direito da cama. 3. Cruze o bra\u00e7o esquerdo do seu familiar sobre o peito e afaste ligeiramente o bra\u00e7o direito. 4. Coloque o p\u00e9 esquerdo sobre o direito. 5. Coloque uma\u2026","rel":"","context":"Similar post","img":{"alt_text":"","src":"","width":0,"height":0},"classes":[]},{"id":760,"url":"http:\/\/pope.esenf.pt\/intentcare?page_id=760","url_meta":{"origin":25,"position":4},"title":"Preven\u00e7\u00e3o  de \u00falceras de press\u00e3o","date":"2 Julho, 2017","format":false,"excerpt":"1. As \u00falceras de press\u00e3o surgem quando a pessoa fica muito tempo na mesma posi\u00e7\u00e3o, devendo-se \u00e0 diminui\u00e7\u00e3o da circula\u00e7\u00e3o nas zonas que ficam pressionadas. 2. Estas podem aparecer nos locais de maior press\u00e3o como: calcanhar, mal\u00e9olos, regi\u00e3o sagrada, cotovelo, cabe\u00e7a e l\u00f3bulo da orelha. 3. Mude a posi\u00e7\u00e3o do\u2026","rel":"","context":"Similar post","img":{"alt_text":"","src":"","width":0,"height":0},"classes":[]},{"id":280,"url":"http:\/\/pope.esenf.pt\/intentcare?page_id=280","url_meta":{"origin":25,"position":5},"title":"Pessoa semi-deitada para o lado direito","date":"15 Setembro, 2016","format":false,"excerpt":"1. Posicione o seu familiar de lado, coloque almofadas nas costas e membros inferiores. 2. Com uma m\u00e3o no ombro e outra na anca, deixe descair a pessoa em direc\u00e7\u00e3o \u00e0s almofadas, deitando-a parcialmente sobre as costas. 3. Coloque uma almofada de forma que o pesco\u00e7o e a cabe\u00e7a fiquem\u2026","rel":"","context":"Similar post","img":{"alt_text":"","src":"","width":0,"height":0},"classes":[]}],"_links":{"self":[{"href":"http:\/\/pope.esenf.pt\/intentcare\/index.php?rest_route=\/wp\/v2\/pages\/25"}],"collection":[{"href":"http:\/\/pope.esenf.pt\/intentcare\/index.php?rest_route=\/wp\/v2\/pages"}],"about":[{"href":"http:\/\/pope.esenf.pt\/intentcare\/index.php?rest_route=\/wp\/v2\/types\/page"}],"author":[{"embeddable":true,"href":"http:\/\/pope.esenf.pt\/intentcare\/index.php?rest_route=\/wp\/v2\/users\/1"}],"replies":[{"embeddable":true,"href":"http:\/\/pope.esenf.pt\/intentcare\/index.php?rest_route=%2Fwp%2Fv2%2Fcomments&post=25"}],"version-history":[{"count":19,"href":"http:\/\/pope.esenf.pt\/intentcare\/index.php?rest_route=\/wp\/v2\/pages\/25\/revisions"}],"predecessor-version":[{"id":3206,"href":"http:\/\/pope.esenf.pt\/intentcare\/index.php?rest_route=\/wp\/v2\/pages\/25\/revisions\/3206"}],"up":[{"embeddable":true,"href":"http:\/\/pope.esenf.pt\/intentcare\/index.php?rest_route=\/wp\/v2\/pages\/6"}],"wp:attachment":[{"href":"http:\/\/pope.esenf.pt\/intentcare\/index.php?rest_route=%2Fwp%2Fv2%2Fmedia&parent=25"}],"curies":[{"name":"wp","href":"https:\/\/api.w.org\/{rel}","templated":true}]}}