{"id":1692,"date":"2019-03-29T10:40:53","date_gmt":"2019-03-29T10:40:53","guid":{"rendered":"http:\/\/pope.esenf.pt\/intentcare\/?page_id=1692"},"modified":"2019-07-23T13:03:00","modified_gmt":"2019-07-23T13:03:00","slug":"administracao-inalatoria-nebulizacao","status":"publish","type":"page","link":"http:\/\/pope.esenf.pt\/intentcare?page_id=1692","title":{"rendered":"Administra\u00e7\u00e3o inalat\u00f3ria"},"content":{"rendered":"\n<p>A administra\u00e7\u00e3o de medicamentos por via inalat\u00f3ria \u00e9 feita atrav\u00e9s do nariz e ou boca para ter efeito nas vias respirat\u00f3rias.<\/p>\n\n\n\n<p>A posi\u00e7\u00e3o sentada ou a cabeceira da cama elevada facilita os movimentos respirat\u00f3rios e a efic\u00e1cia da administra\u00e7\u00e3o por esta via.<\/p>\n\n\n\n<p>Incentive o seu familiar a tossir, a assoar-se e a lavar a boca, se necess\u00e1rio, antes da inala\u00e7\u00e3o.<\/p>\n\n\n\n<p>Existem diferentes dispositivos inalat\u00f3rios. Cada inalador tem o seu modo pr\u00f3prio de funcionamento. Antes da utiliza\u00e7\u00e3o do inalador, este deve ser preparado de acordo com as instru\u00e7\u00f5es de uso do fabricante. &nbsp;<\/p>\n\n\n\n<p>Os 3 passos fundamentais da t\u00e9cnica inalat\u00f3ria:<\/p>\n\n\n\n<figure class=\"wp-block-image is-resized\"><img data-attachment-id=\"2073\" data-permalink=\"http:\/\/pope.esenf.pt\/intentcare?attachment_id=2073\" data-orig-file=\"https:\/\/i1.wp.com\/pope.esenf.pt\/intentcare\/wp-content\/uploads\/2019\/07\/a1.png?fit=1152%2C648\" data-orig-size=\"1152,648\" data-comments-opened=\"1\" data-image-meta=\"{&quot;aperture&quot;:&quot;0&quot;,&quot;credit&quot;:&quot;&quot;,&quot;camera&quot;:&quot;&quot;,&quot;caption&quot;:&quot;&quot;,&quot;created_timestamp&quot;:&quot;0&quot;,&quot;copyright&quot;:&quot;&quot;,&quot;focal_length&quot;:&quot;0&quot;,&quot;iso&quot;:&quot;0&quot;,&quot;shutter_speed&quot;:&quot;0&quot;,&quot;title&quot;:&quot;&quot;,&quot;orientation&quot;:&quot;0&quot;}\" data-image-title=\"a1\" data-image-description=\"\" data-medium-file=\"https:\/\/i1.wp.com\/pope.esenf.pt\/intentcare\/wp-content\/uploads\/2019\/07\/a1.png?fit=300%2C169\" data-large-file=\"https:\/\/i1.wp.com\/pope.esenf.pt\/intentcare\/wp-content\/uploads\/2019\/07\/a1.png?fit=750%2C422\" loading=\"lazy\" src=\"https:\/\/i1.wp.com\/pope.esenf.pt\/intentcare\/wp-content\/uploads\/2019\/07\/a1.png?resize=510%2C287\" alt=\"\" class=\"wp-image-2073\" width=\"510\" height=\"287\" srcset=\"https:\/\/i1.wp.com\/pope.esenf.pt\/intentcare\/wp-content\/uploads\/2019\/07\/a1.png?resize=1024%2C576 1024w, https:\/\/i1.wp.com\/pope.esenf.pt\/intentcare\/wp-content\/uploads\/2019\/07\/a1.png?resize=300%2C169 300w, https:\/\/i1.wp.com\/pope.esenf.pt\/intentcare\/wp-content\/uploads\/2019\/07\/a1.png?resize=768%2C432 768w, https:\/\/i1.wp.com\/pope.esenf.pt\/intentcare\/wp-content\/uploads\/2019\/07\/a1.png?w=1152 1152w\" sizes=\"(max-width: 510px) 100vw, 510px\" data-recalc-dims=\"1\" \/><\/figure>\n\n\n\n<p><\/p>\n\n\n\n<p>Para consultar os principais aspetos das instru\u00e7\u00f5es de uso de cada tipo de dispositivos inalat\u00f3rios <a href=\"https:\/\/drive.google.com\/file\/d\/1TOJSnzu8HKD3fVjvTrp_7u-Ys90dqgxk\/view\">clique aqui. <\/a><\/p>\n\n\n\n<p><\/p>\n\n\n<table>\n<tbody>\n<tr>\n<td style=\"width: 356.333px;\"><a href=\"http:\/\/pope.esenf.pt\/intentcare\/?page_id=1645&amp;lang=pt\">Anterior (administra\u00e7\u00e3o cut\u00e2nea)<\/a><\/td>\n<td style=\"width: 346.333px; text-align: right;\"><a href=\"http:\/\/pope.esenf.pt\/intentcare\/?page_id=1649&amp;lang=pt\">Seguinte (administra\u00e7\u00e3o rectal)<\/a><\/td>\n<\/tr>\n<\/tbody>\n<\/table>\n\n\n<p><\/p>\n","protected":false},"excerpt":{"rendered":"<p>A administra\u00e7\u00e3o de medicamentos por via inalat\u00f3ria \u00e9 feita atrav\u00e9s do nariz e ou boca para ter efeito nas vias respirat\u00f3rias. A posi\u00e7\u00e3o sentada ou a cabeceira da cama elevada facilita os movimentos respirat\u00f3rios e a efic\u00e1cia da administra\u00e7\u00e3o por esta via. Incentive o seu familiar a tossir, a assoar-se [&hellip;]<\/p>\n","protected":false},"author":1,"featured_media":0,"parent":0,"menu_order":0,"comment_status":"closed","ping_status":"closed","template":"","meta":{"spay_email":""},"jetpack_sharing_enabled":true,"jetpack_shortlink":"https:\/\/wp.me\/P8U6vi-ri","jetpack-related-posts":[{"id":1613,"url":"http:\/\/pope.esenf.pt\/intentcare?page_id=1613","url_meta":{"origin":1692,"position":0},"title":"Administra\u00e7\u00e3o oral (pela boca)","date":"28 Mar\u00e7o, 2019","format":false,"excerpt":"Existem diferentes apresenta\u00e7\u00f5es de medicamentos a serem administrados por via oral, como, comprimidos, comprimidos efervescentes, c\u00e1psulas, drageias, xaropes, solu\u00e7\u00f5es, suspens\u00f5es, gotas, p\u00f3s e granulados. Existem medicamentos que n\u00e3o devem ser engolidos, como os sublinguais (que devem permanecer debaixo da l\u00edngua), ou orodispers\u00edveis, que devem ser dissolvidos na boca. Os medicamentos\u2026","rel":"","context":"Similar post","img":{"alt_text":"","src":"","width":0,"height":0},"classes":[]},{"id":1649,"url":"http:\/\/pope.esenf.pt\/intentcare?page_id=1649","url_meta":{"origin":1692,"position":1},"title":"Administra\u00e7\u00e3o rectal","date":"28 Mar\u00e7o, 2019","format":false,"excerpt":"A administra\u00e7\u00e3o de medicamentos por via rectal \u00e9 feita introduzindo o medicamento no an\u00fbs. Calce umas luvas descart\u00e1veis. Posicione o seu familiar ou ajude-o a posicionar-se deitado sobre o lado esquerdo, com a perna que fica por cima fletida Solicite ao seu familiar que respire lenta e profundamente, antes da\u2026","rel":"","context":"Similar post","img":{"alt_text":"","src":"","width":0,"height":0},"classes":[]},{"id":1645,"url":"http:\/\/pope.esenf.pt\/intentcare?page_id=1645","url_meta":{"origin":1692,"position":2},"title":"Administra\u00e7\u00e3o cut\u00e2nea (na pele)","date":"28 Mar\u00e7o, 2019","format":false,"excerpt":"Existem diferentes apresenta\u00e7\u00f5es de medicamentos a serem aplicados na pele, nomeadamente, sob a forma de pomada, creme, lo\u00e7\u00e3o, gel, adesivo transd\u00e9rmico ou spray. Antes de administrar a medica\u00e7\u00e3o, deve lavar e secar o local de aplica\u00e7\u00e3o do medicamento. Os medicamentos sob a forma de pomada, creme, lo\u00e7\u00e3o e gel devem\u2026","rel":"","context":"Similar post","img":{"alt_text":"","src":"","width":0,"height":0},"classes":[]},{"id":92,"url":"http:\/\/pope.esenf.pt\/intentcare?page_id=92","url_meta":{"origin":1692,"position":3},"title":"Alimenta\u00e7\u00e3o pela boca","date":"26 Julho, 2016","format":false,"excerpt":"O momento da refei\u00e7\u00e3o deve ser calmo e agrad\u00e1vel, num espa\u00e7o limpo e longe de odores desagrad\u00e1veis e a apresenta\u00e7\u00e3o da refei\u00e7\u00e3o deve ter um aspeto agrad\u00e1vel. A temperatura dos alimentos deve ser adequada, de forma a evitar queimadura. Antes das refei\u00e7\u00f5es, pode e deve permitir e incentivar a lavagem\u2026","rel":"","context":"Similar post","img":{"alt_text":"","src":"","width":0,"height":0},"classes":[]},{"id":1626,"url":"http:\/\/pope.esenf.pt\/intentcare?page_id=1626","url_meta":{"origin":1692,"position":4},"title":"Administra\u00e7\u00e3o otol\u00f3gica (no ouvido)","date":"28 Mar\u00e7o, 2019","format":false,"excerpt":"As estruturas do ouvido s\u00e3o muito sens\u00edveis a temperaturas extremas, da\u00ed que as solu\u00e7\u00f5es otol\u00f3gicas devam estar \u00e0 temperatura ambiente. O seu familiar deve deitar-se de lado ou sentar-se com a cabe\u00e7a ligeiramente inclinada para o lado, de modo a que o ouvido a tratar fique virado para cima. Deve\u2026","rel":"","context":"Similar post","img":{"alt_text":"","src":"","width":0,"height":0},"classes":[]},{"id":1617,"url":"http:\/\/pope.esenf.pt\/intentcare?page_id=1617","url_meta":{"origin":1692,"position":5},"title":"Administra\u00e7\u00e3o oft\u00e1lmica (nos olhos)","date":"28 Mar\u00e7o, 2019","format":false,"excerpt":"Administra\u00e7\u00e3o oft\u00e1lmica (nos olhos) Os col\u00edrios e pomadas s\u00e3o exemplos de apresenta\u00e7\u00f5es de medicamentos oft\u00e1lmicos. \u00c9 importante que as pessoas saibam que com a aplica\u00e7\u00e3o de col\u00edrios e ou pomadas, a vis\u00e3o pode ficar temporariamente alterada. O seu familiar deve deitar-se ou sentar-se com a cabe\u00e7a ligeiramente inclinada para tr\u00e1s.\u2026","rel":"","context":"Similar post","img":{"alt_text":"","src":"","width":0,"height":0},"classes":[]}],"_links":{"self":[{"href":"http:\/\/pope.esenf.pt\/intentcare\/index.php?rest_route=\/wp\/v2\/pages\/1692"}],"collection":[{"href":"http:\/\/pope.esenf.pt\/intentcare\/index.php?rest_route=\/wp\/v2\/pages"}],"about":[{"href":"http:\/\/pope.esenf.pt\/intentcare\/index.php?rest_route=\/wp\/v2\/types\/page"}],"author":[{"embeddable":true,"href":"http:\/\/pope.esenf.pt\/intentcare\/index.php?rest_route=\/wp\/v2\/users\/1"}],"replies":[{"embeddable":true,"href":"http:\/\/pope.esenf.pt\/intentcare\/index.php?rest_route=%2Fwp%2Fv2%2Fcomments&post=1692"}],"version-history":[{"count":26,"href":"http:\/\/pope.esenf.pt\/intentcare\/index.php?rest_route=\/wp\/v2\/pages\/1692\/revisions"}],"predecessor-version":[{"id":2122,"href":"http:\/\/pope.esenf.pt\/intentcare\/index.php?rest_route=\/wp\/v2\/pages\/1692\/revisions\/2122"}],"wp:attachment":[{"href":"http:\/\/pope.esenf.pt\/intentcare\/index.php?rest_route=%2Fwp%2Fv2%2Fmedia&parent=1692"}],"curies":[{"name":"wp","href":"https:\/\/api.w.org\/{rel}","templated":true}]}}