{"id":1649,"date":"2019-03-28T12:15:36","date_gmt":"2019-03-28T12:15:36","guid":{"rendered":"http:\/\/pope.esenf.pt\/intentcare\/?page_id=1649"},"modified":"2019-06-02T17:43:40","modified_gmt":"2019-06-02T17:43:40","slug":"administracao-rectal","status":"publish","type":"page","link":"http:\/\/pope.esenf.pt\/intentcare?page_id=1649","title":{"rendered":"Administra\u00e7\u00e3o rectal"},"content":{"rendered":"\n<p><\/p>\n\n\n\n<p> A administra\u00e7\u00e3o de medicamentos por via rectal \u00e9 feita introduzindo o medicamento no an\u00fbs. <\/p>\n\n\n\n<p> Calce umas luvas descart\u00e1veis. <\/p>\n\n\n\n<p> Posicione o seu familiar ou ajude-o a posicionar-se deitado sobre o lado esquerdo, com a perna que fica por cima fletida <\/p>\n\n\n\n<figure class=\"wp-block-image\"><img data-attachment-id=\"1651\" data-permalink=\"http:\/\/pope.esenf.pt\/intentcare?attachment_id=1651\" data-orig-file=\"https:\/\/i1.wp.com\/pope.esenf.pt\/intentcare\/wp-content\/uploads\/2019\/03\/image.png?fit=302%2C100\" data-orig-size=\"302,100\" data-comments-opened=\"1\" data-image-meta=\"{&quot;aperture&quot;:&quot;0&quot;,&quot;credit&quot;:&quot;&quot;,&quot;camera&quot;:&quot;&quot;,&quot;caption&quot;:&quot;&quot;,&quot;created_timestamp&quot;:&quot;0&quot;,&quot;copyright&quot;:&quot;&quot;,&quot;focal_length&quot;:&quot;0&quot;,&quot;iso&quot;:&quot;0&quot;,&quot;shutter_speed&quot;:&quot;0&quot;,&quot;title&quot;:&quot;&quot;,&quot;orientation&quot;:&quot;0&quot;}\" data-image-title=\"image\" data-image-description=\"\" data-medium-file=\"https:\/\/i1.wp.com\/pope.esenf.pt\/intentcare\/wp-content\/uploads\/2019\/03\/image.png?fit=300%2C99\" data-large-file=\"https:\/\/i1.wp.com\/pope.esenf.pt\/intentcare\/wp-content\/uploads\/2019\/03\/image.png?fit=302%2C100\" loading=\"lazy\" width=\"302\" height=\"100\" src=\"https:\/\/i1.wp.com\/pope.esenf.pt\/intentcare\/wp-content\/uploads\/2019\/03\/image.png?resize=302%2C100\" alt=\"\" class=\"wp-image-1651\" srcset=\"https:\/\/i1.wp.com\/pope.esenf.pt\/intentcare\/wp-content\/uploads\/2019\/03\/image.png?w=302 302w, https:\/\/i1.wp.com\/pope.esenf.pt\/intentcare\/wp-content\/uploads\/2019\/03\/image.png?resize=300%2C99 300w\" sizes=\"(max-width: 302px) 100vw, 302px\" data-recalc-dims=\"1\" \/><\/figure>\n\n\n<p>Solicite ao seu familiar que respire lenta e profundamente, antes da aplica\u00e7\u00e3o do medicamento.<\/p>\n<p><strong>Suposit\u00f3rio<\/strong>:\u00a0Insira suavemente atrav\u00e9s do \u00e2nus, o suposit\u00f3rio empurrando-o com o dedo indicador para al\u00e9m do esf\u00edncter anal.\u00a0<\/p>\n<p><strong>Solu\u00e7\u00f5es rectais ou bisnagas<\/strong>:\u00a0Retire a tampa da c\u00e2nula, introduza a c\u00e2nula no reto, comprima completamente a bisnaga e remova a c\u00e2nula, mantendo-a apertada para que o medicamento n\u00e3o venha para tr\u00e1s.<\/p>\n<p>Solicite ao seu familiar que comprima as n\u00e1degas e que permane\u00e7a na mesma posi\u00e7\u00e3o durante cinco minutos, evitando a expuls\u00e3o do medicamento e facilitando a sua absor\u00e7\u00e3o.<\/p>\n<table>\n<tbody>\n<tr>\n<td><a href=\"http:\/\/pope.esenf.pt\/intentcare\/?page_id=1692&amp;lang=pt\">Anterior (administra\u00e7\u00e3o inalat\u00f3ria)<\/a><\/td>\n<td style=\"text-align: right;\"><a href=\"http:\/\/pope.esenf.pt\/intentcare\/?page_id=1673&amp;lang=pt\">Seguinte (situa\u00e7\u00f5es especiais)<\/a><\/td>\n<\/tr>\n<\/tbody>\n<\/table>\n<p><strong>\u00a0<\/strong><\/p>\n<p><\/p>","protected":false},"excerpt":{"rendered":"<p>A administra\u00e7\u00e3o de medicamentos por via rectal \u00e9 feita introduzindo o medicamento no an\u00fbs. Calce umas luvas descart\u00e1veis. Posicione o seu familiar ou ajude-o a posicionar-se deitado sobre o lado esquerdo, com a perna que fica por cima fletida Solicite ao seu familiar que respire lenta e profundamente, antes da [&hellip;]<\/p>\n","protected":false},"author":1,"featured_media":0,"parent":0,"menu_order":0,"comment_status":"closed","ping_status":"closed","template":"","meta":{"spay_email":""},"jetpack_sharing_enabled":true,"jetpack_shortlink":"https:\/\/wp.me\/P8U6vi-qB","jetpack-related-posts":[{"id":1613,"url":"http:\/\/pope.esenf.pt\/intentcare?page_id=1613","url_meta":{"origin":1649,"position":0},"title":"Administra\u00e7\u00e3o oral (pela boca)","date":"28 Mar\u00e7o, 2019","format":false,"excerpt":"Existem diferentes apresenta\u00e7\u00f5es de medicamentos a serem administrados por via oral, como, comprimidos, comprimidos efervescentes, c\u00e1psulas, drageias, xaropes, solu\u00e7\u00f5es, suspens\u00f5es, gotas, p\u00f3s e granulados. Existem medicamentos que n\u00e3o devem ser engolidos, como os sublinguais (que devem permanecer debaixo da l\u00edngua), ou orodispers\u00edveis, que devem ser dissolvidos na boca. Os medicamentos\u2026","rel":"","context":"Similar post","img":{"alt_text":"","src":"","width":0,"height":0},"classes":[]},{"id":1673,"url":"http:\/\/pope.esenf.pt\/intentcare?page_id=1673","url_meta":{"origin":1649,"position":1},"title":"Situa\u00e7\u00f5es especiais","date":"28 Mar\u00e7o, 2019","format":false,"excerpt":"O que fazer quando o seu familiar se recusa a tomar a medica\u00e7\u00e3o? Tente perceber o que provoca a recusa dos medicamentos; N\u00e3o pressione a toma da medica\u00e7\u00e3o. Explique calmamente a import\u00e2ncia do medicamento. Se necess\u00e1rio, fa\u00e7a uma pausa, antes de voltar a tentar; Experimente dar o medicamento com os\u2026","rel":"","context":"Similar post","img":{"alt_text":"","src":"","width":0,"height":0},"classes":[]},{"id":1606,"url":"http:\/\/pope.esenf.pt\/intentcare?page_id=1606","url_meta":{"origin":1649,"position":2},"title":"Recomenda\u00e7\u00f5es gerais","date":"28 Mar\u00e7o, 2019","format":false,"excerpt":"\u00c9 importante ler e conservar o folheto informativo do medicamento para o consultar sempre que surja alguma d\u00favida. Esteja especialmente alerta sobre as intera\u00e7\u00f5es com outros medicamentos, contraindica\u00e7\u00f5es e indica\u00e7\u00f5es espec\u00edficas. Se ap\u00f3s a leitura do folheto informativo, alguma d\u00favida persistir deve contactar o m\u00e9dico, enfermeiro ou farmac\u00eautico. D\u00ea especial\u2026","rel":"","context":"Similar post","img":{"alt_text":"","src":"","width":0,"height":0},"classes":[]},{"id":1617,"url":"http:\/\/pope.esenf.pt\/intentcare?page_id=1617","url_meta":{"origin":1649,"position":3},"title":"Administra\u00e7\u00e3o oft\u00e1lmica (nos olhos)","date":"28 Mar\u00e7o, 2019","format":false,"excerpt":"Administra\u00e7\u00e3o oft\u00e1lmica (nos olhos) Os col\u00edrios e pomadas s\u00e3o exemplos de apresenta\u00e7\u00f5es de medicamentos oft\u00e1lmicos. \u00c9 importante que as pessoas saibam que com a aplica\u00e7\u00e3o de col\u00edrios e ou pomadas, a vis\u00e3o pode ficar temporariamente alterada. O seu familiar deve deitar-se ou sentar-se com a cabe\u00e7a ligeiramente inclinada para tr\u00e1s.\u2026","rel":"","context":"Similar post","img":{"alt_text":"","src":"","width":0,"height":0},"classes":[]},{"id":1586,"url":"http:\/\/pope.esenf.pt\/intentcare?page_id=1586","url_meta":{"origin":1649,"position":4},"title":"Gerir o regime medicamentoso","date":"28 Mar\u00e7o, 2019","format":false,"excerpt":"A informa\u00e7\u00e3o dispon\u00edvel \u00e9 um complemento das recomenda\u00e7\u00f5es dadas pelo seu enfermeiro. Pretende-se responder \u00e0s quest\u00f5es: Que cuidados devo ter com a medica\u00e7\u00e3o do meu familiar? Quais as melhores\u00a0estrat\u00e9gias que\u00a0me permitem gerir a sua medica\u00e7\u00e3o? Medicamentos s\u00e3o subst\u00e2ncias importantes no tratamento e preven\u00e7\u00e3o das doen\u00e7as. Algumas pessoas podem ter necessidade\u2026","rel":"","context":"Similar post","img":{"alt_text":"","src":"","width":0,"height":0},"classes":[]},{"id":1645,"url":"http:\/\/pope.esenf.pt\/intentcare?page_id=1645","url_meta":{"origin":1649,"position":5},"title":"Administra\u00e7\u00e3o cut\u00e2nea (na pele)","date":"28 Mar\u00e7o, 2019","format":false,"excerpt":"Existem diferentes apresenta\u00e7\u00f5es de medicamentos a serem aplicados na pele, nomeadamente, sob a forma de pomada, creme, lo\u00e7\u00e3o, gel, adesivo transd\u00e9rmico ou spray. Antes de administrar a medica\u00e7\u00e3o, deve lavar e secar o local de aplica\u00e7\u00e3o do medicamento. Os medicamentos sob a forma de pomada, creme, lo\u00e7\u00e3o e gel devem\u2026","rel":"","context":"Similar post","img":{"alt_text":"","src":"","width":0,"height":0},"classes":[]}],"_links":{"self":[{"href":"http:\/\/pope.esenf.pt\/intentcare\/index.php?rest_route=\/wp\/v2\/pages\/1649"}],"collection":[{"href":"http:\/\/pope.esenf.pt\/intentcare\/index.php?rest_route=\/wp\/v2\/pages"}],"about":[{"href":"http:\/\/pope.esenf.pt\/intentcare\/index.php?rest_route=\/wp\/v2\/types\/page"}],"author":[{"embeddable":true,"href":"http:\/\/pope.esenf.pt\/intentcare\/index.php?rest_route=\/wp\/v2\/users\/1"}],"replies":[{"embeddable":true,"href":"http:\/\/pope.esenf.pt\/intentcare\/index.php?rest_route=%2Fwp%2Fv2%2Fcomments&post=1649"}],"version-history":[{"count":4,"href":"http:\/\/pope.esenf.pt\/intentcare\/index.php?rest_route=\/wp\/v2\/pages\/1649\/revisions"}],"predecessor-version":[{"id":2006,"href":"http:\/\/pope.esenf.pt\/intentcare\/index.php?rest_route=\/wp\/v2\/pages\/1649\/revisions\/2006"}],"wp:attachment":[{"href":"http:\/\/pope.esenf.pt\/intentcare\/index.php?rest_route=%2Fwp%2Fv2%2Fmedia&parent=1649"}],"curies":[{"name":"wp","href":"https:\/\/api.w.org\/{rel}","templated":true}]}}