{"id":1645,"date":"2019-03-28T12:05:12","date_gmt":"2019-03-28T12:05:12","guid":{"rendered":"http:\/\/pope.esenf.pt\/intentcare\/?page_id=1645"},"modified":"2019-11-11T14:51:54","modified_gmt":"2019-11-11T14:51:54","slug":"administracao-cutanea-na-pele","status":"publish","type":"page","link":"http:\/\/pope.esenf.pt\/intentcare?page_id=1645","title":{"rendered":"Administra\u00e7\u00e3o cut\u00e2nea (na pele)"},"content":{"rendered":"\n<p><img data-attachment-id=\"2174\" data-permalink=\"http:\/\/pope.esenf.pt\/intentcare?attachment_id=2174\" data-orig-file=\"https:\/\/i0.wp.com\/pope.esenf.pt\/intentcare\/wp-content\/uploads\/2019\/07\/images.jpeg?fit=305%2C165\" data-orig-size=\"305,165\" data-comments-opened=\"1\" data-image-meta=\"{&quot;aperture&quot;:&quot;0&quot;,&quot;credit&quot;:&quot;&quot;,&quot;camera&quot;:&quot;&quot;,&quot;caption&quot;:&quot;&quot;,&quot;created_timestamp&quot;:&quot;0&quot;,&quot;copyright&quot;:&quot;&quot;,&quot;focal_length&quot;:&quot;0&quot;,&quot;iso&quot;:&quot;0&quot;,&quot;shutter_speed&quot;:&quot;0&quot;,&quot;title&quot;:&quot;&quot;,&quot;orientation&quot;:&quot;0&quot;}\" data-image-title=\"images\" data-image-description=\"\" data-medium-file=\"https:\/\/i0.wp.com\/pope.esenf.pt\/intentcare\/wp-content\/uploads\/2019\/07\/images.jpeg?fit=300%2C162\" data-large-file=\"https:\/\/i0.wp.com\/pope.esenf.pt\/intentcare\/wp-content\/uploads\/2019\/07\/images.jpeg?fit=305%2C165\" loading=\"lazy\" src=\"https:\/\/i0.wp.com\/pope.esenf.pt\/intentcare\/wp-content\/uploads\/2019\/07\/images.jpeg?resize=300%2C162\" alt=\"\" width=\"300\" height=\"162\" class=\"alignnone size-medium wp-image-2174 alignright\" srcset=\"https:\/\/i0.wp.com\/pope.esenf.pt\/intentcare\/wp-content\/uploads\/2019\/07\/images.jpeg?resize=300%2C162 300w, https:\/\/i0.wp.com\/pope.esenf.pt\/intentcare\/wp-content\/uploads\/2019\/07\/images.jpeg?w=305 305w\" sizes=\"(max-width: 300px) 100vw, 300px\" data-recalc-dims=\"1\" \/><\/p>\n\n\n<p>Existem diferentes apresenta\u00e7\u00f5es de medicamentos a serem aplicados na pele, nomeadamente, sob a forma de pomada, creme, lo\u00e7\u00e3o, gel, adesivo transd\u00e9rmico ou spray.<\/p>\n<p>Antes de administrar a medica\u00e7\u00e3o, deve lavar e secar o local de aplica\u00e7\u00e3o do medicamento.<\/p>\n<p>Os medicamentos sob a forma de pomada, creme, lo\u00e7\u00e3o e gel devem ser aplicados numa camada fina e uniforme, na zona a ser tratada, seguindo as instru\u00e7\u00f5es. Se for necess\u00e1rio espalhar ou massajar, deve faz\u00ea-lo no sentido do crescimento dos p\u00ealos.<\/p>\n<p>Na aplica\u00e7\u00e3o do adesivo transd\u00e9rmico deve ter-se em aten\u00e7\u00e3o os seguintes aspetos:<\/p>\n\n\n<ul><li>retire cuidadosamente o adesivo da sua embalagem externa e remova a prote\u00e7\u00e3o, sem tocar na zona que cont\u00e9m o medicamento;<\/li><li>aplique o disco na superf\u00edcie da pele que tiver menos p\u00ealos. Nunca aplique em pele oleosa, queimada, cortada, irritada ou sobre pregas da pele;<\/li><li>pressione as extremidades do adesivo cerca de 10 segundos, para promover uma melhor ader\u00eancia;<\/li><li>se indicado, alterne os locais de aplica\u00e7\u00e3o dos adesivos, para prevenir a irrita\u00e7\u00e3o da pele;<\/li><li>nunca corte os adesivos, exceto se existir uma indica\u00e7\u00e3o espec\u00edfica;<\/li><li>siga as indica\u00e7\u00f5es espec\u00edficas quanto ao tempo de aplica\u00e7\u00e3o dos adesivos transd\u00e9rmicos;<\/li><li>nunca aplique calor sobre um adesivo transd\u00e9rmico;<\/li><li>antes de aplicar um adesivo novo retire o antigo.<\/li><\/ul>\n\n\n<p>Os medicamentos em forma de spray devem ser aplicados ap\u00f3s agitar o recipiente e a uma dist\u00e2ncia entre 15 a 30 cm da pele. Quando a aplica\u00e7\u00e3o \u00e9 feita no t\u00f3rax ou face, deve solicitar ao seu familiar para fechar os olhos ou virar o rosto para o lado oposto \u00e0 aplica\u00e7\u00e3o do spray, bem como proteger a boca e nariz. Pulverize uniformemente uma fina camada do medicamento na pele, seguindo as indica\u00e7\u00f5es do laborat\u00f3rio.<\/p>\n<p style=\"text-align: center;\">\n<\/p><table>\n<tbody>\n<tr>\n<td>&nbsp;<a href=\"http:\/\/pope.esenf.pt\/intentcare\/?page_id=1626&amp;lang=pt\">Anterior (administra\u00e7\u00e3o otol\u00f3gica)<\/a><\/td>\n<td style=\"text-align: right;\"><a href=\"http:\/\/pope.esenf.pt\/intentcare\/?page_id=1692&amp;lang=pt\">Seguinte (administra\u00e7\u00e3o inalat\u00f3ria)<\/a><\/td>\n<\/tr>\n<\/tbody>\n<\/table>\n\n\n<p><\/p>\n","protected":false},"excerpt":{"rendered":"<p>Existem diferentes apresenta\u00e7\u00f5es de medicamentos a serem aplicados na pele, nomeadamente, sob a forma de pomada, creme, lo\u00e7\u00e3o, gel, adesivo transd\u00e9rmico ou spray. Antes de administrar a medica\u00e7\u00e3o, deve lavar e secar o local de aplica\u00e7\u00e3o do medicamento. Os medicamentos sob a forma de pomada, creme, lo\u00e7\u00e3o e gel devem [&hellip;]<\/p>\n","protected":false},"author":1,"featured_media":0,"parent":0,"menu_order":0,"comment_status":"closed","ping_status":"closed","template":"","meta":{"spay_email":""},"jetpack_sharing_enabled":true,"jetpack_shortlink":"https:\/\/wp.me\/P8U6vi-qx","jetpack-related-posts":[{"id":1617,"url":"http:\/\/pope.esenf.pt\/intentcare?page_id=1617","url_meta":{"origin":1645,"position":0},"title":"Administra\u00e7\u00e3o oft\u00e1lmica (nos olhos)","date":"28 Mar\u00e7o, 2019","format":false,"excerpt":"Administra\u00e7\u00e3o oft\u00e1lmica (nos olhos) Os col\u00edrios e pomadas s\u00e3o exemplos de apresenta\u00e7\u00f5es de medicamentos oft\u00e1lmicos. \u00c9 importante que as pessoas saibam que com a aplica\u00e7\u00e3o de col\u00edrios e ou pomadas, a vis\u00e3o pode ficar temporariamente alterada. O seu familiar deve deitar-se ou sentar-se com a cabe\u00e7a ligeiramente inclinada para tr\u00e1s.\u2026","rel":"","context":"Similar post","img":{"alt_text":"","src":"","width":0,"height":0},"classes":[]},{"id":1613,"url":"http:\/\/pope.esenf.pt\/intentcare?page_id=1613","url_meta":{"origin":1645,"position":1},"title":"Administra\u00e7\u00e3o oral (pela boca)","date":"28 Mar\u00e7o, 2019","format":false,"excerpt":"Existem diferentes apresenta\u00e7\u00f5es de medicamentos a serem administrados por via oral, como, comprimidos, comprimidos efervescentes, c\u00e1psulas, drageias, xaropes, solu\u00e7\u00f5es, suspens\u00f5es, gotas, p\u00f3s e granulados. Existem medicamentos que n\u00e3o devem ser engolidos, como os sublinguais (que devem permanecer debaixo da l\u00edngua), ou orodispers\u00edveis, que devem ser dissolvidos na boca. Os medicamentos\u2026","rel":"","context":"Similar post","img":{"alt_text":"","src":"","width":0,"height":0},"classes":[]},{"id":1649,"url":"http:\/\/pope.esenf.pt\/intentcare?page_id=1649","url_meta":{"origin":1645,"position":2},"title":"Administra\u00e7\u00e3o rectal","date":"28 Mar\u00e7o, 2019","format":false,"excerpt":"A administra\u00e7\u00e3o de medicamentos por via rectal \u00e9 feita introduzindo o medicamento no an\u00fbs. Calce umas luvas descart\u00e1veis. Posicione o seu familiar ou ajude-o a posicionar-se deitado sobre o lado esquerdo, com a perna que fica por cima fletida Solicite ao seu familiar que respire lenta e profundamente, antes da\u2026","rel":"","context":"Similar post","img":{"alt_text":"","src":"","width":0,"height":0},"classes":[]},{"id":1606,"url":"http:\/\/pope.esenf.pt\/intentcare?page_id=1606","url_meta":{"origin":1645,"position":3},"title":"Recomenda\u00e7\u00f5es gerais","date":"28 Mar\u00e7o, 2019","format":false,"excerpt":"\u00c9 importante ler e conservar o folheto informativo do medicamento para o consultar sempre que surja alguma d\u00favida. Esteja especialmente alerta sobre as intera\u00e7\u00f5es com outros medicamentos, contraindica\u00e7\u00f5es e indica\u00e7\u00f5es espec\u00edficas. Se ap\u00f3s a leitura do folheto informativo, alguma d\u00favida persistir deve contactar o m\u00e9dico, enfermeiro ou farmac\u00eautico. D\u00ea especial\u2026","rel":"","context":"Similar post","img":{"alt_text":"","src":"","width":0,"height":0},"classes":[]},{"id":767,"url":"http:\/\/pope.esenf.pt\/intentcare?page_id=767","url_meta":{"origin":1645,"position":4},"title":"Cuidados na manuten\u00e7\u00e3o da sonda","date":"2 Julho, 2017","format":false,"excerpt":"Lavagem da boca\u00a0com vista a manter uma higiene adequada deve-se lavar a boca ap\u00f3s as refei\u00e7\u00f5es e sempre que necess\u00e1rio. Trocar adesivo da sonda:\u00a01) troque diariamente o adesivo que fixa a sonda. Primeiro retire o adesivo da sonda e em seguida do nariz. Cuidado para n\u00e3o deslocar a sonda; 2)\u2026","rel":"","context":"Similar post","img":{"alt_text":"","src":"","width":0,"height":0},"classes":[]},{"id":1673,"url":"http:\/\/pope.esenf.pt\/intentcare?page_id=1673","url_meta":{"origin":1645,"position":5},"title":"Situa\u00e7\u00f5es especiais","date":"28 Mar\u00e7o, 2019","format":false,"excerpt":"O que fazer quando o seu familiar se recusa a tomar a medica\u00e7\u00e3o? Tente perceber o que provoca a recusa dos medicamentos; N\u00e3o pressione a toma da medica\u00e7\u00e3o. Explique calmamente a import\u00e2ncia do medicamento. Se necess\u00e1rio, fa\u00e7a uma pausa, antes de voltar a tentar; Experimente dar o medicamento com os\u2026","rel":"","context":"Similar post","img":{"alt_text":"","src":"","width":0,"height":0},"classes":[]}],"_links":{"self":[{"href":"http:\/\/pope.esenf.pt\/intentcare\/index.php?rest_route=\/wp\/v2\/pages\/1645"}],"collection":[{"href":"http:\/\/pope.esenf.pt\/intentcare\/index.php?rest_route=\/wp\/v2\/pages"}],"about":[{"href":"http:\/\/pope.esenf.pt\/intentcare\/index.php?rest_route=\/wp\/v2\/types\/page"}],"author":[{"embeddable":true,"href":"http:\/\/pope.esenf.pt\/intentcare\/index.php?rest_route=\/wp\/v2\/users\/1"}],"replies":[{"embeddable":true,"href":"http:\/\/pope.esenf.pt\/intentcare\/index.php?rest_route=%2Fwp%2Fv2%2Fcomments&post=1645"}],"version-history":[{"count":13,"href":"http:\/\/pope.esenf.pt\/intentcare\/index.php?rest_route=\/wp\/v2\/pages\/1645\/revisions"}],"predecessor-version":[{"id":2920,"href":"http:\/\/pope.esenf.pt\/intentcare\/index.php?rest_route=\/wp\/v2\/pages\/1645\/revisions\/2920"}],"wp:attachment":[{"href":"http:\/\/pope.esenf.pt\/intentcare\/index.php?rest_route=%2Fwp%2Fv2%2Fmedia&parent=1645"}],"curies":[{"name":"wp","href":"https:\/\/api.w.org\/{rel}","templated":true}]}}