{"id":1626,"date":"2019-03-28T11:27:23","date_gmt":"2019-03-28T11:27:23","guid":{"rendered":"http:\/\/pope.esenf.pt\/intentcare\/?page_id=1626"},"modified":"2019-07-23T10:10:34","modified_gmt":"2019-07-23T10:10:34","slug":"administracao-otologica-no-ouvido","status":"publish","type":"page","link":"http:\/\/pope.esenf.pt\/intentcare?page_id=1626","title":{"rendered":"Administra\u00e7\u00e3o otol\u00f3gica (no ouvido)"},"content":{"rendered":"<p>As estruturas do ouvido s\u00e3o muito sens\u00edveis a temperaturas extremas, da\u00ed que as solu\u00e7\u00f5es otol\u00f3gicas devam estar \u00e0 temperatura ambiente.<\/p>\n<p>O seu familiar deve deitar-se de lado ou sentar-se com a cabe\u00e7a ligeiramente inclinada para o lado, de modo a que o ouvido a tratar fique virado para cima.<\/p>\n<p>Deve limpar o ouvido (com uma toalha ou len\u00e7o e nunca com cotonete), se necess\u00e1rio.<\/p>\n<p>Com a m\u00e3o n\u00e3o dominante, puxe suavemente o pavilh\u00e3o auricular para cima e para tr\u00e1s.<\/p>\n<p>Aplique o n\u00famero de gotas prescritas.<\/p>\n<p>Massaje o trago da orelha, para facilitar a penetra\u00e7\u00e3o e absor\u00e7\u00e3o do medicamento.<\/p>\n<p><img data-attachment-id=\"1643\" data-permalink=\"http:\/\/pope.esenf.pt\/intentcare?attachment_id=1643\" data-orig-file=\"https:\/\/i0.wp.com\/pope.esenf.pt\/intentcare\/wp-content\/uploads\/2019\/03\/trago-1.jpg?fit=1280%2C720\" data-orig-size=\"1280,720\" data-comments-opened=\"1\" data-image-meta=\"{&quot;aperture&quot;:&quot;0&quot;,&quot;credit&quot;:&quot;&quot;,&quot;camera&quot;:&quot;&quot;,&quot;caption&quot;:&quot;&quot;,&quot;created_timestamp&quot;:&quot;0&quot;,&quot;copyright&quot;:&quot;&quot;,&quot;focal_length&quot;:&quot;0&quot;,&quot;iso&quot;:&quot;0&quot;,&quot;shutter_speed&quot;:&quot;0&quot;,&quot;title&quot;:&quot;&quot;,&quot;orientation&quot;:&quot;0&quot;}\" data-image-title=\"trago\" data-image-description=\"\" data-medium-file=\"https:\/\/i0.wp.com\/pope.esenf.pt\/intentcare\/wp-content\/uploads\/2019\/03\/trago-1.jpg?fit=300%2C169\" data-large-file=\"https:\/\/i0.wp.com\/pope.esenf.pt\/intentcare\/wp-content\/uploads\/2019\/03\/trago-1.jpg?fit=750%2C422\" loading=\"lazy\" src=\"https:\/\/i0.wp.com\/pope.esenf.pt\/intentcare\/wp-content\/uploads\/2019\/03\/trago-1.jpg?resize=300%2C169\" alt=\"\" width=\"300\" height=\"169\" class=\"alignnone size-medium wp-image-1643\" srcset=\"https:\/\/i0.wp.com\/pope.esenf.pt\/intentcare\/wp-content\/uploads\/2019\/03\/trago-1.jpg?resize=300%2C169 300w, https:\/\/i0.wp.com\/pope.esenf.pt\/intentcare\/wp-content\/uploads\/2019\/03\/trago-1.jpg?resize=768%2C432 768w, https:\/\/i0.wp.com\/pope.esenf.pt\/intentcare\/wp-content\/uploads\/2019\/03\/trago-1.jpg?resize=1024%2C576 1024w, https:\/\/i0.wp.com\/pope.esenf.pt\/intentcare\/wp-content\/uploads\/2019\/03\/trago-1.jpg?w=1280 1280w\" sizes=\"(max-width: 300px) 100vw, 300px\" data-recalc-dims=\"1\" \/><\/p>\n<p>Solicite ao seu familiar para manter a posi\u00e7\u00e3o durante tr\u00eas a cinco minutos.<\/p>\n<p><\/p>\n<table>\n<tbody>\n<tr>\n<td><a href=\"http:\/\/pope.esenf.pt\/intentcare\/?page_id=1617&amp;lang=pt\">Anterior (administra\u00e7\u00e3o oftalmol\u00f3gica)<\/a><\/td>\n<td style=\"text-align: right;\"><a href=\"http:\/\/pope.esenf.pt\/intentcare\/?page_id=1645&amp;lang=pt\">Seguinte (administra\u00e7\u00e3o cut\u00e2nea)<\/a><\/td>\n<\/tr>\n<\/tbody>\n<\/table>\n\n\n<p><\/p>\n","protected":false},"excerpt":{"rendered":"<p>As estruturas do ouvido s\u00e3o muito sens\u00edveis a temperaturas extremas, da\u00ed que as solu\u00e7\u00f5es otol\u00f3gicas devam estar \u00e0 temperatura ambiente. O seu familiar deve deitar-se de lado ou sentar-se com a cabe\u00e7a ligeiramente inclinada para o lado, de modo a que o ouvido a tratar fique virado para cima. Deve [&hellip;]<\/p>\n","protected":false},"author":1,"featured_media":0,"parent":0,"menu_order":0,"comment_status":"closed","ping_status":"closed","template":"","meta":{"spay_email":""},"jetpack_sharing_enabled":true,"jetpack_shortlink":"https:\/\/wp.me\/P8U6vi-qe","jetpack-related-posts":[{"id":1649,"url":"http:\/\/pope.esenf.pt\/intentcare?page_id=1649","url_meta":{"origin":1626,"position":0},"title":"Administra\u00e7\u00e3o rectal","date":"28 Mar\u00e7o, 2019","format":false,"excerpt":"A administra\u00e7\u00e3o de medicamentos por via rectal \u00e9 feita introduzindo o medicamento no an\u00fbs. Calce umas luvas descart\u00e1veis. Posicione o seu familiar ou ajude-o a posicionar-se deitado sobre o lado esquerdo, com a perna que fica por cima fletida Solicite ao seu familiar que respire lenta e profundamente, antes da\u2026","rel":"","context":"Similar post","img":{"alt_text":"","src":"","width":0,"height":0},"classes":[]},{"id":1617,"url":"http:\/\/pope.esenf.pt\/intentcare?page_id=1617","url_meta":{"origin":1626,"position":1},"title":"Administra\u00e7\u00e3o oft\u00e1lmica (nos olhos)","date":"28 Mar\u00e7o, 2019","format":false,"excerpt":"Administra\u00e7\u00e3o oft\u00e1lmica (nos olhos) Os col\u00edrios e pomadas s\u00e3o exemplos de apresenta\u00e7\u00f5es de medicamentos oft\u00e1lmicos. \u00c9 importante que as pessoas saibam que com a aplica\u00e7\u00e3o de col\u00edrios e ou pomadas, a vis\u00e3o pode ficar temporariamente alterada. O seu familiar deve deitar-se ou sentar-se com a cabe\u00e7a ligeiramente inclinada para tr\u00e1s.\u2026","rel":"","context":"Similar post","img":{"alt_text":"","src":"","width":0,"height":0},"classes":[]},{"id":272,"url":"http:\/\/pope.esenf.pt\/intentcare?page_id=272","url_meta":{"origin":1626,"position":2},"title":"Pessoa deitada para o lado direito","date":"15 Setembro, 2016","format":false,"excerpt":"1. Coloque o seu familiar de costas, assegurando que ocupa o lado esquerdo da cama. 2. Coloque-se do lado direito da cama. 3. Cruze o bra\u00e7o esquerdo do seu familiar sobre o peito e afaste ligeiramente o bra\u00e7o direito. 4. Coloque o p\u00e9 esquerdo sobre o direito. 5. Coloque uma\u2026","rel":"","context":"Similar post","img":{"alt_text":"","src":"","width":0,"height":0},"classes":[]},{"id":92,"url":"http:\/\/pope.esenf.pt\/intentcare?page_id=92","url_meta":{"origin":1626,"position":3},"title":"Alimenta\u00e7\u00e3o pela boca","date":"26 Julho, 2016","format":false,"excerpt":"O momento da refei\u00e7\u00e3o deve ser calmo e agrad\u00e1vel, num espa\u00e7o limpo e longe de odores desagrad\u00e1veis e a apresenta\u00e7\u00e3o da refei\u00e7\u00e3o deve ter um aspeto agrad\u00e1vel. A temperatura dos alimentos deve ser adequada, de forma a evitar queimadura. Antes das refei\u00e7\u00f5es, pode e deve permitir e incentivar a lavagem\u2026","rel":"","context":"Similar post","img":{"alt_text":"","src":"","width":0,"height":0},"classes":[]},{"id":1613,"url":"http:\/\/pope.esenf.pt\/intentcare?page_id=1613","url_meta":{"origin":1626,"position":4},"title":"Administra\u00e7\u00e3o oral (pela boca)","date":"28 Mar\u00e7o, 2019","format":false,"excerpt":"Existem diferentes apresenta\u00e7\u00f5es de medicamentos a serem administrados por via oral, como, comprimidos, comprimidos efervescentes, c\u00e1psulas, drageias, xaropes, solu\u00e7\u00f5es, suspens\u00f5es, gotas, p\u00f3s e granulados. Existem medicamentos que n\u00e3o devem ser engolidos, como os sublinguais (que devem permanecer debaixo da l\u00edngua), ou orodispers\u00edveis, que devem ser dissolvidos na boca. Os medicamentos\u2026","rel":"","context":"Similar post","img":{"alt_text":"","src":"","width":0,"height":0},"classes":[]},{"id":1645,"url":"http:\/\/pope.esenf.pt\/intentcare?page_id=1645","url_meta":{"origin":1626,"position":5},"title":"Administra\u00e7\u00e3o cut\u00e2nea (na pele)","date":"28 Mar\u00e7o, 2019","format":false,"excerpt":"Existem diferentes apresenta\u00e7\u00f5es de medicamentos a serem aplicados na pele, nomeadamente, sob a forma de pomada, creme, lo\u00e7\u00e3o, gel, adesivo transd\u00e9rmico ou spray. Antes de administrar a medica\u00e7\u00e3o, deve lavar e secar o local de aplica\u00e7\u00e3o do medicamento. Os medicamentos sob a forma de pomada, creme, lo\u00e7\u00e3o e gel devem\u2026","rel":"","context":"Similar post","img":{"alt_text":"","src":"","width":0,"height":0},"classes":[]}],"_links":{"self":[{"href":"http:\/\/pope.esenf.pt\/intentcare\/index.php?rest_route=\/wp\/v2\/pages\/1626"}],"collection":[{"href":"http:\/\/pope.esenf.pt\/intentcare\/index.php?rest_route=\/wp\/v2\/pages"}],"about":[{"href":"http:\/\/pope.esenf.pt\/intentcare\/index.php?rest_route=\/wp\/v2\/types\/page"}],"author":[{"embeddable":true,"href":"http:\/\/pope.esenf.pt\/intentcare\/index.php?rest_route=\/wp\/v2\/users\/1"}],"replies":[{"embeddable":true,"href":"http:\/\/pope.esenf.pt\/intentcare\/index.php?rest_route=%2Fwp%2Fv2%2Fcomments&post=1626"}],"version-history":[{"count":8,"href":"http:\/\/pope.esenf.pt\/intentcare\/index.php?rest_route=\/wp\/v2\/pages\/1626\/revisions"}],"predecessor-version":[{"id":2069,"href":"http:\/\/pope.esenf.pt\/intentcare\/index.php?rest_route=\/wp\/v2\/pages\/1626\/revisions\/2069"}],"wp:attachment":[{"href":"http:\/\/pope.esenf.pt\/intentcare\/index.php?rest_route=%2Fwp%2Fv2%2Fmedia&parent=1626"}],"curies":[{"name":"wp","href":"https:\/\/api.w.org\/{rel}","templated":true}]}}