{"id":1617,"date":"2019-03-28T11:15:43","date_gmt":"2019-03-28T11:15:43","guid":{"rendered":"http:\/\/pope.esenf.pt\/intentcare\/?page_id=1617"},"modified":"2020-08-27T22:01:44","modified_gmt":"2020-08-27T22:01:44","slug":"administracao-oftalmica-nos-olhos","status":"publish","type":"page","link":"http:\/\/pope.esenf.pt\/intentcare?page_id=1617","title":{"rendered":"Administra\u00e7\u00e3o oft\u00e1lmica (nos olhos)"},"content":{"rendered":"\t\t<div data-elementor-type=\"wp-page\" data-elementor-id=\"1617\" class=\"elementor elementor-1617\" data-elementor-settings=\"[]\">\n\t\t\t\t\t\t<div class=\"elementor-inner\">\n\t\t\t\t\t\t\t<div class=\"elementor-section-wrap\">\n\t\t\t\t\t\t\t<section class=\"elementor-section elementor-top-section elementor-element elementor-element-44dcf9a elementor-section-boxed elementor-section-height-default elementor-section-height-default\" data-id=\"44dcf9a\" data-element_type=\"section\">\n\t\t\t\t\t\t<div class=\"elementor-container elementor-column-gap-default\">\n\t\t\t\t\t\t\t<div class=\"elementor-row\">\n\t\t\t\t\t<div class=\"elementor-column elementor-col-100 elementor-top-column elementor-element elementor-element-9e01caa\" data-id=\"9e01caa\" data-element_type=\"column\">\n\t\t\t<div class=\"elementor-column-wrap\">\n\t\t\t\t\t\t\t<div class=\"elementor-widget-wrap\">\n\t\t\t\t\t\t\t\t<\/div>\n\t\t\t\t\t<\/div>\n\t\t<\/div>\n\t\t\t\t\t\t\t\t<\/div>\n\t\t\t\t\t<\/div>\n\t\t<\/section>\n\t\t\t\t<section class=\"elementor-section elementor-top-section elementor-element elementor-element-d323169 elementor-section-boxed elementor-section-height-default elementor-section-height-default\" data-id=\"d323169\" data-element_type=\"section\">\n\t\t\t\t\t\t<div class=\"elementor-container elementor-column-gap-default\">\n\t\t\t\t\t\t\t<div class=\"elementor-row\">\n\t\t\t\t\t<div class=\"elementor-column elementor-col-100 elementor-top-column elementor-element elementor-element-eca4ab5\" data-id=\"eca4ab5\" data-element_type=\"column\">\n\t\t\t<div class=\"elementor-column-wrap elementor-element-populated\">\n\t\t\t\t\t\t\t<div class=\"elementor-widget-wrap\">\n\t\t\t\t\t\t<div class=\"elementor-element elementor-element-015b249 elementor-widget elementor-widget-heading\" data-id=\"015b249\" data-element_type=\"widget\" data-widget_type=\"heading.default\">\n\t\t\t\t<div class=\"elementor-widget-container\">\n\t\t\t<h1 class=\"elementor-heading-title elementor-size-default\">Administra\u00e7\u00e3o oft\u00e1lmica (nos olhos)<\/h1>\t\t<\/div>\n\t\t\t\t<\/div>\n\t\t\t\t\t\t<\/div>\n\t\t\t\t\t<\/div>\n\t\t<\/div>\n\t\t\t\t\t\t\t\t<\/div>\n\t\t\t\t\t<\/div>\n\t\t<\/section>\n\t\t\t\t<section class=\"elementor-section elementor-top-section elementor-element elementor-element-124923b5 elementor-section-boxed elementor-section-height-default elementor-section-height-default\" data-id=\"124923b5\" data-element_type=\"section\">\n\t\t\t\t\t\t<div class=\"elementor-container elementor-column-gap-default\">\n\t\t\t\t\t\t\t<div class=\"elementor-row\">\n\t\t\t\t\t<div class=\"elementor-column elementor-col-100 elementor-top-column elementor-element elementor-element-7c5254c4\" data-id=\"7c5254c4\" data-element_type=\"column\">\n\t\t\t<div class=\"elementor-column-wrap elementor-element-populated\">\n\t\t\t\t\t\t\t<div class=\"elementor-widget-wrap\">\n\t\t\t\t\t\t<div class=\"elementor-element elementor-element-62279d96 elementor-widget elementor-widget-text-editor\" data-id=\"62279d96\" data-element_type=\"widget\" data-widget_type=\"text-editor.default\">\n\t\t\t\t<div class=\"elementor-widget-container\">\n\t\t\t\t\t\t\t\t<div class=\"elementor-text-editor elementor-clearfix\">\n\t\t\t\t<!-- wp:tadv\/classic-paragraph -->\n<p><img data-attachment-id=\"2171\" data-permalink=\"http:\/\/pope.esenf.pt\/intentcare?attachment_id=2171\" data-orig-file=\"https:\/\/i2.wp.com\/pope.esenf.pt\/intentcare\/wp-content\/uploads\/2019\/07\/eye-drops-1200x630.png?fit=1200%2C630\" data-orig-size=\"1200,630\" data-comments-opened=\"1\" data-image-meta=\"{&quot;aperture&quot;:&quot;0&quot;,&quot;credit&quot;:&quot;&quot;,&quot;camera&quot;:&quot;&quot;,&quot;caption&quot;:&quot;&quot;,&quot;created_timestamp&quot;:&quot;0&quot;,&quot;copyright&quot;:&quot;&quot;,&quot;focal_length&quot;:&quot;0&quot;,&quot;iso&quot;:&quot;0&quot;,&quot;shutter_speed&quot;:&quot;0&quot;,&quot;title&quot;:&quot;&quot;,&quot;orientation&quot;:&quot;0&quot;}\" data-image-title=\"eye-drops-1200&#215;630\" data-image-description=\"\" data-medium-file=\"https:\/\/i2.wp.com\/pope.esenf.pt\/intentcare\/wp-content\/uploads\/2019\/07\/eye-drops-1200x630.png?fit=300%2C158\" data-large-file=\"https:\/\/i2.wp.com\/pope.esenf.pt\/intentcare\/wp-content\/uploads\/2019\/07\/eye-drops-1200x630.png?fit=750%2C394\" loading=\"lazy\" src=\"https:\/\/i2.wp.com\/pope.esenf.pt\/intentcare\/wp-content\/uploads\/2019\/07\/eye-drops-1200x630.png?resize=300%2C158\" alt=\"\" class=\"alignnone size-medium wp-image-2171 alignright\" width=\"300\" height=\"158\"  data-recalc-dims=\"1\" srcset=\"https:\/\/i2.wp.com\/pope.esenf.pt\/intentcare\/wp-content\/uploads\/2019\/07\/eye-drops-1200x630.png?resize=1200%2C630 1200w, https:\/\/i2.wp.com\/pope.esenf.pt\/intentcare\/wp-content\/uploads\/2019\/07\/eye-drops-1200x630.png?resize=300%2C158 300w, https:\/\/i2.wp.com\/pope.esenf.pt\/intentcare\/wp-content\/uploads\/2019\/07\/eye-drops-1200x630.png?resize=768%2C403 768w, https:\/\/i2.wp.com\/pope.esenf.pt\/intentcare\/wp-content\/uploads\/2019\/07\/eye-drops-1200x630.png?resize=1024%2C538 1024w\" sizes=\"(max-width: 300px) 100vw, 300px\" \/><\/p>\n<!-- \/wp:tadv\/classic-paragraph -->\n\n<p>Os col\u00edrios e pomadas s\u00e3o exemplos de apresenta\u00e7\u00f5es de medicamentos oft\u00e1lmicos.<\/p>\n<p>\u00c9 importante que as pessoas saibam que com a aplica\u00e7\u00e3o de col\u00edrios e ou pomadas, a vis\u00e3o pode ficar temporariamente alterada.<\/p>\n<p>O seu familiar deve deitar-se ou sentar-se com a cabe\u00e7a ligeiramente inclinada para tr\u00e1s.<\/p>\n<p>Existindo secre\u00e7\u00f5es no olho \u00e9 necess\u00e1rio limp\u00e1-lo. A limpeza deve ser feita com uma compressa humedecida em soro fisiol\u00f3gico ou \u00e1gua morna, num movimento \u00fanico e suave, do canto interno (junto ao nariz) para o externo. Lave as m\u00e3os na passagem de um olho para o outro, e comece a limpeza pelo olho mais limpo.<\/p>\n<p>Com uma compressa puxe a p\u00e1lpebra inferior com suavidade, de modo a expor a parte interna da p\u00e1lpebra.<\/p>\n<p>Solicite ao seu familiar para olhar para cima, e deixe pingar o n\u00famero de gotas prescrito na parte interna da p\u00e1lpebra.<\/p>\n<p>A aplica\u00e7\u00e3o de pomada deve ser feita na zona interna da p\u00e1lpebra inferior, do canto interno para o externo.<\/p>\n<p>Solicite ao seu familiar para fechar e rodar suavemente os olhos, para espalhar melhor a medica\u00e7\u00e3o.<\/p>\n<p>Caso exista excesso de medica\u00e7\u00e3o, remova-o com uma compressa.<\/p>\n<p>Aconselhe o seu familiar a n\u00e3o andar enquanto a vis\u00e3o n\u00e3o estiver n\u00edtida, devido ao risco de cair.<\/p>\n<p>Esteja atento ao prazo de validade dos col\u00edrios e pomadas oft\u00e1lmicas depois de abertos.<\/p>\n<table>\n<tbody>\n<tr>\n<td><a href=\"http:\/\/pope.esenf.pt\/intentcare\/?page_id=1613&amp;lang=pt\">Anterior (administra\u00e7\u00e3o oral)<\/a><\/td>\n<td style=\"text-align: right;\"><a href=\"http:\/\/pope.esenf.pt\/intentcare\/?page_id=1626&amp;lang=pt\">Seguinte (administra\u00e7\u00e3o otol\u00f3gica)<\/a><\/td>\n<\/tr>\n<\/tbody>\n<\/table>\t\t\t\t\t<\/div>\n\t\t\t\t\t\t<\/div>\n\t\t\t\t<\/div>\n\t\t\t\t\t\t<\/div>\n\t\t\t\t\t<\/div>\n\t\t<\/div>\n\t\t\t\t\t\t\t\t<\/div>\n\t\t\t\t\t<\/div>\n\t\t<\/section>\n\t\t\t\t\t\t<\/div>\n\t\t\t\t\t\t<\/div>\n\t\t\t\t\t<\/div>\n\t\t","protected":false},"excerpt":{"rendered":"<p>Administra\u00e7\u00e3o oft\u00e1lmica (nos olhos) Os col\u00edrios e pomadas s\u00e3o exemplos de apresenta\u00e7\u00f5es de medicamentos oft\u00e1lmicos. \u00c9 importante que as pessoas saibam que com a aplica\u00e7\u00e3o de col\u00edrios e ou pomadas, a vis\u00e3o pode ficar temporariamente alterada. O seu familiar deve deitar-se ou sentar-se com a cabe\u00e7a ligeiramente inclinada para tr\u00e1s. [&hellip;]<\/p>\n","protected":false},"author":1,"featured_media":0,"parent":0,"menu_order":0,"comment_status":"closed","ping_status":"closed","template":"","meta":{"spay_email":""},"jetpack_sharing_enabled":true,"jetpack_shortlink":"https:\/\/wp.me\/P8U6vi-q5","jetpack-related-posts":[{"id":1645,"url":"http:\/\/pope.esenf.pt\/intentcare?page_id=1645","url_meta":{"origin":1617,"position":0},"title":"Administra\u00e7\u00e3o cut\u00e2nea (na pele)","date":"28 Mar\u00e7o, 2019","format":false,"excerpt":"Existem diferentes apresenta\u00e7\u00f5es de medicamentos a serem aplicados na pele, nomeadamente, sob a forma de pomada, creme, lo\u00e7\u00e3o, gel, adesivo transd\u00e9rmico ou spray. Antes de administrar a medica\u00e7\u00e3o, deve lavar e secar o local de aplica\u00e7\u00e3o do medicamento. Os medicamentos sob a forma de pomada, creme, lo\u00e7\u00e3o e gel devem\u2026","rel":"","context":"Similar post","img":{"alt_text":"","src":"","width":0,"height":0},"classes":[]},{"id":1626,"url":"http:\/\/pope.esenf.pt\/intentcare?page_id=1626","url_meta":{"origin":1617,"position":1},"title":"Administra\u00e7\u00e3o otol\u00f3gica (no ouvido)","date":"28 Mar\u00e7o, 2019","format":false,"excerpt":"As estruturas do ouvido s\u00e3o muito sens\u00edveis a temperaturas extremas, da\u00ed que as solu\u00e7\u00f5es otol\u00f3gicas devam estar \u00e0 temperatura ambiente. O seu familiar deve deitar-se de lado ou sentar-se com a cabe\u00e7a ligeiramente inclinada para o lado, de modo a que o ouvido a tratar fique virado para cima. Deve\u2026","rel":"","context":"Similar post","img":{"alt_text":"","src":"","width":0,"height":0},"classes":[]},{"id":1613,"url":"http:\/\/pope.esenf.pt\/intentcare?page_id=1613","url_meta":{"origin":1617,"position":2},"title":"Administra\u00e7\u00e3o oral (pela boca)","date":"28 Mar\u00e7o, 2019","format":false,"excerpt":"Existem diferentes apresenta\u00e7\u00f5es de medicamentos a serem administrados por via oral, como, comprimidos, comprimidos efervescentes, c\u00e1psulas, drageias, xaropes, solu\u00e7\u00f5es, suspens\u00f5es, gotas, p\u00f3s e granulados. Existem medicamentos que n\u00e3o devem ser engolidos, como os sublinguais (que devem permanecer debaixo da l\u00edngua), ou orodispers\u00edveis, que devem ser dissolvidos na boca. Os medicamentos\u2026","rel":"","context":"Similar post","img":{"alt_text":"","src":"","width":0,"height":0},"classes":[]},{"id":1649,"url":"http:\/\/pope.esenf.pt\/intentcare?page_id=1649","url_meta":{"origin":1617,"position":3},"title":"Administra\u00e7\u00e3o rectal","date":"28 Mar\u00e7o, 2019","format":false,"excerpt":"A administra\u00e7\u00e3o de medicamentos por via rectal \u00e9 feita introduzindo o medicamento no an\u00fbs. Calce umas luvas descart\u00e1veis. Posicione o seu familiar ou ajude-o a posicionar-se deitado sobre o lado esquerdo, com a perna que fica por cima fletida Solicite ao seu familiar que respire lenta e profundamente, antes da\u2026","rel":"","context":"Similar post","img":{"alt_text":"","src":"","width":0,"height":0},"classes":[]},{"id":92,"url":"http:\/\/pope.esenf.pt\/intentcare?page_id=92","url_meta":{"origin":1617,"position":4},"title":"Alimenta\u00e7\u00e3o pela boca","date":"26 Julho, 2016","format":false,"excerpt":"O momento da refei\u00e7\u00e3o deve ser calmo e agrad\u00e1vel, num espa\u00e7o limpo e longe de odores desagrad\u00e1veis e a apresenta\u00e7\u00e3o da refei\u00e7\u00e3o deve ter um aspeto agrad\u00e1vel. A temperatura dos alimentos deve ser adequada, de forma a evitar queimadura. Antes das refei\u00e7\u00f5es, pode e deve permitir e incentivar a lavagem\u2026","rel":"","context":"Similar post","img":{"alt_text":"","src":"","width":0,"height":0},"classes":[]},{"id":1692,"url":"http:\/\/pope.esenf.pt\/intentcare?page_id=1692","url_meta":{"origin":1617,"position":5},"title":"Administra\u00e7\u00e3o inalat\u00f3ria","date":"29 Mar\u00e7o, 2019","format":false,"excerpt":"A administra\u00e7\u00e3o de medicamentos por via inalat\u00f3ria \u00e9 feita atrav\u00e9s do nariz e ou boca para ter efeito nas vias respirat\u00f3rias. A posi\u00e7\u00e3o sentada ou a cabeceira da cama elevada facilita os movimentos respirat\u00f3rios e a efic\u00e1cia da administra\u00e7\u00e3o por esta via. Incentive o seu familiar a tossir, a assoar-se\u2026","rel":"","context":"Similar post","img":{"alt_text":"","src":"https:\/\/i1.wp.com\/pope.esenf.pt\/intentcare\/wp-content\/uploads\/2019\/07\/a1.png?resize=350%2C200","width":350,"height":200},"classes":[]}],"_links":{"self":[{"href":"http:\/\/pope.esenf.pt\/intentcare\/index.php?rest_route=\/wp\/v2\/pages\/1617"}],"collection":[{"href":"http:\/\/pope.esenf.pt\/intentcare\/index.php?rest_route=\/wp\/v2\/pages"}],"about":[{"href":"http:\/\/pope.esenf.pt\/intentcare\/index.php?rest_route=\/wp\/v2\/types\/page"}],"author":[{"embeddable":true,"href":"http:\/\/pope.esenf.pt\/intentcare\/index.php?rest_route=\/wp\/v2\/users\/1"}],"replies":[{"embeddable":true,"href":"http:\/\/pope.esenf.pt\/intentcare\/index.php?rest_route=%2Fwp%2Fv2%2Fcomments&post=1617"}],"version-history":[{"count":12,"href":"http:\/\/pope.esenf.pt\/intentcare\/index.php?rest_route=\/wp\/v2\/pages\/1617\/revisions"}],"predecessor-version":[{"id":3093,"href":"http:\/\/pope.esenf.pt\/intentcare\/index.php?rest_route=\/wp\/v2\/pages\/1617\/revisions\/3093"}],"wp:attachment":[{"href":"http:\/\/pope.esenf.pt\/intentcare\/index.php?rest_route=%2Fwp%2Fv2%2Fmedia&parent=1617"}],"curies":[{"name":"wp","href":"https:\/\/api.w.org\/{rel}","templated":true}]}}