{"id":1586,"date":"2019-03-28T09:21:38","date_gmt":"2019-03-28T09:21:38","guid":{"rendered":"http:\/\/pope.esenf.pt\/intentcare\/?page_id=1586"},"modified":"2022-06-27T11:34:56","modified_gmt":"2022-06-27T11:34:56","slug":"gerir-o-regime-medicamentoso","status":"publish","type":"page","link":"http:\/\/pope.esenf.pt\/intentcare?page_id=1586","title":{"rendered":"Gerir o regime medicamentoso"},"content":{"rendered":"\n<p class=\"has-text-color\" style=\"color:#345222\">A informa\u00e7\u00e3o dispon\u00edvel \u00e9 um <strong>complemento das recomenda\u00e7\u00f5es dadas pelo seu enfermeiro<\/strong>.<\/p>\n\n\n\n<p>Pretende-se responder \u00e0s quest\u00f5es:<\/p>\n\n\n<p><strong><span style=\"color: #808000;\">Que cuidados devo ter com a medica\u00e7\u00e3o do meu familiar?<\/span><\/strong><\/p>\n<p><strong><span style=\"color: #808000;\">Quais as melhores&nbsp;estrat\u00e9gias que&nbsp;me permitem gerir a sua medica\u00e7\u00e3o?<\/span><\/strong><\/p>\n\n\n<p>Medicamentos s\u00e3o subst\u00e2ncias importantes no tratamento e preven\u00e7\u00e3o das doen\u00e7as.<\/p>\n\n\n\n<p>Algumas pessoas podem ter necessidade de ajuda para gerir os medicamentos. Mesmo assim, sempre que poss\u00edvel deve-se promover a participa\u00e7\u00e3o da pessoa na toma da medica\u00e7\u00e3o, potenciando a sua autonomia. O conhecimento de medidas e recomenda\u00e7\u00f5es para a utiliza\u00e7\u00e3o segura e efetiva da medica\u00e7\u00e3o promove o controlo de sinais e sintomas e diminui os erros na sua administra\u00e7\u00e3o.<strong> <\/strong><\/p>\n\n\n<table>\n<tbody>\n<tr>\n<td><a href=\"http:\/\/pope.esenf.pt\/intentcare\/?page_id=6&amp;lang=pt\">Temas<\/a><\/td>\n<td style=\"text-align: right;\"><a href=\"http:\/\/pope.esenf.pt\/intentcare\/?page_id=1603&amp;lang=pt\">Seguinte (lista de medica\u00e7\u00e3o)<\/a><\/td>\n<\/tr>\n<\/tbody>\n<\/table>","protected":false},"excerpt":{"rendered":"<p>A informa\u00e7\u00e3o dispon\u00edvel \u00e9 um complemento das recomenda\u00e7\u00f5es dadas pelo seu enfermeiro. Pretende-se responder \u00e0s quest\u00f5es: Que cuidados devo ter com a medica\u00e7\u00e3o do meu familiar? Quais as melhores&nbsp;estrat\u00e9gias que&nbsp;me permitem gerir a sua medica\u00e7\u00e3o? Medicamentos s\u00e3o subst\u00e2ncias importantes no tratamento e preven\u00e7\u00e3o das doen\u00e7as. Algumas pessoas podem ter necessidade [&hellip;]<\/p>\n","protected":false},"author":1,"featured_media":0,"parent":0,"menu_order":0,"comment_status":"closed","ping_status":"closed","template":"","meta":{"spay_email":""},"jetpack_sharing_enabled":true,"jetpack_shortlink":"https:\/\/wp.me\/P8U6vi-pA","jetpack-related-posts":[{"id":1606,"url":"http:\/\/pope.esenf.pt\/intentcare?page_id=1606","url_meta":{"origin":1586,"position":0},"title":"Recomenda\u00e7\u00f5es gerais","date":"28 Mar\u00e7o, 2019","format":false,"excerpt":"\u00c9 importante ler e conservar o folheto informativo do medicamento para o consultar sempre que surja alguma d\u00favida. Esteja especialmente alerta sobre as intera\u00e7\u00f5es com outros medicamentos, contraindica\u00e7\u00f5es e indica\u00e7\u00f5es espec\u00edficas. Se ap\u00f3s a leitura do folheto informativo, alguma d\u00favida persistir deve contactar o m\u00e9dico, enfermeiro ou farmac\u00eautico. D\u00ea especial\u2026","rel":"","context":"Similar post","img":{"alt_text":"","src":"","width":0,"height":0},"classes":[]},{"id":1603,"url":"http:\/\/pope.esenf.pt\/intentcare?page_id=1603","url_meta":{"origin":1586,"position":1},"title":"Lista de medica\u00e7\u00e3o","date":"28 Mar\u00e7o, 2019","format":false,"excerpt":"Sempre que for a uma consulta, seja qual for a especialidade, deve mostrar a lista da medica\u00e7\u00e3o atualizada, de modo a que n\u00e3o sejam receitados medicamentos que causem rea\u00e7\u00f5es adversas ou sobredosagem. A lista da medica\u00e7\u00e3o deve incluir tanto os medicamentos com receita, como os medicamentos que n\u00e3o precisam de\u2026","rel":"","context":"Similar post","img":{"alt_text":"","src":"","width":0,"height":0},"classes":[]},{"id":1613,"url":"http:\/\/pope.esenf.pt\/intentcare?page_id=1613","url_meta":{"origin":1586,"position":2},"title":"Administra\u00e7\u00e3o oral (pela boca)","date":"28 Mar\u00e7o, 2019","format":false,"excerpt":"Existem diferentes apresenta\u00e7\u00f5es de medicamentos a serem administrados por via oral, como, comprimidos, comprimidos efervescentes, c\u00e1psulas, drageias, xaropes, solu\u00e7\u00f5es, suspens\u00f5es, gotas, p\u00f3s e granulados. Existem medicamentos que n\u00e3o devem ser engolidos, como os sublinguais (que devem permanecer debaixo da l\u00edngua), ou orodispers\u00edveis, que devem ser dissolvidos na boca. Os medicamentos\u2026","rel":"","context":"Similar post","img":{"alt_text":"","src":"","width":0,"height":0},"classes":[]},{"id":1645,"url":"http:\/\/pope.esenf.pt\/intentcare?page_id=1645","url_meta":{"origin":1586,"position":3},"title":"Administra\u00e7\u00e3o cut\u00e2nea (na pele)","date":"28 Mar\u00e7o, 2019","format":false,"excerpt":"Existem diferentes apresenta\u00e7\u00f5es de medicamentos a serem aplicados na pele, nomeadamente, sob a forma de pomada, creme, lo\u00e7\u00e3o, gel, adesivo transd\u00e9rmico ou spray. Antes de administrar a medica\u00e7\u00e3o, deve lavar e secar o local de aplica\u00e7\u00e3o do medicamento. Os medicamentos sob a forma de pomada, creme, lo\u00e7\u00e3o e gel devem\u2026","rel":"","context":"Similar post","img":{"alt_text":"","src":"","width":0,"height":0},"classes":[]},{"id":90,"url":"http:\/\/pope.esenf.pt\/intentcare?page_id=90","url_meta":{"origin":1586,"position":4},"title":"Hidrata\u00e7\u00e3o","date":"26 Julho, 2016","format":false,"excerpt":"A \u00c1GUA \u00e9 essencial para permitir o bom funcionamento de todos os \u00f3rg\u00e3os. As recomenda\u00e7\u00f5es di\u00e1rias para a ingest\u00e3o de \u00e1gua s\u00e3o, se n\u00e3o houver contraindica\u00e7\u00e3o m\u00e9dica (nomeadamente por doen\u00e7a do cora\u00e7\u00e3o ou rins), de aproximadamente 30mL por cada kg de peso corporal ou, em m\u00e9dia, cerca de 1,5L a\u2026","rel":"","context":"Similar post","img":{"alt_text":"","src":"","width":0,"height":0},"classes":[]},{"id":1673,"url":"http:\/\/pope.esenf.pt\/intentcare?page_id=1673","url_meta":{"origin":1586,"position":5},"title":"Situa\u00e7\u00f5es especiais","date":"28 Mar\u00e7o, 2019","format":false,"excerpt":"O que fazer quando o seu familiar se recusa a tomar a medica\u00e7\u00e3o? Tente perceber o que provoca a recusa dos medicamentos; N\u00e3o pressione a toma da medica\u00e7\u00e3o. Explique calmamente a import\u00e2ncia do medicamento. Se necess\u00e1rio, fa\u00e7a uma pausa, antes de voltar a tentar; Experimente dar o medicamento com os\u2026","rel":"","context":"Similar post","img":{"alt_text":"","src":"","width":0,"height":0},"classes":[]}],"_links":{"self":[{"href":"http:\/\/pope.esenf.pt\/intentcare\/index.php?rest_route=\/wp\/v2\/pages\/1586"}],"collection":[{"href":"http:\/\/pope.esenf.pt\/intentcare\/index.php?rest_route=\/wp\/v2\/pages"}],"about":[{"href":"http:\/\/pope.esenf.pt\/intentcare\/index.php?rest_route=\/wp\/v2\/types\/page"}],"author":[{"embeddable":true,"href":"http:\/\/pope.esenf.pt\/intentcare\/index.php?rest_route=\/wp\/v2\/users\/1"}],"replies":[{"embeddable":true,"href":"http:\/\/pope.esenf.pt\/intentcare\/index.php?rest_route=%2Fwp%2Fv2%2Fcomments&post=1586"}],"version-history":[{"count":19,"href":"http:\/\/pope.esenf.pt\/intentcare\/index.php?rest_route=\/wp\/v2\/pages\/1586\/revisions"}],"predecessor-version":[{"id":3209,"href":"http:\/\/pope.esenf.pt\/intentcare\/index.php?rest_route=\/wp\/v2\/pages\/1586\/revisions\/3209"}],"wp:attachment":[{"href":"http:\/\/pope.esenf.pt\/intentcare\/index.php?rest_route=%2Fwp%2Fv2%2Fmedia&parent=1586"}],"curies":[{"name":"wp","href":"https:\/\/api.w.org\/{rel}","templated":true}]}}