{"id":1493,"date":"2018-06-12T16:16:41","date_gmt":"2018-06-12T16:16:41","guid":{"rendered":"http:\/\/pope.esenf.pt\/intentcare\/?page_id=1493"},"modified":"2020-01-06T17:20:49","modified_gmt":"2020-01-06T17:20:49","slug":"despir-pessoa","status":"publish","type":"page","link":"http:\/\/pope.esenf.pt\/intentcare?page_id=1493","title":{"rendered":"Despir Pessoa"},"content":{"rendered":"\t\t<div data-elementor-type=\"wp-page\" data-elementor-id=\"1493\" class=\"elementor elementor-1493\" data-elementor-settings=\"[]\">\n\t\t\t\t\t\t<div class=\"elementor-inner\">\n\t\t\t\t\t\t\t<div class=\"elementor-section-wrap\">\n\t\t\t\t\t\t\t<section class=\"elementor-section elementor-top-section elementor-element elementor-element-1345fb39 elementor-section-stretched elementor-section-boxed elementor-section-height-default elementor-section-height-default\" data-id=\"1345fb39\" data-element_type=\"section\" data-settings=\"{&quot;stretch_section&quot;:&quot;section-stretched&quot;}\">\n\t\t\t\t\t\t<div class=\"elementor-container elementor-column-gap-default\">\n\t\t\t\t\t\t\t<div class=\"elementor-row\">\n\t\t\t\t\t<div class=\"elementor-column elementor-col-33 elementor-top-column elementor-element elementor-element-2681b657\" data-id=\"2681b657\" data-element_type=\"column\">\n\t\t\t<div class=\"elementor-column-wrap elementor-element-populated\">\n\t\t\t\t\t\t\t<div class=\"elementor-widget-wrap\">\n\t\t\t\t\t\t<div class=\"elementor-element elementor-element-4fb2a43e elementor-aspect-ratio-169 elementor-widget elementor-widget-video\" data-id=\"4fb2a43e\" data-element_type=\"widget\" data-settings=\"{&quot;show_image_overlay&quot;:&quot;yes&quot;,&quot;video_type&quot;:&quot;hosted&quot;,&quot;controls&quot;:&quot;yes&quot;,&quot;image_overlay&quot;:{&quot;url&quot;:&quot;http:\\\/\\\/pope.esenf.pt\\\/intentcare\\\/wp-content\\\/plugins\\\/elementor\\\/assets\\\/images\\\/placeholder.png&quot;,&quot;id&quot;:&quot;&quot;},&quot;aspect_ratio&quot;:&quot;169&quot;}\" data-widget_type=\"video.default\">\n\t\t\t\t<div class=\"elementor-widget-container\">\n\t\t\t\t\t<div class=\"e-hosted-video elementor-wrapper elementor-fit-aspect-ratio elementor-open-inline\">\n\t\t\t\t\t<video class=\"elementor-video\" src=\"http:\/\/pope.esenf.pt\/intentcare\/wp-content\/uploads\/2018\/06\/despir_inf.mp4\" controls=\"\" controlsList=\"nodownload\" poster=\"http:\/\/pope.esenf.pt\/intentcare\/wp-content\/uploads\/2020\/01\/frame1.png\"><\/video>\n\t\t\t\t\t\t<div class=\"elementor-custom-embed-image-overlay\" style=\"background-image: url(http:\/\/pope.esenf.pt\/intentcare\/wp-content\/plugins\/elementor\/assets\/images\/placeholder.png);\">\n\t\t\t\t\t\t\t\t\t\t\t\t\t\t\t\t<div class=\"elementor-custom-embed-play\" role=\"button\">\n\t\t\t\t\t\t\t<i aria-hidden=\"true\" class=\"eicon-play\"><\/i>\t\t\t\t\t\t\t<span class=\"elementor-screen-only\">Reproduzir v\u00eddeo<\/span>\n\t\t\t\t\t\t<\/div>\n\t\t\t\t\t\t\t\t\t<\/div>\n\t\t\t\t\t<\/div>\n\t\t\t\t<\/div>\n\t\t\t\t<\/div>\n\t\t\t\t\t\t<\/div>\n\t\t\t\t\t<\/div>\n\t\t<\/div>\n\t\t\t\t<div class=\"elementor-column elementor-col-33 elementor-top-column elementor-element elementor-element-3f646ffe\" data-id=\"3f646ffe\" data-element_type=\"column\">\n\t\t\t<div class=\"elementor-column-wrap elementor-element-populated\">\n\t\t\t\t\t\t\t<div class=\"elementor-widget-wrap\">\n\t\t\t\t\t\t<div class=\"elementor-element elementor-element-639bea93 elementor-widget elementor-widget-heading\" data-id=\"639bea93\" data-element_type=\"widget\" data-widget_type=\"heading.default\">\n\t\t\t\t<div class=\"elementor-widget-container\">\n\t\t\t<h4 class=\"elementor-heading-title elementor-size-default\">Despir Pessoa:<\/h4>\t\t<\/div>\n\t\t\t\t<\/div>\n\t\t\t\t\t\t<\/div>\n\t\t\t\t\t<\/div>\n\t\t<\/div>\n\t\t\t\t<div class=\"elementor-column elementor-col-33 elementor-top-column elementor-element elementor-element-10e96906\" data-id=\"10e96906\" data-element_type=\"column\">\n\t\t\t<div class=\"elementor-column-wrap elementor-element-populated\">\n\t\t\t\t\t\t\t<div class=\"elementor-widget-wrap\">\n\t\t\t\t\t\t<div class=\"elementor-element elementor-element-b4dc60c elementor-icon-list--layout-traditional elementor-list-item-link-full_width elementor-widget elementor-widget-icon-list\" data-id=\"b4dc60c\" data-element_type=\"widget\" data-widget_type=\"icon-list.default\">\n\t\t\t\t<div class=\"elementor-widget-container\">\n\t\t\t\t\t<ul class=\"elementor-icon-list-items\">\n\t\t\t\t\t\t\t<li class=\"elementor-icon-list-item\">\n\t\t\t\t\t\t\t\t\t\t\t<span class=\"elementor-icon-list-icon\">\n\t\t\t\t\t\t\t<i aria-hidden=\"true\" class=\"far fa-check-circle\"><\/i>\t\t\t\t\t\t<\/span>\n\t\t\t\t\t\t\t\t\t\t<span class=\"elementor-icon-list-text\">1. Colocar\u00a0 o\u00a0 bra\u00e7o\u00a0 afetado sobre\u00a0 os joelhos.<\/span>\n\t\t\t\t\t\t\t\t\t<\/li>\n\t\t\t\t\t\t\t\t<li class=\"elementor-icon-list-item\">\n\t\t\t\t\t\t\t\t\t\t\t<span class=\"elementor-icon-list-icon\">\n\t\t\t\t\t\t\t<i aria-hidden=\"true\" class=\"far fa-check-circle\"><\/i>\t\t\t\t\t\t<\/span>\n\t\t\t\t\t\t\t\t\t\t<span class=\"elementor-icon-list-text\">2. Remover a roupa sobre a cabe\u00e7a, com a m\u00e3o do lado n\u00e3o afetado.<\/span>\n\t\t\t\t\t\t\t\t\t<\/li>\n\t\t\t\t\t\t\t\t<li class=\"elementor-icon-list-item\">\n\t\t\t\t\t\t\t\t\t\t\t<span class=\"elementor-icon-list-icon\">\n\t\t\t\t\t\t\t<i aria-hidden=\"true\" class=\"far fa-check-circle\"><\/i>\t\t\t\t\t\t<\/span>\n\t\t\t\t\t\t\t\t\t\t<span class=\"elementor-icon-list-text\">3. Remover\u00a0 a \u00a0manga\u00a0 do\u00a0 bra\u00e7o \u00a0do\u00a0 lado n\u00e3o afetado.<\/span>\n\t\t\t\t\t\t\t\t\t<\/li>\n\t\t\t\t\t\t\t\t<li class=\"elementor-icon-list-item\">\n\t\t\t\t\t\t\t\t\t\t\t<span class=\"elementor-icon-list-icon\">\n\t\t\t\t\t\t\t<i aria-hidden=\"true\" class=\"far fa-check-circle\"><\/i>\t\t\t\t\t\t<\/span>\n\t\t\t\t\t\t\t\t\t\t<span class=\"elementor-icon-list-text\">4. Remover a manga do bra\u00e7o afetado.<\/span>\n\t\t\t\t\t\t\t\t\t<\/li>\n\t\t\t\t\t\t<\/ul>\n\t\t\t\t<\/div>\n\t\t\t\t<\/div>\n\t\t\t\t\t\t<\/div>\n\t\t\t\t\t<\/div>\n\t\t<\/div>\n\t\t\t\t\t\t\t\t<\/div>\n\t\t\t\t\t<\/div>\n\t\t<\/section>\n\t\t\t\t<section class=\"elementor-section elementor-top-section elementor-element elementor-element-6821ecc1 elementor-section-stretched elementor-section-boxed elementor-section-height-default elementor-section-height-default\" data-id=\"6821ecc1\" data-element_type=\"section\" data-settings=\"{&quot;stretch_section&quot;:&quot;section-stretched&quot;}\">\n\t\t\t\t\t\t<div class=\"elementor-container elementor-column-gap-default\">\n\t\t\t\t\t\t\t<div class=\"elementor-row\">\n\t\t\t\t\t<div class=\"elementor-column elementor-col-50 elementor-top-column elementor-element elementor-element-79b172ab\" data-id=\"79b172ab\" data-element_type=\"column\">\n\t\t\t<div class=\"elementor-column-wrap elementor-element-populated\">\n\t\t\t\t\t\t\t<div class=\"elementor-widget-wrap\">\n\t\t\t\t\t\t<div class=\"elementor-element elementor-element-5cf859a9 elementor-widget elementor-widget-button\" data-id=\"5cf859a9\" data-element_type=\"widget\" data-widget_type=\"button.default\">\n\t\t\t\t<div class=\"elementor-widget-container\">\n\t\t\t\t\t<div class=\"elementor-button-wrapper\">\n\t\t\t<a href=\"http:\/\/pope.esenf.pt\/intentcare\/?page_id=1497&#038;lang=pt\" class=\"elementor-button-link elementor-button elementor-size-md\" role=\"button\">\n\t\t\t\t\t\t<span class=\"elementor-button-content-wrapper\">\n\t\t\t\t\t\t<span class=\"elementor-button-text\">Anterior (vestir pessoa)<\/span>\n\t\t<\/span>\n\t\t\t\t\t<\/a>\n\t\t<\/div>\n\t\t\t\t<\/div>\n\t\t\t\t<\/div>\n\t\t\t\t\t\t<\/div>\n\t\t\t\t\t<\/div>\n\t\t<\/div>\n\t\t\t\t<div class=\"elementor-column elementor-col-50 elementor-top-column elementor-element elementor-element-2395c915\" data-id=\"2395c915\" data-element_type=\"column\">\n\t\t\t<div class=\"elementor-column-wrap elementor-element-populated\">\n\t\t\t\t\t\t\t<div class=\"elementor-widget-wrap\">\n\t\t\t\t\t\t<div class=\"elementor-element elementor-element-419bddcc elementor-align-right elementor-widget elementor-widget-button\" data-id=\"419bddcc\" data-element_type=\"widget\" data-widget_type=\"button.default\">\n\t\t\t\t<div class=\"elementor-widget-container\">\n\t\t\t\t\t<div class=\"elementor-button-wrapper\">\n\t\t\t<a href=\"http:\/\/pope.esenf.pt\/intentcare\/?page_id=6&#038;lang=pt\" class=\"elementor-button-link elementor-button elementor-size-md\" role=\"button\">\n\t\t\t\t\t\t<span class=\"elementor-button-content-wrapper\">\n\t\t\t\t\t\t<span class=\"elementor-button-text\">Temas<\/span>\n\t\t<\/span>\n\t\t\t\t\t<\/a>\n\t\t<\/div>\n\t\t\t\t<\/div>\n\t\t\t\t<\/div>\n\t\t\t\t\t\t<\/div>\n\t\t\t\t\t<\/div>\n\t\t<\/div>\n\t\t\t\t\t\t\t\t<\/div>\n\t\t\t\t\t<\/div>\n\t\t<\/section>\n\t\t\t\t\t\t<\/div>\n\t\t\t\t\t\t<\/div>\n\t\t\t\t\t<\/div>\n\t\t","protected":false},"excerpt":{"rendered":"<p>http:\/\/pope.esenf.pt\/intentcare\/wp-content\/uploads\/2018\/06\/despir_inf.mp4 Despir Pessoa: 1. Colocar\u00a0 o\u00a0 bra\u00e7o\u00a0 afetado sobre\u00a0 os joelhos. 2. Remover a roupa sobre a cabe\u00e7a, com a m\u00e3o do lado n\u00e3o afetado. 3. Remover\u00a0 a \u00a0manga\u00a0 do\u00a0 bra\u00e7o \u00a0do\u00a0 lado n\u00e3o afetado. 4. Remover a manga do bra\u00e7o afetado. Anterior (vestir pessoa) Temas<\/p>\n","protected":false},"author":1,"featured_media":0,"parent":1423,"menu_order":3,"comment_status":"closed","ping_status":"closed","template":"","meta":{"spay_email":""},"jetpack_sharing_enabled":true,"jetpack_shortlink":"https:\/\/wp.me\/P8U6vi-o5","jetpack-related-posts":[{"id":1497,"url":"http:\/\/pope.esenf.pt\/intentcare?page_id=1497","url_meta":{"origin":1493,"position":0},"title":"Vestir Pessoa","date":"13 Junho, 2018","format":false,"excerpt":"http:\/\/pope.esenf.pt\/intentcare\/wp-content\/uploads\/2018\/06\/camisa_inf.mp4 Ensinar a vestir a camisa 1. Colocar a camisa sobre a coxa. 2. Vestir a manga do bra\u00e7o afetado, puxando-a para cima. 3. Puxar a camisa pelo colarinho com a m\u00e3o n\u00e3o afetada. 4. Vestir o bra\u00e7o do lado n\u00e3o afetado. 5. Abotoar com a m\u00e3o n\u00e3o afetada. 6.\u2026","rel":"","context":"Similar post","img":{"alt_text":"","src":"","width":0,"height":0},"classes":[]},{"id":272,"url":"http:\/\/pope.esenf.pt\/intentcare?page_id=272","url_meta":{"origin":1493,"position":1},"title":"Pessoa deitada para o lado direito","date":"15 Setembro, 2016","format":false,"excerpt":"1. Coloque o seu familiar de costas, assegurando que ocupa o lado esquerdo da cama. 2. Coloque-se do lado direito da cama. 3. Cruze o bra\u00e7o esquerdo do seu familiar sobre o peito e afaste ligeiramente o bra\u00e7o direito. 4. Coloque o p\u00e9 esquerdo sobre o direito. 5. Coloque uma\u2026","rel":"","context":"Similar post","img":{"alt_text":"","src":"","width":0,"height":0},"classes":[]},{"id":1485,"url":"http:\/\/pope.esenf.pt\/intentcare?page_id=1485","url_meta":{"origin":1493,"position":2},"title":"Dar banho na cama","date":"12 Junho, 2018","format":false,"excerpt":"http:\/\/pope.esenf.pt\/intentcare\/wp-content\/uploads\/2018\/06\/dar-banho.mp4 Dar banho na cama: 1. Encher a bacia com \u00e1gua, a temperatura da \u00e1gua deve estar de acordo com a prefer\u00eancia da pessoa (n\u00e3o deve estar muito quente para evitar que a pele fique muito seca). 2. Colocar a toalha no peito. 3. Lavar os olhos com \u00e1gua. 4.\u2026","rel":"","context":"Similar post","img":{"alt_text":"","src":"","width":0,"height":0},"classes":[]},{"id":1456,"url":"http:\/\/pope.esenf.pt\/intentcare?page_id=1456","url_meta":{"origin":1493,"position":3},"title":"Vestir e despir - Introdu\u00e7\u00e3o","date":"8 Junho, 2018","format":false,"excerpt":"Implicar a pessoa na escolha da roupa que vai vestir promove a\u00a0 autonomia e a\u00a0 participa\u00e7\u00e3o nas actividades de vida di\u00e1ria. Devemos planear com a pessoa a ordem das pe\u00e7as a vestir, colocar a roupa num local pr\u00f3ximo.\u00a0 Produtos de apoio como abotoador, gancho para vestir, cal\u00e7ador de meias, cal\u00e7adeira\u2026","rel":"","context":"Similar post","img":{"alt_text":"","src":"","width":0,"height":0},"classes":[]},{"id":742,"url":"http:\/\/pope.esenf.pt\/intentcare?page_id=742","url_meta":{"origin":1493,"position":4},"title":"Transferir cama-cadeira: familiar n\u00e3o ajuda","date":"2 Julho, 2017","format":false,"excerpt":"1. Trave as rodas da cadeira e da cama. 2. Suba a cama. 3. Retire a almofada da cabe\u00e7a do seu familiar. 4. Mova o seu familiar o mais pr\u00f3ximo para a\u00a0 beira da cama. 5. Se tiver cama articulada, suba a cabeceira da cama a 90\u00ba. 6. Cruze os\u2026","rel":"","context":"Similar post","img":{"alt_text":"","src":"","width":0,"height":0},"classes":[]},{"id":1423,"url":"http:\/\/pope.esenf.pt\/intentcare?page_id=1423","url_meta":{"origin":1493,"position":5},"title":"Vestir e Despir Pessoa","date":"8 Junho, 2018","format":false,"excerpt":"Pretende-se responder \u00e0s quest\u00f5es: Como devo vestir o meu familiar? Como devo despir o meu familiar? A informa\u00e7\u00e3o dispon\u00edvel \u00e9 um complemento das recomenda\u00e7\u00f5es dadas pelo enfermeiro. Implicar a pessoa na escolha da roupa que vai vestir promove a\u00a0 autonomia e a\u00a0 participa\u00e7\u00e3o nas actividades de vida di\u00e1ria. Devemos planear\u2026","rel":"","context":"Similar post","img":{"alt_text":"","src":"","width":0,"height":0},"classes":[]}],"_links":{"self":[{"href":"http:\/\/pope.esenf.pt\/intentcare\/index.php?rest_route=\/wp\/v2\/pages\/1493"}],"collection":[{"href":"http:\/\/pope.esenf.pt\/intentcare\/index.php?rest_route=\/wp\/v2\/pages"}],"about":[{"href":"http:\/\/pope.esenf.pt\/intentcare\/index.php?rest_route=\/wp\/v2\/types\/page"}],"author":[{"embeddable":true,"href":"http:\/\/pope.esenf.pt\/intentcare\/index.php?rest_route=\/wp\/v2\/users\/1"}],"replies":[{"embeddable":true,"href":"http:\/\/pope.esenf.pt\/intentcare\/index.php?rest_route=%2Fwp%2Fv2%2Fcomments&post=1493"}],"version-history":[{"count":9,"href":"http:\/\/pope.esenf.pt\/intentcare\/index.php?rest_route=\/wp\/v2\/pages\/1493\/revisions"}],"predecessor-version":[{"id":3029,"href":"http:\/\/pope.esenf.pt\/intentcare\/index.php?rest_route=\/wp\/v2\/pages\/1493\/revisions\/3029"}],"up":[{"embeddable":true,"href":"http:\/\/pope.esenf.pt\/intentcare\/index.php?rest_route=\/wp\/v2\/pages\/1423"}],"wp:attachment":[{"href":"http:\/\/pope.esenf.pt\/intentcare\/index.php?rest_route=%2Fwp%2Fv2%2Fmedia&parent=1493"}],"curies":[{"name":"wp","href":"https:\/\/api.w.org\/{rel}","templated":true}]}}