{"id":1439,"date":"2018-06-08T17:03:47","date_gmt":"2018-06-08T17:03:47","guid":{"rendered":"http:\/\/pope.esenf.pt\/intentcare\/?page_id=1439"},"modified":"2022-06-27T11:29:20","modified_gmt":"2022-06-27T11:29:20","slug":"dar-banho-2","status":"publish","type":"page","link":"http:\/\/pope.esenf.pt\/intentcare?page_id=1439","title":{"rendered":"Dar Banho"},"content":{"rendered":"<p>Pretende-se responder \u00e0s quest\u00f5es:<\/p>\n<ul>\n<li><span style=\"color: #808000;\"><strong>Como devo dar banho ao meu familiar?<\/strong><\/span><\/li>\n<li><span style=\"color: #808000;\"><strong>Como devo lavar a boca ao meu familiar?<\/strong><\/span><\/li>\n<li><span style=\"color: #808000;\"><strong>Como devo lavar o cabelo ao meu familiar?<\/strong><\/span><\/li>\n<li><span style=\"color: #808000;\"><strong>Como devo lavar o per\u00edneo ao meu familiar?<\/strong><\/span><\/li>\n<\/ul>\n<p>A informa\u00e7\u00e3o dispon\u00edvel \u00e9 um <strong>complemento das recomenda\u00e7\u00f5es dadas pelo enfermeiro<\/strong>.<\/p>\n<div style=\"width: 750px;\" class=\"wp-video\"><!--[if lt IE 9]><script>document.createElement('video');<\/script><![endif]-->\n<video class=\"wp-video-shortcode\" id=\"video-1439-1\" width=\"750\" height=\"422\" preload=\"metadata\" controls=\"controls\"><source type=\"video\/mp4\" src=\"http:\/\/pope.esenf.pt\/intentcare\/wp-content\/uploads\/2018\/06\/etapas_com_banho.mp4?_=1\" \/><a href=\"http:\/\/pope.esenf.pt\/intentcare\/wp-content\/uploads\/2018\/06\/etapas_com_banho.mp4\">http:\/\/pope.esenf.pt\/intentcare\/wp-content\/uploads\/2018\/06\/etapas_com_banho.mp4<\/a><\/video><\/div>\n<p><strong>Etapas do procedimento comuns a todas as fases do Dar banho na cama:<\/strong><\/p>\n<p>1. O familiar cuidador deve explicar \u00e0 pessoa o procedimento e o objetivo da interven\u00e7\u00e3o e, planear com a pessoa dar banho, pedindo a sua colabora\u00e7\u00e3o.<\/p>\n<p>2. Providenciar os recursos necess\u00e1rios para junto da pessoa, nomeadamente toalhas, len\u00e7\u00f3is, pijama ou camisa, bacia, esponja, gel de banho, pente, desodorizante, escova de dentes, pasta dentr\u00edfica.<\/p>\n<p>3. Gerir o ambiente para manter o conforto e privacidade da pessoa.<\/p>\n<p>4. A pessoa deve estar deitada de costas.<\/p>\n<p>5. Se tiver cama articulada, travar as rodas da cama e, ajustar a altura da cama ao n\u00edvel da anca do familiar cuidador, de forma a diminuir o trabalho muscular e reduzir o risco de les\u00f5es musculares, colocando-a na posi\u00e7\u00e3o horizontal.<\/p>\n<p>6. Lavar as m\u00e3os ou desinfet\u00e1-las com uma solu\u00e7\u00e3o de base alco\u00f3lica.<\/p>\n<table>\n<tbody>\n<tr>\n<td style=\"width: 184px;\"><a href=\"http:\/\/pope.esenf.pt\/intentcare\/?page_id=6&amp;lang=pt\">Temas<\/a><\/td>\n<td style=\"text-align: right; width: 936px;\"><a href=\"http:\/\/pope.esenf.pt\/intentcare\/?page_id=1442&amp;lang=pt\">Seguinte (dar banho &#8211; introdu\u00e7\u00e3o)<\/a><\/td>\n<\/tr>\n<\/tbody>\n<\/table>\n","protected":false},"excerpt":{"rendered":"<p>Pretende-se responder \u00e0s quest\u00f5es: Como devo dar banho ao meu familiar? Como devo lavar a boca ao meu familiar? Como devo lavar o cabelo ao meu familiar? Como devo lavar o per\u00edneo ao meu familiar? A informa\u00e7\u00e3o dispon\u00edvel \u00e9 um complemento das recomenda\u00e7\u00f5es dadas pelo enfermeiro. Etapas do procedimento comuns [&hellip;]<\/p>\n","protected":false},"author":1,"featured_media":0,"parent":6,"menu_order":0,"comment_status":"closed","ping_status":"closed","template":"","meta":{"spay_email":""},"jetpack_sharing_enabled":true,"jetpack_shortlink":"https:\/\/wp.me\/P8U6vi-nd","jetpack-related-posts":[{"id":1442,"url":"http:\/\/pope.esenf.pt\/intentcare?page_id=1442","url_meta":{"origin":1439,"position":0},"title":"Dar banho - Introdu\u00e7\u00e3o","date":"8 Junho, 2018","format":false,"excerpt":"http:\/\/pope.esenf.pt\/intentcare\/wp-content\/uploads\/2018\/06\/etapas_com_banho.mp4 Etapas do procedimento comuns a todas as fases do dar banho na cama: 1. O familiar cuidador deve explicar \u00e0 pessoa o procedimento e o objetivo da interven\u00e7\u00e3o e, planear com a pessoa dar banho, pedindo a sua colabora\u00e7\u00e3o. 2. Providenciar os recursos necess\u00e1rios para junto da pessoa, nomeadamente\u2026","rel":"","context":"Similar post","img":{"alt_text":"","src":"","width":0,"height":0},"classes":[]},{"id":1485,"url":"http:\/\/pope.esenf.pt\/intentcare?page_id=1485","url_meta":{"origin":1439,"position":1},"title":"Dar banho na cama","date":"12 Junho, 2018","format":false,"excerpt":"http:\/\/pope.esenf.pt\/intentcare\/wp-content\/uploads\/2018\/06\/dar-banho.mp4 Dar banho na cama: 1. Encher a bacia com \u00e1gua, a temperatura da \u00e1gua deve estar de acordo com a prefer\u00eancia da pessoa (n\u00e3o deve estar muito quente para evitar que a pele fique muito seca). 2. Colocar a toalha no peito. 3. Lavar os olhos com \u00e1gua. 4.\u2026","rel":"","context":"Similar post","img":{"alt_text":"","src":"","width":0,"height":0},"classes":[]},{"id":1448,"url":"http:\/\/pope.esenf.pt\/intentcare?page_id=1448","url_meta":{"origin":1439,"position":2},"title":"Lavar per\u00edneo","date":"8 Junho, 2018","format":false,"excerpt":"http:\/\/pope.esenf.pt\/intentcare\/wp-content\/uploads\/2018\/06\/perineo_colab.mp4 Lavar per\u00edneo pessoa que colabora: 1. A pessoa deve estar de costas com os joelhos dobrados ou as pernas afastadas. 2. Colocar o resguardo imperme\u00e1vel sob as n\u00e1degas. 3. Colocar a toalha. 4. Colocar a aparadeira. 5. Quando a pessoa terminar a lavagem remover a aparadeira. 6. Secar a\u2026","rel":"","context":"Similar post","img":{"alt_text":"","src":"","width":0,"height":0},"classes":[]},{"id":760,"url":"http:\/\/pope.esenf.pt\/intentcare?page_id=760","url_meta":{"origin":1439,"position":3},"title":"Preven\u00e7\u00e3o  de \u00falceras de press\u00e3o","date":"2 Julho, 2017","format":false,"excerpt":"1. As \u00falceras de press\u00e3o surgem quando a pessoa fica muito tempo na mesma posi\u00e7\u00e3o, devendo-se \u00e0 diminui\u00e7\u00e3o da circula\u00e7\u00e3o nas zonas que ficam pressionadas. 2. Estas podem aparecer nos locais de maior press\u00e3o como: calcanhar, mal\u00e9olos, regi\u00e3o sagrada, cotovelo, cabe\u00e7a e l\u00f3bulo da orelha. 3. Mude a posi\u00e7\u00e3o do\u2026","rel":"","context":"Similar post","img":{"alt_text":"","src":"","width":0,"height":0},"classes":[]},{"id":1444,"url":"http:\/\/pope.esenf.pt\/intentcare?page_id=1444","url_meta":{"origin":1439,"position":4},"title":"Lavar o cabelo","date":"8 Junho, 2018","format":false,"excerpt":"http:\/\/pope.esenf.pt\/intentcare\/wp-content\/uploads\/2018\/06\/cabelo_inf.mp4 Lavar o cabelo: 1. Se tiver um lava cabe\u00e7a insufl\u00e1vel coloque uma toalha sob o pesco\u00e7o e sobre os ombros da pessoa. 2. Colocar a cabe\u00e7a da pessoa no suporte para o pesco\u00e7o do lava-cabe\u00e7as. 3. Em alternativa mover a pessoa na cama de forma que a cabe\u00e7a fique\u2026","rel":"","context":"Similar post","img":{"alt_text":"","src":"","width":0,"height":0},"classes":[]},{"id":1446,"url":"http:\/\/pope.esenf.pt\/intentcare?page_id=1446","url_meta":{"origin":1439,"position":5},"title":"Lavar a boca","date":"8 Junho, 2018","format":false,"excerpt":"http:\/\/pope.esenf.pt\/intentcare\/wp-content\/uploads\/2018\/06\/boca_pd_inf.mp4 Lavar a boca pessoa que n\u00e3o ajuda: 1. Elevar a cama com a pessoa de costas ou sem elevar a cama virar a cabe\u00e7a para o lado. 2. Colocar a toalha sobre o peito 3. Colocar uma ta\u00e7a sob o queixo da pessoa (se necess\u00e1rio). 4. Puxar o queixo\u2026","rel":"","context":"Similar post","img":{"alt_text":"","src":"","width":0,"height":0},"classes":[]}],"_links":{"self":[{"href":"http:\/\/pope.esenf.pt\/intentcare\/index.php?rest_route=\/wp\/v2\/pages\/1439"}],"collection":[{"href":"http:\/\/pope.esenf.pt\/intentcare\/index.php?rest_route=\/wp\/v2\/pages"}],"about":[{"href":"http:\/\/pope.esenf.pt\/intentcare\/index.php?rest_route=\/wp\/v2\/types\/page"}],"author":[{"embeddable":true,"href":"http:\/\/pope.esenf.pt\/intentcare\/index.php?rest_route=\/wp\/v2\/users\/1"}],"replies":[{"embeddable":true,"href":"http:\/\/pope.esenf.pt\/intentcare\/index.php?rest_route=%2Fwp%2Fv2%2Fcomments&post=1439"}],"version-history":[{"count":6,"href":"http:\/\/pope.esenf.pt\/intentcare\/index.php?rest_route=\/wp\/v2\/pages\/1439\/revisions"}],"predecessor-version":[{"id":3205,"href":"http:\/\/pope.esenf.pt\/intentcare\/index.php?rest_route=\/wp\/v2\/pages\/1439\/revisions\/3205"}],"up":[{"embeddable":true,"href":"http:\/\/pope.esenf.pt\/intentcare\/index.php?rest_route=\/wp\/v2\/pages\/6"}],"wp:attachment":[{"href":"http:\/\/pope.esenf.pt\/intentcare\/index.php?rest_route=%2Fwp%2Fv2%2Fmedia&parent=1439"}],"curies":[{"name":"wp","href":"https:\/\/api.w.org\/{rel}","templated":true}]}}