{"id":1423,"date":"2018-06-08T16:56:07","date_gmt":"2018-06-08T16:56:07","guid":{"rendered":"http:\/\/pope.esenf.pt\/intentcare\/?page_id=1423"},"modified":"2022-06-27T11:33:20","modified_gmt":"2022-06-27T11:33:20","slug":"vestir-e-despir","status":"publish","type":"page","link":"http:\/\/pope.esenf.pt\/intentcare?page_id=1423","title":{"rendered":"Vestir e Despir Pessoa"},"content":{"rendered":"<p>Pretende-se responder \u00e0s quest\u00f5es:<\/p>\n<ul>\n<li><span style=\"color: #808000;\"><strong>Como devo vestir o meu familiar?<\/strong><\/span><\/li>\n<li><span style=\"color: #808000;\"><strong>Como devo despir o meu familiar?<\/strong><\/span><\/li>\n<\/ul>\n<p>A informa\u00e7\u00e3o dispon\u00edvel \u00e9 um <strong>complemento das recomenda\u00e7\u00f5es dadas pelo enfermeiro<\/strong>.<\/p>\n<p>Implicar a pessoa na escolha da roupa que vai vestir promove a\u00a0 autonomia e a\u00a0 participa\u00e7\u00e3o nas actividades de vida di\u00e1ria.<\/p>\n<p>Devemos planear com a pessoa a ordem das pe\u00e7as a vestir, colocar a roupa num local pr\u00f3ximo.\u00a0 Produtos de apoio como abotoador, gancho para vestir, cal\u00e7ador de meias, cal\u00e7adeira de cabo longo podem facilitar esta atividade.<\/p>\n<table>\n<tbody>\n<tr>\n<td><a href=\"http:\/\/pope.esenf.pt\/intentcare\/?page_id=6&amp;lang=pt\">Temas<\/a><\/td>\n<td style=\"text-align: right;\"><a href=\"http:\/\/pope.esenf.pt\/intentcare\/?page_id=1456&amp;lang=pt\">Seguinte (introdu\u00e7\u00e3o)<\/a><\/td>\n<\/tr>\n<\/tbody>\n<\/table>\n","protected":false},"excerpt":{"rendered":"<p>Pretende-se responder \u00e0s quest\u00f5es: Como devo vestir o meu familiar? Como devo despir o meu familiar? A informa\u00e7\u00e3o dispon\u00edvel \u00e9 um complemento das recomenda\u00e7\u00f5es dadas pelo enfermeiro. Implicar a pessoa na escolha da roupa que vai vestir promove a\u00a0 autonomia e a\u00a0 participa\u00e7\u00e3o nas actividades de vida di\u00e1ria. Devemos planear [&hellip;]<\/p>\n","protected":false},"author":1,"featured_media":0,"parent":6,"menu_order":0,"comment_status":"closed","ping_status":"closed","template":"","meta":{"spay_email":""},"jetpack_sharing_enabled":true,"jetpack_shortlink":"https:\/\/wp.me\/P8U6vi-mX","jetpack-related-posts":[{"id":1456,"url":"http:\/\/pope.esenf.pt\/intentcare?page_id=1456","url_meta":{"origin":1423,"position":0},"title":"Vestir e despir - Introdu\u00e7\u00e3o","date":"8 Junho, 2018","format":false,"excerpt":"Implicar a pessoa na escolha da roupa que vai vestir promove a\u00a0 autonomia e a\u00a0 participa\u00e7\u00e3o nas actividades de vida di\u00e1ria. Devemos planear com a pessoa a ordem das pe\u00e7as a vestir, colocar a roupa num local pr\u00f3ximo.\u00a0 Produtos de apoio como abotoador, gancho para vestir, cal\u00e7ador de meias, cal\u00e7adeira\u2026","rel":"","context":"Similar post","img":{"alt_text":"","src":"","width":0,"height":0},"classes":[]},{"id":1493,"url":"http:\/\/pope.esenf.pt\/intentcare?page_id=1493","url_meta":{"origin":1423,"position":1},"title":"Despir Pessoa","date":"12 Junho, 2018","format":false,"excerpt":"http:\/\/pope.esenf.pt\/intentcare\/wp-content\/uploads\/2018\/06\/despir_inf.mp4 Despir Pessoa: 1. Colocar\u00a0 o\u00a0 bra\u00e7o\u00a0 afetado sobre\u00a0 os joelhos. 2. Remover a roupa sobre a cabe\u00e7a, com a m\u00e3o do lado n\u00e3o afetado. 3. Remover\u00a0 a \u00a0manga\u00a0 do\u00a0 bra\u00e7o \u00a0do\u00a0 lado n\u00e3o afetado. 4. Remover a manga do bra\u00e7o afetado. Anterior (vestir pessoa) Temas","rel":"","context":"Similar post","img":{"alt_text":"","src":"","width":0,"height":0},"classes":[]},{"id":1497,"url":"http:\/\/pope.esenf.pt\/intentcare?page_id=1497","url_meta":{"origin":1423,"position":2},"title":"Vestir Pessoa","date":"13 Junho, 2018","format":false,"excerpt":"http:\/\/pope.esenf.pt\/intentcare\/wp-content\/uploads\/2018\/06\/camisa_inf.mp4 Ensinar a vestir a camisa 1. Colocar a camisa sobre a coxa. 2. Vestir a manga do bra\u00e7o afetado, puxando-a para cima. 3. Puxar a camisa pelo colarinho com a m\u00e3o n\u00e3o afetada. 4. Vestir o bra\u00e7o do lado n\u00e3o afetado. 5. Abotoar com a m\u00e3o n\u00e3o afetada. 6.\u2026","rel":"","context":"Similar post","img":{"alt_text":"","src":"","width":0,"height":0},"classes":[]},{"id":6,"url":"http:\/\/pope.esenf.pt\/intentcare?page_id=6","url_meta":{"origin":1423,"position":3},"title":"Temas","date":"9 Maio, 2016","format":false,"excerpt":"Alimentar Pessoa Alimenta\u00e7\u00e3o atrav\u00e9s de sonda nasog\u00e1strica Posicionar a pessoa Transferir a pessoa Vestir Despir Dar banho Gerir o regime medicamentoso","rel":"","context":"Similar post","img":{"alt_text":"","src":"","width":0,"height":0},"classes":[]},{"id":1485,"url":"http:\/\/pope.esenf.pt\/intentcare?page_id=1485","url_meta":{"origin":1423,"position":4},"title":"Dar banho na cama","date":"12 Junho, 2018","format":false,"excerpt":"http:\/\/pope.esenf.pt\/intentcare\/wp-content\/uploads\/2018\/06\/dar-banho.mp4 Dar banho na cama: 1. Encher a bacia com \u00e1gua, a temperatura da \u00e1gua deve estar de acordo com a prefer\u00eancia da pessoa (n\u00e3o deve estar muito quente para evitar que a pele fique muito seca). 2. Colocar a toalha no peito. 3. Lavar os olhos com \u00e1gua. 4.\u2026","rel":"","context":"Similar post","img":{"alt_text":"","src":"","width":0,"height":0},"classes":[]},{"id":760,"url":"http:\/\/pope.esenf.pt\/intentcare?page_id=760","url_meta":{"origin":1423,"position":5},"title":"Preven\u00e7\u00e3o  de \u00falceras de press\u00e3o","date":"2 Julho, 2017","format":false,"excerpt":"1. As \u00falceras de press\u00e3o surgem quando a pessoa fica muito tempo na mesma posi\u00e7\u00e3o, devendo-se \u00e0 diminui\u00e7\u00e3o da circula\u00e7\u00e3o nas zonas que ficam pressionadas. 2. Estas podem aparecer nos locais de maior press\u00e3o como: calcanhar, mal\u00e9olos, regi\u00e3o sagrada, cotovelo, cabe\u00e7a e l\u00f3bulo da orelha. 3. Mude a posi\u00e7\u00e3o do\u2026","rel":"","context":"Similar post","img":{"alt_text":"","src":"","width":0,"height":0},"classes":[]}],"_links":{"self":[{"href":"http:\/\/pope.esenf.pt\/intentcare\/index.php?rest_route=\/wp\/v2\/pages\/1423"}],"collection":[{"href":"http:\/\/pope.esenf.pt\/intentcare\/index.php?rest_route=\/wp\/v2\/pages"}],"about":[{"href":"http:\/\/pope.esenf.pt\/intentcare\/index.php?rest_route=\/wp\/v2\/types\/page"}],"author":[{"embeddable":true,"href":"http:\/\/pope.esenf.pt\/intentcare\/index.php?rest_route=\/wp\/v2\/users\/1"}],"replies":[{"embeddable":true,"href":"http:\/\/pope.esenf.pt\/intentcare\/index.php?rest_route=%2Fwp%2Fv2%2Fcomments&post=1423"}],"version-history":[{"count":6,"href":"http:\/\/pope.esenf.pt\/intentcare\/index.php?rest_route=\/wp\/v2\/pages\/1423\/revisions"}],"predecessor-version":[{"id":3208,"href":"http:\/\/pope.esenf.pt\/intentcare\/index.php?rest_route=\/wp\/v2\/pages\/1423\/revisions\/3208"}],"up":[{"embeddable":true,"href":"http:\/\/pope.esenf.pt\/intentcare\/index.php?rest_route=\/wp\/v2\/pages\/6"}],"wp:attachment":[{"href":"http:\/\/pope.esenf.pt\/intentcare\/index.php?rest_route=%2Fwp%2Fv2%2Fmedia&parent=1423"}],"curies":[{"name":"wp","href":"https:\/\/api.w.org\/{rel}","templated":true}]}}